{"id":5669,"date":"2026-04-28T17:20:05","date_gmt":"2026-04-28T15:20:05","guid":{"rendered":"https:\/\/coilovers.pl\/?post_type=product&#038;p=5669"},"modified":"2026-04-28T17:20:05","modified_gmt":"2026-04-28T15:20:05","slug":"ap-bmw","status":"publish","type":"product","link":"https:\/\/coilovers.pl\/index.php\/produkt\/ap-bmw\/","title":{"rendered":"AP by KW BMW E81-E93"},"content":{"rendered":"<p>Zawieszenie gqwintowane AP by KW<br \/>\nDedykowane do BMW, od modelu E81 a\u017c do E93<br \/>\nDo aut z nap\u0119dem na ty\u0142 (nie pasuje do XDrive)<\/p>\n<p>Komplet w bardzo dobrym stanie, w pe\u0142ni sprawny, prosty. bez wyciek\u00f3w czy w\u017cer\u00f3w.<br \/>\nGwarancja rozruchowa<\/p>\n","protected":false},"excerpt":{"rendered":"<p>Zawieszenie gqwintowane AP by KW Dedykowane do BMW, od modelu E81 a\u017c do E93 Do aut z nap\u0119dem na ty\u0142 (nie pasuje do XDrive) Komplet w bardzo dobrym stanie, w pe\u0142ni sprawny, prosty. bez wyciek\u00f3w czy w\u017cer\u00f3w. Gwarancja rozruchowa<\/p>\n","protected":false},"featured_media":5598,"template":"","meta":[],"class_list":["post-5669","product","type-product","status-publish","has-post-thumbnail","hentry","pwb-brand-ap-sportfahrwerke","product_cat-outlet"],"brands":[{"id":62,"name":"AP Sportfahrwerke","slug":"ap-sportfahrwerke"}],"yoast_head":"<!-- This site is optimized with the Yoast SEO plugin v24.7 - https:\/\/yoast.com\/wordpress\/plugins\/seo\/ -->\n<title>AP by KW BMW E81-E93 - CoiloversPL<\/title>\n<meta name=\"robots\" content=\"index, follow, max-snippet:-1, max-image-preview:large, max-video-preview:-1\" \/>\n<link rel=\"canonical\" href=\"https:\/\/coilovers.pl\/index.php\/produkt\/ap-bmw\/\" \/>\n<meta property=\"og:locale\" content=\"pl_PL\" \/>\n<meta property=\"og:type\" content=\"article\" \/>\n<meta property=\"og:title\" content=\"AP by KW BMW E81-E93 - CoiloversPL\" \/>\n<meta property=\"og:description\" content=\"Zawieszenie gqwintowane AP by KW Dedykowane do BMW, od modelu E81 a\u017c do E93 Do aut z nap\u0119dem na ty\u0142 (nie pasuje do XDrive) Komplet w bardzo dobrym stanie, w pe\u0142ni sprawny, prosty. bez wyciek\u00f3w czy w\u017cer\u00f3w. Gwarancja rozruchowa\" \/>\n<meta property=\"og:url\" content=\"https:\/\/coilovers.pl\/index.php\/produkt\/ap-bmw\/\" \/>\n<meta property=\"og:site_name\" content=\"CoiloversPL\" \/>\n<meta property=\"article:publisher\" content=\"https:\/\/www.facebook.com\/coiloverspl\" \/>\n<meta property=\"og:image\" content=\"https:\/\/coilovers.pl\/wp-content\/uploads\/2026\/03\/1-1.jpg\" \/>\n\t<meta property=\"og:image:width\" content=\"1280\" \/>\n\t<meta property=\"og:image:height\" content=\"1280\" \/>\n\t<meta property=\"og:image:type\" content=\"image\/jpeg\" \/>\n<meta name=\"twitter:card\" content=\"summary_large_image\" \/>\n<meta name=\"twitter:label1\" content=\"Szacowany czas czytania\" \/>\n\t<meta name=\"twitter:data1\" content=\"1 minuta\" \/>\n<script type=\"application\/ld+json\" class=\"yoast-schema-graph\">{\"@context\":\"https:\/\/schema.org\",\"@graph\":[{\"@type\":\"WebPage\",\"@id\":\"https:\/\/coilovers.pl\/index.php\/produkt\/ap-bmw\/\",\"url\":\"https:\/\/coilovers.pl\/index.php\/produkt\/ap-bmw\/\",\"name\":\"AP by KW BMW E81-E93 - CoiloversPL\",\"isPartOf\":{\"@id\":\"https:\/\/coilovers.pl\/#website\"},\"primaryImageOfPage\":{\"@id\":\"https:\/\/coilovers.pl\/index.php\/produkt\/ap-bmw\/#primaryimage\"},\"image\":{\"@id\":\"https:\/\/coilovers.pl\/index.php\/produkt\/ap-bmw\/#primaryimage\"},\"thumbnailUrl\":\"https:\/\/coilovers.pl\/wp-content\/uploads\/2026\/03\/1-1.jpg\",\"datePublished\":\"2026-04-28T15:20:05+00:00\",\"breadcrumb\":{\"@id\":\"https:\/\/coilovers.pl\/index.php\/produkt\/ap-bmw\/#breadcrumb\"},\"inLanguage\":\"pl-PL\",\"potentialAction\":[{\"@type\":\"ReadAction\",\"target\":[\"https:\/\/coilovers.pl\/index.php\/produkt\/ap-bmw\/\"]}]},{\"@type\":\"ImageObject\",\"inLanguage\":\"pl-PL\",\"@id\":\"https:\/\/coilovers.pl\/index.php\/produkt\/ap-bmw\/#primaryimage\",\"url\":\"https:\/\/coilovers.pl\/wp-content\/uploads\/2026\/03\/1-1.jpg\",\"contentUrl\":\"https:\/\/coilovers.pl\/wp-content\/uploads\/2026\/03\/1-1.jpg\",\"width\":1280,\"height\":1280},{\"@type\":\"BreadcrumbList\",\"@id\":\"https:\/\/coilovers.pl\/index.php\/produkt\/ap-bmw\/#breadcrumb\",\"itemListElement\":[{\"@type\":\"ListItem\",\"position\":1,\"name\":\"Strona g\u0142\u00f3wna\",\"item\":\"https:\/\/coilovers.pl\/\"},{\"@type\":\"ListItem\",\"position\":2,\"name\":\"Sklep\",\"item\":\"https:\/\/coilovers.pl\/index.php\/sklep\/\"},{\"@type\":\"ListItem\",\"position\":3,\"name\":\"AP by KW BMW E81-E93\"}]},{\"@type\":\"WebSite\",\"@id\":\"https:\/\/coilovers.pl\/#website\",\"url\":\"https:\/\/coilovers.pl\/\",\"name\":\"CoiloversPL\",\"description\":\"Zawieszenia Felgi Samochody\",\"publisher\":{\"@id\":\"https:\/\/coilovers.pl\/#organization\"},\"potentialAction\":[{\"@type\":\"SearchAction\",\"target\":{\"@type\":\"EntryPoint\",\"urlTemplate\":\"https:\/\/coilovers.pl\/?s={search_term_string}\"},\"query-input\":{\"@type\":\"PropertyValueSpecification\",\"valueRequired\":true,\"valueName\":\"search_term_string\"}}],\"inLanguage\":\"pl-PL\"},{\"@type\":\"Organization\",\"@id\":\"https:\/\/coilovers.pl\/#organization\",\"name\":\"CoiloversPL\",\"url\":\"https:\/\/coilovers.pl\/\",\"logo\":{\"@type\":\"ImageObject\",\"inLanguage\":\"pl-PL\",\"@id\":\"https:\/\/coilovers.pl\/#\/schema\/logo\/image\/\",\"url\":\"https:\/\/coilovers.pl\/wp-content\/uploads\/2021\/02\/cropped-logo.png\",\"contentUrl\":\"https:\/\/coilovers.pl\/wp-content\/uploads\/2021\/02\/cropped-logo.png\",\"width\":3039,\"height\":864,\"caption\":\"CoiloversPL\"},\"image\":{\"@id\":\"https:\/\/coilovers.pl\/#\/schema\/logo\/image\/\"},\"sameAs\":[\"https:\/\/www.facebook.com\/coiloverspl\",\"https:\/\/www.instagram.com\/coilovers_pl\/\"]}]}<\/script>\n<!-- \/ Yoast SEO plugin. -->","yoast_head_json":{"title":"AP by KW BMW E81-E93 - CoiloversPL","robots":{"index":"index","follow":"follow","max-snippet":"max-snippet:-1","max-image-preview":"max-image-preview:large","max-video-preview":"max-video-preview:-1"},"canonical":"https:\/\/coilovers.pl\/index.php\/produkt\/ap-bmw\/","og_locale":"pl_PL","og_type":"article","og_title":"AP by KW BMW E81-E93 - CoiloversPL","og_description":"Zawieszenie gqwintowane AP by KW Dedykowane do BMW, od modelu E81 a\u017c do E93 Do aut z nap\u0119dem na ty\u0142 (nie pasuje do XDrive) Komplet w bardzo dobrym stanie, w pe\u0142ni sprawny, prosty. bez wyciek\u00f3w czy w\u017cer\u00f3w. Gwarancja rozruchowa","og_url":"https:\/\/coilovers.pl\/index.php\/produkt\/ap-bmw\/","og_site_name":"CoiloversPL","article_publisher":"https:\/\/www.facebook.com\/coiloverspl","og_image":[{"width":1280,"height":1280,"url":"https:\/\/coilovers.pl\/wp-content\/uploads\/2026\/03\/1-1.jpg","type":"image\/jpeg"}],"twitter_card":"summary_large_image","twitter_misc":{"Szacowany czas czytania":"1 minuta"},"schema":{"@context":"https:\/\/schema.org","@graph":[{"@type":"WebPage","@id":"https:\/\/coilovers.pl\/index.php\/produkt\/ap-bmw\/","url":"https:\/\/coilovers.pl\/index.php\/produkt\/ap-bmw\/","name":"AP by KW BMW E81-E93 - CoiloversPL","isPartOf":{"@id":"https:\/\/coilovers.pl\/#website"},"primaryImageOfPage":{"@id":"https:\/\/coilovers.pl\/index.php\/produkt\/ap-bmw\/#primaryimage"},"image":{"@id":"https:\/\/coilovers.pl\/index.php\/produkt\/ap-bmw\/#primaryimage"},"thumbnailUrl":"https:\/\/coilovers.pl\/wp-content\/uploads\/2026\/03\/1-1.jpg","datePublished":"2026-04-28T15:20:05+00:00","breadcrumb":{"@id":"https:\/\/coilovers.pl\/index.php\/produkt\/ap-bmw\/#breadcrumb"},"inLanguage":"pl-PL","potentialAction":[{"@type":"ReadAction","target":["https:\/\/coilovers.pl\/index.php\/produkt\/ap-bmw\/"]}]},{"@type":"ImageObject","inLanguage":"pl-PL","@id":"https:\/\/coilovers.pl\/index.php\/produkt\/ap-bmw\/#primaryimage","url":"https:\/\/coilovers.pl\/wp-content\/uploads\/2026\/03\/1-1.jpg","contentUrl":"https:\/\/coilovers.pl\/wp-content\/uploads\/2026\/03\/1-1.jpg","width":1280,"height":1280},{"@type":"BreadcrumbList","@id":"https:\/\/coilovers.pl\/index.php\/produkt\/ap-bmw\/#breadcrumb","itemListElement":[{"@type":"ListItem","position":1,"name":"Strona g\u0142\u00f3wna","item":"https:\/\/coilovers.pl\/"},{"@type":"ListItem","position":2,"name":"Sklep","item":"https:\/\/coilovers.pl\/index.php\/sklep\/"},{"@type":"ListItem","position":3,"name":"AP by KW BMW E81-E93"}]},{"@type":"WebSite","@id":"https:\/\/coilovers.pl\/#website","url":"https:\/\/coilovers.pl\/","name":"CoiloversPL","description":"Zawieszenia Felgi Samochody","publisher":{"@id":"https:\/\/coilovers.pl\/#organization"},"potentialAction":[{"@type":"SearchAction","target":{"@type":"EntryPoint","urlTemplate":"https:\/\/coilovers.pl\/?s={search_term_string}"},"query-input":{"@type":"PropertyValueSpecification","valueRequired":true,"valueName":"search_term_string"}}],"inLanguage":"pl-PL"},{"@type":"Organization","@id":"https:\/\/coilovers.pl\/#organization","name":"CoiloversPL","url":"https:\/\/coilovers.pl\/","logo":{"@type":"ImageObject","inLanguage":"pl-PL","@id":"https:\/\/coilovers.pl\/#\/schema\/logo\/image\/","url":"https:\/\/coilovers.pl\/wp-content\/uploads\/2021\/02\/cropped-logo.png","contentUrl":"https:\/\/coilovers.pl\/wp-content\/uploads\/2021\/02\/cropped-logo.png","width":3039,"height":864,"caption":"CoiloversPL"},"image":{"@id":"https:\/\/coilovers.pl\/#\/schema\/logo\/image\/"},"sameAs":["https:\/\/www.facebook.com\/coiloverspl","https:\/\/www.instagram.com\/coilovers_pl\/"]}]}},"_links":{"self":[{"href":"https:\/\/coilovers.pl\/index.php\/wp-json\/wp\/v2\/product\/5669","targetHints":{"allow":["GET"]}}],"collection":[{"href":"https:\/\/coilovers.pl\/index.php\/wp-json\/wp\/v2\/product"}],"about":[{"href":"https:\/\/coilovers.pl\/index.php\/wp-json\/wp\/v2\/types\/product"}],"wp:featuredmedia":[{"embeddable":true,"href":"https:\/\/coilovers.pl\/index.php\/wp-json\/wp\/v2\/media\/5598"}],"wp:attachment":[{"href":"https:\/\/coilovers.pl\/index.php\/wp-json\/wp\/v2\/media?parent=5669"}],"curies":[{"name":"wp","href":"https:\/\/api.w.org\/{rel}","templated":true}]}}