{"id":5655,"date":"2026-04-09T12:24:22","date_gmt":"2026-04-09T10:24:22","guid":{"rendered":"https:\/\/coilovers.pl\/?post_type=product&#038;p=5655"},"modified":"2026-04-09T12:24:23","modified_gmt":"2026-04-09T10:24:23","slug":"hr-kia-sorento-jc","status":"publish","type":"product","link":"https:\/\/coilovers.pl\/index.php\/produkt\/hr-kia-sorento-jc\/","title":{"rendered":"H&#038;R spr\u0119\u017cyny podwy\u017cszaj\u0105ce KIA Sorento JC 29089-1"},"content":{"rendered":"<p>Numer katalogowy: <strong>29089-1<\/strong><br \/>\nMarka: Kia<br \/>\nModel: Sorento (JC)<br \/>\nRocznik: 2002&gt;<br \/>\nWariant: <strong>zestaw podwy\u017cszaj\u0105cy, w\u0142\u0105cznie z modelami Facelift 2006, dla modeli Facelift nale\u017cy zastosowa\u0107 na tylnej osi g\u00f3rne gumowe mocowania spr\u0119\u017cyny z poprzednich modeli, nr katalogowy Kia- 55131 3E000<\/strong><br \/>\nDane produktu<br \/>\nobni\u017cenie przodu (+) 45 mm<br \/>\nobni\u017cenie ty\u0142u (+) 45 mm<br \/>\nSzczeg\u00f3\u0142y<br \/>\nSk\u0142adnik 1 VA 29089 VA<br \/>\nSk\u0142adnik 2 HA 29089 HA<br \/>\nCertyfikat T\u00dcV<\/p>\n","protected":false},"excerpt":{"rendered":"<p>Numer katalogowy: 29089-1 Marka: Kia Model: Sorento (JC) Rocznik: 2002&gt; Wariant: zestaw podwy\u017cszaj\u0105cy, w\u0142\u0105cznie z modelami Facelift 2006, dla modeli Facelift nale\u017cy zastosowa\u0107 na tylnej osi g\u00f3rne gumowe mocowania spr\u0119\u017cyny z poprzednich modeli, nr katalogowy Kia- 55131 3E000 Dane produktu obni\u017cenie przodu (+) 45 mm obni\u017cenie ty\u0142u (+) 45 mm Szczeg\u00f3\u0142y Sk\u0142adnik 1 VA 29089 &hellip;<\/p>\n<p class=\"read-more\"> <a class=\"\" href=\"https:\/\/coilovers.pl\/index.php\/produkt\/hr-kia-sorento-jc\/\"> <span class=\"screen-reader-text\">H&#038;R spr\u0119\u017cyny podwy\u017cszaj\u0105ce KIA Sorento JC 29089-1<\/span> Read More &raquo;<\/a><\/p>\n","protected":false},"featured_media":5656,"template":"","meta":[],"class_list":["post-5655","product","type-product","status-publish","has-post-thumbnail","hentry","pwb-brand-hr","product_cat-kia"],"brands":[{"id":79,"name":"H&amp;R","slug":"hr"}],"yoast_head":"<!-- This site is optimized with the Yoast SEO plugin v24.7 - https:\/\/yoast.com\/wordpress\/plugins\/seo\/ -->\n<title>H&amp;R spr\u0119\u017cyny podwy\u017cszaj\u0105ce KIA Sorento JC 29089-1 - CoiloversPL<\/title>\n<meta name=\"robots\" content=\"index, follow, max-snippet:-1, max-image-preview:large, max-video-preview:-1\" \/>\n<link rel=\"canonical\" href=\"https:\/\/coilovers.pl\/index.php\/produkt\/hr-kia-sorento-jc\/\" \/>\n<meta property=\"og:locale\" content=\"pl_PL\" \/>\n<meta property=\"og:type\" content=\"article\" \/>\n<meta property=\"og:title\" content=\"H&amp;R spr\u0119\u017cyny podwy\u017cszaj\u0105ce KIA Sorento JC 29089-1 - CoiloversPL\" \/>\n<meta property=\"og:description\" content=\"Numer katalogowy: 29089-1 Marka: Kia Model: Sorento (JC) Rocznik: 2002&gt; Wariant: zestaw podwy\u017cszaj\u0105cy, w\u0142\u0105cznie z modelami Facelift 2006, dla modeli Facelift nale\u017cy zastosowa\u0107 na tylnej osi g\u00f3rne gumowe mocowania spr\u0119\u017cyny z poprzednich modeli, nr katalogowy Kia- 55131 3E000 Dane produktu obni\u017cenie przodu (+) 45 mm obni\u017cenie ty\u0142u (+) 45 mm Szczeg\u00f3\u0142y Sk\u0142adnik 1 VA 29089 &hellip; H&#038;R spr\u0119\u017cyny podwy\u017cszaj\u0105ce KIA Sorento JC 29089-1 Read More &raquo;\" \/>\n<meta property=\"og:url\" content=\"https:\/\/coilovers.pl\/index.php\/produkt\/hr-kia-sorento-jc\/\" \/>\n<meta property=\"og:site_name\" content=\"CoiloversPL\" \/>\n<meta property=\"article:publisher\" content=\"https:\/\/www.facebook.com\/coiloverspl\" \/>\n<meta property=\"article:modified_time\" content=\"2026-04-09T10:24:23+00:00\" \/>\n<meta property=\"og:image\" content=\"https:\/\/coilovers.pl\/wp-content\/uploads\/2026\/04\/HR-sprezyny-obnizajace-BMW-29484-1.jpg\" \/>\n\t<meta property=\"og:image:width\" content=\"800\" \/>\n\t<meta property=\"og:image:height\" content=\"533\" \/>\n\t<meta property=\"og:image:type\" content=\"image\/jpeg\" \/>\n<meta name=\"twitter:card\" content=\"summary_large_image\" \/>\n<meta name=\"twitter:label1\" content=\"Szacowany czas czytania\" \/>\n\t<meta name=\"twitter:data1\" content=\"1 minuta\" \/>\n<script type=\"application\/ld+json\" class=\"yoast-schema-graph\">{\"@context\":\"https:\/\/schema.org\",\"@graph\":[{\"@type\":\"WebPage\",\"@id\":\"https:\/\/coilovers.pl\/index.php\/produkt\/hr-kia-sorento-jc\/\",\"url\":\"https:\/\/coilovers.pl\/index.php\/produkt\/hr-kia-sorento-jc\/\",\"name\":\"H&R spr\u0119\u017cyny podwy\u017cszaj\u0105ce KIA Sorento JC 29089-1 - CoiloversPL\",\"isPartOf\":{\"@id\":\"https:\/\/coilovers.pl\/#website\"},\"primaryImageOfPage\":{\"@id\":\"https:\/\/coilovers.pl\/index.php\/produkt\/hr-kia-sorento-jc\/#primaryimage\"},\"image\":{\"@id\":\"https:\/\/coilovers.pl\/index.php\/produkt\/hr-kia-sorento-jc\/#primaryimage\"},\"thumbnailUrl\":\"https:\/\/coilovers.pl\/wp-content\/uploads\/2026\/04\/HR-sprezyny-obnizajace-BMW-29484-1.jpg\",\"datePublished\":\"2026-04-09T10:24:22+00:00\",\"dateModified\":\"2026-04-09T10:24:23+00:00\",\"breadcrumb\":{\"@id\":\"https:\/\/coilovers.pl\/index.php\/produkt\/hr-kia-sorento-jc\/#breadcrumb\"},\"inLanguage\":\"pl-PL\",\"potentialAction\":[{\"@type\":\"ReadAction\",\"target\":[\"https:\/\/coilovers.pl\/index.php\/produkt\/hr-kia-sorento-jc\/\"]}]},{\"@type\":\"ImageObject\",\"inLanguage\":\"pl-PL\",\"@id\":\"https:\/\/coilovers.pl\/index.php\/produkt\/hr-kia-sorento-jc\/#primaryimage\",\"url\":\"https:\/\/coilovers.pl\/wp-content\/uploads\/2026\/04\/HR-sprezyny-obnizajace-BMW-29484-1.jpg\",\"contentUrl\":\"https:\/\/coilovers.pl\/wp-content\/uploads\/2026\/04\/HR-sprezyny-obnizajace-BMW-29484-1.jpg\",\"width\":800,\"height\":533},{\"@type\":\"BreadcrumbList\",\"@id\":\"https:\/\/coilovers.pl\/index.php\/produkt\/hr-kia-sorento-jc\/#breadcrumb\",\"itemListElement\":[{\"@type\":\"ListItem\",\"position\":1,\"name\":\"Strona g\u0142\u00f3wna\",\"item\":\"https:\/\/coilovers.pl\/\"},{\"@type\":\"ListItem\",\"position\":2,\"name\":\"Sklep\",\"item\":\"https:\/\/coilovers.pl\/index.php\/sklep\/\"},{\"@type\":\"ListItem\",\"position\":3,\"name\":\"H&#038;R spr\u0119\u017cyny podwy\u017cszaj\u0105ce KIA Sorento JC 29089-1\"}]},{\"@type\":\"WebSite\",\"@id\":\"https:\/\/coilovers.pl\/#website\",\"url\":\"https:\/\/coilovers.pl\/\",\"name\":\"CoiloversPL\",\"description\":\"Zawieszenia Felgi Samochody\",\"publisher\":{\"@id\":\"https:\/\/coilovers.pl\/#organization\"},\"potentialAction\":[{\"@type\":\"SearchAction\",\"target\":{\"@type\":\"EntryPoint\",\"urlTemplate\":\"https:\/\/coilovers.pl\/?s={search_term_string}\"},\"query-input\":{\"@type\":\"PropertyValueSpecification\",\"valueRequired\":true,\"valueName\":\"search_term_string\"}}],\"inLanguage\":\"pl-PL\"},{\"@type\":\"Organization\",\"@id\":\"https:\/\/coilovers.pl\/#organization\",\"name\":\"CoiloversPL\",\"url\":\"https:\/\/coilovers.pl\/\",\"logo\":{\"@type\":\"ImageObject\",\"inLanguage\":\"pl-PL\",\"@id\":\"https:\/\/coilovers.pl\/#\/schema\/logo\/image\/\",\"url\":\"https:\/\/coilovers.pl\/wp-content\/uploads\/2021\/02\/cropped-logo.png\",\"contentUrl\":\"https:\/\/coilovers.pl\/wp-content\/uploads\/2021\/02\/cropped-logo.png\",\"width\":3039,\"height\":864,\"caption\":\"CoiloversPL\"},\"image\":{\"@id\":\"https:\/\/coilovers.pl\/#\/schema\/logo\/image\/\"},\"sameAs\":[\"https:\/\/www.facebook.com\/coiloverspl\",\"https:\/\/www.instagram.com\/coilovers_pl\/\"]}]}<\/script>\n<!-- \/ Yoast SEO plugin. -->","yoast_head_json":{"title":"H&R spr\u0119\u017cyny podwy\u017cszaj\u0105ce KIA Sorento JC 29089-1 - CoiloversPL","robots":{"index":"index","follow":"follow","max-snippet":"max-snippet:-1","max-image-preview":"max-image-preview:large","max-video-preview":"max-video-preview:-1"},"canonical":"https:\/\/coilovers.pl\/index.php\/produkt\/hr-kia-sorento-jc\/","og_locale":"pl_PL","og_type":"article","og_title":"H&R spr\u0119\u017cyny podwy\u017cszaj\u0105ce KIA Sorento JC 29089-1 - CoiloversPL","og_description":"Numer katalogowy: 29089-1 Marka: Kia Model: Sorento (JC) Rocznik: 2002&gt; Wariant: zestaw podwy\u017cszaj\u0105cy, w\u0142\u0105cznie z modelami Facelift 2006, dla modeli Facelift nale\u017cy zastosowa\u0107 na tylnej osi g\u00f3rne gumowe mocowania spr\u0119\u017cyny z poprzednich modeli, nr katalogowy Kia- 55131 3E000 Dane produktu obni\u017cenie przodu (+) 45 mm obni\u017cenie ty\u0142u (+) 45 mm Szczeg\u00f3\u0142y Sk\u0142adnik 1 VA 29089 &hellip; H&#038;R spr\u0119\u017cyny podwy\u017cszaj\u0105ce KIA Sorento JC 29089-1 Read More &raquo;","og_url":"https:\/\/coilovers.pl\/index.php\/produkt\/hr-kia-sorento-jc\/","og_site_name":"CoiloversPL","article_publisher":"https:\/\/www.facebook.com\/coiloverspl","article_modified_time":"2026-04-09T10:24:23+00:00","og_image":[{"width":800,"height":533,"url":"https:\/\/coilovers.pl\/wp-content\/uploads\/2026\/04\/HR-sprezyny-obnizajace-BMW-29484-1.jpg","type":"image\/jpeg"}],"twitter_card":"summary_large_image","twitter_misc":{"Szacowany czas czytania":"1 minuta"},"schema":{"@context":"https:\/\/schema.org","@graph":[{"@type":"WebPage","@id":"https:\/\/coilovers.pl\/index.php\/produkt\/hr-kia-sorento-jc\/","url":"https:\/\/coilovers.pl\/index.php\/produkt\/hr-kia-sorento-jc\/","name":"H&R spr\u0119\u017cyny podwy\u017cszaj\u0105ce KIA Sorento JC 29089-1 - CoiloversPL","isPartOf":{"@id":"https:\/\/coilovers.pl\/#website"},"primaryImageOfPage":{"@id":"https:\/\/coilovers.pl\/index.php\/produkt\/hr-kia-sorento-jc\/#primaryimage"},"image":{"@id":"https:\/\/coilovers.pl\/index.php\/produkt\/hr-kia-sorento-jc\/#primaryimage"},"thumbnailUrl":"https:\/\/coilovers.pl\/wp-content\/uploads\/2026\/04\/HR-sprezyny-obnizajace-BMW-29484-1.jpg","datePublished":"2026-04-09T10:24:22+00:00","dateModified":"2026-04-09T10:24:23+00:00","breadcrumb":{"@id":"https:\/\/coilovers.pl\/index.php\/produkt\/hr-kia-sorento-jc\/#breadcrumb"},"inLanguage":"pl-PL","potentialAction":[{"@type":"ReadAction","target":["https:\/\/coilovers.pl\/index.php\/produkt\/hr-kia-sorento-jc\/"]}]},{"@type":"ImageObject","inLanguage":"pl-PL","@id":"https:\/\/coilovers.pl\/index.php\/produkt\/hr-kia-sorento-jc\/#primaryimage","url":"https:\/\/coilovers.pl\/wp-content\/uploads\/2026\/04\/HR-sprezyny-obnizajace-BMW-29484-1.jpg","contentUrl":"https:\/\/coilovers.pl\/wp-content\/uploads\/2026\/04\/HR-sprezyny-obnizajace-BMW-29484-1.jpg","width":800,"height":533},{"@type":"BreadcrumbList","@id":"https:\/\/coilovers.pl\/index.php\/produkt\/hr-kia-sorento-jc\/#breadcrumb","itemListElement":[{"@type":"ListItem","position":1,"name":"Strona g\u0142\u00f3wna","item":"https:\/\/coilovers.pl\/"},{"@type":"ListItem","position":2,"name":"Sklep","item":"https:\/\/coilovers.pl\/index.php\/sklep\/"},{"@type":"ListItem","position":3,"name":"H&#038;R spr\u0119\u017cyny podwy\u017cszaj\u0105ce KIA Sorento JC 29089-1"}]},{"@type":"WebSite","@id":"https:\/\/coilovers.pl\/#website","url":"https:\/\/coilovers.pl\/","name":"CoiloversPL","description":"Zawieszenia Felgi Samochody","publisher":{"@id":"https:\/\/coilovers.pl\/#organization"},"potentialAction":[{"@type":"SearchAction","target":{"@type":"EntryPoint","urlTemplate":"https:\/\/coilovers.pl\/?s={search_term_string}"},"query-input":{"@type":"PropertyValueSpecification","valueRequired":true,"valueName":"search_term_string"}}],"inLanguage":"pl-PL"},{"@type":"Organization","@id":"https:\/\/coilovers.pl\/#organization","name":"CoiloversPL","url":"https:\/\/coilovers.pl\/","logo":{"@type":"ImageObject","inLanguage":"pl-PL","@id":"https:\/\/coilovers.pl\/#\/schema\/logo\/image\/","url":"https:\/\/coilovers.pl\/wp-content\/uploads\/2021\/02\/cropped-logo.png","contentUrl":"https:\/\/coilovers.pl\/wp-content\/uploads\/2021\/02\/cropped-logo.png","width":3039,"height":864,"caption":"CoiloversPL"},"image":{"@id":"https:\/\/coilovers.pl\/#\/schema\/logo\/image\/"},"sameAs":["https:\/\/www.facebook.com\/coiloverspl","https:\/\/www.instagram.com\/coilovers_pl\/"]}]}},"_links":{"self":[{"href":"https:\/\/coilovers.pl\/index.php\/wp-json\/wp\/v2\/product\/5655","targetHints":{"allow":["GET"]}}],"collection":[{"href":"https:\/\/coilovers.pl\/index.php\/wp-json\/wp\/v2\/product"}],"about":[{"href":"https:\/\/coilovers.pl\/index.php\/wp-json\/wp\/v2\/types\/product"}],"wp:featuredmedia":[{"embeddable":true,"href":"https:\/\/coilovers.pl\/index.php\/wp-json\/wp\/v2\/media\/5656"}],"wp:attachment":[{"href":"https:\/\/coilovers.pl\/index.php\/wp-json\/wp\/v2\/media?parent=5655"}],"curies":[{"name":"wp","href":"https:\/\/api.w.org\/{rel}","templated":true}]}}