{"id":5565,"date":"2026-03-17T14:19:56","date_gmt":"2026-03-17T13:19:56","guid":{"rendered":"https:\/\/coilovers.pl\/?post_type=product&#038;p=5565"},"modified":"2026-03-17T14:19:57","modified_gmt":"2026-03-17T13:19:57","slug":"ap-by-kw-audi-a3-s3-8v","status":"publish","type":"product","link":"https:\/\/coilovers.pl\/index.php\/produkt\/ap-by-kw-audi-a3-s3-8v\/","title":{"rendered":"AP Audi A3 S3 8V 1151000M"},"content":{"rendered":"<p>Obni\u017cenie VA\/HA: 30-60\/30-55<br \/>\nWersja: ap<br \/>\nRegulacja t\u0142umienia: Brak<br \/>\nMateria\u0142: stal ocynkowana<br \/>\nRegulacja VA\/HA: Gwint\/Gwint<br \/>\n\u015arednica zacisku amortyzatora prz\u00f3d (mm): 55<br \/>\nHomologacja: \u015bwiadectwo cz\u0119\u015bciowe (\u00a719.3)<br \/>\nZakres dostawy: Zestaw VA + HA<br \/>\nTyp pojazdu: AUDI A3 (8V1, 8VK) 04\/2012- S3 quattro &#8211; 210kW &#8211; 1984ccm &#8211; 4 cyl. &#8211; Nap\u0119d na 4 ko\u0142a<br \/>\nTylko modele Rok produkcji: 05\/2012- Obci\u0105\u017cenie osi VA\/HA: -1090\/-1040<br \/>\ntylko dla pojazd\u00f3w z \u015brednic\u0105 amortyzatora 55 mm<\/p>\n<p>&nbsp;<\/p>\n<p>AUDI A3 (8V) 8V1, 8VK 04\/2012-10\/2020 1.8 TFSI quattro Hatchback Petrol 132 KW 1798 ccm 4 All-wheel Drive<br \/>\nAUDI A3 (8V) 8V1, 8VK 04\/2012-10\/2020 2.0 TDI quattro Hatchback Diesel 110 KW 1968 ccm 4 All-wheel Drive<br \/>\nAUDI A3 (8V) 8V1, 8VK 04\/2012-10\/2020 2.0 TDI quattro Hatchback Diesel 135 KW 1968 ccm 4 All-wheel Drive<br \/>\nAUDI A3 (8V) 8V1, 8VK 04\/2012-10\/2020 2.0 TFSI quattro Hatchback Petrol 140 KW 1984 ccm 4 All-wheel Drive<br \/>\nAUDI A3 (8V) 8V1, 8VK 04\/2012-10\/2020 S3 quattro Hatchback Petrol 206 KW 1984 ccm 4 All-wheel Drive<br \/>\nAUDI A3 (8V) 8V1, 8VK 04\/2012-10\/2020 S3 quattro Hatchback Petrol 210 KW 1984 ccm 4 All-wheel Drive<br \/>\nAUDI A3 (8V) 8V1, 8VK 04\/2012-10\/2020 S3 quattro Hatchback Petrol 213 KW 1984 ccm 4 All-wheel Drive<br \/>\nAUDI A3 (8V) 8V1, 8VK 04\/2012-10\/2020 S3 quattro Hatchback Petrol 221 KW 1984 ccm 4 All-wheel Drive<br \/>\nAUDI A3 (8V) 8V1, 8VK 04\/2012-10\/2020 S3 quattro Hatchback Petrol 228 KW 1984 ccm 4 All-wheel Drive<br \/>\nAUDI A3 Saloon (8V) 8VS, 8VM 05\/2013-08\/2021 1.6 TDI quattro Saloon Diesel 81 KW 1598 ccm 4 All-wheel Drive<br \/>\nAUDI A3 Saloon (8V) 8VS, 8VM 05\/2013-08\/2021 1.8 TFSI quattro Saloon Petrol 132 KW 1798 ccm 4 All-wheel Drive<br \/>\nAUDI A3 Saloon (8V) 8VS, 8VM 05\/2013-08\/2021 2.0 TDI quattro Saloon Diesel 110 KW 1968 ccm 4 All-wheel Drive<br \/>\nAUDI A3 Saloon (8V) 8VS, 8VM 05\/2013-08\/2021 2.0 TDI quattro Saloon Diesel 135 KW 1968 ccm 4 All-wheel Drive<br \/>\nAUDI A3 Saloon (8V) 8VS, 8VM 05\/2013-08\/2021 2.0 TFSI quattro Saloon Petrol 140 KW 1984 ccm 4 All-wheel Drive<br \/>\nAUDI A3 Saloon (8V) 8VS, 8VM 05\/2013-08\/2021 2.0 TFSI quattro Saloon Petrol 162 KW 1984 ccm 4 All-wheel Drive<br \/>\nAUDI A3 Saloon (8V) 8VS, 8VM 05\/2013-08\/2021 2.0 TFSI quattro Saloon Petrol 170 KW 1984 ccm 4 All-wheel Drive<br \/>\nAUDI A3 Saloon (8V) 8VS, 8VM 05\/2013-08\/2021 40 TDI quattro Saloon Diesel 135 KW 1968 ccm 4 All-wheel Drive<br \/>\nAUDI A3 Saloon (8V) 8VS, 8VM 05\/2013-08\/2021 40 TFSI quattro Saloon Petrol 140 KW 1984 ccm 4 All-wheel Drive<br \/>\nAUDI A3 Saloon (8V) 8VS, 8VM 05\/2013-08\/2021 S3 quattro Saloon Petrol 206 KW 1984 ccm 4 All-wheel Drive<br \/>\nAUDI A3 Saloon (8V) 8VS, 8VM 05\/2013-08\/2021 S3 quattro Saloon Petrol 210 KW 1984 ccm 4 All-wheel Drive<br \/>\nAUDI A3 Saloon (8V) 8VS, 8VM 05\/2013-08\/2021 S3 quattro Saloon Petrol 213 KW 1984 ccm 4 All-wheel Drive<br \/>\nAUDI A3 Saloon (8V) 8VS, 8VM 05\/2013-08\/2021 S3 quattro Saloon Petrol 215 KW 1984 ccm 4 All-wheel Drive<br \/>\nAUDI A3 Saloon (8V) 8VS, 8VM 05\/2013-08\/2021 S3 quattro Saloon Petrol 221 KW 1984 ccm 4 All-wheel Drive<br \/>\nAUDI A3 Saloon (8V) 8VS, 8VM 05\/2013-08\/2021 S3 quattro Saloon Petrol 228 KW 1984 ccm 4 All-wheel Drive<br \/>\nAUDI A3 Sportback (8V) 8VA, 8VF 09\/2012-08\/2021 1.6 TDI quattro Hatchback Diesel 81 KW 1598 ccm 4 All-wheel Drive<br \/>\nAUDI A3 Sportback (8V) 8VA, 8VF 09\/2012-08\/2021 1.8 TFSI quattro Hatchback Petrol 132 KW 1798 ccm 4 All-wheel Drive<br \/>\nAUDI A3 Sportback (8V) 8VA, 8VF 09\/2012-08\/2021 2.0 TDI quattro Hatchback Diesel 110 KW 1968 ccm 4 All-wheel Drive<br \/>\nAUDI A3 Sportback (8V) 8VA, 8VF 09\/2012-08\/2021 2.0 TDI quattro Hatchback Diesel 135 KW 1968 ccm 4 All-wheel Drive<br \/>\nAUDI A3 Sportback (8V) 8VA, 8VF 09\/2012-08\/2021 2.0 TFSI quattro Hatchback Petrol 140 KW 1984 ccm 4 All-wheel Drive<br \/>\nAUDI A3 Sportback (8V) 8VA, 8VF 09\/2012-08\/2021 40 TDI quattro Hatchback Diesel 135 KW 1968 ccm 4 All-wheel Drive<br \/>\nAUDI A3 Sportback (8V) 8VA, 8VF 09\/2012-08\/2021 40 TFSI quattro Hatchback Petrol 140 KW 1984 ccm 4 All-wheel Drive<br \/>\nAUDI A3 Sportback (8V) 8VA, 8VF 09\/2012-08\/2021 S3 quattro Hatchback Petrol 206 KW 1984 ccm 4 All-wheel Drive<br \/>\nAUDI A3 Sportback (8V) 8VA, 8VF 09\/2012-08\/2021 S3 quattro Hatchback Petrol 210 KW 1984 ccm 4 All-wheel Drive<br \/>\nAUDI A3 Sportback (8V) 8VA, 8VF 09\/2012-08\/2021 S3 quattro Hatchback Petrol 213 KW 1984 ccm 4 All-wheel Drive<br \/>\nAUDI A3 Sportback (8V) 8VA, 8VF 09\/2012-08\/2021 S3 quattro Hatchback Petrol 221 KW 1984 ccm 4 All-wheel Drive<br \/>\nAUDI A3 Sportback (8V) 8VA, 8VF 09\/2012-08\/2021 S3 quattro Hatchback Petrol 228 KW 1984 ccm 4 All-wheel Drive<\/p>\n<p>&nbsp;<\/p>\n<ul>\n<li>Tylko dla pojazd\u00f3w z \u015brednic\u0105 mocowania na przedniej osi 55 mm.<\/li>\n<li>W pojazdach z fabrycznym obni\u017ceniem podwozia podana warto\u015b\u0107 obni\u017cenia zmniejsza si\u0119 o wielko\u015b\u0107 fabrycznego obni\u017cenia.<\/li>\n<li>W pojazdach wyposa\u017conych w elektroniczne sterowanie amortyzacj\u0105 system ten musi zosta\u0107 wy\u0142\u0105czony.<\/li>\n<\/ul>\n","protected":false},"excerpt":{"rendered":"<p>Podczas sk\u0142adania zam\u00f3wienia podaj nadwozie, silnik oraz rodzaj nap\u0119du w Twoim aucie!!<\/p>\n","protected":false},"featured_media":4220,"template":"","meta":[],"class_list":["post-5565","product","type-product","status-publish","has-post-thumbnail","hentry","pwb-brand-ap-sportfahrwerke","product_cat-8v","product_cat-8v-s3","product_cat-pozostale"],"brands":[{"id":62,"name":"AP Sportfahrwerke","slug":"ap-sportfahrwerke"}],"yoast_head":"<!-- This site is optimized with the Yoast SEO plugin v24.7 - https:\/\/yoast.com\/wordpress\/plugins\/seo\/ -->\n<title>AP Audi A3 S3 8V 1151000M - CoiloversPL<\/title>\n<meta name=\"robots\" content=\"index, follow, max-snippet:-1, max-image-preview:large, max-video-preview:-1\" \/>\n<link rel=\"canonical\" href=\"https:\/\/coilovers.pl\/index.php\/produkt\/ap-by-kw-audi-a3-s3-8v\/\" \/>\n<meta property=\"og:locale\" content=\"pl_PL\" \/>\n<meta property=\"og:type\" content=\"article\" \/>\n<meta property=\"og:title\" content=\"AP Audi A3 S3 8V 1151000M - CoiloversPL\" \/>\n<meta property=\"og:description\" content=\"Podczas sk\u0142adania zam\u00f3wienia podaj nadwozie, silnik oraz rodzaj nap\u0119du w Twoim aucie!!\" \/>\n<meta property=\"og:url\" content=\"https:\/\/coilovers.pl\/index.php\/produkt\/ap-by-kw-audi-a3-s3-8v\/\" \/>\n<meta property=\"og:site_name\" content=\"CoiloversPL\" \/>\n<meta property=\"article:publisher\" content=\"https:\/\/www.facebook.com\/coiloverspl\" \/>\n<meta property=\"article:modified_time\" content=\"2026-03-17T13:19:57+00:00\" \/>\n<meta property=\"og:image\" content=\"https:\/\/coilovers.pl\/wp-content\/uploads\/2023\/04\/mqb.jpg\" \/>\n\t<meta property=\"og:image:width\" content=\"1600\" \/>\n\t<meta property=\"og:image:height\" content=\"1600\" \/>\n\t<meta property=\"og:image:type\" content=\"image\/jpeg\" \/>\n<meta name=\"twitter:card\" content=\"summary_large_image\" \/>\n<meta name=\"twitter:label1\" content=\"Szacowany czas czytania\" \/>\n\t<meta name=\"twitter:data1\" content=\"5 minut\" \/>\n<script type=\"application\/ld+json\" class=\"yoast-schema-graph\">{\"@context\":\"https:\/\/schema.org\",\"@graph\":[{\"@type\":\"WebPage\",\"@id\":\"https:\/\/coilovers.pl\/index.php\/produkt\/ap-by-kw-audi-a3-s3-8v\/\",\"url\":\"https:\/\/coilovers.pl\/index.php\/produkt\/ap-by-kw-audi-a3-s3-8v\/\",\"name\":\"AP Audi A3 S3 8V 1151000M - CoiloversPL\",\"isPartOf\":{\"@id\":\"https:\/\/coilovers.pl\/#website\"},\"primaryImageOfPage\":{\"@id\":\"https:\/\/coilovers.pl\/index.php\/produkt\/ap-by-kw-audi-a3-s3-8v\/#primaryimage\"},\"image\":{\"@id\":\"https:\/\/coilovers.pl\/index.php\/produkt\/ap-by-kw-audi-a3-s3-8v\/#primaryimage\"},\"thumbnailUrl\":\"https:\/\/coilovers.pl\/wp-content\/uploads\/2023\/04\/mqb.jpg\",\"datePublished\":\"2026-03-17T13:19:56+00:00\",\"dateModified\":\"2026-03-17T13:19:57+00:00\",\"breadcrumb\":{\"@id\":\"https:\/\/coilovers.pl\/index.php\/produkt\/ap-by-kw-audi-a3-s3-8v\/#breadcrumb\"},\"inLanguage\":\"pl-PL\",\"potentialAction\":[{\"@type\":\"ReadAction\",\"target\":[\"https:\/\/coilovers.pl\/index.php\/produkt\/ap-by-kw-audi-a3-s3-8v\/\"]}]},{\"@type\":\"ImageObject\",\"inLanguage\":\"pl-PL\",\"@id\":\"https:\/\/coilovers.pl\/index.php\/produkt\/ap-by-kw-audi-a3-s3-8v\/#primaryimage\",\"url\":\"https:\/\/coilovers.pl\/wp-content\/uploads\/2023\/04\/mqb.jpg\",\"contentUrl\":\"https:\/\/coilovers.pl\/wp-content\/uploads\/2023\/04\/mqb.jpg\",\"width\":1600,\"height\":1600},{\"@type\":\"BreadcrumbList\",\"@id\":\"https:\/\/coilovers.pl\/index.php\/produkt\/ap-by-kw-audi-a3-s3-8v\/#breadcrumb\",\"itemListElement\":[{\"@type\":\"ListItem\",\"position\":1,\"name\":\"Strona g\u0142\u00f3wna\",\"item\":\"https:\/\/coilovers.pl\/\"},{\"@type\":\"ListItem\",\"position\":2,\"name\":\"Sklep\",\"item\":\"https:\/\/coilovers.pl\/index.php\/sklep\/\"},{\"@type\":\"ListItem\",\"position\":3,\"name\":\"AP Audi A3 S3 8V 1151000M\"}]},{\"@type\":\"WebSite\",\"@id\":\"https:\/\/coilovers.pl\/#website\",\"url\":\"https:\/\/coilovers.pl\/\",\"name\":\"CoiloversPL\",\"description\":\"Zawieszenia Felgi Samochody\",\"publisher\":{\"@id\":\"https:\/\/coilovers.pl\/#organization\"},\"potentialAction\":[{\"@type\":\"SearchAction\",\"target\":{\"@type\":\"EntryPoint\",\"urlTemplate\":\"https:\/\/coilovers.pl\/?s={search_term_string}\"},\"query-input\":{\"@type\":\"PropertyValueSpecification\",\"valueRequired\":true,\"valueName\":\"search_term_string\"}}],\"inLanguage\":\"pl-PL\"},{\"@type\":\"Organization\",\"@id\":\"https:\/\/coilovers.pl\/#organization\",\"name\":\"CoiloversPL\",\"url\":\"https:\/\/coilovers.pl\/\",\"logo\":{\"@type\":\"ImageObject\",\"inLanguage\":\"pl-PL\",\"@id\":\"https:\/\/coilovers.pl\/#\/schema\/logo\/image\/\",\"url\":\"https:\/\/coilovers.pl\/wp-content\/uploads\/2021\/02\/cropped-logo.png\",\"contentUrl\":\"https:\/\/coilovers.pl\/wp-content\/uploads\/2021\/02\/cropped-logo.png\",\"width\":3039,\"height\":864,\"caption\":\"CoiloversPL\"},\"image\":{\"@id\":\"https:\/\/coilovers.pl\/#\/schema\/logo\/image\/\"},\"sameAs\":[\"https:\/\/www.facebook.com\/coiloverspl\",\"https:\/\/www.instagram.com\/coilovers_pl\/\"]}]}<\/script>\n<!-- \/ Yoast SEO plugin. -->","yoast_head_json":{"title":"AP Audi A3 S3 8V 1151000M - CoiloversPL","robots":{"index":"index","follow":"follow","max-snippet":"max-snippet:-1","max-image-preview":"max-image-preview:large","max-video-preview":"max-video-preview:-1"},"canonical":"https:\/\/coilovers.pl\/index.php\/produkt\/ap-by-kw-audi-a3-s3-8v\/","og_locale":"pl_PL","og_type":"article","og_title":"AP Audi A3 S3 8V 1151000M - CoiloversPL","og_description":"Podczas sk\u0142adania zam\u00f3wienia podaj nadwozie, silnik oraz rodzaj nap\u0119du w Twoim aucie!!","og_url":"https:\/\/coilovers.pl\/index.php\/produkt\/ap-by-kw-audi-a3-s3-8v\/","og_site_name":"CoiloversPL","article_publisher":"https:\/\/www.facebook.com\/coiloverspl","article_modified_time":"2026-03-17T13:19:57+00:00","og_image":[{"width":1600,"height":1600,"url":"https:\/\/coilovers.pl\/wp-content\/uploads\/2023\/04\/mqb.jpg","type":"image\/jpeg"}],"twitter_card":"summary_large_image","twitter_misc":{"Szacowany czas czytania":"5 minut"},"schema":{"@context":"https:\/\/schema.org","@graph":[{"@type":"WebPage","@id":"https:\/\/coilovers.pl\/index.php\/produkt\/ap-by-kw-audi-a3-s3-8v\/","url":"https:\/\/coilovers.pl\/index.php\/produkt\/ap-by-kw-audi-a3-s3-8v\/","name":"AP Audi A3 S3 8V 1151000M - CoiloversPL","isPartOf":{"@id":"https:\/\/coilovers.pl\/#website"},"primaryImageOfPage":{"@id":"https:\/\/coilovers.pl\/index.php\/produkt\/ap-by-kw-audi-a3-s3-8v\/#primaryimage"},"image":{"@id":"https:\/\/coilovers.pl\/index.php\/produkt\/ap-by-kw-audi-a3-s3-8v\/#primaryimage"},"thumbnailUrl":"https:\/\/coilovers.pl\/wp-content\/uploads\/2023\/04\/mqb.jpg","datePublished":"2026-03-17T13:19:56+00:00","dateModified":"2026-03-17T13:19:57+00:00","breadcrumb":{"@id":"https:\/\/coilovers.pl\/index.php\/produkt\/ap-by-kw-audi-a3-s3-8v\/#breadcrumb"},"inLanguage":"pl-PL","potentialAction":[{"@type":"ReadAction","target":["https:\/\/coilovers.pl\/index.php\/produkt\/ap-by-kw-audi-a3-s3-8v\/"]}]},{"@type":"ImageObject","inLanguage":"pl-PL","@id":"https:\/\/coilovers.pl\/index.php\/produkt\/ap-by-kw-audi-a3-s3-8v\/#primaryimage","url":"https:\/\/coilovers.pl\/wp-content\/uploads\/2023\/04\/mqb.jpg","contentUrl":"https:\/\/coilovers.pl\/wp-content\/uploads\/2023\/04\/mqb.jpg","width":1600,"height":1600},{"@type":"BreadcrumbList","@id":"https:\/\/coilovers.pl\/index.php\/produkt\/ap-by-kw-audi-a3-s3-8v\/#breadcrumb","itemListElement":[{"@type":"ListItem","position":1,"name":"Strona g\u0142\u00f3wna","item":"https:\/\/coilovers.pl\/"},{"@type":"ListItem","position":2,"name":"Sklep","item":"https:\/\/coilovers.pl\/index.php\/sklep\/"},{"@type":"ListItem","position":3,"name":"AP Audi A3 S3 8V 1151000M"}]},{"@type":"WebSite","@id":"https:\/\/coilovers.pl\/#website","url":"https:\/\/coilovers.pl\/","name":"CoiloversPL","description":"Zawieszenia Felgi Samochody","publisher":{"@id":"https:\/\/coilovers.pl\/#organization"},"potentialAction":[{"@type":"SearchAction","target":{"@type":"EntryPoint","urlTemplate":"https:\/\/coilovers.pl\/?s={search_term_string}"},"query-input":{"@type":"PropertyValueSpecification","valueRequired":true,"valueName":"search_term_string"}}],"inLanguage":"pl-PL"},{"@type":"Organization","@id":"https:\/\/coilovers.pl\/#organization","name":"CoiloversPL","url":"https:\/\/coilovers.pl\/","logo":{"@type":"ImageObject","inLanguage":"pl-PL","@id":"https:\/\/coilovers.pl\/#\/schema\/logo\/image\/","url":"https:\/\/coilovers.pl\/wp-content\/uploads\/2021\/02\/cropped-logo.png","contentUrl":"https:\/\/coilovers.pl\/wp-content\/uploads\/2021\/02\/cropped-logo.png","width":3039,"height":864,"caption":"CoiloversPL"},"image":{"@id":"https:\/\/coilovers.pl\/#\/schema\/logo\/image\/"},"sameAs":["https:\/\/www.facebook.com\/coiloverspl","https:\/\/www.instagram.com\/coilovers_pl\/"]}]}},"_links":{"self":[{"href":"https:\/\/coilovers.pl\/index.php\/wp-json\/wp\/v2\/product\/5565","targetHints":{"allow":["GET"]}}],"collection":[{"href":"https:\/\/coilovers.pl\/index.php\/wp-json\/wp\/v2\/product"}],"about":[{"href":"https:\/\/coilovers.pl\/index.php\/wp-json\/wp\/v2\/types\/product"}],"wp:featuredmedia":[{"embeddable":true,"href":"https:\/\/coilovers.pl\/index.php\/wp-json\/wp\/v2\/media\/4220"}],"wp:attachment":[{"href":"https:\/\/coilovers.pl\/index.php\/wp-json\/wp\/v2\/media?parent=5565"}],"curies":[{"name":"wp","href":"https:\/\/api.w.org\/{rel}","templated":true}]}}