{"id":5562,"date":"2026-03-14T14:37:41","date_gmt":"2026-03-14T13:37:41","guid":{"rendered":"https:\/\/coilovers.pl\/?post_type=product&#038;p=5562"},"modified":"2026-03-14T14:37:41","modified_gmt":"2026-03-14T13:37:41","slug":"mts-street-golf-vw-golf","status":"publish","type":"product","link":"https:\/\/coilovers.pl\/index.php\/produkt\/mts-street-golf-vw-golf\/","title":{"rendered":"MTS Street Gold VW Golf VI 55mm MTSGWVW30"},"content":{"rendered":"<p>Pojazd<br \/>\nMarka Volkswagen<br \/>\nModel GOLF VI (5K1)<br \/>\nTyp 5K1<br \/>\nSilnik 1.2 TSI \/ 1.4 \/ 1.4 TSI \/ 1.6 \/ 1.6 TDI \/ 1.8 TSI \/ 2.0 GTi \/ 2.0 TDI \/ Blue E-Motion<br \/>\nRocznik 10\/08 &#8211; 11\/13<\/p>\n<p>Dane produktu<br \/>\nSeria: Street<br \/>\nObudowa: gold<br \/>\nMax. nacisk na przedni\u0105 o\u015b: -1035 kg<br \/>\nMax. nacisk na tyln\u0105 o\u015b: -1150 kg<br \/>\nObni\u017cenie prz\u00f3d: 35 &#8211; 70 mm<br \/>\nObni\u017cenie ty\u0142: 35 &#8211; 60 mm<br \/>\nCamber \/ g\u00f3rne mocowanie prz\u00f3d: nie<br \/>\nCamber \/ g\u00f3rne mocowanie ty\u0142: nie<br \/>\nPrzednia spr\u0119\u017cyna g\u0142\u00f3wna: Twardo\u015b\u0107 spr\u0119\u017cyny (32 N\/mm)<br \/>\nTylna spr\u0119\u017cyna g\u0142\u00f3wna: Twardo\u015b\u0107 spr\u0119\u017cyny (43,6 N\/mm)<br \/>\nCertyfikat TUV: tak<\/p>\n","protected":false},"excerpt":{"rendered":"<p>Uwagi<br \/>\n3 &#8211; Przednia i tylna o\u015b z regulacj\u0105 wysoko\u015bci (nagwintowane kolumny amortyzator\u00f3w przednich, na osi tylnej regulacja wysoko\u015bci na spr\u0119\u017cynach + amortyzatory).<br \/>\n21 &#8211; W przypadku seryjnego zawieszenia sportowego warto\u015b\u0107 obni\u017cenia podawana w niniejszym katalogu zmniejsza si\u0119 o warto\u015b\u0107 seryjnego obni\u017cenia.<br \/>\n24 &#8211; Podczas monta\u017cu zawieszenia nale\u017cy skontrolowa\u0107 odleg\u0142o\u015b\u0107 felgi\/opony od kolumny amortyzatora. Minimalny dozwolony odst\u0119p to 5mm (0,2 inch). W innym przypadku, zastosowa\u0107 certyfikowane dystanse.<br \/>\n25 &#8211; W przypadku niekt\u00f3rych modeli w celu uzyskania maksymalnego obni\u017cenia na tylnej osi niezb\u0119dne b\u0119dzie usuni\u0119cie tylnej regulacji.<br \/>\n35 &#8211; Regulacja na tylnej osi montowana u g\u00f3ry.<br \/>\n39 &#8211; Monta\u017c jest tak\u017ce mo\u017cliwy w przypadku pojazd\u00f3w z elektroniczn\u0105 regulacj\u0105 si\u0142y t\u0142umienia amortyzator\u00f3w. Uk\u0142ad elektroniczny musi zosta\u0107 w tym wypadku dezaktywowany.<br \/>\n73 &#8211; Dla \u0142atwiejszej regulacji wysoko\u015bci na tylnej osi zalecamy demonta\u017c regulacji, zmian\u0119 ustawienia talerzyka spr\u0119\u017cyny oraz ponowny monta\u017c regulacji na auto.<\/p>\n","protected":false},"featured_media":5563,"template":"","meta":[],"class_list":["post-5562","product","type-product","status-publish","has-post-thumbnail","hentry","pwb-brand-mts","product_cat-5-golf","product_cat-6-golf"],"brands":[{"id":83,"name":"MTS","slug":"mts"}],"yoast_head":"<!-- This site is optimized with the Yoast SEO plugin v24.7 - https:\/\/yoast.com\/wordpress\/plugins\/seo\/ -->\n<title>MTS Street Gold VW Golf VI 55mm MTSGWVW30 - CoiloversPL<\/title>\n<meta name=\"robots\" content=\"index, follow, max-snippet:-1, max-image-preview:large, max-video-preview:-1\" \/>\n<link rel=\"canonical\" href=\"https:\/\/coilovers.pl\/index.php\/produkt\/mts-street-golf-vw-golf\/\" \/>\n<meta property=\"og:locale\" content=\"pl_PL\" \/>\n<meta property=\"og:type\" content=\"article\" \/>\n<meta property=\"og:title\" content=\"MTS Street Gold VW Golf VI 55mm MTSGWVW30 - CoiloversPL\" \/>\n<meta property=\"og:description\" content=\"Uwagi 3 - Przednia i tylna o\u015b z regulacj\u0105 wysoko\u015bci (nagwintowane kolumny amortyzator\u00f3w przednich, na osi tylnej regulacja wysoko\u015bci na spr\u0119\u017cynach + amortyzatory). 21 - W przypadku seryjnego zawieszenia sportowego warto\u015b\u0107 obni\u017cenia podawana w niniejszym katalogu zmniejsza si\u0119 o warto\u015b\u0107 seryjnego obni\u017cenia. 24 - Podczas monta\u017cu zawieszenia nale\u017cy skontrolowa\u0107 odleg\u0142o\u015b\u0107 felgi\/opony od kolumny amortyzatora. Minimalny dozwolony odst\u0119p to 5mm (0,2 inch). W innym przypadku, zastosowa\u0107 certyfikowane dystanse. 25 - W przypadku niekt\u00f3rych modeli w celu uzyskania maksymalnego obni\u017cenia na tylnej osi niezb\u0119dne b\u0119dzie usuni\u0119cie tylnej regulacji. 35 - Regulacja na tylnej osi montowana u g\u00f3ry. 39 - Monta\u017c jest tak\u017ce mo\u017cliwy w przypadku pojazd\u00f3w z elektroniczn\u0105 regulacj\u0105 si\u0142y t\u0142umienia amortyzator\u00f3w. Uk\u0142ad elektroniczny musi zosta\u0107 w tym wypadku dezaktywowany. 73 - Dla \u0142atwiejszej regulacji wysoko\u015bci na tylnej osi zalecamy demonta\u017c regulacji, zmian\u0119 ustawienia talerzyka spr\u0119\u017cyny oraz ponowny monta\u017c regulacji na auto.\" \/>\n<meta property=\"og:url\" content=\"https:\/\/coilovers.pl\/index.php\/produkt\/mts-street-golf-vw-golf\/\" \/>\n<meta property=\"og:site_name\" content=\"CoiloversPL\" \/>\n<meta property=\"article:publisher\" content=\"https:\/\/www.facebook.com\/coiloverspl\" \/>\n<meta property=\"og:image\" content=\"https:\/\/coilovers.pl\/wp-content\/uploads\/2026\/03\/golf-5.jpg\" \/>\n\t<meta property=\"og:image:width\" content=\"1000\" \/>\n\t<meta property=\"og:image:height\" content=\"667\" \/>\n\t<meta property=\"og:image:type\" content=\"image\/jpeg\" \/>\n<meta name=\"twitter:card\" content=\"summary_large_image\" \/>\n<meta name=\"twitter:label1\" content=\"Szacowany czas czytania\" \/>\n\t<meta name=\"twitter:data1\" content=\"1 minuta\" \/>\n<script type=\"application\/ld+json\" class=\"yoast-schema-graph\">{\"@context\":\"https:\/\/schema.org\",\"@graph\":[{\"@type\":\"WebPage\",\"@id\":\"https:\/\/coilovers.pl\/index.php\/produkt\/mts-street-golf-vw-golf\/\",\"url\":\"https:\/\/coilovers.pl\/index.php\/produkt\/mts-street-golf-vw-golf\/\",\"name\":\"MTS Street Gold VW Golf VI 55mm MTSGWVW30 - CoiloversPL\",\"isPartOf\":{\"@id\":\"https:\/\/coilovers.pl\/#website\"},\"primaryImageOfPage\":{\"@id\":\"https:\/\/coilovers.pl\/index.php\/produkt\/mts-street-golf-vw-golf\/#primaryimage\"},\"image\":{\"@id\":\"https:\/\/coilovers.pl\/index.php\/produkt\/mts-street-golf-vw-golf\/#primaryimage\"},\"thumbnailUrl\":\"https:\/\/coilovers.pl\/wp-content\/uploads\/2026\/03\/golf-5.jpg\",\"datePublished\":\"2026-03-14T13:37:41+00:00\",\"breadcrumb\":{\"@id\":\"https:\/\/coilovers.pl\/index.php\/produkt\/mts-street-golf-vw-golf\/#breadcrumb\"},\"inLanguage\":\"pl-PL\",\"potentialAction\":[{\"@type\":\"ReadAction\",\"target\":[\"https:\/\/coilovers.pl\/index.php\/produkt\/mts-street-golf-vw-golf\/\"]}]},{\"@type\":\"ImageObject\",\"inLanguage\":\"pl-PL\",\"@id\":\"https:\/\/coilovers.pl\/index.php\/produkt\/mts-street-golf-vw-golf\/#primaryimage\",\"url\":\"https:\/\/coilovers.pl\/wp-content\/uploads\/2026\/03\/golf-5.jpg\",\"contentUrl\":\"https:\/\/coilovers.pl\/wp-content\/uploads\/2026\/03\/golf-5.jpg\",\"width\":1000,\"height\":667},{\"@type\":\"BreadcrumbList\",\"@id\":\"https:\/\/coilovers.pl\/index.php\/produkt\/mts-street-golf-vw-golf\/#breadcrumb\",\"itemListElement\":[{\"@type\":\"ListItem\",\"position\":1,\"name\":\"Strona g\u0142\u00f3wna\",\"item\":\"https:\/\/coilovers.pl\/\"},{\"@type\":\"ListItem\",\"position\":2,\"name\":\"Sklep\",\"item\":\"https:\/\/coilovers.pl\/index.php\/sklep\/\"},{\"@type\":\"ListItem\",\"position\":3,\"name\":\"MTS Street Gold VW Golf VI 55mm MTSGWVW30\"}]},{\"@type\":\"WebSite\",\"@id\":\"https:\/\/coilovers.pl\/#website\",\"url\":\"https:\/\/coilovers.pl\/\",\"name\":\"CoiloversPL\",\"description\":\"Zawieszenia Felgi Samochody\",\"publisher\":{\"@id\":\"https:\/\/coilovers.pl\/#organization\"},\"potentialAction\":[{\"@type\":\"SearchAction\",\"target\":{\"@type\":\"EntryPoint\",\"urlTemplate\":\"https:\/\/coilovers.pl\/?s={search_term_string}\"},\"query-input\":{\"@type\":\"PropertyValueSpecification\",\"valueRequired\":true,\"valueName\":\"search_term_string\"}}],\"inLanguage\":\"pl-PL\"},{\"@type\":\"Organization\",\"@id\":\"https:\/\/coilovers.pl\/#organization\",\"name\":\"CoiloversPL\",\"url\":\"https:\/\/coilovers.pl\/\",\"logo\":{\"@type\":\"ImageObject\",\"inLanguage\":\"pl-PL\",\"@id\":\"https:\/\/coilovers.pl\/#\/schema\/logo\/image\/\",\"url\":\"https:\/\/coilovers.pl\/wp-content\/uploads\/2021\/02\/cropped-logo.png\",\"contentUrl\":\"https:\/\/coilovers.pl\/wp-content\/uploads\/2021\/02\/cropped-logo.png\",\"width\":3039,\"height\":864,\"caption\":\"CoiloversPL\"},\"image\":{\"@id\":\"https:\/\/coilovers.pl\/#\/schema\/logo\/image\/\"},\"sameAs\":[\"https:\/\/www.facebook.com\/coiloverspl\",\"https:\/\/www.instagram.com\/coilovers_pl\/\"]}]}<\/script>\n<!-- \/ Yoast SEO plugin. -->","yoast_head_json":{"title":"MTS Street Gold VW Golf VI 55mm MTSGWVW30 - CoiloversPL","robots":{"index":"index","follow":"follow","max-snippet":"max-snippet:-1","max-image-preview":"max-image-preview:large","max-video-preview":"max-video-preview:-1"},"canonical":"https:\/\/coilovers.pl\/index.php\/produkt\/mts-street-golf-vw-golf\/","og_locale":"pl_PL","og_type":"article","og_title":"MTS Street Gold VW Golf VI 55mm MTSGWVW30 - CoiloversPL","og_description":"Uwagi 3 - Przednia i tylna o\u015b z regulacj\u0105 wysoko\u015bci (nagwintowane kolumny amortyzator\u00f3w przednich, na osi tylnej regulacja wysoko\u015bci na spr\u0119\u017cynach + amortyzatory). 21 - W przypadku seryjnego zawieszenia sportowego warto\u015b\u0107 obni\u017cenia podawana w niniejszym katalogu zmniejsza si\u0119 o warto\u015b\u0107 seryjnego obni\u017cenia. 24 - Podczas monta\u017cu zawieszenia nale\u017cy skontrolowa\u0107 odleg\u0142o\u015b\u0107 felgi\/opony od kolumny amortyzatora. Minimalny dozwolony odst\u0119p to 5mm (0,2 inch). W innym przypadku, zastosowa\u0107 certyfikowane dystanse. 25 - W przypadku niekt\u00f3rych modeli w celu uzyskania maksymalnego obni\u017cenia na tylnej osi niezb\u0119dne b\u0119dzie usuni\u0119cie tylnej regulacji. 35 - Regulacja na tylnej osi montowana u g\u00f3ry. 39 - Monta\u017c jest tak\u017ce mo\u017cliwy w przypadku pojazd\u00f3w z elektroniczn\u0105 regulacj\u0105 si\u0142y t\u0142umienia amortyzator\u00f3w. Uk\u0142ad elektroniczny musi zosta\u0107 w tym wypadku dezaktywowany. 73 - Dla \u0142atwiejszej regulacji wysoko\u015bci na tylnej osi zalecamy demonta\u017c regulacji, zmian\u0119 ustawienia talerzyka spr\u0119\u017cyny oraz ponowny monta\u017c regulacji na auto.","og_url":"https:\/\/coilovers.pl\/index.php\/produkt\/mts-street-golf-vw-golf\/","og_site_name":"CoiloversPL","article_publisher":"https:\/\/www.facebook.com\/coiloverspl","og_image":[{"width":1000,"height":667,"url":"https:\/\/coilovers.pl\/wp-content\/uploads\/2026\/03\/golf-5.jpg","type":"image\/jpeg"}],"twitter_card":"summary_large_image","twitter_misc":{"Szacowany czas czytania":"1 minuta"},"schema":{"@context":"https:\/\/schema.org","@graph":[{"@type":"WebPage","@id":"https:\/\/coilovers.pl\/index.php\/produkt\/mts-street-golf-vw-golf\/","url":"https:\/\/coilovers.pl\/index.php\/produkt\/mts-street-golf-vw-golf\/","name":"MTS Street Gold VW Golf VI 55mm MTSGWVW30 - CoiloversPL","isPartOf":{"@id":"https:\/\/coilovers.pl\/#website"},"primaryImageOfPage":{"@id":"https:\/\/coilovers.pl\/index.php\/produkt\/mts-street-golf-vw-golf\/#primaryimage"},"image":{"@id":"https:\/\/coilovers.pl\/index.php\/produkt\/mts-street-golf-vw-golf\/#primaryimage"},"thumbnailUrl":"https:\/\/coilovers.pl\/wp-content\/uploads\/2026\/03\/golf-5.jpg","datePublished":"2026-03-14T13:37:41+00:00","breadcrumb":{"@id":"https:\/\/coilovers.pl\/index.php\/produkt\/mts-street-golf-vw-golf\/#breadcrumb"},"inLanguage":"pl-PL","potentialAction":[{"@type":"ReadAction","target":["https:\/\/coilovers.pl\/index.php\/produkt\/mts-street-golf-vw-golf\/"]}]},{"@type":"ImageObject","inLanguage":"pl-PL","@id":"https:\/\/coilovers.pl\/index.php\/produkt\/mts-street-golf-vw-golf\/#primaryimage","url":"https:\/\/coilovers.pl\/wp-content\/uploads\/2026\/03\/golf-5.jpg","contentUrl":"https:\/\/coilovers.pl\/wp-content\/uploads\/2026\/03\/golf-5.jpg","width":1000,"height":667},{"@type":"BreadcrumbList","@id":"https:\/\/coilovers.pl\/index.php\/produkt\/mts-street-golf-vw-golf\/#breadcrumb","itemListElement":[{"@type":"ListItem","position":1,"name":"Strona g\u0142\u00f3wna","item":"https:\/\/coilovers.pl\/"},{"@type":"ListItem","position":2,"name":"Sklep","item":"https:\/\/coilovers.pl\/index.php\/sklep\/"},{"@type":"ListItem","position":3,"name":"MTS Street Gold VW Golf VI 55mm MTSGWVW30"}]},{"@type":"WebSite","@id":"https:\/\/coilovers.pl\/#website","url":"https:\/\/coilovers.pl\/","name":"CoiloversPL","description":"Zawieszenia Felgi Samochody","publisher":{"@id":"https:\/\/coilovers.pl\/#organization"},"potentialAction":[{"@type":"SearchAction","target":{"@type":"EntryPoint","urlTemplate":"https:\/\/coilovers.pl\/?s={search_term_string}"},"query-input":{"@type":"PropertyValueSpecification","valueRequired":true,"valueName":"search_term_string"}}],"inLanguage":"pl-PL"},{"@type":"Organization","@id":"https:\/\/coilovers.pl\/#organization","name":"CoiloversPL","url":"https:\/\/coilovers.pl\/","logo":{"@type":"ImageObject","inLanguage":"pl-PL","@id":"https:\/\/coilovers.pl\/#\/schema\/logo\/image\/","url":"https:\/\/coilovers.pl\/wp-content\/uploads\/2021\/02\/cropped-logo.png","contentUrl":"https:\/\/coilovers.pl\/wp-content\/uploads\/2021\/02\/cropped-logo.png","width":3039,"height":864,"caption":"CoiloversPL"},"image":{"@id":"https:\/\/coilovers.pl\/#\/schema\/logo\/image\/"},"sameAs":["https:\/\/www.facebook.com\/coiloverspl","https:\/\/www.instagram.com\/coilovers_pl\/"]}]}},"_links":{"self":[{"href":"https:\/\/coilovers.pl\/index.php\/wp-json\/wp\/v2\/product\/5562","targetHints":{"allow":["GET"]}}],"collection":[{"href":"https:\/\/coilovers.pl\/index.php\/wp-json\/wp\/v2\/product"}],"about":[{"href":"https:\/\/coilovers.pl\/index.php\/wp-json\/wp\/v2\/types\/product"}],"wp:featuredmedia":[{"embeddable":true,"href":"https:\/\/coilovers.pl\/index.php\/wp-json\/wp\/v2\/media\/5563"}],"wp:attachment":[{"href":"https:\/\/coilovers.pl\/index.php\/wp-json\/wp\/v2\/media?parent=5562"}],"curies":[{"name":"wp","href":"https:\/\/api.w.org\/{rel}","templated":true}]}}