{"id":5554,"date":"2026-03-12T11:18:26","date_gmt":"2026-03-12T10:18:26","guid":{"rendered":"https:\/\/coilovers.pl\/?post_type=product&#038;p=5554"},"modified":"2026-04-09T11:33:42","modified_gmt":"2026-04-09T09:33:42","slug":"gwintowane-ap-by-kw-vag-pq35","status":"publish","type":"product","link":"https:\/\/coilovers.pl\/index.php\/produkt\/gwintowane-ap-by-kw-vag-pq35\/","title":{"rendered":"AP by KW VAG PQ35 Golf 5 i pochodne"},"content":{"rendered":"<p>Zawieszenie gwintowane AP by KW<br \/>\nZestaw w pe\u0142ni sprawny, prosty, bez wyciek\u00f3w.<br \/>\nNakr\u0119tki dzia\u0142aj\u0105 bez zarzutu, spr\u0119\u017cyny nie pop\u0119kane.<\/p>\n<p>Pasuje do szerokiej gamy auto VAG na p\u0142ycie pod\u0142ogowej PQ35 ze zwrotnic\u0105 55mm<\/p>\n<p>Audi a3 8p SEAT Leon 1p<br \/>\nAudi s3 8p SEAT Leon Cupra 1p<br \/>\nAudi RS3 8p SEAT Leon FR 1p<br \/>\nAudi TT 8j SEAT Altea<br \/>\nAudi TTS 8j SEAT Altea XL<br \/>\nAudi TTRS 8j SEAT Alhambra 3<\/p>\n<p>Skoda Octavia 2 VW Golf 5<br \/>\nSkoda Octavia 2 RS VW Golf 5 GTI<br \/>\nSkoda Octavia 2fl VW Golf 5 R32<br \/>\nSkoda Octavia 2 fl RS VW Golf 6<br \/>\nSkoda Superb 2 VW Golf 6 GTI<\/p>\n<p>VW Golf 6 R VW Scirocco 3<br \/>\nVW Golf Plus VW Scirocco 3 R<br \/>\nVW Jetta 5 VW Passat B6<br \/>\nVW Jetta 6 VW Passat B7<br \/>\nVW New Beetle 2 VW CC mk1<\/p>\n<p>VW Sharan 3<br \/>\nVW Touran 1<br \/>\nVW Tiguan 1<br \/>\nVW EOS<\/p>\n","protected":false},"excerpt":{"rendered":"<p>Zawieszenie gwintowane AP by KW Zestaw w pe\u0142ni sprawny, prosty, bez wyciek\u00f3w. Nakr\u0119tki dzia\u0142aj\u0105 bez zarzutu, spr\u0119\u017cyny nie pop\u0119kane. Pasuje do szerokiej gamy auto VAG na p\u0142ycie pod\u0142ogowej PQ35 ze zwrotnic\u0105 55mm Audi a3 8p SEAT Leon 1p Audi s3 8p SEAT Leon Cupra 1p Audi RS3 8p SEAT Leon FR 1p Audi TT 8j &hellip;<\/p>\n<p class=\"read-more\"> <a class=\"\" href=\"https:\/\/coilovers.pl\/index.php\/produkt\/gwintowane-ap-by-kw-vag-pq35\/\"> <span class=\"screen-reader-text\">AP by KW VAG PQ35 Golf 5 i pochodne<\/span> Read More &raquo;<\/a><\/p>\n","protected":false},"featured_media":5555,"template":"","meta":[],"class_list":["post-5554","product","type-product","status-publish","has-post-thumbnail","hentry","pwb-brand-ap-sportfahrwerke","product_cat-outlet"],"brands":[{"id":62,"name":"AP Sportfahrwerke","slug":"ap-sportfahrwerke"}],"yoast_head":"<!-- This site is optimized with the Yoast SEO plugin v24.7 - https:\/\/yoast.com\/wordpress\/plugins\/seo\/ -->\n<title>AP by KW VAG PQ35 Golf 5 i pochodne - CoiloversPL<\/title>\n<meta name=\"robots\" content=\"index, follow, max-snippet:-1, max-image-preview:large, max-video-preview:-1\" \/>\n<link rel=\"canonical\" href=\"https:\/\/coilovers.pl\/index.php\/produkt\/gwintowane-ap-by-kw-vag-pq35\/\" \/>\n<meta property=\"og:locale\" content=\"pl_PL\" \/>\n<meta property=\"og:type\" content=\"article\" \/>\n<meta property=\"og:title\" content=\"AP by KW VAG PQ35 Golf 5 i pochodne - CoiloversPL\" \/>\n<meta property=\"og:description\" content=\"Zawieszenie gwintowane AP by KW Zestaw w pe\u0142ni sprawny, prosty, bez wyciek\u00f3w. Nakr\u0119tki dzia\u0142aj\u0105 bez zarzutu, spr\u0119\u017cyny nie pop\u0119kane. Pasuje do szerokiej gamy auto VAG na p\u0142ycie pod\u0142ogowej PQ35 ze zwrotnic\u0105 55mm Audi a3 8p SEAT Leon 1p Audi s3 8p SEAT Leon Cupra 1p Audi RS3 8p SEAT Leon FR 1p Audi TT 8j &hellip; AP by KW VAG PQ35 Golf 5 i pochodne Read More &raquo;\" \/>\n<meta property=\"og:url\" content=\"https:\/\/coilovers.pl\/index.php\/produkt\/gwintowane-ap-by-kw-vag-pq35\/\" \/>\n<meta property=\"og:site_name\" content=\"CoiloversPL\" \/>\n<meta property=\"article:publisher\" content=\"https:\/\/www.facebook.com\/coiloverspl\" \/>\n<meta property=\"article:modified_time\" content=\"2026-04-09T09:33:42+00:00\" \/>\n<meta property=\"og:image\" content=\"https:\/\/coilovers.pl\/wp-content\/uploads\/2026\/03\/1.jpg\" \/>\n\t<meta property=\"og:image:width\" content=\"1280\" \/>\n\t<meta property=\"og:image:height\" content=\"1280\" \/>\n\t<meta property=\"og:image:type\" content=\"image\/jpeg\" \/>\n<meta name=\"twitter:card\" content=\"summary_large_image\" \/>\n<meta name=\"twitter:label1\" content=\"Szacowany czas czytania\" \/>\n\t<meta name=\"twitter:data1\" content=\"2 minuty\" \/>\n<script type=\"application\/ld+json\" class=\"yoast-schema-graph\">{\"@context\":\"https:\/\/schema.org\",\"@graph\":[{\"@type\":\"WebPage\",\"@id\":\"https:\/\/coilovers.pl\/index.php\/produkt\/gwintowane-ap-by-kw-vag-pq35\/\",\"url\":\"https:\/\/coilovers.pl\/index.php\/produkt\/gwintowane-ap-by-kw-vag-pq35\/\",\"name\":\"AP by KW VAG PQ35 Golf 5 i pochodne - CoiloversPL\",\"isPartOf\":{\"@id\":\"https:\/\/coilovers.pl\/#website\"},\"primaryImageOfPage\":{\"@id\":\"https:\/\/coilovers.pl\/index.php\/produkt\/gwintowane-ap-by-kw-vag-pq35\/#primaryimage\"},\"image\":{\"@id\":\"https:\/\/coilovers.pl\/index.php\/produkt\/gwintowane-ap-by-kw-vag-pq35\/#primaryimage\"},\"thumbnailUrl\":\"https:\/\/coilovers.pl\/wp-content\/uploads\/2026\/03\/1.jpg\",\"datePublished\":\"2026-03-12T10:18:26+00:00\",\"dateModified\":\"2026-04-09T09:33:42+00:00\",\"breadcrumb\":{\"@id\":\"https:\/\/coilovers.pl\/index.php\/produkt\/gwintowane-ap-by-kw-vag-pq35\/#breadcrumb\"},\"inLanguage\":\"pl-PL\",\"potentialAction\":[{\"@type\":\"ReadAction\",\"target\":[\"https:\/\/coilovers.pl\/index.php\/produkt\/gwintowane-ap-by-kw-vag-pq35\/\"]}]},{\"@type\":\"ImageObject\",\"inLanguage\":\"pl-PL\",\"@id\":\"https:\/\/coilovers.pl\/index.php\/produkt\/gwintowane-ap-by-kw-vag-pq35\/#primaryimage\",\"url\":\"https:\/\/coilovers.pl\/wp-content\/uploads\/2026\/03\/1.jpg\",\"contentUrl\":\"https:\/\/coilovers.pl\/wp-content\/uploads\/2026\/03\/1.jpg\",\"width\":1280,\"height\":1280},{\"@type\":\"BreadcrumbList\",\"@id\":\"https:\/\/coilovers.pl\/index.php\/produkt\/gwintowane-ap-by-kw-vag-pq35\/#breadcrumb\",\"itemListElement\":[{\"@type\":\"ListItem\",\"position\":1,\"name\":\"Strona g\u0142\u00f3wna\",\"item\":\"https:\/\/coilovers.pl\/\"},{\"@type\":\"ListItem\",\"position\":2,\"name\":\"Sklep\",\"item\":\"https:\/\/coilovers.pl\/index.php\/sklep\/\"},{\"@type\":\"ListItem\",\"position\":3,\"name\":\"AP by KW VAG PQ35 Golf 5 i pochodne\"}]},{\"@type\":\"WebSite\",\"@id\":\"https:\/\/coilovers.pl\/#website\",\"url\":\"https:\/\/coilovers.pl\/\",\"name\":\"CoiloversPL\",\"description\":\"Zawieszenia Felgi Samochody\",\"publisher\":{\"@id\":\"https:\/\/coilovers.pl\/#organization\"},\"potentialAction\":[{\"@type\":\"SearchAction\",\"target\":{\"@type\":\"EntryPoint\",\"urlTemplate\":\"https:\/\/coilovers.pl\/?s={search_term_string}\"},\"query-input\":{\"@type\":\"PropertyValueSpecification\",\"valueRequired\":true,\"valueName\":\"search_term_string\"}}],\"inLanguage\":\"pl-PL\"},{\"@type\":\"Organization\",\"@id\":\"https:\/\/coilovers.pl\/#organization\",\"name\":\"CoiloversPL\",\"url\":\"https:\/\/coilovers.pl\/\",\"logo\":{\"@type\":\"ImageObject\",\"inLanguage\":\"pl-PL\",\"@id\":\"https:\/\/coilovers.pl\/#\/schema\/logo\/image\/\",\"url\":\"https:\/\/coilovers.pl\/wp-content\/uploads\/2021\/02\/cropped-logo.png\",\"contentUrl\":\"https:\/\/coilovers.pl\/wp-content\/uploads\/2021\/02\/cropped-logo.png\",\"width\":3039,\"height\":864,\"caption\":\"CoiloversPL\"},\"image\":{\"@id\":\"https:\/\/coilovers.pl\/#\/schema\/logo\/image\/\"},\"sameAs\":[\"https:\/\/www.facebook.com\/coiloverspl\",\"https:\/\/www.instagram.com\/coilovers_pl\/\"]}]}<\/script>\n<!-- \/ Yoast SEO plugin. -->","yoast_head_json":{"title":"AP by KW VAG PQ35 Golf 5 i pochodne - CoiloversPL","robots":{"index":"index","follow":"follow","max-snippet":"max-snippet:-1","max-image-preview":"max-image-preview:large","max-video-preview":"max-video-preview:-1"},"canonical":"https:\/\/coilovers.pl\/index.php\/produkt\/gwintowane-ap-by-kw-vag-pq35\/","og_locale":"pl_PL","og_type":"article","og_title":"AP by KW VAG PQ35 Golf 5 i pochodne - CoiloversPL","og_description":"Zawieszenie gwintowane AP by KW Zestaw w pe\u0142ni sprawny, prosty, bez wyciek\u00f3w. Nakr\u0119tki dzia\u0142aj\u0105 bez zarzutu, spr\u0119\u017cyny nie pop\u0119kane. Pasuje do szerokiej gamy auto VAG na p\u0142ycie pod\u0142ogowej PQ35 ze zwrotnic\u0105 55mm Audi a3 8p SEAT Leon 1p Audi s3 8p SEAT Leon Cupra 1p Audi RS3 8p SEAT Leon FR 1p Audi TT 8j &hellip; AP by KW VAG PQ35 Golf 5 i pochodne Read More &raquo;","og_url":"https:\/\/coilovers.pl\/index.php\/produkt\/gwintowane-ap-by-kw-vag-pq35\/","og_site_name":"CoiloversPL","article_publisher":"https:\/\/www.facebook.com\/coiloverspl","article_modified_time":"2026-04-09T09:33:42+00:00","og_image":[{"width":1280,"height":1280,"url":"https:\/\/coilovers.pl\/wp-content\/uploads\/2026\/03\/1.jpg","type":"image\/jpeg"}],"twitter_card":"summary_large_image","twitter_misc":{"Szacowany czas czytania":"2 minuty"},"schema":{"@context":"https:\/\/schema.org","@graph":[{"@type":"WebPage","@id":"https:\/\/coilovers.pl\/index.php\/produkt\/gwintowane-ap-by-kw-vag-pq35\/","url":"https:\/\/coilovers.pl\/index.php\/produkt\/gwintowane-ap-by-kw-vag-pq35\/","name":"AP by KW VAG PQ35 Golf 5 i pochodne - CoiloversPL","isPartOf":{"@id":"https:\/\/coilovers.pl\/#website"},"primaryImageOfPage":{"@id":"https:\/\/coilovers.pl\/index.php\/produkt\/gwintowane-ap-by-kw-vag-pq35\/#primaryimage"},"image":{"@id":"https:\/\/coilovers.pl\/index.php\/produkt\/gwintowane-ap-by-kw-vag-pq35\/#primaryimage"},"thumbnailUrl":"https:\/\/coilovers.pl\/wp-content\/uploads\/2026\/03\/1.jpg","datePublished":"2026-03-12T10:18:26+00:00","dateModified":"2026-04-09T09:33:42+00:00","breadcrumb":{"@id":"https:\/\/coilovers.pl\/index.php\/produkt\/gwintowane-ap-by-kw-vag-pq35\/#breadcrumb"},"inLanguage":"pl-PL","potentialAction":[{"@type":"ReadAction","target":["https:\/\/coilovers.pl\/index.php\/produkt\/gwintowane-ap-by-kw-vag-pq35\/"]}]},{"@type":"ImageObject","inLanguage":"pl-PL","@id":"https:\/\/coilovers.pl\/index.php\/produkt\/gwintowane-ap-by-kw-vag-pq35\/#primaryimage","url":"https:\/\/coilovers.pl\/wp-content\/uploads\/2026\/03\/1.jpg","contentUrl":"https:\/\/coilovers.pl\/wp-content\/uploads\/2026\/03\/1.jpg","width":1280,"height":1280},{"@type":"BreadcrumbList","@id":"https:\/\/coilovers.pl\/index.php\/produkt\/gwintowane-ap-by-kw-vag-pq35\/#breadcrumb","itemListElement":[{"@type":"ListItem","position":1,"name":"Strona g\u0142\u00f3wna","item":"https:\/\/coilovers.pl\/"},{"@type":"ListItem","position":2,"name":"Sklep","item":"https:\/\/coilovers.pl\/index.php\/sklep\/"},{"@type":"ListItem","position":3,"name":"AP by KW VAG PQ35 Golf 5 i pochodne"}]},{"@type":"WebSite","@id":"https:\/\/coilovers.pl\/#website","url":"https:\/\/coilovers.pl\/","name":"CoiloversPL","description":"Zawieszenia Felgi Samochody","publisher":{"@id":"https:\/\/coilovers.pl\/#organization"},"potentialAction":[{"@type":"SearchAction","target":{"@type":"EntryPoint","urlTemplate":"https:\/\/coilovers.pl\/?s={search_term_string}"},"query-input":{"@type":"PropertyValueSpecification","valueRequired":true,"valueName":"search_term_string"}}],"inLanguage":"pl-PL"},{"@type":"Organization","@id":"https:\/\/coilovers.pl\/#organization","name":"CoiloversPL","url":"https:\/\/coilovers.pl\/","logo":{"@type":"ImageObject","inLanguage":"pl-PL","@id":"https:\/\/coilovers.pl\/#\/schema\/logo\/image\/","url":"https:\/\/coilovers.pl\/wp-content\/uploads\/2021\/02\/cropped-logo.png","contentUrl":"https:\/\/coilovers.pl\/wp-content\/uploads\/2021\/02\/cropped-logo.png","width":3039,"height":864,"caption":"CoiloversPL"},"image":{"@id":"https:\/\/coilovers.pl\/#\/schema\/logo\/image\/"},"sameAs":["https:\/\/www.facebook.com\/coiloverspl","https:\/\/www.instagram.com\/coilovers_pl\/"]}]}},"_links":{"self":[{"href":"https:\/\/coilovers.pl\/index.php\/wp-json\/wp\/v2\/product\/5554","targetHints":{"allow":["GET"]}}],"collection":[{"href":"https:\/\/coilovers.pl\/index.php\/wp-json\/wp\/v2\/product"}],"about":[{"href":"https:\/\/coilovers.pl\/index.php\/wp-json\/wp\/v2\/types\/product"}],"wp:featuredmedia":[{"embeddable":true,"href":"https:\/\/coilovers.pl\/index.php\/wp-json\/wp\/v2\/media\/5555"}],"wp:attachment":[{"href":"https:\/\/coilovers.pl\/index.php\/wp-json\/wp\/v2\/media?parent=5554"}],"curies":[{"name":"wp","href":"https:\/\/api.w.org\/{rel}","templated":true}]}}