{"id":5501,"date":"2025-12-30T13:19:47","date_gmt":"2025-12-30T12:19:47","guid":{"rendered":"https:\/\/coilovers.pl\/?post_type=product&#038;p=5501"},"modified":"2026-01-05T15:56:16","modified_gmt":"2026-01-05T14:56:16","slug":"st-by-kw-mini-f55-f56-f57","status":"publish","type":"product","link":"https:\/\/coilovers.pl\/index.php\/produkt\/st-by-kw-mini-f55-f56-f57\/","title":{"rendered":"ST X Suspension by KW MINI F55 F56 F57"},"content":{"rendered":"<p>Zawieszenie gwintowane ST Suspension by KW<br \/>\nModel X<br \/>\nDedykowane do MINI F55 F56 F57 (by\u0107 mo\u017ce pasuje r\u00f3wnie\u017c do pokrewnych BMW)<\/p>\n<p>Zestaw w \u015bwietnym stanie. W pe\u0142ni sprawny, bez wad.<br \/>\nW komplecie papiery, klucz oraz pude\u0142ko.<\/p>\n<p>Gwarancja rozruchowa<\/p>\n","protected":false},"excerpt":{"rendered":"<p>Zawieszenie gwintowane ST Suspension by KW Model X Dedykowane do MINI F55 F56 F57 (by\u0107 mo\u017ce pasuje r\u00f3wnie\u017c do pokrewnych BMW) Zestaw w \u015bwietnym stanie. W pe\u0142ni sprawny, bez wad. W komplecie papiery, klucz oraz pude\u0142ko. Gwarancja rozruchowa<\/p>\n","protected":false},"featured_media":5502,"template":"","meta":[],"class_list":["post-5501","product","type-product","status-publish","has-post-thumbnail","hentry","pwb-brand-st-suspension","product_cat-outlet"],"brands":[{"id":88,"name":"ST Suspension","slug":"st-suspension"}],"yoast_head":"<!-- This site is optimized with the Yoast SEO plugin v24.7 - https:\/\/yoast.com\/wordpress\/plugins\/seo\/ -->\n<title>ST X Suspension by KW MINI F55 F56 F57 - CoiloversPL<\/title>\n<meta name=\"robots\" content=\"index, follow, max-snippet:-1, max-image-preview:large, max-video-preview:-1\" \/>\n<link rel=\"canonical\" href=\"https:\/\/coilovers.pl\/index.php\/produkt\/st-by-kw-mini-f55-f56-f57\/\" \/>\n<meta property=\"og:locale\" content=\"pl_PL\" \/>\n<meta property=\"og:type\" content=\"article\" \/>\n<meta property=\"og:title\" content=\"ST X Suspension by KW MINI F55 F56 F57 - CoiloversPL\" \/>\n<meta property=\"og:description\" content=\"Zawieszenie gwintowane ST Suspension by KW Model X Dedykowane do MINI F55 F56 F57 (by\u0107 mo\u017ce pasuje r\u00f3wnie\u017c do pokrewnych BMW) Zestaw w \u015bwietnym stanie. W pe\u0142ni sprawny, bez wad. W komplecie papiery, klucz oraz pude\u0142ko. Gwarancja rozruchowa\" \/>\n<meta property=\"og:url\" content=\"https:\/\/coilovers.pl\/index.php\/produkt\/st-by-kw-mini-f55-f56-f57\/\" \/>\n<meta property=\"og:site_name\" content=\"CoiloversPL\" \/>\n<meta property=\"article:publisher\" content=\"https:\/\/www.facebook.com\/coiloverspl\" \/>\n<meta property=\"article:modified_time\" content=\"2026-01-05T14:56:16+00:00\" \/>\n<meta property=\"og:image\" content=\"https:\/\/coilovers.pl\/wp-content\/uploads\/2025\/12\/1-8.jpg\" \/>\n\t<meta property=\"og:image:width\" content=\"1280\" \/>\n\t<meta property=\"og:image:height\" content=\"1280\" \/>\n\t<meta property=\"og:image:type\" content=\"image\/jpeg\" \/>\n<meta name=\"twitter:card\" content=\"summary_large_image\" \/>\n<meta name=\"twitter:label1\" content=\"Szacowany czas czytania\" \/>\n\t<meta name=\"twitter:data1\" content=\"1 minuta\" \/>\n<script type=\"application\/ld+json\" class=\"yoast-schema-graph\">{\"@context\":\"https:\/\/schema.org\",\"@graph\":[{\"@type\":\"WebPage\",\"@id\":\"https:\/\/coilovers.pl\/index.php\/produkt\/st-by-kw-mini-f55-f56-f57\/\",\"url\":\"https:\/\/coilovers.pl\/index.php\/produkt\/st-by-kw-mini-f55-f56-f57\/\",\"name\":\"ST X Suspension by KW MINI F55 F56 F57 - CoiloversPL\",\"isPartOf\":{\"@id\":\"https:\/\/coilovers.pl\/#website\"},\"primaryImageOfPage\":{\"@id\":\"https:\/\/coilovers.pl\/index.php\/produkt\/st-by-kw-mini-f55-f56-f57\/#primaryimage\"},\"image\":{\"@id\":\"https:\/\/coilovers.pl\/index.php\/produkt\/st-by-kw-mini-f55-f56-f57\/#primaryimage\"},\"thumbnailUrl\":\"https:\/\/coilovers.pl\/wp-content\/uploads\/2025\/12\/1-8.jpg\",\"datePublished\":\"2025-12-30T12:19:47+00:00\",\"dateModified\":\"2026-01-05T14:56:16+00:00\",\"breadcrumb\":{\"@id\":\"https:\/\/coilovers.pl\/index.php\/produkt\/st-by-kw-mini-f55-f56-f57\/#breadcrumb\"},\"inLanguage\":\"pl-PL\",\"potentialAction\":[{\"@type\":\"ReadAction\",\"target\":[\"https:\/\/coilovers.pl\/index.php\/produkt\/st-by-kw-mini-f55-f56-f57\/\"]}]},{\"@type\":\"ImageObject\",\"inLanguage\":\"pl-PL\",\"@id\":\"https:\/\/coilovers.pl\/index.php\/produkt\/st-by-kw-mini-f55-f56-f57\/#primaryimage\",\"url\":\"https:\/\/coilovers.pl\/wp-content\/uploads\/2025\/12\/1-8.jpg\",\"contentUrl\":\"https:\/\/coilovers.pl\/wp-content\/uploads\/2025\/12\/1-8.jpg\",\"width\":1280,\"height\":1280},{\"@type\":\"BreadcrumbList\",\"@id\":\"https:\/\/coilovers.pl\/index.php\/produkt\/st-by-kw-mini-f55-f56-f57\/#breadcrumb\",\"itemListElement\":[{\"@type\":\"ListItem\",\"position\":1,\"name\":\"Strona g\u0142\u00f3wna\",\"item\":\"https:\/\/coilovers.pl\/\"},{\"@type\":\"ListItem\",\"position\":2,\"name\":\"Sklep\",\"item\":\"https:\/\/coilovers.pl\/index.php\/sklep\/\"},{\"@type\":\"ListItem\",\"position\":3,\"name\":\"ST X Suspension by KW MINI F55 F56 F57\"}]},{\"@type\":\"WebSite\",\"@id\":\"https:\/\/coilovers.pl\/#website\",\"url\":\"https:\/\/coilovers.pl\/\",\"name\":\"CoiloversPL\",\"description\":\"Zawieszenia Felgi Samochody\",\"publisher\":{\"@id\":\"https:\/\/coilovers.pl\/#organization\"},\"potentialAction\":[{\"@type\":\"SearchAction\",\"target\":{\"@type\":\"EntryPoint\",\"urlTemplate\":\"https:\/\/coilovers.pl\/?s={search_term_string}\"},\"query-input\":{\"@type\":\"PropertyValueSpecification\",\"valueRequired\":true,\"valueName\":\"search_term_string\"}}],\"inLanguage\":\"pl-PL\"},{\"@type\":\"Organization\",\"@id\":\"https:\/\/coilovers.pl\/#organization\",\"name\":\"CoiloversPL\",\"url\":\"https:\/\/coilovers.pl\/\",\"logo\":{\"@type\":\"ImageObject\",\"inLanguage\":\"pl-PL\",\"@id\":\"https:\/\/coilovers.pl\/#\/schema\/logo\/image\/\",\"url\":\"https:\/\/coilovers.pl\/wp-content\/uploads\/2021\/02\/cropped-logo.png\",\"contentUrl\":\"https:\/\/coilovers.pl\/wp-content\/uploads\/2021\/02\/cropped-logo.png\",\"width\":3039,\"height\":864,\"caption\":\"CoiloversPL\"},\"image\":{\"@id\":\"https:\/\/coilovers.pl\/#\/schema\/logo\/image\/\"},\"sameAs\":[\"https:\/\/www.facebook.com\/coiloverspl\",\"https:\/\/www.instagram.com\/coilovers_pl\/\"]}]}<\/script>\n<!-- \/ Yoast SEO plugin. -->","yoast_head_json":{"title":"ST X Suspension by KW MINI F55 F56 F57 - CoiloversPL","robots":{"index":"index","follow":"follow","max-snippet":"max-snippet:-1","max-image-preview":"max-image-preview:large","max-video-preview":"max-video-preview:-1"},"canonical":"https:\/\/coilovers.pl\/index.php\/produkt\/st-by-kw-mini-f55-f56-f57\/","og_locale":"pl_PL","og_type":"article","og_title":"ST X Suspension by KW MINI F55 F56 F57 - CoiloversPL","og_description":"Zawieszenie gwintowane ST Suspension by KW Model X Dedykowane do MINI F55 F56 F57 (by\u0107 mo\u017ce pasuje r\u00f3wnie\u017c do pokrewnych BMW) Zestaw w \u015bwietnym stanie. W pe\u0142ni sprawny, bez wad. W komplecie papiery, klucz oraz pude\u0142ko. Gwarancja rozruchowa","og_url":"https:\/\/coilovers.pl\/index.php\/produkt\/st-by-kw-mini-f55-f56-f57\/","og_site_name":"CoiloversPL","article_publisher":"https:\/\/www.facebook.com\/coiloverspl","article_modified_time":"2026-01-05T14:56:16+00:00","og_image":[{"width":1280,"height":1280,"url":"https:\/\/coilovers.pl\/wp-content\/uploads\/2025\/12\/1-8.jpg","type":"image\/jpeg"}],"twitter_card":"summary_large_image","twitter_misc":{"Szacowany czas czytania":"1 minuta"},"schema":{"@context":"https:\/\/schema.org","@graph":[{"@type":"WebPage","@id":"https:\/\/coilovers.pl\/index.php\/produkt\/st-by-kw-mini-f55-f56-f57\/","url":"https:\/\/coilovers.pl\/index.php\/produkt\/st-by-kw-mini-f55-f56-f57\/","name":"ST X Suspension by KW MINI F55 F56 F57 - CoiloversPL","isPartOf":{"@id":"https:\/\/coilovers.pl\/#website"},"primaryImageOfPage":{"@id":"https:\/\/coilovers.pl\/index.php\/produkt\/st-by-kw-mini-f55-f56-f57\/#primaryimage"},"image":{"@id":"https:\/\/coilovers.pl\/index.php\/produkt\/st-by-kw-mini-f55-f56-f57\/#primaryimage"},"thumbnailUrl":"https:\/\/coilovers.pl\/wp-content\/uploads\/2025\/12\/1-8.jpg","datePublished":"2025-12-30T12:19:47+00:00","dateModified":"2026-01-05T14:56:16+00:00","breadcrumb":{"@id":"https:\/\/coilovers.pl\/index.php\/produkt\/st-by-kw-mini-f55-f56-f57\/#breadcrumb"},"inLanguage":"pl-PL","potentialAction":[{"@type":"ReadAction","target":["https:\/\/coilovers.pl\/index.php\/produkt\/st-by-kw-mini-f55-f56-f57\/"]}]},{"@type":"ImageObject","inLanguage":"pl-PL","@id":"https:\/\/coilovers.pl\/index.php\/produkt\/st-by-kw-mini-f55-f56-f57\/#primaryimage","url":"https:\/\/coilovers.pl\/wp-content\/uploads\/2025\/12\/1-8.jpg","contentUrl":"https:\/\/coilovers.pl\/wp-content\/uploads\/2025\/12\/1-8.jpg","width":1280,"height":1280},{"@type":"BreadcrumbList","@id":"https:\/\/coilovers.pl\/index.php\/produkt\/st-by-kw-mini-f55-f56-f57\/#breadcrumb","itemListElement":[{"@type":"ListItem","position":1,"name":"Strona g\u0142\u00f3wna","item":"https:\/\/coilovers.pl\/"},{"@type":"ListItem","position":2,"name":"Sklep","item":"https:\/\/coilovers.pl\/index.php\/sklep\/"},{"@type":"ListItem","position":3,"name":"ST X Suspension by KW MINI F55 F56 F57"}]},{"@type":"WebSite","@id":"https:\/\/coilovers.pl\/#website","url":"https:\/\/coilovers.pl\/","name":"CoiloversPL","description":"Zawieszenia Felgi Samochody","publisher":{"@id":"https:\/\/coilovers.pl\/#organization"},"potentialAction":[{"@type":"SearchAction","target":{"@type":"EntryPoint","urlTemplate":"https:\/\/coilovers.pl\/?s={search_term_string}"},"query-input":{"@type":"PropertyValueSpecification","valueRequired":true,"valueName":"search_term_string"}}],"inLanguage":"pl-PL"},{"@type":"Organization","@id":"https:\/\/coilovers.pl\/#organization","name":"CoiloversPL","url":"https:\/\/coilovers.pl\/","logo":{"@type":"ImageObject","inLanguage":"pl-PL","@id":"https:\/\/coilovers.pl\/#\/schema\/logo\/image\/","url":"https:\/\/coilovers.pl\/wp-content\/uploads\/2021\/02\/cropped-logo.png","contentUrl":"https:\/\/coilovers.pl\/wp-content\/uploads\/2021\/02\/cropped-logo.png","width":3039,"height":864,"caption":"CoiloversPL"},"image":{"@id":"https:\/\/coilovers.pl\/#\/schema\/logo\/image\/"},"sameAs":["https:\/\/www.facebook.com\/coiloverspl","https:\/\/www.instagram.com\/coilovers_pl\/"]}]}},"_links":{"self":[{"href":"https:\/\/coilovers.pl\/index.php\/wp-json\/wp\/v2\/product\/5501","targetHints":{"allow":["GET"]}}],"collection":[{"href":"https:\/\/coilovers.pl\/index.php\/wp-json\/wp\/v2\/product"}],"about":[{"href":"https:\/\/coilovers.pl\/index.php\/wp-json\/wp\/v2\/types\/product"}],"wp:featuredmedia":[{"embeddable":true,"href":"https:\/\/coilovers.pl\/index.php\/wp-json\/wp\/v2\/media\/5502"}],"wp:attachment":[{"href":"https:\/\/coilovers.pl\/index.php\/wp-json\/wp\/v2\/media?parent=5501"}],"curies":[{"name":"wp","href":"https:\/\/api.w.org\/{rel}","templated":true}]}}