{"id":5402,"date":"2025-11-21T11:21:57","date_gmt":"2025-11-21T10:21:57","guid":{"rendered":"https:\/\/coilovers.pl\/?post_type=product&#038;p=5402"},"modified":"2026-04-09T11:34:33","modified_gmt":"2026-04-09T09:34:33","slug":"lowtec-astra-zafira","status":"publish","type":"product","link":"https:\/\/coilovers.pl\/index.php\/produkt\/lowtec-astra-zafira\/","title":{"rendered":"Zawieszenie gwintowane LOWTEC Opel Astra H Zafira B"},"content":{"rendered":"<p>Zawieszenie gwintowane LOWTEC<br \/>\nDedykowane do OPEL Astra H, Zafira B<br \/>\nPara na przedni\u0105 o\u015b (Na pozosta\u0142ych og\u0142oszeniach outletowych, znajdziecie r\u00f3wnie\u017c tylne amortyzatory BILSTEIN B8)<br \/>\nSprawne, proste, bez wyciek\u00f3w. Nakr\u0119tki chodz\u0105 swobodnie, spr\u0119\u017cyny bez uszczerbk\u00f3w.<\/p>\n<p>Gwarancja rozruchowa<\/p>\n<p>&nbsp;<\/p>\n<p>&nbsp;<\/p>\n","protected":false},"excerpt":{"rendered":"<p>Zawieszenie gwintowane LOWTEC Dedykowane do OPEL Astra H, Zafira B Para na przedni\u0105 o\u015b (Na pozosta\u0142ych og\u0142oszeniach outletowych, znajdziecie r\u00f3wnie\u017c tylne amortyzatory BILSTEIN B8) Sprawne, proste, bez wyciek\u00f3w. Nakr\u0119tki chodz\u0105 swobodnie, spr\u0119\u017cyny bez uszczerbk\u00f3w. Gwarancja rozruchowa &nbsp; &nbsp;<\/p>\n","protected":false},"featured_media":5403,"template":"","meta":[],"class_list":["post-5402","product","type-product","status-publish","has-post-thumbnail","hentry","pwb-brand-lowtec","product_cat-outlet"],"brands":[{"id":92,"name":"Lowtec","slug":"lowtec"}],"yoast_head":"<!-- This site is optimized with the Yoast SEO plugin v24.7 - https:\/\/yoast.com\/wordpress\/plugins\/seo\/ -->\n<title>Zawieszenie gwintowane LOWTEC Opel Astra H Zafira B - CoiloversPL<\/title>\n<meta name=\"robots\" content=\"index, follow, max-snippet:-1, max-image-preview:large, max-video-preview:-1\" \/>\n<link rel=\"canonical\" href=\"https:\/\/coilovers.pl\/index.php\/produkt\/lowtec-astra-zafira\/\" \/>\n<meta property=\"og:locale\" content=\"pl_PL\" \/>\n<meta property=\"og:type\" content=\"article\" \/>\n<meta property=\"og:title\" content=\"Zawieszenie gwintowane LOWTEC Opel Astra H Zafira B - CoiloversPL\" \/>\n<meta property=\"og:description\" content=\"Zawieszenie gwintowane LOWTEC Dedykowane do OPEL Astra H, Zafira B Para na przedni\u0105 o\u015b (Na pozosta\u0142ych og\u0142oszeniach outletowych, znajdziecie r\u00f3wnie\u017c tylne amortyzatory BILSTEIN B8) Sprawne, proste, bez wyciek\u00f3w. Nakr\u0119tki chodz\u0105 swobodnie, spr\u0119\u017cyny bez uszczerbk\u00f3w. Gwarancja rozruchowa &nbsp; &nbsp;\" \/>\n<meta property=\"og:url\" content=\"https:\/\/coilovers.pl\/index.php\/produkt\/lowtec-astra-zafira\/\" \/>\n<meta property=\"og:site_name\" content=\"CoiloversPL\" \/>\n<meta property=\"article:publisher\" content=\"https:\/\/www.facebook.com\/coiloverspl\" \/>\n<meta property=\"article:modified_time\" content=\"2026-04-09T09:34:33+00:00\" \/>\n<meta property=\"og:image\" content=\"https:\/\/coilovers.pl\/wp-content\/uploads\/2025\/11\/1-3.jpg\" \/>\n\t<meta property=\"og:image:width\" content=\"1280\" \/>\n\t<meta property=\"og:image:height\" content=\"1280\" \/>\n\t<meta property=\"og:image:type\" content=\"image\/jpeg\" \/>\n<meta name=\"twitter:card\" content=\"summary_large_image\" \/>\n<meta name=\"twitter:label1\" content=\"Szacowany czas czytania\" \/>\n\t<meta name=\"twitter:data1\" content=\"1 minuta\" \/>\n<script type=\"application\/ld+json\" class=\"yoast-schema-graph\">{\"@context\":\"https:\/\/schema.org\",\"@graph\":[{\"@type\":\"WebPage\",\"@id\":\"https:\/\/coilovers.pl\/index.php\/produkt\/lowtec-astra-zafira\/\",\"url\":\"https:\/\/coilovers.pl\/index.php\/produkt\/lowtec-astra-zafira\/\",\"name\":\"Zawieszenie gwintowane LOWTEC Opel Astra H Zafira B - CoiloversPL\",\"isPartOf\":{\"@id\":\"https:\/\/coilovers.pl\/#website\"},\"primaryImageOfPage\":{\"@id\":\"https:\/\/coilovers.pl\/index.php\/produkt\/lowtec-astra-zafira\/#primaryimage\"},\"image\":{\"@id\":\"https:\/\/coilovers.pl\/index.php\/produkt\/lowtec-astra-zafira\/#primaryimage\"},\"thumbnailUrl\":\"https:\/\/coilovers.pl\/wp-content\/uploads\/2025\/11\/1-3.jpg\",\"datePublished\":\"2025-11-21T10:21:57+00:00\",\"dateModified\":\"2026-04-09T09:34:33+00:00\",\"breadcrumb\":{\"@id\":\"https:\/\/coilovers.pl\/index.php\/produkt\/lowtec-astra-zafira\/#breadcrumb\"},\"inLanguage\":\"pl-PL\",\"potentialAction\":[{\"@type\":\"ReadAction\",\"target\":[\"https:\/\/coilovers.pl\/index.php\/produkt\/lowtec-astra-zafira\/\"]}]},{\"@type\":\"ImageObject\",\"inLanguage\":\"pl-PL\",\"@id\":\"https:\/\/coilovers.pl\/index.php\/produkt\/lowtec-astra-zafira\/#primaryimage\",\"url\":\"https:\/\/coilovers.pl\/wp-content\/uploads\/2025\/11\/1-3.jpg\",\"contentUrl\":\"https:\/\/coilovers.pl\/wp-content\/uploads\/2025\/11\/1-3.jpg\",\"width\":1280,\"height\":1280},{\"@type\":\"BreadcrumbList\",\"@id\":\"https:\/\/coilovers.pl\/index.php\/produkt\/lowtec-astra-zafira\/#breadcrumb\",\"itemListElement\":[{\"@type\":\"ListItem\",\"position\":1,\"name\":\"Strona g\u0142\u00f3wna\",\"item\":\"https:\/\/coilovers.pl\/\"},{\"@type\":\"ListItem\",\"position\":2,\"name\":\"Sklep\",\"item\":\"https:\/\/coilovers.pl\/index.php\/sklep\/\"},{\"@type\":\"ListItem\",\"position\":3,\"name\":\"Zawieszenie gwintowane LOWTEC Opel Astra H Zafira B\"}]},{\"@type\":\"WebSite\",\"@id\":\"https:\/\/coilovers.pl\/#website\",\"url\":\"https:\/\/coilovers.pl\/\",\"name\":\"CoiloversPL\",\"description\":\"Zawieszenia Felgi Samochody\",\"publisher\":{\"@id\":\"https:\/\/coilovers.pl\/#organization\"},\"potentialAction\":[{\"@type\":\"SearchAction\",\"target\":{\"@type\":\"EntryPoint\",\"urlTemplate\":\"https:\/\/coilovers.pl\/?s={search_term_string}\"},\"query-input\":{\"@type\":\"PropertyValueSpecification\",\"valueRequired\":true,\"valueName\":\"search_term_string\"}}],\"inLanguage\":\"pl-PL\"},{\"@type\":\"Organization\",\"@id\":\"https:\/\/coilovers.pl\/#organization\",\"name\":\"CoiloversPL\",\"url\":\"https:\/\/coilovers.pl\/\",\"logo\":{\"@type\":\"ImageObject\",\"inLanguage\":\"pl-PL\",\"@id\":\"https:\/\/coilovers.pl\/#\/schema\/logo\/image\/\",\"url\":\"https:\/\/coilovers.pl\/wp-content\/uploads\/2021\/02\/cropped-logo.png\",\"contentUrl\":\"https:\/\/coilovers.pl\/wp-content\/uploads\/2021\/02\/cropped-logo.png\",\"width\":3039,\"height\":864,\"caption\":\"CoiloversPL\"},\"image\":{\"@id\":\"https:\/\/coilovers.pl\/#\/schema\/logo\/image\/\"},\"sameAs\":[\"https:\/\/www.facebook.com\/coiloverspl\",\"https:\/\/www.instagram.com\/coilovers_pl\/\"]}]}<\/script>\n<!-- \/ Yoast SEO plugin. -->","yoast_head_json":{"title":"Zawieszenie gwintowane LOWTEC Opel Astra H Zafira B - CoiloversPL","robots":{"index":"index","follow":"follow","max-snippet":"max-snippet:-1","max-image-preview":"max-image-preview:large","max-video-preview":"max-video-preview:-1"},"canonical":"https:\/\/coilovers.pl\/index.php\/produkt\/lowtec-astra-zafira\/","og_locale":"pl_PL","og_type":"article","og_title":"Zawieszenie gwintowane LOWTEC Opel Astra H Zafira B - CoiloversPL","og_description":"Zawieszenie gwintowane LOWTEC Dedykowane do OPEL Astra H, Zafira B Para na przedni\u0105 o\u015b (Na pozosta\u0142ych og\u0142oszeniach outletowych, znajdziecie r\u00f3wnie\u017c tylne amortyzatory BILSTEIN B8) Sprawne, proste, bez wyciek\u00f3w. Nakr\u0119tki chodz\u0105 swobodnie, spr\u0119\u017cyny bez uszczerbk\u00f3w. Gwarancja rozruchowa &nbsp; &nbsp;","og_url":"https:\/\/coilovers.pl\/index.php\/produkt\/lowtec-astra-zafira\/","og_site_name":"CoiloversPL","article_publisher":"https:\/\/www.facebook.com\/coiloverspl","article_modified_time":"2026-04-09T09:34:33+00:00","og_image":[{"width":1280,"height":1280,"url":"https:\/\/coilovers.pl\/wp-content\/uploads\/2025\/11\/1-3.jpg","type":"image\/jpeg"}],"twitter_card":"summary_large_image","twitter_misc":{"Szacowany czas czytania":"1 minuta"},"schema":{"@context":"https:\/\/schema.org","@graph":[{"@type":"WebPage","@id":"https:\/\/coilovers.pl\/index.php\/produkt\/lowtec-astra-zafira\/","url":"https:\/\/coilovers.pl\/index.php\/produkt\/lowtec-astra-zafira\/","name":"Zawieszenie gwintowane LOWTEC Opel Astra H Zafira B - CoiloversPL","isPartOf":{"@id":"https:\/\/coilovers.pl\/#website"},"primaryImageOfPage":{"@id":"https:\/\/coilovers.pl\/index.php\/produkt\/lowtec-astra-zafira\/#primaryimage"},"image":{"@id":"https:\/\/coilovers.pl\/index.php\/produkt\/lowtec-astra-zafira\/#primaryimage"},"thumbnailUrl":"https:\/\/coilovers.pl\/wp-content\/uploads\/2025\/11\/1-3.jpg","datePublished":"2025-11-21T10:21:57+00:00","dateModified":"2026-04-09T09:34:33+00:00","breadcrumb":{"@id":"https:\/\/coilovers.pl\/index.php\/produkt\/lowtec-astra-zafira\/#breadcrumb"},"inLanguage":"pl-PL","potentialAction":[{"@type":"ReadAction","target":["https:\/\/coilovers.pl\/index.php\/produkt\/lowtec-astra-zafira\/"]}]},{"@type":"ImageObject","inLanguage":"pl-PL","@id":"https:\/\/coilovers.pl\/index.php\/produkt\/lowtec-astra-zafira\/#primaryimage","url":"https:\/\/coilovers.pl\/wp-content\/uploads\/2025\/11\/1-3.jpg","contentUrl":"https:\/\/coilovers.pl\/wp-content\/uploads\/2025\/11\/1-3.jpg","width":1280,"height":1280},{"@type":"BreadcrumbList","@id":"https:\/\/coilovers.pl\/index.php\/produkt\/lowtec-astra-zafira\/#breadcrumb","itemListElement":[{"@type":"ListItem","position":1,"name":"Strona g\u0142\u00f3wna","item":"https:\/\/coilovers.pl\/"},{"@type":"ListItem","position":2,"name":"Sklep","item":"https:\/\/coilovers.pl\/index.php\/sklep\/"},{"@type":"ListItem","position":3,"name":"Zawieszenie gwintowane LOWTEC Opel Astra H Zafira B"}]},{"@type":"WebSite","@id":"https:\/\/coilovers.pl\/#website","url":"https:\/\/coilovers.pl\/","name":"CoiloversPL","description":"Zawieszenia Felgi Samochody","publisher":{"@id":"https:\/\/coilovers.pl\/#organization"},"potentialAction":[{"@type":"SearchAction","target":{"@type":"EntryPoint","urlTemplate":"https:\/\/coilovers.pl\/?s={search_term_string}"},"query-input":{"@type":"PropertyValueSpecification","valueRequired":true,"valueName":"search_term_string"}}],"inLanguage":"pl-PL"},{"@type":"Organization","@id":"https:\/\/coilovers.pl\/#organization","name":"CoiloversPL","url":"https:\/\/coilovers.pl\/","logo":{"@type":"ImageObject","inLanguage":"pl-PL","@id":"https:\/\/coilovers.pl\/#\/schema\/logo\/image\/","url":"https:\/\/coilovers.pl\/wp-content\/uploads\/2021\/02\/cropped-logo.png","contentUrl":"https:\/\/coilovers.pl\/wp-content\/uploads\/2021\/02\/cropped-logo.png","width":3039,"height":864,"caption":"CoiloversPL"},"image":{"@id":"https:\/\/coilovers.pl\/#\/schema\/logo\/image\/"},"sameAs":["https:\/\/www.facebook.com\/coiloverspl","https:\/\/www.instagram.com\/coilovers_pl\/"]}]}},"_links":{"self":[{"href":"https:\/\/coilovers.pl\/index.php\/wp-json\/wp\/v2\/product\/5402","targetHints":{"allow":["GET"]}}],"collection":[{"href":"https:\/\/coilovers.pl\/index.php\/wp-json\/wp\/v2\/product"}],"about":[{"href":"https:\/\/coilovers.pl\/index.php\/wp-json\/wp\/v2\/types\/product"}],"wp:featuredmedia":[{"embeddable":true,"href":"https:\/\/coilovers.pl\/index.php\/wp-json\/wp\/v2\/media\/5403"}],"wp:attachment":[{"href":"https:\/\/coilovers.pl\/index.php\/wp-json\/wp\/v2\/media?parent=5402"}],"curies":[{"name":"wp","href":"https:\/\/api.w.org\/{rel}","templated":true}]}}