{"id":5183,"date":"2025-09-11T13:40:23","date_gmt":"2025-09-11T11:40:23","guid":{"rendered":"https:\/\/coilovers.pl\/?post_type=product&#038;p=5183"},"modified":"2026-04-09T11:36:28","modified_gmt":"2026-04-09T09:36:28","slug":"fikse","status":"publish","type":"product","link":"https:\/\/coilovers.pl\/index.php\/produkt\/fikse\/","title":{"rendered":"FIKSE USA Profil 515 8&#215;18 ET35 5&#215;112 kute lekkie 3tlg."},"content":{"rendered":"<p>Komplet felg marki FIKSE USA<br \/>\nModel: Profil 515<br \/>\n8&#215;18 ET40 + do\u0142o\u017cony oryginalny dystans FIKSE 5mm co daje ET35<br \/>\n5&#215;112 osadzenie 57,1mm<br \/>\nWaga jednej sztuki 9,6kg<br \/>\nPotrzebuj\u0105 prostwania, nie s\u0105 pop\u0119kane, nie by\u0142y spawane. S\u0105 kompletne.<\/p>\n<p>Felgi kute, skr\u0119cane, trzycz\u0119sciowe.<br \/>\nKa\u017cda z cz\u0119\u015bci kuta. Rant, b\u0119den, rotor, nawet dekielek.<\/p>\n<p>Prawdopodobnie jedyny komplet w PL<br \/>\nPojedyncze komplety produkowane na zam\u00f3wienie klienta, nie kupisz w sklepie z p\u00f3\u0142ki.<\/p>\n<p>Cena nowego zestawu to ponad 25 000z\u0142 i to oczywi\u015bcie bez koszt\u00f3w transportu, c\u0142a itd.<br \/>\nWi\u0119c finalnie pewnie bli\u017cej 30 000z\u0142<\/p>\n","protected":false},"excerpt":{"rendered":"<p>Komplet felg marki FIKSE USA Model: Profil 515 8&#215;18 ET40 + do\u0142o\u017cony oryginalny dystans FIKSE 5mm co daje ET35 5&#215;112 osadzenie 57,1mm Waga jednej sztuki 9,6kg Potrzebuj\u0105 prostwania, nie s\u0105 pop\u0119kane, nie by\u0142y spawane. S\u0105 kompletne. Felgi kute, skr\u0119cane, trzycz\u0119sciowe. Ka\u017cda z cz\u0119\u015bci kuta. Rant, b\u0119den, rotor, nawet dekielek. Prawdopodobnie jedyny komplet w PL Pojedyncze &hellip;<\/p>\n<p class=\"read-more\"> <a class=\"\" href=\"https:\/\/coilovers.pl\/index.php\/produkt\/fikse\/\"> <span class=\"screen-reader-text\">FIKSE USA Profil 515 8&#215;18 ET35 5&#215;112 kute lekkie 3tlg.<\/span> Read More &raquo;<\/a><\/p>\n","protected":false},"featured_media":5185,"template":"","meta":[],"class_list":["post-5183","product","type-product","status-publish","has-post-thumbnail","hentry","product_cat-outlet"],"brands":[],"yoast_head":"<!-- This site is optimized with the Yoast SEO plugin v24.7 - https:\/\/yoast.com\/wordpress\/plugins\/seo\/ -->\n<title>FIKSE USA Profil 515 8x18 ET35 5x112 kute lekkie 3tlg. - CoiloversPL<\/title>\n<meta name=\"robots\" content=\"index, follow, max-snippet:-1, max-image-preview:large, max-video-preview:-1\" \/>\n<link rel=\"canonical\" href=\"https:\/\/coilovers.pl\/index.php\/produkt\/fikse\/\" \/>\n<meta property=\"og:locale\" content=\"pl_PL\" \/>\n<meta property=\"og:type\" content=\"article\" \/>\n<meta property=\"og:title\" content=\"FIKSE USA Profil 515 8x18 ET35 5x112 kute lekkie 3tlg. - CoiloversPL\" \/>\n<meta property=\"og:description\" content=\"Komplet felg marki FIKSE USA Model: Profil 515 8&#215;18 ET40 + do\u0142o\u017cony oryginalny dystans FIKSE 5mm co daje ET35 5&#215;112 osadzenie 57,1mm Waga jednej sztuki 9,6kg Potrzebuj\u0105 prostwania, nie s\u0105 pop\u0119kane, nie by\u0142y spawane. S\u0105 kompletne. Felgi kute, skr\u0119cane, trzycz\u0119sciowe. Ka\u017cda z cz\u0119\u015bci kuta. Rant, b\u0119den, rotor, nawet dekielek. Prawdopodobnie jedyny komplet w PL Pojedyncze &hellip; FIKSE USA Profil 515 8&#215;18 ET35 5&#215;112 kute lekkie 3tlg. Read More &raquo;\" \/>\n<meta property=\"og:url\" content=\"https:\/\/coilovers.pl\/index.php\/produkt\/fikse\/\" \/>\n<meta property=\"og:site_name\" content=\"CoiloversPL\" \/>\n<meta property=\"article:publisher\" content=\"https:\/\/www.facebook.com\/coiloverspl\" \/>\n<meta property=\"article:modified_time\" content=\"2026-04-09T09:36:28+00:00\" \/>\n<meta property=\"og:image\" content=\"https:\/\/coilovers.pl\/wp-content\/uploads\/2025\/09\/20250807_154603.jpg\" \/>\n\t<meta property=\"og:image:width\" content=\"1920\" \/>\n\t<meta property=\"og:image:height\" content=\"1920\" \/>\n\t<meta property=\"og:image:type\" content=\"image\/jpeg\" \/>\n<meta name=\"twitter:card\" content=\"summary_large_image\" \/>\n<meta name=\"twitter:label1\" content=\"Szacowany czas czytania\" \/>\n\t<meta name=\"twitter:data1\" content=\"1 minuta\" \/>\n<script type=\"application\/ld+json\" class=\"yoast-schema-graph\">{\"@context\":\"https:\/\/schema.org\",\"@graph\":[{\"@type\":\"WebPage\",\"@id\":\"https:\/\/coilovers.pl\/index.php\/produkt\/fikse\/\",\"url\":\"https:\/\/coilovers.pl\/index.php\/produkt\/fikse\/\",\"name\":\"FIKSE USA Profil 515 8x18 ET35 5x112 kute lekkie 3tlg. - CoiloversPL\",\"isPartOf\":{\"@id\":\"https:\/\/coilovers.pl\/#website\"},\"primaryImageOfPage\":{\"@id\":\"https:\/\/coilovers.pl\/index.php\/produkt\/fikse\/#primaryimage\"},\"image\":{\"@id\":\"https:\/\/coilovers.pl\/index.php\/produkt\/fikse\/#primaryimage\"},\"thumbnailUrl\":\"https:\/\/coilovers.pl\/wp-content\/uploads\/2025\/09\/20250807_154603.jpg\",\"datePublished\":\"2025-09-11T11:40:23+00:00\",\"dateModified\":\"2026-04-09T09:36:28+00:00\",\"breadcrumb\":{\"@id\":\"https:\/\/coilovers.pl\/index.php\/produkt\/fikse\/#breadcrumb\"},\"inLanguage\":\"pl-PL\",\"potentialAction\":[{\"@type\":\"ReadAction\",\"target\":[\"https:\/\/coilovers.pl\/index.php\/produkt\/fikse\/\"]}]},{\"@type\":\"ImageObject\",\"inLanguage\":\"pl-PL\",\"@id\":\"https:\/\/coilovers.pl\/index.php\/produkt\/fikse\/#primaryimage\",\"url\":\"https:\/\/coilovers.pl\/wp-content\/uploads\/2025\/09\/20250807_154603.jpg\",\"contentUrl\":\"https:\/\/coilovers.pl\/wp-content\/uploads\/2025\/09\/20250807_154603.jpg\",\"width\":1920,\"height\":1920},{\"@type\":\"BreadcrumbList\",\"@id\":\"https:\/\/coilovers.pl\/index.php\/produkt\/fikse\/#breadcrumb\",\"itemListElement\":[{\"@type\":\"ListItem\",\"position\":1,\"name\":\"Strona g\u0142\u00f3wna\",\"item\":\"https:\/\/coilovers.pl\/\"},{\"@type\":\"ListItem\",\"position\":2,\"name\":\"Sklep\",\"item\":\"https:\/\/coilovers.pl\/index.php\/sklep\/\"},{\"@type\":\"ListItem\",\"position\":3,\"name\":\"FIKSE USA Profil 515 8&#215;18 ET35 5&#215;112 kute lekkie 3tlg.\"}]},{\"@type\":\"WebSite\",\"@id\":\"https:\/\/coilovers.pl\/#website\",\"url\":\"https:\/\/coilovers.pl\/\",\"name\":\"CoiloversPL\",\"description\":\"Zawieszenia Felgi Samochody\",\"publisher\":{\"@id\":\"https:\/\/coilovers.pl\/#organization\"},\"potentialAction\":[{\"@type\":\"SearchAction\",\"target\":{\"@type\":\"EntryPoint\",\"urlTemplate\":\"https:\/\/coilovers.pl\/?s={search_term_string}\"},\"query-input\":{\"@type\":\"PropertyValueSpecification\",\"valueRequired\":true,\"valueName\":\"search_term_string\"}}],\"inLanguage\":\"pl-PL\"},{\"@type\":\"Organization\",\"@id\":\"https:\/\/coilovers.pl\/#organization\",\"name\":\"CoiloversPL\",\"url\":\"https:\/\/coilovers.pl\/\",\"logo\":{\"@type\":\"ImageObject\",\"inLanguage\":\"pl-PL\",\"@id\":\"https:\/\/coilovers.pl\/#\/schema\/logo\/image\/\",\"url\":\"https:\/\/coilovers.pl\/wp-content\/uploads\/2021\/02\/cropped-logo.png\",\"contentUrl\":\"https:\/\/coilovers.pl\/wp-content\/uploads\/2021\/02\/cropped-logo.png\",\"width\":3039,\"height\":864,\"caption\":\"CoiloversPL\"},\"image\":{\"@id\":\"https:\/\/coilovers.pl\/#\/schema\/logo\/image\/\"},\"sameAs\":[\"https:\/\/www.facebook.com\/coiloverspl\",\"https:\/\/www.instagram.com\/coilovers_pl\/\"]}]}<\/script>\n<!-- \/ Yoast SEO plugin. -->","yoast_head_json":{"title":"FIKSE USA Profil 515 8x18 ET35 5x112 kute lekkie 3tlg. - CoiloversPL","robots":{"index":"index","follow":"follow","max-snippet":"max-snippet:-1","max-image-preview":"max-image-preview:large","max-video-preview":"max-video-preview:-1"},"canonical":"https:\/\/coilovers.pl\/index.php\/produkt\/fikse\/","og_locale":"pl_PL","og_type":"article","og_title":"FIKSE USA Profil 515 8x18 ET35 5x112 kute lekkie 3tlg. - CoiloversPL","og_description":"Komplet felg marki FIKSE USA Model: Profil 515 8&#215;18 ET40 + do\u0142o\u017cony oryginalny dystans FIKSE 5mm co daje ET35 5&#215;112 osadzenie 57,1mm Waga jednej sztuki 9,6kg Potrzebuj\u0105 prostwania, nie s\u0105 pop\u0119kane, nie by\u0142y spawane. S\u0105 kompletne. Felgi kute, skr\u0119cane, trzycz\u0119sciowe. Ka\u017cda z cz\u0119\u015bci kuta. Rant, b\u0119den, rotor, nawet dekielek. Prawdopodobnie jedyny komplet w PL Pojedyncze &hellip; FIKSE USA Profil 515 8&#215;18 ET35 5&#215;112 kute lekkie 3tlg. Read More &raquo;","og_url":"https:\/\/coilovers.pl\/index.php\/produkt\/fikse\/","og_site_name":"CoiloversPL","article_publisher":"https:\/\/www.facebook.com\/coiloverspl","article_modified_time":"2026-04-09T09:36:28+00:00","og_image":[{"width":1920,"height":1920,"url":"https:\/\/coilovers.pl\/wp-content\/uploads\/2025\/09\/20250807_154603.jpg","type":"image\/jpeg"}],"twitter_card":"summary_large_image","twitter_misc":{"Szacowany czas czytania":"1 minuta"},"schema":{"@context":"https:\/\/schema.org","@graph":[{"@type":"WebPage","@id":"https:\/\/coilovers.pl\/index.php\/produkt\/fikse\/","url":"https:\/\/coilovers.pl\/index.php\/produkt\/fikse\/","name":"FIKSE USA Profil 515 8x18 ET35 5x112 kute lekkie 3tlg. - CoiloversPL","isPartOf":{"@id":"https:\/\/coilovers.pl\/#website"},"primaryImageOfPage":{"@id":"https:\/\/coilovers.pl\/index.php\/produkt\/fikse\/#primaryimage"},"image":{"@id":"https:\/\/coilovers.pl\/index.php\/produkt\/fikse\/#primaryimage"},"thumbnailUrl":"https:\/\/coilovers.pl\/wp-content\/uploads\/2025\/09\/20250807_154603.jpg","datePublished":"2025-09-11T11:40:23+00:00","dateModified":"2026-04-09T09:36:28+00:00","breadcrumb":{"@id":"https:\/\/coilovers.pl\/index.php\/produkt\/fikse\/#breadcrumb"},"inLanguage":"pl-PL","potentialAction":[{"@type":"ReadAction","target":["https:\/\/coilovers.pl\/index.php\/produkt\/fikse\/"]}]},{"@type":"ImageObject","inLanguage":"pl-PL","@id":"https:\/\/coilovers.pl\/index.php\/produkt\/fikse\/#primaryimage","url":"https:\/\/coilovers.pl\/wp-content\/uploads\/2025\/09\/20250807_154603.jpg","contentUrl":"https:\/\/coilovers.pl\/wp-content\/uploads\/2025\/09\/20250807_154603.jpg","width":1920,"height":1920},{"@type":"BreadcrumbList","@id":"https:\/\/coilovers.pl\/index.php\/produkt\/fikse\/#breadcrumb","itemListElement":[{"@type":"ListItem","position":1,"name":"Strona g\u0142\u00f3wna","item":"https:\/\/coilovers.pl\/"},{"@type":"ListItem","position":2,"name":"Sklep","item":"https:\/\/coilovers.pl\/index.php\/sklep\/"},{"@type":"ListItem","position":3,"name":"FIKSE USA Profil 515 8&#215;18 ET35 5&#215;112 kute lekkie 3tlg."}]},{"@type":"WebSite","@id":"https:\/\/coilovers.pl\/#website","url":"https:\/\/coilovers.pl\/","name":"CoiloversPL","description":"Zawieszenia Felgi Samochody","publisher":{"@id":"https:\/\/coilovers.pl\/#organization"},"potentialAction":[{"@type":"SearchAction","target":{"@type":"EntryPoint","urlTemplate":"https:\/\/coilovers.pl\/?s={search_term_string}"},"query-input":{"@type":"PropertyValueSpecification","valueRequired":true,"valueName":"search_term_string"}}],"inLanguage":"pl-PL"},{"@type":"Organization","@id":"https:\/\/coilovers.pl\/#organization","name":"CoiloversPL","url":"https:\/\/coilovers.pl\/","logo":{"@type":"ImageObject","inLanguage":"pl-PL","@id":"https:\/\/coilovers.pl\/#\/schema\/logo\/image\/","url":"https:\/\/coilovers.pl\/wp-content\/uploads\/2021\/02\/cropped-logo.png","contentUrl":"https:\/\/coilovers.pl\/wp-content\/uploads\/2021\/02\/cropped-logo.png","width":3039,"height":864,"caption":"CoiloversPL"},"image":{"@id":"https:\/\/coilovers.pl\/#\/schema\/logo\/image\/"},"sameAs":["https:\/\/www.facebook.com\/coiloverspl","https:\/\/www.instagram.com\/coilovers_pl\/"]}]}},"_links":{"self":[{"href":"https:\/\/coilovers.pl\/index.php\/wp-json\/wp\/v2\/product\/5183","targetHints":{"allow":["GET"]}}],"collection":[{"href":"https:\/\/coilovers.pl\/index.php\/wp-json\/wp\/v2\/product"}],"about":[{"href":"https:\/\/coilovers.pl\/index.php\/wp-json\/wp\/v2\/types\/product"}],"wp:featuredmedia":[{"embeddable":true,"href":"https:\/\/coilovers.pl\/index.php\/wp-json\/wp\/v2\/media\/5185"}],"wp:attachment":[{"href":"https:\/\/coilovers.pl\/index.php\/wp-json\/wp\/v2\/media?parent=5183"}],"curies":[{"name":"wp","href":"https:\/\/api.w.org\/{rel}","templated":true}]}}