{"id":5102,"date":"2024-10-03T18:27:23","date_gmt":"2024-10-03T16:27:23","guid":{"rendered":"https:\/\/coilovers.pl\/?post_type=product&#038;p=5102"},"modified":"2024-10-07T10:06:47","modified_gmt":"2024-10-07T08:06:47","slug":"konig-mrk1-17-19-flowformed","status":"publish","type":"product","link":"https:\/\/coilovers.pl\/index.php\/produkt\/konig-mrk1-17-19-flowformed\/","title":{"rendered":"KONIG MRK1 17&#8243;-19&#8243; FlowFormed"},"content":{"rendered":"<p>Model\u00a0 \u00a0 \u00a0 \u00a0 \u00a0 \u00a0 \u00a0 \u00a0 \u00a0 \u00a0 \u00a0 \u00a0 \u00a0 \u00a0 \u00a0 \u00a0 \u015arednica\u00a0 \u00a0 \u00a0 \u00a0 Szroko\u015b\u0107\u00a0 \u00a0 \u00a0 \u00a0 \u00a0 \u00a0 PCD\u00a0 \u00a0 \u00a0 \u00a0 \u00a0 \u00a0 \u00a0 \u00a0 \u00a0 \u00a0 \u00a0 Centrowanie\u00a0 \u00a0ET\u00a0 \u00a0 \u00a0 \u00a0 \u00a0 \u00a0 \u00a0 \u00a0 \u00a0 \u00a0 \u00a0 \u00a0 \u00a0 \u00a0 \u00a0 \u00a0 \u00a0 \u00a0 \u00a0 \u00a0 \u00a0 \u00a0 \u00a0 \u00a0 \u00a0 \u00a0 \u00a0 \u00a0 \u00a0Kolor\u00a0 \u00a0 \u00a0 \u00a0 \u00a0 \u00a0 \u00a0 \u00a0 \u00a0 \u00a0 \u00a0 \u00a0 \u00a0 \u00a0 \u00a0 \u00a0 \u00a0 \u00a0 \u00a0 \u00a0 \u00a0 \u00a0 \u00a0 \u00a0 \u00a0Waga (kg)<\/p>\n<table dir=\"ltr\" style=\"height: 745px;\" border=\"1\" width=\"1364\" cellspacing=\"0\" cellpadding=\"0\" data-sheets-root=\"1\" data-sheets-baot=\"1\">\n<colgroup>\n<col width=\"90\" \/>\n<col width=\"53\" \/>\n<col width=\"67\" \/>\n<col width=\"77\" \/>\n<col width=\"40\" \/>\n<col width=\"155\" \/>\n<col width=\"143\" \/>\n<col width=\"183\" \/><\/colgroup>\n<tbody>\n<tr>\n<td>MKN9514406<\/td>\n<td>19<\/td>\n<td>9.5<\/td>\n<td>5&#215;114.3<\/td>\n<td>73,1<\/td>\n<td>40<\/td>\n<td>Hyper Carbon<\/td>\n<td>10.9<\/td>\n<\/tr>\n<tr>\n<td>MKN9512326<\/td>\n<td>19<\/td>\n<td>9.5<\/td>\n<td>5&#215;112<\/td>\n<td>66,66<\/td>\n<td>32<\/td>\n<td>Hyper Carbon<\/td>\n<td>11.0<\/td>\n<\/tr>\n<tr>\n<td>MKN9520356<\/td>\n<td>19<\/td>\n<td>9,5<\/td>\n<td>5&#215;120<\/td>\n<td>72,56<\/td>\n<td>35<\/td>\n<td>Hyper Carbon<\/td>\n<td>10.9<\/td>\n<\/tr>\n<tr>\n<td>MK99512426<\/td>\n<td>19<\/td>\n<td>9<\/td>\n<td>5&#215;112<\/td>\n<td>66,66<\/td>\n<td>42<\/td>\n<td>Hyper Carbon<\/td>\n<td>10.7<\/td>\n<\/tr>\n<tr>\n<td>MK89514326<\/td>\n<td>19<\/td>\n<td>8.5<\/td>\n<td>5&#215;114.3<\/td>\n<td>73,1<\/td>\n<td>32<\/td>\n<td>Hyper Carbon<\/td>\n<td>10.7<\/td>\n<\/tr>\n<tr>\n<td>MK89512426<\/td>\n<td>19<\/td>\n<td>8.5<\/td>\n<td>5&#215;112<\/td>\n<td>66,66<\/td>\n<td>42<\/td>\n<td>Hyper Carbon<\/td>\n<td>10.5<\/td>\n<\/tr>\n<tr>\n<td>MK89512326<\/td>\n<td>19<\/td>\n<td>8.5<\/td>\n<td>5&#215;112<\/td>\n<td>66,66<\/td>\n<td>32<\/td>\n<td>Hyper Carbon<\/td>\n<td>10.7<\/td>\n<\/tr>\n<tr>\n<td>MKN8520356<\/td>\n<td>18<\/td>\n<td>9.5<\/td>\n<td>5&#215;120<\/td>\n<td>72,56<\/td>\n<td>35<\/td>\n<td>Hyper Carbon<\/td>\n<td>10.1<\/td>\n<\/tr>\n<tr>\n<td>MK88520326<\/td>\n<td>18<\/td>\n<td>8.5<\/td>\n<td>5&#215;120<\/td>\n<td>72,56<\/td>\n<td>32<\/td>\n<td>Hyper Carbon<\/td>\n<td>10.3<\/td>\n<\/tr>\n<tr>\n<td>MK88514436<\/td>\n<td>18<\/td>\n<td>8.5<\/td>\n<td>5&#215;114.3<\/td>\n<td>73,1<\/td>\n<td>43<\/td>\n<td>Hyper Carbon<\/td>\n<td>10.1<\/td>\n<\/tr>\n<tr>\n<td>MK88514356<\/td>\n<td>18<\/td>\n<td>8.5<\/td>\n<td>5&#215;114.3<\/td>\n<td>73,1<\/td>\n<td>35<\/td>\n<td>Hyper Carbon<\/td>\n<td>10.2<\/td>\n<\/tr>\n<tr>\n<td>MK88512426<\/td>\n<td>18<\/td>\n<td>8.5<\/td>\n<td>5&#215;112<\/td>\n<td>66,66<\/td>\n<td>42<\/td>\n<td>Hyper Carbon<\/td>\n<td>10.3<\/td>\n<\/tr>\n<tr>\n<td>MK88512326<\/td>\n<td>18<\/td>\n<td>8.5<\/td>\n<td>5&#215;112<\/td>\n<td>66,66<\/td>\n<td>32<\/td>\n<td>Hyper Carbon<\/td>\n<td>10.3<\/td>\n<\/tr>\n<tr>\n<td>MK88508426<\/td>\n<td>18<\/td>\n<td>8.5<\/td>\n<td>5&#215;108<\/td>\n<td>73,1<\/td>\n<td>42<\/td>\n<td>Hyper Carbon<\/td>\n<td>10.3<\/td>\n<\/tr>\n<tr>\n<td>MK87514406<\/td>\n<td>17<\/td>\n<td>8<\/td>\n<td>5&#215;114.3<\/td>\n<td>73,1<\/td>\n<td>40<\/td>\n<td>Hyper Carbon<\/td>\n<td>9.2<\/td>\n<\/tr>\n<tr>\n<td>MK87100406<\/td>\n<td>17<\/td>\n<td>8<\/td>\n<td>4&#215;100<\/td>\n<td>73,1<\/td>\n<td>40<\/td>\n<td>Hyper Carbon<\/td>\n<td>9.2<\/td>\n<\/tr>\n<\/tbody>\n<\/table>\n","protected":false},"excerpt":{"rendered":"<p>Cena za sztuk\u0119.<br \/>\nPodane ceny zawieraj\u0105 VAT 23%<br \/>\nPrzed z\u0142o\u017ceniem zam\u00f3wienia prosimy o kontakt w celu ustalenia szczeg\u00f3\u0142\u00f3w.<\/p>\n","protected":false},"featured_media":5106,"template":"","meta":[],"class_list":["post-5102","product","type-product","status-publish","has-post-thumbnail","hentry","pwb-brand-konig","product_cat-mrk1","product_shipping_class-felgi"],"brands":[{"id":953,"name":"KONIG","slug":"konig"}],"yoast_head":"<!-- This site is optimized with the Yoast SEO plugin v24.7 - https:\/\/yoast.com\/wordpress\/plugins\/seo\/ -->\n<title>KONIG MRK1 17&quot;-19&quot; FlowFormed - CoiloversPL<\/title>\n<meta name=\"robots\" content=\"index, follow, max-snippet:-1, max-image-preview:large, max-video-preview:-1\" \/>\n<link rel=\"canonical\" href=\"https:\/\/coilovers.pl\/index.php\/produkt\/konig-mrk1-17-19-flowformed\/\" \/>\n<meta property=\"og:locale\" content=\"pl_PL\" \/>\n<meta property=\"og:type\" content=\"article\" \/>\n<meta property=\"og:title\" content=\"KONIG MRK1 17&quot;-19&quot; FlowFormed - CoiloversPL\" \/>\n<meta property=\"og:description\" content=\"Cena za sztuk\u0119. Podane ceny zawieraj\u0105 VAT 23% Przed z\u0142o\u017ceniem zam\u00f3wienia prosimy o kontakt w celu ustalenia szczeg\u00f3\u0142\u00f3w.\" \/>\n<meta property=\"og:url\" content=\"https:\/\/coilovers.pl\/index.php\/produkt\/konig-mrk1-17-19-flowformed\/\" \/>\n<meta property=\"og:site_name\" content=\"CoiloversPL\" \/>\n<meta property=\"article:publisher\" content=\"https:\/\/www.facebook.com\/coiloverspl\" \/>\n<meta property=\"article:modified_time\" content=\"2024-10-07T08:06:47+00:00\" \/>\n<meta property=\"og:image\" content=\"https:\/\/coilovers.pl\/wp-content\/uploads\/2024\/10\/mrk1shadow-1-1.webp\" \/>\n\t<meta property=\"og:image:width\" content=\"1000\" \/>\n\t<meta property=\"og:image:height\" content=\"1000\" \/>\n\t<meta property=\"og:image:type\" content=\"image\/webp\" \/>\n<meta name=\"twitter:card\" content=\"summary_large_image\" \/>\n<script type=\"application\/ld+json\" class=\"yoast-schema-graph\">{\"@context\":\"https:\/\/schema.org\",\"@graph\":[{\"@type\":\"WebPage\",\"@id\":\"https:\/\/coilovers.pl\/index.php\/produkt\/konig-mrk1-17-19-flowformed\/\",\"url\":\"https:\/\/coilovers.pl\/index.php\/produkt\/konig-mrk1-17-19-flowformed\/\",\"name\":\"KONIG MRK1 17\\\"-19\\\" FlowFormed - CoiloversPL\",\"isPartOf\":{\"@id\":\"https:\/\/coilovers.pl\/#website\"},\"primaryImageOfPage\":{\"@id\":\"https:\/\/coilovers.pl\/index.php\/produkt\/konig-mrk1-17-19-flowformed\/#primaryimage\"},\"image\":{\"@id\":\"https:\/\/coilovers.pl\/index.php\/produkt\/konig-mrk1-17-19-flowformed\/#primaryimage\"},\"thumbnailUrl\":\"https:\/\/coilovers.pl\/wp-content\/uploads\/2024\/10\/mrk1shadow-1-1.webp\",\"datePublished\":\"2024-10-03T16:27:23+00:00\",\"dateModified\":\"2024-10-07T08:06:47+00:00\",\"breadcrumb\":{\"@id\":\"https:\/\/coilovers.pl\/index.php\/produkt\/konig-mrk1-17-19-flowformed\/#breadcrumb\"},\"inLanguage\":\"pl-PL\",\"potentialAction\":[{\"@type\":\"ReadAction\",\"target\":[\"https:\/\/coilovers.pl\/index.php\/produkt\/konig-mrk1-17-19-flowformed\/\"]}]},{\"@type\":\"ImageObject\",\"inLanguage\":\"pl-PL\",\"@id\":\"https:\/\/coilovers.pl\/index.php\/produkt\/konig-mrk1-17-19-flowformed\/#primaryimage\",\"url\":\"https:\/\/coilovers.pl\/wp-content\/uploads\/2024\/10\/mrk1shadow-1-1.webp\",\"contentUrl\":\"https:\/\/coilovers.pl\/wp-content\/uploads\/2024\/10\/mrk1shadow-1-1.webp\",\"width\":1000,\"height\":1000},{\"@type\":\"BreadcrumbList\",\"@id\":\"https:\/\/coilovers.pl\/index.php\/produkt\/konig-mrk1-17-19-flowformed\/#breadcrumb\",\"itemListElement\":[{\"@type\":\"ListItem\",\"position\":1,\"name\":\"Strona g\u0142\u00f3wna\",\"item\":\"https:\/\/coilovers.pl\/\"},{\"@type\":\"ListItem\",\"position\":2,\"name\":\"Sklep\",\"item\":\"https:\/\/coilovers.pl\/index.php\/sklep\/\"},{\"@type\":\"ListItem\",\"position\":3,\"name\":\"KONIG MRK1 17&#8243;-19&#8243; FlowFormed\"}]},{\"@type\":\"WebSite\",\"@id\":\"https:\/\/coilovers.pl\/#website\",\"url\":\"https:\/\/coilovers.pl\/\",\"name\":\"CoiloversPL\",\"description\":\"Zawieszenia Felgi Samochody\",\"publisher\":{\"@id\":\"https:\/\/coilovers.pl\/#organization\"},\"potentialAction\":[{\"@type\":\"SearchAction\",\"target\":{\"@type\":\"EntryPoint\",\"urlTemplate\":\"https:\/\/coilovers.pl\/?s={search_term_string}\"},\"query-input\":{\"@type\":\"PropertyValueSpecification\",\"valueRequired\":true,\"valueName\":\"search_term_string\"}}],\"inLanguage\":\"pl-PL\"},{\"@type\":\"Organization\",\"@id\":\"https:\/\/coilovers.pl\/#organization\",\"name\":\"CoiloversPL\",\"url\":\"https:\/\/coilovers.pl\/\",\"logo\":{\"@type\":\"ImageObject\",\"inLanguage\":\"pl-PL\",\"@id\":\"https:\/\/coilovers.pl\/#\/schema\/logo\/image\/\",\"url\":\"https:\/\/coilovers.pl\/wp-content\/uploads\/2021\/02\/cropped-logo.png\",\"contentUrl\":\"https:\/\/coilovers.pl\/wp-content\/uploads\/2021\/02\/cropped-logo.png\",\"width\":3039,\"height\":864,\"caption\":\"CoiloversPL\"},\"image\":{\"@id\":\"https:\/\/coilovers.pl\/#\/schema\/logo\/image\/\"},\"sameAs\":[\"https:\/\/www.facebook.com\/coiloverspl\",\"https:\/\/www.instagram.com\/coilovers_pl\/\"]}]}<\/script>\n<!-- \/ Yoast SEO plugin. -->","yoast_head_json":{"title":"KONIG MRK1 17\"-19\" FlowFormed - CoiloversPL","robots":{"index":"index","follow":"follow","max-snippet":"max-snippet:-1","max-image-preview":"max-image-preview:large","max-video-preview":"max-video-preview:-1"},"canonical":"https:\/\/coilovers.pl\/index.php\/produkt\/konig-mrk1-17-19-flowformed\/","og_locale":"pl_PL","og_type":"article","og_title":"KONIG MRK1 17\"-19\" FlowFormed - CoiloversPL","og_description":"Cena za sztuk\u0119. Podane ceny zawieraj\u0105 VAT 23% Przed z\u0142o\u017ceniem zam\u00f3wienia prosimy o kontakt w celu ustalenia szczeg\u00f3\u0142\u00f3w.","og_url":"https:\/\/coilovers.pl\/index.php\/produkt\/konig-mrk1-17-19-flowformed\/","og_site_name":"CoiloversPL","article_publisher":"https:\/\/www.facebook.com\/coiloverspl","article_modified_time":"2024-10-07T08:06:47+00:00","og_image":[{"width":1000,"height":1000,"url":"https:\/\/coilovers.pl\/wp-content\/uploads\/2024\/10\/mrk1shadow-1-1.webp","type":"image\/webp"}],"twitter_card":"summary_large_image","schema":{"@context":"https:\/\/schema.org","@graph":[{"@type":"WebPage","@id":"https:\/\/coilovers.pl\/index.php\/produkt\/konig-mrk1-17-19-flowformed\/","url":"https:\/\/coilovers.pl\/index.php\/produkt\/konig-mrk1-17-19-flowformed\/","name":"KONIG MRK1 17\"-19\" FlowFormed - CoiloversPL","isPartOf":{"@id":"https:\/\/coilovers.pl\/#website"},"primaryImageOfPage":{"@id":"https:\/\/coilovers.pl\/index.php\/produkt\/konig-mrk1-17-19-flowformed\/#primaryimage"},"image":{"@id":"https:\/\/coilovers.pl\/index.php\/produkt\/konig-mrk1-17-19-flowformed\/#primaryimage"},"thumbnailUrl":"https:\/\/coilovers.pl\/wp-content\/uploads\/2024\/10\/mrk1shadow-1-1.webp","datePublished":"2024-10-03T16:27:23+00:00","dateModified":"2024-10-07T08:06:47+00:00","breadcrumb":{"@id":"https:\/\/coilovers.pl\/index.php\/produkt\/konig-mrk1-17-19-flowformed\/#breadcrumb"},"inLanguage":"pl-PL","potentialAction":[{"@type":"ReadAction","target":["https:\/\/coilovers.pl\/index.php\/produkt\/konig-mrk1-17-19-flowformed\/"]}]},{"@type":"ImageObject","inLanguage":"pl-PL","@id":"https:\/\/coilovers.pl\/index.php\/produkt\/konig-mrk1-17-19-flowformed\/#primaryimage","url":"https:\/\/coilovers.pl\/wp-content\/uploads\/2024\/10\/mrk1shadow-1-1.webp","contentUrl":"https:\/\/coilovers.pl\/wp-content\/uploads\/2024\/10\/mrk1shadow-1-1.webp","width":1000,"height":1000},{"@type":"BreadcrumbList","@id":"https:\/\/coilovers.pl\/index.php\/produkt\/konig-mrk1-17-19-flowformed\/#breadcrumb","itemListElement":[{"@type":"ListItem","position":1,"name":"Strona g\u0142\u00f3wna","item":"https:\/\/coilovers.pl\/"},{"@type":"ListItem","position":2,"name":"Sklep","item":"https:\/\/coilovers.pl\/index.php\/sklep\/"},{"@type":"ListItem","position":3,"name":"KONIG MRK1 17&#8243;-19&#8243; FlowFormed"}]},{"@type":"WebSite","@id":"https:\/\/coilovers.pl\/#website","url":"https:\/\/coilovers.pl\/","name":"CoiloversPL","description":"Zawieszenia Felgi Samochody","publisher":{"@id":"https:\/\/coilovers.pl\/#organization"},"potentialAction":[{"@type":"SearchAction","target":{"@type":"EntryPoint","urlTemplate":"https:\/\/coilovers.pl\/?s={search_term_string}"},"query-input":{"@type":"PropertyValueSpecification","valueRequired":true,"valueName":"search_term_string"}}],"inLanguage":"pl-PL"},{"@type":"Organization","@id":"https:\/\/coilovers.pl\/#organization","name":"CoiloversPL","url":"https:\/\/coilovers.pl\/","logo":{"@type":"ImageObject","inLanguage":"pl-PL","@id":"https:\/\/coilovers.pl\/#\/schema\/logo\/image\/","url":"https:\/\/coilovers.pl\/wp-content\/uploads\/2021\/02\/cropped-logo.png","contentUrl":"https:\/\/coilovers.pl\/wp-content\/uploads\/2021\/02\/cropped-logo.png","width":3039,"height":864,"caption":"CoiloversPL"},"image":{"@id":"https:\/\/coilovers.pl\/#\/schema\/logo\/image\/"},"sameAs":["https:\/\/www.facebook.com\/coiloverspl","https:\/\/www.instagram.com\/coilovers_pl\/"]}]}},"_links":{"self":[{"href":"https:\/\/coilovers.pl\/index.php\/wp-json\/wp\/v2\/product\/5102","targetHints":{"allow":["GET"]}}],"collection":[{"href":"https:\/\/coilovers.pl\/index.php\/wp-json\/wp\/v2\/product"}],"about":[{"href":"https:\/\/coilovers.pl\/index.php\/wp-json\/wp\/v2\/types\/product"}],"wp:featuredmedia":[{"embeddable":true,"href":"https:\/\/coilovers.pl\/index.php\/wp-json\/wp\/v2\/media\/5106"}],"wp:attachment":[{"href":"https:\/\/coilovers.pl\/index.php\/wp-json\/wp\/v2\/media?parent=5102"}],"curies":[{"name":"wp","href":"https:\/\/api.w.org\/{rel}","templated":true}]}}