{"id":5078,"date":"2024-05-23T08:37:52","date_gmt":"2024-05-23T06:37:52","guid":{"rendered":"https:\/\/coilovers.pl\/?post_type=product&#038;p=5078"},"modified":"2024-05-23T08:37:52","modified_gmt":"2024-05-23T06:37:52","slug":"pierscien-centrujacy-731-541mm","status":"publish","type":"product","link":"https:\/\/coilovers.pl\/index.php\/produkt\/pierscien-centrujacy-731-541mm\/","title":{"rendered":"Pier\u015bcie\u0144 centruj\u0105cy 73,1-54,1mm"},"content":{"rendered":"<p>Pier\u015bcie\u0144 centruj\u0105cy plastik<br \/>\n73,1-54,1mm<br \/>\n<strong>Minimalna ilo\u015bc zamawianych sztuk: 2<\/strong><\/p>\n","protected":false},"excerpt":{"rendered":"<p>Pier\u015bcie\u0144 centruj\u0105cy plastik 73,1-54,1mm Minimalna ilo\u015bc zamawianych sztuk: 2<\/p>\n","protected":false},"featured_media":5077,"template":"","meta":[],"class_list":["post-5078","product","type-product","status-publish","has-post-thumbnail","hentry","pwb-brand-konig","product_cat-pierscienie-centrujace"],"brands":[{"id":953,"name":"KONIG","slug":"konig"}],"yoast_head":"<!-- This site is optimized with the Yoast SEO plugin v24.7 - https:\/\/yoast.com\/wordpress\/plugins\/seo\/ -->\n<title>Pier\u015bcie\u0144 centruj\u0105cy 73,1-54,1mm - CoiloversPL<\/title>\n<meta name=\"robots\" content=\"index, follow, max-snippet:-1, max-image-preview:large, max-video-preview:-1\" \/>\n<link rel=\"canonical\" href=\"https:\/\/coilovers.pl\/index.php\/produkt\/pierscien-centrujacy-731-541mm\/\" \/>\n<meta property=\"og:locale\" content=\"pl_PL\" \/>\n<meta property=\"og:type\" content=\"article\" \/>\n<meta property=\"og:title\" content=\"Pier\u015bcie\u0144 centruj\u0105cy 73,1-54,1mm - CoiloversPL\" \/>\n<meta property=\"og:description\" content=\"Pier\u015bcie\u0144 centruj\u0105cy plastik 73,1-54,1mm Minimalna ilo\u015bc zamawianych sztuk: 2\" \/>\n<meta property=\"og:url\" content=\"https:\/\/coilovers.pl\/index.php\/produkt\/pierscien-centrujacy-731-541mm\/\" \/>\n<meta property=\"og:site_name\" content=\"CoiloversPL\" \/>\n<meta property=\"article:publisher\" content=\"https:\/\/www.facebook.com\/coiloverspl\" \/>\n<meta property=\"og:image\" content=\"https:\/\/coilovers.pl\/wp-content\/uploads\/2024\/05\/hub-centric.jpg\" \/>\n\t<meta property=\"og:image:width\" content=\"900\" \/>\n\t<meta property=\"og:image:height\" content=\"675\" \/>\n\t<meta property=\"og:image:type\" content=\"image\/jpeg\" \/>\n<meta name=\"twitter:card\" content=\"summary_large_image\" \/>\n<script type=\"application\/ld+json\" class=\"yoast-schema-graph\">{\"@context\":\"https:\/\/schema.org\",\"@graph\":[{\"@type\":\"WebPage\",\"@id\":\"https:\/\/coilovers.pl\/index.php\/produkt\/pierscien-centrujacy-731-541mm\/\",\"url\":\"https:\/\/coilovers.pl\/index.php\/produkt\/pierscien-centrujacy-731-541mm\/\",\"name\":\"Pier\u015bcie\u0144 centruj\u0105cy 73,1-54,1mm - CoiloversPL\",\"isPartOf\":{\"@id\":\"https:\/\/coilovers.pl\/#website\"},\"primaryImageOfPage\":{\"@id\":\"https:\/\/coilovers.pl\/index.php\/produkt\/pierscien-centrujacy-731-541mm\/#primaryimage\"},\"image\":{\"@id\":\"https:\/\/coilovers.pl\/index.php\/produkt\/pierscien-centrujacy-731-541mm\/#primaryimage\"},\"thumbnailUrl\":\"https:\/\/coilovers.pl\/wp-content\/uploads\/2024\/05\/hub-centric.jpg\",\"datePublished\":\"2024-05-23T06:37:52+00:00\",\"breadcrumb\":{\"@id\":\"https:\/\/coilovers.pl\/index.php\/produkt\/pierscien-centrujacy-731-541mm\/#breadcrumb\"},\"inLanguage\":\"pl-PL\",\"potentialAction\":[{\"@type\":\"ReadAction\",\"target\":[\"https:\/\/coilovers.pl\/index.php\/produkt\/pierscien-centrujacy-731-541mm\/\"]}]},{\"@type\":\"ImageObject\",\"inLanguage\":\"pl-PL\",\"@id\":\"https:\/\/coilovers.pl\/index.php\/produkt\/pierscien-centrujacy-731-541mm\/#primaryimage\",\"url\":\"https:\/\/coilovers.pl\/wp-content\/uploads\/2024\/05\/hub-centric.jpg\",\"contentUrl\":\"https:\/\/coilovers.pl\/wp-content\/uploads\/2024\/05\/hub-centric.jpg\",\"width\":900,\"height\":675},{\"@type\":\"BreadcrumbList\",\"@id\":\"https:\/\/coilovers.pl\/index.php\/produkt\/pierscien-centrujacy-731-541mm\/#breadcrumb\",\"itemListElement\":[{\"@type\":\"ListItem\",\"position\":1,\"name\":\"Strona g\u0142\u00f3wna\",\"item\":\"https:\/\/coilovers.pl\/\"},{\"@type\":\"ListItem\",\"position\":2,\"name\":\"Sklep\",\"item\":\"https:\/\/coilovers.pl\/index.php\/sklep\/\"},{\"@type\":\"ListItem\",\"position\":3,\"name\":\"Pier\u015bcie\u0144 centruj\u0105cy 73,1-54,1mm\"}]},{\"@type\":\"WebSite\",\"@id\":\"https:\/\/coilovers.pl\/#website\",\"url\":\"https:\/\/coilovers.pl\/\",\"name\":\"CoiloversPL\",\"description\":\"Zawieszenia Felgi Samochody\",\"publisher\":{\"@id\":\"https:\/\/coilovers.pl\/#organization\"},\"potentialAction\":[{\"@type\":\"SearchAction\",\"target\":{\"@type\":\"EntryPoint\",\"urlTemplate\":\"https:\/\/coilovers.pl\/?s={search_term_string}\"},\"query-input\":{\"@type\":\"PropertyValueSpecification\",\"valueRequired\":true,\"valueName\":\"search_term_string\"}}],\"inLanguage\":\"pl-PL\"},{\"@type\":\"Organization\",\"@id\":\"https:\/\/coilovers.pl\/#organization\",\"name\":\"CoiloversPL\",\"url\":\"https:\/\/coilovers.pl\/\",\"logo\":{\"@type\":\"ImageObject\",\"inLanguage\":\"pl-PL\",\"@id\":\"https:\/\/coilovers.pl\/#\/schema\/logo\/image\/\",\"url\":\"https:\/\/coilovers.pl\/wp-content\/uploads\/2021\/02\/cropped-logo.png\",\"contentUrl\":\"https:\/\/coilovers.pl\/wp-content\/uploads\/2021\/02\/cropped-logo.png\",\"width\":3039,\"height\":864,\"caption\":\"CoiloversPL\"},\"image\":{\"@id\":\"https:\/\/coilovers.pl\/#\/schema\/logo\/image\/\"},\"sameAs\":[\"https:\/\/www.facebook.com\/coiloverspl\",\"https:\/\/www.instagram.com\/coilovers_pl\/\"]}]}<\/script>\n<!-- \/ Yoast SEO plugin. -->","yoast_head_json":{"title":"Pier\u015bcie\u0144 centruj\u0105cy 73,1-54,1mm - CoiloversPL","robots":{"index":"index","follow":"follow","max-snippet":"max-snippet:-1","max-image-preview":"max-image-preview:large","max-video-preview":"max-video-preview:-1"},"canonical":"https:\/\/coilovers.pl\/index.php\/produkt\/pierscien-centrujacy-731-541mm\/","og_locale":"pl_PL","og_type":"article","og_title":"Pier\u015bcie\u0144 centruj\u0105cy 73,1-54,1mm - CoiloversPL","og_description":"Pier\u015bcie\u0144 centruj\u0105cy plastik 73,1-54,1mm Minimalna ilo\u015bc zamawianych sztuk: 2","og_url":"https:\/\/coilovers.pl\/index.php\/produkt\/pierscien-centrujacy-731-541mm\/","og_site_name":"CoiloversPL","article_publisher":"https:\/\/www.facebook.com\/coiloverspl","og_image":[{"width":900,"height":675,"url":"https:\/\/coilovers.pl\/wp-content\/uploads\/2024\/05\/hub-centric.jpg","type":"image\/jpeg"}],"twitter_card":"summary_large_image","schema":{"@context":"https:\/\/schema.org","@graph":[{"@type":"WebPage","@id":"https:\/\/coilovers.pl\/index.php\/produkt\/pierscien-centrujacy-731-541mm\/","url":"https:\/\/coilovers.pl\/index.php\/produkt\/pierscien-centrujacy-731-541mm\/","name":"Pier\u015bcie\u0144 centruj\u0105cy 73,1-54,1mm - CoiloversPL","isPartOf":{"@id":"https:\/\/coilovers.pl\/#website"},"primaryImageOfPage":{"@id":"https:\/\/coilovers.pl\/index.php\/produkt\/pierscien-centrujacy-731-541mm\/#primaryimage"},"image":{"@id":"https:\/\/coilovers.pl\/index.php\/produkt\/pierscien-centrujacy-731-541mm\/#primaryimage"},"thumbnailUrl":"https:\/\/coilovers.pl\/wp-content\/uploads\/2024\/05\/hub-centric.jpg","datePublished":"2024-05-23T06:37:52+00:00","breadcrumb":{"@id":"https:\/\/coilovers.pl\/index.php\/produkt\/pierscien-centrujacy-731-541mm\/#breadcrumb"},"inLanguage":"pl-PL","potentialAction":[{"@type":"ReadAction","target":["https:\/\/coilovers.pl\/index.php\/produkt\/pierscien-centrujacy-731-541mm\/"]}]},{"@type":"ImageObject","inLanguage":"pl-PL","@id":"https:\/\/coilovers.pl\/index.php\/produkt\/pierscien-centrujacy-731-541mm\/#primaryimage","url":"https:\/\/coilovers.pl\/wp-content\/uploads\/2024\/05\/hub-centric.jpg","contentUrl":"https:\/\/coilovers.pl\/wp-content\/uploads\/2024\/05\/hub-centric.jpg","width":900,"height":675},{"@type":"BreadcrumbList","@id":"https:\/\/coilovers.pl\/index.php\/produkt\/pierscien-centrujacy-731-541mm\/#breadcrumb","itemListElement":[{"@type":"ListItem","position":1,"name":"Strona g\u0142\u00f3wna","item":"https:\/\/coilovers.pl\/"},{"@type":"ListItem","position":2,"name":"Sklep","item":"https:\/\/coilovers.pl\/index.php\/sklep\/"},{"@type":"ListItem","position":3,"name":"Pier\u015bcie\u0144 centruj\u0105cy 73,1-54,1mm"}]},{"@type":"WebSite","@id":"https:\/\/coilovers.pl\/#website","url":"https:\/\/coilovers.pl\/","name":"CoiloversPL","description":"Zawieszenia Felgi Samochody","publisher":{"@id":"https:\/\/coilovers.pl\/#organization"},"potentialAction":[{"@type":"SearchAction","target":{"@type":"EntryPoint","urlTemplate":"https:\/\/coilovers.pl\/?s={search_term_string}"},"query-input":{"@type":"PropertyValueSpecification","valueRequired":true,"valueName":"search_term_string"}}],"inLanguage":"pl-PL"},{"@type":"Organization","@id":"https:\/\/coilovers.pl\/#organization","name":"CoiloversPL","url":"https:\/\/coilovers.pl\/","logo":{"@type":"ImageObject","inLanguage":"pl-PL","@id":"https:\/\/coilovers.pl\/#\/schema\/logo\/image\/","url":"https:\/\/coilovers.pl\/wp-content\/uploads\/2021\/02\/cropped-logo.png","contentUrl":"https:\/\/coilovers.pl\/wp-content\/uploads\/2021\/02\/cropped-logo.png","width":3039,"height":864,"caption":"CoiloversPL"},"image":{"@id":"https:\/\/coilovers.pl\/#\/schema\/logo\/image\/"},"sameAs":["https:\/\/www.facebook.com\/coiloverspl","https:\/\/www.instagram.com\/coilovers_pl\/"]}]}},"_links":{"self":[{"href":"https:\/\/coilovers.pl\/index.php\/wp-json\/wp\/v2\/product\/5078","targetHints":{"allow":["GET"]}}],"collection":[{"href":"https:\/\/coilovers.pl\/index.php\/wp-json\/wp\/v2\/product"}],"about":[{"href":"https:\/\/coilovers.pl\/index.php\/wp-json\/wp\/v2\/types\/product"}],"wp:featuredmedia":[{"embeddable":true,"href":"https:\/\/coilovers.pl\/index.php\/wp-json\/wp\/v2\/media\/5077"}],"wp:attachment":[{"href":"https:\/\/coilovers.pl\/index.php\/wp-json\/wp\/v2\/media?parent=5078"}],"curies":[{"name":"wp","href":"https:\/\/api.w.org\/{rel}","templated":true}]}}