{"id":5070,"date":"2024-05-06T13:50:16","date_gmt":"2024-05-06T11:50:16","guid":{"rendered":"https:\/\/coilovers.pl\/?post_type=product&#038;p=5070"},"modified":"2024-05-06T13:50:17","modified_gmt":"2024-05-06T11:50:17","slug":"zawieszenie-sportowe-mts-bmw-5-e34-sedan-mtskplbm108","status":"publish","type":"product","link":"https:\/\/coilovers.pl\/index.php\/produkt\/zawieszenie-sportowe-mts-bmw-5-e34-sedan-mtskplbm108\/","title":{"rendered":"Zawieszenie sportowe MTS BMW 5 E34 Sedan MTSKPLBM108"},"content":{"rendered":"<div class=\"car_parameters\">\n<div class=\"car_param_label\"><span class=\"n56173_2_label\">POJAZD<\/span><\/div>\n<div class=\"car_parameters_sub\">\n<div class=\"n56173_main\">\n<div class=\"n56173_sub\">\n<table class=\"n54117_dictionary\">\n<tbody>\n<tr class=\"element\">\n<td class=\"n54117_item_a1\">Marka<\/td>\n<td class=\"n54117_item_b1\">\n<div class=\"n54117_item_b_sub\">BMW<\/div>\n<\/td>\n<\/tr>\n<tr class=\"element\">\n<td class=\"n54117_item_a2\">Model<\/td>\n<td class=\"n54117_item_b2\">\n<div class=\"n54117_item_b_sub\">5 (E34)<\/div>\n<\/td>\n<\/tr>\n<tr class=\"element\">\n<td class=\"n54117_item_a1\">Typ<\/td>\n<td class=\"n54117_item_b1\">\n<div class=\"n54117_item_b_sub\">E34<\/div>\n<\/td>\n<\/tr>\n<tr class=\"element\">\n<td class=\"n54117_item_a2\">Silnik<\/td>\n<td class=\"n54117_item_b2\">\n<div class=\"n54117_item_b_sub\">518 i \/ 520 i \/ 525 i<\/div>\n<\/td>\n<\/tr>\n<tr class=\"element\">\n<td class=\"n54117_item_a1\">Rocznik<\/td>\n<td class=\"n54117_item_b1\">\n<div class=\"n54117_item_b_sub\">01\/88 &#8211; 12\/95<\/div>\n<\/td>\n<\/tr>\n<\/tbody>\n<\/table>\n<\/div>\n<\/div>\n<\/div>\n<\/div>\n<div class=\"wrapper_dictionary\">\n<div class=\"n56173_label\"><span class=\"n56173_2_label\">DANE PRODUKTU<\/span><\/div>\n<div id=\"component_projector_dictionary_no\" class=\"component_projector_dictionary\">\n<div class=\"n56173_main\">\n<div class=\"n56173_sub\">\n<table class=\"n54117_dictionary\">\n<tbody>\n<tr class=\"element\">\n<td class=\"n54117_item_a1\">Max. nacisk na przedni\u0105 o\u015b<span class=\"n67256colon\">:<\/span><\/td>\n<td class=\"n54117_item_b1\">\n<div class=\"n54117_item_b_sub\">&#8211;<\/div>\n<\/td>\n<\/tr>\n<tr class=\"element\">\n<td class=\"n54117_item_a2\">Max. nacisk na tyln\u0105 o\u015b<span class=\"n67256colon\">:<\/span><\/td>\n<td class=\"n54117_item_b2\">\n<div class=\"n54117_item_b_sub\">&#8211;<\/div>\n<\/td>\n<\/tr>\n<tr class=\"element\">\n<td class=\"n54117_item_a1\">Obni\u017cenie<span class=\"n67256colon\">:<\/span><\/td>\n<td class=\"n54117_item_b1\">\n<div class=\"n54117_item_b_sub\">35 &#8211; 40\/35 mm<\/div>\n<\/td>\n<\/tr>\n<tr class=\"element\">\n<td class=\"n54117_item_a2\">Dodatkowe informacje<span class=\"n67256colon\">:<\/span><\/td>\n<td class=\"n54117_item_b2\">\n<div class=\"n54117_item_b_sub\">bez EDC<\/div>\n<\/td>\n<\/tr>\n<tr class=\"element\">\n<td class=\"n54117_item_a1\">Certyfikat TUV<span class=\"n67256colon\">:<\/span><\/td>\n<td class=\"n54117_item_b1\">\n<div class=\"n54117_item_b_sub\">nie<\/div>\n<\/td>\n<\/tr>\n<\/tbody>\n<\/table>\n<\/div>\n<\/div>\n<\/div>\n<\/div>\n<div class=\"additional_comments \">\n<div class=\"additional_comments_label\"><span class=\"additional_comments_label_sub\">UWAGI<\/span><\/div>\n<div class=\"additional_comments_sub\">\n<div class=\"additional_comment\">110 &#8211; MTSBM0041F &#8211; pasuje do modeli BMW E34 z amortyzatorami seryjnymi M14\/D16 (nadwozia Sedan wyprodukowane po 08\/90: 525i, 524td &#8211; 535i, 540i, Kombi wyprodukowane po 1991r.: 524td &#8211; 535i, 540i, bez 525i).<\/div>\n<div class=\"additional_comment\">85 &#8211; Podana warto\u015b\u0107 obni\u017cenia zmniejsza si\u0119 w przypadku pojazd\u00f3w z seryjnym zawieszeniem sportowym o warto\u015b\u0107 seryjnego obni\u017cenia.<\/div>\n<div class=\"additional_comment\">89 &#8211; Nie przeznaczone dla pojazd\u00f3w z NIVO.<\/div>\n<div class=\"additional_comment\">93 &#8211; Bez 4&#215;4.<\/div>\n<div class=\"additional_comment\">98 &#8211; Nie przeznaczone dla wersji kombi.<\/div>\n<div class=\"additional_comment\">109 &#8211; W przypadku dodatkowego, niestandardowego wyposa\u017cenia (np. hak holowniczy, instalacja LPG) rzeczywiste obni\u017cenie auta mo\u017ce r\u00f3\u017cni\u0107 si\u0119 od deklarowanego.<\/div>\n<\/div>\n<\/div>\n","protected":false},"excerpt":{"rendered":"<p>Przedmiot dost\u0119pny na zam\u00f3wienie. Prosz\u0119 pyta\u0107 o termin realizacji.<br \/>\nZdj\u0119cie pogl\u0105dowe<\/p>\n","protected":false},"featured_media":5071,"template":"","meta":[],"class_list":["post-5070","product","type-product","status-publish","has-post-thumbnail","hentry","pwb-brand-mts","product_cat-e34-seria5"],"brands":[{"id":83,"name":"MTS","slug":"mts"}],"yoast_head":"<!-- This site is optimized with the Yoast SEO plugin v24.7 - https:\/\/yoast.com\/wordpress\/plugins\/seo\/ -->\n<title>Zawieszenie sportowe MTS BMW 5 E34 Sedan MTSKPLBM108 - CoiloversPL<\/title>\n<meta name=\"robots\" content=\"index, follow, max-snippet:-1, max-image-preview:large, max-video-preview:-1\" \/>\n<link rel=\"canonical\" href=\"https:\/\/coilovers.pl\/index.php\/produkt\/zawieszenie-sportowe-mts-bmw-5-e34-sedan-mtskplbm108\/\" \/>\n<meta property=\"og:locale\" content=\"pl_PL\" \/>\n<meta property=\"og:type\" content=\"article\" \/>\n<meta property=\"og:title\" content=\"Zawieszenie sportowe MTS BMW 5 E34 Sedan MTSKPLBM108 - CoiloversPL\" \/>\n<meta property=\"og:description\" content=\"Przedmiot dost\u0119pny na zam\u00f3wienie. Prosz\u0119 pyta\u0107 o termin realizacji. Zdj\u0119cie pogl\u0105dowe\" \/>\n<meta property=\"og:url\" content=\"https:\/\/coilovers.pl\/index.php\/produkt\/zawieszenie-sportowe-mts-bmw-5-e34-sedan-mtskplbm108\/\" \/>\n<meta property=\"og:site_name\" content=\"CoiloversPL\" \/>\n<meta property=\"article:publisher\" content=\"https:\/\/www.facebook.com\/coiloverspl\" \/>\n<meta property=\"article:modified_time\" content=\"2024-05-06T11:50:17+00:00\" \/>\n<meta property=\"og:image\" content=\"https:\/\/coilovers.pl\/wp-content\/uploads\/2024\/05\/MTSKPLAL001.jpg\" \/>\n\t<meta property=\"og:image:width\" content=\"1280\" \/>\n\t<meta property=\"og:image:height\" content=\"850\" \/>\n\t<meta property=\"og:image:type\" content=\"image\/jpeg\" \/>\n<meta name=\"twitter:card\" content=\"summary_large_image\" \/>\n<meta name=\"twitter:label1\" content=\"Szacowany czas czytania\" \/>\n\t<meta name=\"twitter:data1\" content=\"1 minuta\" \/>\n<script type=\"application\/ld+json\" class=\"yoast-schema-graph\">{\"@context\":\"https:\/\/schema.org\",\"@graph\":[{\"@type\":\"WebPage\",\"@id\":\"https:\/\/coilovers.pl\/index.php\/produkt\/zawieszenie-sportowe-mts-bmw-5-e34-sedan-mtskplbm108\/\",\"url\":\"https:\/\/coilovers.pl\/index.php\/produkt\/zawieszenie-sportowe-mts-bmw-5-e34-sedan-mtskplbm108\/\",\"name\":\"Zawieszenie sportowe MTS BMW 5 E34 Sedan MTSKPLBM108 - CoiloversPL\",\"isPartOf\":{\"@id\":\"https:\/\/coilovers.pl\/#website\"},\"primaryImageOfPage\":{\"@id\":\"https:\/\/coilovers.pl\/index.php\/produkt\/zawieszenie-sportowe-mts-bmw-5-e34-sedan-mtskplbm108\/#primaryimage\"},\"image\":{\"@id\":\"https:\/\/coilovers.pl\/index.php\/produkt\/zawieszenie-sportowe-mts-bmw-5-e34-sedan-mtskplbm108\/#primaryimage\"},\"thumbnailUrl\":\"https:\/\/coilovers.pl\/wp-content\/uploads\/2024\/05\/MTSKPLAL001.jpg\",\"datePublished\":\"2024-05-06T11:50:16+00:00\",\"dateModified\":\"2024-05-06T11:50:17+00:00\",\"breadcrumb\":{\"@id\":\"https:\/\/coilovers.pl\/index.php\/produkt\/zawieszenie-sportowe-mts-bmw-5-e34-sedan-mtskplbm108\/#breadcrumb\"},\"inLanguage\":\"pl-PL\",\"potentialAction\":[{\"@type\":\"ReadAction\",\"target\":[\"https:\/\/coilovers.pl\/index.php\/produkt\/zawieszenie-sportowe-mts-bmw-5-e34-sedan-mtskplbm108\/\"]}]},{\"@type\":\"ImageObject\",\"inLanguage\":\"pl-PL\",\"@id\":\"https:\/\/coilovers.pl\/index.php\/produkt\/zawieszenie-sportowe-mts-bmw-5-e34-sedan-mtskplbm108\/#primaryimage\",\"url\":\"https:\/\/coilovers.pl\/wp-content\/uploads\/2024\/05\/MTSKPLAL001.jpg\",\"contentUrl\":\"https:\/\/coilovers.pl\/wp-content\/uploads\/2024\/05\/MTSKPLAL001.jpg\",\"width\":1280,\"height\":850},{\"@type\":\"BreadcrumbList\",\"@id\":\"https:\/\/coilovers.pl\/index.php\/produkt\/zawieszenie-sportowe-mts-bmw-5-e34-sedan-mtskplbm108\/#breadcrumb\",\"itemListElement\":[{\"@type\":\"ListItem\",\"position\":1,\"name\":\"Strona g\u0142\u00f3wna\",\"item\":\"https:\/\/coilovers.pl\/\"},{\"@type\":\"ListItem\",\"position\":2,\"name\":\"Sklep\",\"item\":\"https:\/\/coilovers.pl\/index.php\/sklep\/\"},{\"@type\":\"ListItem\",\"position\":3,\"name\":\"Zawieszenie sportowe MTS BMW 5 E34 Sedan MTSKPLBM108\"}]},{\"@type\":\"WebSite\",\"@id\":\"https:\/\/coilovers.pl\/#website\",\"url\":\"https:\/\/coilovers.pl\/\",\"name\":\"CoiloversPL\",\"description\":\"Zawieszenia Felgi Samochody\",\"publisher\":{\"@id\":\"https:\/\/coilovers.pl\/#organization\"},\"potentialAction\":[{\"@type\":\"SearchAction\",\"target\":{\"@type\":\"EntryPoint\",\"urlTemplate\":\"https:\/\/coilovers.pl\/?s={search_term_string}\"},\"query-input\":{\"@type\":\"PropertyValueSpecification\",\"valueRequired\":true,\"valueName\":\"search_term_string\"}}],\"inLanguage\":\"pl-PL\"},{\"@type\":\"Organization\",\"@id\":\"https:\/\/coilovers.pl\/#organization\",\"name\":\"CoiloversPL\",\"url\":\"https:\/\/coilovers.pl\/\",\"logo\":{\"@type\":\"ImageObject\",\"inLanguage\":\"pl-PL\",\"@id\":\"https:\/\/coilovers.pl\/#\/schema\/logo\/image\/\",\"url\":\"https:\/\/coilovers.pl\/wp-content\/uploads\/2021\/02\/cropped-logo.png\",\"contentUrl\":\"https:\/\/coilovers.pl\/wp-content\/uploads\/2021\/02\/cropped-logo.png\",\"width\":3039,\"height\":864,\"caption\":\"CoiloversPL\"},\"image\":{\"@id\":\"https:\/\/coilovers.pl\/#\/schema\/logo\/image\/\"},\"sameAs\":[\"https:\/\/www.facebook.com\/coiloverspl\",\"https:\/\/www.instagram.com\/coilovers_pl\/\"]}]}<\/script>\n<!-- \/ Yoast SEO plugin. -->","yoast_head_json":{"title":"Zawieszenie sportowe MTS BMW 5 E34 Sedan MTSKPLBM108 - CoiloversPL","robots":{"index":"index","follow":"follow","max-snippet":"max-snippet:-1","max-image-preview":"max-image-preview:large","max-video-preview":"max-video-preview:-1"},"canonical":"https:\/\/coilovers.pl\/index.php\/produkt\/zawieszenie-sportowe-mts-bmw-5-e34-sedan-mtskplbm108\/","og_locale":"pl_PL","og_type":"article","og_title":"Zawieszenie sportowe MTS BMW 5 E34 Sedan MTSKPLBM108 - CoiloversPL","og_description":"Przedmiot dost\u0119pny na zam\u00f3wienie. Prosz\u0119 pyta\u0107 o termin realizacji. Zdj\u0119cie pogl\u0105dowe","og_url":"https:\/\/coilovers.pl\/index.php\/produkt\/zawieszenie-sportowe-mts-bmw-5-e34-sedan-mtskplbm108\/","og_site_name":"CoiloversPL","article_publisher":"https:\/\/www.facebook.com\/coiloverspl","article_modified_time":"2024-05-06T11:50:17+00:00","og_image":[{"width":1280,"height":850,"url":"https:\/\/coilovers.pl\/wp-content\/uploads\/2024\/05\/MTSKPLAL001.jpg","type":"image\/jpeg"}],"twitter_card":"summary_large_image","twitter_misc":{"Szacowany czas czytania":"1 minuta"},"schema":{"@context":"https:\/\/schema.org","@graph":[{"@type":"WebPage","@id":"https:\/\/coilovers.pl\/index.php\/produkt\/zawieszenie-sportowe-mts-bmw-5-e34-sedan-mtskplbm108\/","url":"https:\/\/coilovers.pl\/index.php\/produkt\/zawieszenie-sportowe-mts-bmw-5-e34-sedan-mtskplbm108\/","name":"Zawieszenie sportowe MTS BMW 5 E34 Sedan MTSKPLBM108 - CoiloversPL","isPartOf":{"@id":"https:\/\/coilovers.pl\/#website"},"primaryImageOfPage":{"@id":"https:\/\/coilovers.pl\/index.php\/produkt\/zawieszenie-sportowe-mts-bmw-5-e34-sedan-mtskplbm108\/#primaryimage"},"image":{"@id":"https:\/\/coilovers.pl\/index.php\/produkt\/zawieszenie-sportowe-mts-bmw-5-e34-sedan-mtskplbm108\/#primaryimage"},"thumbnailUrl":"https:\/\/coilovers.pl\/wp-content\/uploads\/2024\/05\/MTSKPLAL001.jpg","datePublished":"2024-05-06T11:50:16+00:00","dateModified":"2024-05-06T11:50:17+00:00","breadcrumb":{"@id":"https:\/\/coilovers.pl\/index.php\/produkt\/zawieszenie-sportowe-mts-bmw-5-e34-sedan-mtskplbm108\/#breadcrumb"},"inLanguage":"pl-PL","potentialAction":[{"@type":"ReadAction","target":["https:\/\/coilovers.pl\/index.php\/produkt\/zawieszenie-sportowe-mts-bmw-5-e34-sedan-mtskplbm108\/"]}]},{"@type":"ImageObject","inLanguage":"pl-PL","@id":"https:\/\/coilovers.pl\/index.php\/produkt\/zawieszenie-sportowe-mts-bmw-5-e34-sedan-mtskplbm108\/#primaryimage","url":"https:\/\/coilovers.pl\/wp-content\/uploads\/2024\/05\/MTSKPLAL001.jpg","contentUrl":"https:\/\/coilovers.pl\/wp-content\/uploads\/2024\/05\/MTSKPLAL001.jpg","width":1280,"height":850},{"@type":"BreadcrumbList","@id":"https:\/\/coilovers.pl\/index.php\/produkt\/zawieszenie-sportowe-mts-bmw-5-e34-sedan-mtskplbm108\/#breadcrumb","itemListElement":[{"@type":"ListItem","position":1,"name":"Strona g\u0142\u00f3wna","item":"https:\/\/coilovers.pl\/"},{"@type":"ListItem","position":2,"name":"Sklep","item":"https:\/\/coilovers.pl\/index.php\/sklep\/"},{"@type":"ListItem","position":3,"name":"Zawieszenie sportowe MTS BMW 5 E34 Sedan MTSKPLBM108"}]},{"@type":"WebSite","@id":"https:\/\/coilovers.pl\/#website","url":"https:\/\/coilovers.pl\/","name":"CoiloversPL","description":"Zawieszenia Felgi Samochody","publisher":{"@id":"https:\/\/coilovers.pl\/#organization"},"potentialAction":[{"@type":"SearchAction","target":{"@type":"EntryPoint","urlTemplate":"https:\/\/coilovers.pl\/?s={search_term_string}"},"query-input":{"@type":"PropertyValueSpecification","valueRequired":true,"valueName":"search_term_string"}}],"inLanguage":"pl-PL"},{"@type":"Organization","@id":"https:\/\/coilovers.pl\/#organization","name":"CoiloversPL","url":"https:\/\/coilovers.pl\/","logo":{"@type":"ImageObject","inLanguage":"pl-PL","@id":"https:\/\/coilovers.pl\/#\/schema\/logo\/image\/","url":"https:\/\/coilovers.pl\/wp-content\/uploads\/2021\/02\/cropped-logo.png","contentUrl":"https:\/\/coilovers.pl\/wp-content\/uploads\/2021\/02\/cropped-logo.png","width":3039,"height":864,"caption":"CoiloversPL"},"image":{"@id":"https:\/\/coilovers.pl\/#\/schema\/logo\/image\/"},"sameAs":["https:\/\/www.facebook.com\/coiloverspl","https:\/\/www.instagram.com\/coilovers_pl\/"]}]}},"_links":{"self":[{"href":"https:\/\/coilovers.pl\/index.php\/wp-json\/wp\/v2\/product\/5070","targetHints":{"allow":["GET"]}}],"collection":[{"href":"https:\/\/coilovers.pl\/index.php\/wp-json\/wp\/v2\/product"}],"about":[{"href":"https:\/\/coilovers.pl\/index.php\/wp-json\/wp\/v2\/types\/product"}],"wp:featuredmedia":[{"embeddable":true,"href":"https:\/\/coilovers.pl\/index.php\/wp-json\/wp\/v2\/media\/5071"}],"wp:attachment":[{"href":"https:\/\/coilovers.pl\/index.php\/wp-json\/wp\/v2\/media?parent=5070"}],"curies":[{"name":"wp","href":"https:\/\/api.w.org\/{rel}","templated":true}]}}