{"id":4995,"date":"2023-10-09T12:23:29","date_gmt":"2023-10-09T10:23:29","guid":{"rendered":"https:\/\/coilovers.pl\/?post_type=product&#038;p=4995"},"modified":"2023-10-09T12:23:29","modified_gmt":"2023-10-09T10:23:29","slug":"mts-gold-sport-audi-tt-tts-ttrs-8j-quattro-mtsgwvw92-s-camber","status":"publish","type":"product","link":"https:\/\/coilovers.pl\/index.php\/produkt\/mts-gold-sport-audi-tt-tts-ttrs-8j-quattro-mtsgwvw92-s-camber\/","title":{"rendered":"MTS Gold Sport Audi TT TTS TTRS 8J Quattro MTSGWVW92-S + Camber"},"content":{"rendered":"<div class=\"car_parameters\">\n<div class=\"car_parameters_sub\">\n<div class=\"n56173_main\">\n<div class=\"n56173_sub\">\n<table class=\"n54117_dictionary\">\n<tbody>\n<tr class=\"element\">\n<td class=\"n54117_item_a1\">Marka<\/td>\n<td class=\"n54117_item_b1\">\n<div class=\"n54117_item_b_sub\">Audi<\/div>\n<\/td>\n<\/tr>\n<tr class=\"element\">\n<td class=\"n54117_item_a2\">Model<\/td>\n<td class=\"n54117_item_b2\">\n<div class=\"n54117_item_b_sub\">TT 8J Coupe\/Cabrio<\/div>\n<\/td>\n<\/tr>\n<tr class=\"element\">\n<td class=\"n54117_item_a1\">Typ<\/td>\n<td class=\"n54117_item_b1\">\n<div class=\"n54117_item_b_sub\">8J<\/div>\n<\/td>\n<\/tr>\n<tr class=\"element\">\n<td class=\"n54117_item_a2\">Silnik<\/td>\n<td class=\"n54117_item_b2\">\n<div class=\"n54117_item_b_sub\">2.0TFSI Quattro \/ 2.0 TTS Quattro \/ 2.5 RS Quattro \/ 3.2 V6 Quattro \/ 2.0TDI Quattro<\/div>\n<\/td>\n<\/tr>\n<tr class=\"element\">\n<td class=\"n54117_item_a1\">Rocznik<\/td>\n<td class=\"n54117_item_b1\">\n<div class=\"n54117_item_b_sub\">08\/06 &#8211; 06\/14<\/div>\n<\/td>\n<\/tr>\n<\/tbody>\n<\/table>\n<\/div>\n<\/div>\n<\/div>\n<\/div>\n<div class=\"wrapper_dictionary\">\n<div class=\"n56173_label\"><\/div>\n<div id=\"component_projector_dictionary_no\" class=\"component_projector_dictionary\">\n<div class=\"n56173_main\">\n<div class=\"n56173_sub\">\n<table class=\"n54117_dictionary\">\n<tbody>\n<tr class=\"element\">\n<td class=\"n54117_item_a1\">Seria<span class=\"n67256colon\">:<\/span><\/td>\n<td class=\"n54117_item_b1\"><a title=\"Seria Sport\" href=\"https:\/\/dealer.mtstechnik.com\/pl\/cms\/zawieszenia-gwintowane-33.html#Sport\" target=\"_blank\" rel=\"noopener\">sport<\/a><\/td>\n<\/tr>\n<tr class=\"element\">\n<td class=\"n54117_item_a2\">Obudowa<span class=\"n67256colon\">:<\/span><\/td>\n<td class=\"n54117_item_b2\">\n<div class=\"n54117_item_b_sub\">gold<\/div>\n<\/td>\n<\/tr>\n<tr class=\"element\">\n<td class=\"n54117_item_a1\">Max. nacisk na przedni\u0105 o\u015b<span class=\"n67256colon\">:<\/span><\/td>\n<td class=\"n54117_item_b1\">\n<div class=\"n54117_item_b_sub\">966 &#8211; 1060 kg<\/div>\n<\/td>\n<\/tr>\n<tr class=\"element\">\n<td class=\"n54117_item_a2\">Max. nacisk na tyln\u0105 o\u015b<span class=\"n67256colon\">:<\/span><\/td>\n<td class=\"n54117_item_b2\">\n<div class=\"n54117_item_b_sub\">-1150 kg<\/div>\n<\/td>\n<\/tr>\n<tr class=\"element\">\n<td class=\"n54117_item_a1\">Obni\u017cenie prz\u00f3d<span class=\"n67256colon\">:<\/span><\/td>\n<td class=\"n54117_item_b1\">\n<div class=\"n54117_item_b_sub\"><span class=\"n54117_name_sub\">35 &#8211; 70 mm<\/span><\/div>\n<\/td>\n<\/tr>\n<tr class=\"element\">\n<td class=\"n54117_item_a2\">Obni\u017cenie ty\u0142<span class=\"n67256colon\">:<\/span><\/td>\n<td class=\"n54117_item_b2\">\n<div class=\"n54117_item_b_sub\">35 &#8211; 60 mm<\/div>\n<\/td>\n<\/tr>\n<tr class=\"element\">\n<td class=\"n54117_item_a1\">Camber \/ g\u00f3rne mocowanie prz\u00f3d<span class=\"n67256colon\">:<\/span><\/td>\n<td class=\"n54117_item_b1\">\n<div class=\"n54117_item_b_sub\">tak<\/div>\n<\/td>\n<\/tr>\n<tr class=\"element\">\n<td class=\"n54117_item_a2\">Camber \/ g\u00f3rne mocowanie ty\u0142<span class=\"n67256colon\">:<\/span><\/td>\n<td class=\"n54117_item_b2\">\n<div class=\"n54117_item_b_sub\">nie<\/div>\n<\/td>\n<\/tr>\n<tr class=\"element\">\n<td class=\"n54117_item_a1\">Przednia spr\u0119\u017cyna g\u0142\u00f3wna<span class=\"n67256colon\">:<\/span><\/td>\n<td class=\"n54117_item_b1\">\n<div class=\"n54117_item_b_sub\">Twardo\u015b\u0107 spr\u0119\u017cyny (42,5 &#8211; 75 N\/mm)<\/div>\n<\/td>\n<\/tr>\n<tr class=\"element\">\n<td class=\"n54117_item_a2\">Tylna spr\u0119\u017cyna g\u0142\u00f3wna<span class=\"n67256colon\">:<\/span><\/td>\n<td class=\"n54117_item_b2\">\n<div class=\"n54117_item_b_sub\">Twardo\u015b\u0107 spr\u0119\u017cyny (80 N\/mm)<\/div>\n<\/td>\n<\/tr>\n<tr class=\"element\">\n<td class=\"n54117_item_a1\">Tylna spr\u0119\u017cyna helper<span class=\"n67256colon\">:<\/span><\/td>\n<td class=\"n54117_item_b1\">\n<div class=\"n54117_item_b_sub\">Twardo\u015b\u0107 spr\u0119\u017cyny (20 N\/mm)<\/div>\n<\/td>\n<\/tr>\n<tr class=\"element\">\n<td class=\"n54117_item_a2\">Certyfikat TUV<span class=\"n67256colon\">:<\/span><\/td>\n<td class=\"n54117_item_b2\">\n<div class=\"n54117_item_b_sub\">nie<\/div>\n<\/td>\n<\/tr>\n<\/tbody>\n<\/table>\n<\/div>\n<\/div>\n<\/div>\n<\/div>\n","protected":false},"excerpt":{"rendered":"<p>Marka Audi Model TT 8J Coupe\/Cabrio Typ 8J Silnik 2.0TFSI Quattro \/ 2.0 TTS Quattro \/ 2.5 RS Quattro \/ 3.2 V6 Quattro \/ 2.0TDI Quattro Rocznik 08\/06 &#8211; 06\/14 Seria: sport Obudowa: gold Max. nacisk na przedni\u0105 o\u015b: 966 &#8211; 1060 kg Max. nacisk na tyln\u0105 o\u015b: -1150 kg Obni\u017cenie prz\u00f3d: 35 &#8211; 70 &hellip;<\/p>\n<p class=\"read-more\"> <a class=\"\" href=\"https:\/\/coilovers.pl\/index.php\/produkt\/mts-gold-sport-audi-tt-tts-ttrs-8j-quattro-mtsgwvw92-s-camber\/\"> <span class=\"screen-reader-text\">MTS Gold Sport Audi TT TTS TTRS 8J Quattro MTSGWVW92-S + Camber<\/span> Read More &raquo;<\/a><\/p>\n","protected":false},"featured_media":4829,"template":"","meta":[],"class_list":["post-4995","product","type-product","status-publish","has-post-thumbnail","hentry","pwb-brand-mts","product_cat-8j","product_cat-8j-tts","product_cat-8j-ttrs"],"brands":[{"id":83,"name":"MTS","slug":"mts"}],"yoast_head":"<!-- This site is optimized with the Yoast SEO plugin v24.7 - https:\/\/yoast.com\/wordpress\/plugins\/seo\/ -->\n<title>MTS Gold Sport Audi TT TTS TTRS 8J Quattro MTSGWVW92-S + Camber - CoiloversPL<\/title>\n<meta name=\"robots\" content=\"index, follow, max-snippet:-1, max-image-preview:large, max-video-preview:-1\" \/>\n<link rel=\"canonical\" href=\"https:\/\/coilovers.pl\/index.php\/produkt\/mts-gold-sport-audi-tt-tts-ttrs-8j-quattro-mtsgwvw92-s-camber\/\" \/>\n<meta property=\"og:locale\" content=\"pl_PL\" \/>\n<meta property=\"og:type\" content=\"article\" \/>\n<meta property=\"og:title\" content=\"MTS Gold Sport Audi TT TTS TTRS 8J Quattro MTSGWVW92-S + Camber - CoiloversPL\" \/>\n<meta property=\"og:description\" content=\"Marka Audi Model TT 8J Coupe\/Cabrio Typ 8J Silnik 2.0TFSI Quattro \/ 2.0 TTS Quattro \/ 2.5 RS Quattro \/ 3.2 V6 Quattro \/ 2.0TDI Quattro Rocznik 08\/06 &#8211; 06\/14 Seria: sport Obudowa: gold Max. nacisk na przedni\u0105 o\u015b: 966 &#8211; 1060 kg Max. nacisk na tyln\u0105 o\u015b: -1150 kg Obni\u017cenie prz\u00f3d: 35 &#8211; 70 &hellip; MTS Gold Sport Audi TT TTS TTRS 8J Quattro MTSGWVW92-S + Camber Read More &raquo;\" \/>\n<meta property=\"og:url\" content=\"https:\/\/coilovers.pl\/index.php\/produkt\/mts-gold-sport-audi-tt-tts-ttrs-8j-quattro-mtsgwvw92-s-camber\/\" \/>\n<meta property=\"og:site_name\" content=\"CoiloversPL\" \/>\n<meta property=\"article:publisher\" content=\"https:\/\/www.facebook.com\/coiloverspl\" \/>\n<meta property=\"og:image\" content=\"https:\/\/coilovers.pl\/wp-content\/uploads\/2023\/10\/golf-5.jpg\" \/>\n\t<meta property=\"og:image:width\" content=\"1000\" \/>\n\t<meta property=\"og:image:height\" content=\"667\" \/>\n\t<meta property=\"og:image:type\" content=\"image\/jpeg\" \/>\n<meta name=\"twitter:card\" content=\"summary_large_image\" \/>\n<script type=\"application\/ld+json\" class=\"yoast-schema-graph\">{\"@context\":\"https:\/\/schema.org\",\"@graph\":[{\"@type\":\"WebPage\",\"@id\":\"https:\/\/coilovers.pl\/index.php\/produkt\/mts-gold-sport-audi-tt-tts-ttrs-8j-quattro-mtsgwvw92-s-camber\/\",\"url\":\"https:\/\/coilovers.pl\/index.php\/produkt\/mts-gold-sport-audi-tt-tts-ttrs-8j-quattro-mtsgwvw92-s-camber\/\",\"name\":\"MTS Gold Sport Audi TT TTS TTRS 8J Quattro MTSGWVW92-S + Camber - CoiloversPL\",\"isPartOf\":{\"@id\":\"https:\/\/coilovers.pl\/#website\"},\"primaryImageOfPage\":{\"@id\":\"https:\/\/coilovers.pl\/index.php\/produkt\/mts-gold-sport-audi-tt-tts-ttrs-8j-quattro-mtsgwvw92-s-camber\/#primaryimage\"},\"image\":{\"@id\":\"https:\/\/coilovers.pl\/index.php\/produkt\/mts-gold-sport-audi-tt-tts-ttrs-8j-quattro-mtsgwvw92-s-camber\/#primaryimage\"},\"thumbnailUrl\":\"https:\/\/coilovers.pl\/wp-content\/uploads\/2023\/10\/golf-5.jpg\",\"datePublished\":\"2023-10-09T10:23:29+00:00\",\"breadcrumb\":{\"@id\":\"https:\/\/coilovers.pl\/index.php\/produkt\/mts-gold-sport-audi-tt-tts-ttrs-8j-quattro-mtsgwvw92-s-camber\/#breadcrumb\"},\"inLanguage\":\"pl-PL\",\"potentialAction\":[{\"@type\":\"ReadAction\",\"target\":[\"https:\/\/coilovers.pl\/index.php\/produkt\/mts-gold-sport-audi-tt-tts-ttrs-8j-quattro-mtsgwvw92-s-camber\/\"]}]},{\"@type\":\"ImageObject\",\"inLanguage\":\"pl-PL\",\"@id\":\"https:\/\/coilovers.pl\/index.php\/produkt\/mts-gold-sport-audi-tt-tts-ttrs-8j-quattro-mtsgwvw92-s-camber\/#primaryimage\",\"url\":\"https:\/\/coilovers.pl\/wp-content\/uploads\/2023\/10\/golf-5.jpg\",\"contentUrl\":\"https:\/\/coilovers.pl\/wp-content\/uploads\/2023\/10\/golf-5.jpg\",\"width\":1000,\"height\":667},{\"@type\":\"BreadcrumbList\",\"@id\":\"https:\/\/coilovers.pl\/index.php\/produkt\/mts-gold-sport-audi-tt-tts-ttrs-8j-quattro-mtsgwvw92-s-camber\/#breadcrumb\",\"itemListElement\":[{\"@type\":\"ListItem\",\"position\":1,\"name\":\"Strona g\u0142\u00f3wna\",\"item\":\"https:\/\/coilovers.pl\/\"},{\"@type\":\"ListItem\",\"position\":2,\"name\":\"Sklep\",\"item\":\"https:\/\/coilovers.pl\/index.php\/sklep\/\"},{\"@type\":\"ListItem\",\"position\":3,\"name\":\"MTS Gold Sport Audi TT TTS TTRS 8J Quattro MTSGWVW92-S + Camber\"}]},{\"@type\":\"WebSite\",\"@id\":\"https:\/\/coilovers.pl\/#website\",\"url\":\"https:\/\/coilovers.pl\/\",\"name\":\"CoiloversPL\",\"description\":\"Zawieszenia Felgi Samochody\",\"publisher\":{\"@id\":\"https:\/\/coilovers.pl\/#organization\"},\"potentialAction\":[{\"@type\":\"SearchAction\",\"target\":{\"@type\":\"EntryPoint\",\"urlTemplate\":\"https:\/\/coilovers.pl\/?s={search_term_string}\"},\"query-input\":{\"@type\":\"PropertyValueSpecification\",\"valueRequired\":true,\"valueName\":\"search_term_string\"}}],\"inLanguage\":\"pl-PL\"},{\"@type\":\"Organization\",\"@id\":\"https:\/\/coilovers.pl\/#organization\",\"name\":\"CoiloversPL\",\"url\":\"https:\/\/coilovers.pl\/\",\"logo\":{\"@type\":\"ImageObject\",\"inLanguage\":\"pl-PL\",\"@id\":\"https:\/\/coilovers.pl\/#\/schema\/logo\/image\/\",\"url\":\"https:\/\/coilovers.pl\/wp-content\/uploads\/2021\/02\/cropped-logo.png\",\"contentUrl\":\"https:\/\/coilovers.pl\/wp-content\/uploads\/2021\/02\/cropped-logo.png\",\"width\":3039,\"height\":864,\"caption\":\"CoiloversPL\"},\"image\":{\"@id\":\"https:\/\/coilovers.pl\/#\/schema\/logo\/image\/\"},\"sameAs\":[\"https:\/\/www.facebook.com\/coiloverspl\",\"https:\/\/www.instagram.com\/coilovers_pl\/\"]}]}<\/script>\n<!-- \/ Yoast SEO plugin. -->","yoast_head_json":{"title":"MTS Gold Sport Audi TT TTS TTRS 8J Quattro MTSGWVW92-S + Camber - CoiloversPL","robots":{"index":"index","follow":"follow","max-snippet":"max-snippet:-1","max-image-preview":"max-image-preview:large","max-video-preview":"max-video-preview:-1"},"canonical":"https:\/\/coilovers.pl\/index.php\/produkt\/mts-gold-sport-audi-tt-tts-ttrs-8j-quattro-mtsgwvw92-s-camber\/","og_locale":"pl_PL","og_type":"article","og_title":"MTS Gold Sport Audi TT TTS TTRS 8J Quattro MTSGWVW92-S + Camber - CoiloversPL","og_description":"Marka Audi Model TT 8J Coupe\/Cabrio Typ 8J Silnik 2.0TFSI Quattro \/ 2.0 TTS Quattro \/ 2.5 RS Quattro \/ 3.2 V6 Quattro \/ 2.0TDI Quattro Rocznik 08\/06 &#8211; 06\/14 Seria: sport Obudowa: gold Max. nacisk na przedni\u0105 o\u015b: 966 &#8211; 1060 kg Max. nacisk na tyln\u0105 o\u015b: -1150 kg Obni\u017cenie prz\u00f3d: 35 &#8211; 70 &hellip; MTS Gold Sport Audi TT TTS TTRS 8J Quattro MTSGWVW92-S + Camber Read More &raquo;","og_url":"https:\/\/coilovers.pl\/index.php\/produkt\/mts-gold-sport-audi-tt-tts-ttrs-8j-quattro-mtsgwvw92-s-camber\/","og_site_name":"CoiloversPL","article_publisher":"https:\/\/www.facebook.com\/coiloverspl","og_image":[{"width":1000,"height":667,"url":"https:\/\/coilovers.pl\/wp-content\/uploads\/2023\/10\/golf-5.jpg","type":"image\/jpeg"}],"twitter_card":"summary_large_image","schema":{"@context":"https:\/\/schema.org","@graph":[{"@type":"WebPage","@id":"https:\/\/coilovers.pl\/index.php\/produkt\/mts-gold-sport-audi-tt-tts-ttrs-8j-quattro-mtsgwvw92-s-camber\/","url":"https:\/\/coilovers.pl\/index.php\/produkt\/mts-gold-sport-audi-tt-tts-ttrs-8j-quattro-mtsgwvw92-s-camber\/","name":"MTS Gold Sport Audi TT TTS TTRS 8J Quattro MTSGWVW92-S + Camber - CoiloversPL","isPartOf":{"@id":"https:\/\/coilovers.pl\/#website"},"primaryImageOfPage":{"@id":"https:\/\/coilovers.pl\/index.php\/produkt\/mts-gold-sport-audi-tt-tts-ttrs-8j-quattro-mtsgwvw92-s-camber\/#primaryimage"},"image":{"@id":"https:\/\/coilovers.pl\/index.php\/produkt\/mts-gold-sport-audi-tt-tts-ttrs-8j-quattro-mtsgwvw92-s-camber\/#primaryimage"},"thumbnailUrl":"https:\/\/coilovers.pl\/wp-content\/uploads\/2023\/10\/golf-5.jpg","datePublished":"2023-10-09T10:23:29+00:00","breadcrumb":{"@id":"https:\/\/coilovers.pl\/index.php\/produkt\/mts-gold-sport-audi-tt-tts-ttrs-8j-quattro-mtsgwvw92-s-camber\/#breadcrumb"},"inLanguage":"pl-PL","potentialAction":[{"@type":"ReadAction","target":["https:\/\/coilovers.pl\/index.php\/produkt\/mts-gold-sport-audi-tt-tts-ttrs-8j-quattro-mtsgwvw92-s-camber\/"]}]},{"@type":"ImageObject","inLanguage":"pl-PL","@id":"https:\/\/coilovers.pl\/index.php\/produkt\/mts-gold-sport-audi-tt-tts-ttrs-8j-quattro-mtsgwvw92-s-camber\/#primaryimage","url":"https:\/\/coilovers.pl\/wp-content\/uploads\/2023\/10\/golf-5.jpg","contentUrl":"https:\/\/coilovers.pl\/wp-content\/uploads\/2023\/10\/golf-5.jpg","width":1000,"height":667},{"@type":"BreadcrumbList","@id":"https:\/\/coilovers.pl\/index.php\/produkt\/mts-gold-sport-audi-tt-tts-ttrs-8j-quattro-mtsgwvw92-s-camber\/#breadcrumb","itemListElement":[{"@type":"ListItem","position":1,"name":"Strona g\u0142\u00f3wna","item":"https:\/\/coilovers.pl\/"},{"@type":"ListItem","position":2,"name":"Sklep","item":"https:\/\/coilovers.pl\/index.php\/sklep\/"},{"@type":"ListItem","position":3,"name":"MTS Gold Sport Audi TT TTS TTRS 8J Quattro MTSGWVW92-S + Camber"}]},{"@type":"WebSite","@id":"https:\/\/coilovers.pl\/#website","url":"https:\/\/coilovers.pl\/","name":"CoiloversPL","description":"Zawieszenia Felgi Samochody","publisher":{"@id":"https:\/\/coilovers.pl\/#organization"},"potentialAction":[{"@type":"SearchAction","target":{"@type":"EntryPoint","urlTemplate":"https:\/\/coilovers.pl\/?s={search_term_string}"},"query-input":{"@type":"PropertyValueSpecification","valueRequired":true,"valueName":"search_term_string"}}],"inLanguage":"pl-PL"},{"@type":"Organization","@id":"https:\/\/coilovers.pl\/#organization","name":"CoiloversPL","url":"https:\/\/coilovers.pl\/","logo":{"@type":"ImageObject","inLanguage":"pl-PL","@id":"https:\/\/coilovers.pl\/#\/schema\/logo\/image\/","url":"https:\/\/coilovers.pl\/wp-content\/uploads\/2021\/02\/cropped-logo.png","contentUrl":"https:\/\/coilovers.pl\/wp-content\/uploads\/2021\/02\/cropped-logo.png","width":3039,"height":864,"caption":"CoiloversPL"},"image":{"@id":"https:\/\/coilovers.pl\/#\/schema\/logo\/image\/"},"sameAs":["https:\/\/www.facebook.com\/coiloverspl","https:\/\/www.instagram.com\/coilovers_pl\/"]}]}},"_links":{"self":[{"href":"https:\/\/coilovers.pl\/index.php\/wp-json\/wp\/v2\/product\/4995","targetHints":{"allow":["GET"]}}],"collection":[{"href":"https:\/\/coilovers.pl\/index.php\/wp-json\/wp\/v2\/product"}],"about":[{"href":"https:\/\/coilovers.pl\/index.php\/wp-json\/wp\/v2\/types\/product"}],"wp:featuredmedia":[{"embeddable":true,"href":"https:\/\/coilovers.pl\/index.php\/wp-json\/wp\/v2\/media\/4829"}],"wp:attachment":[{"href":"https:\/\/coilovers.pl\/index.php\/wp-json\/wp\/v2\/media?parent=4995"}],"curies":[{"name":"wp","href":"https:\/\/api.w.org\/{rel}","templated":true}]}}