{"id":4908,"date":"2023-10-04T11:48:27","date_gmt":"2023-10-04T09:48:27","guid":{"rendered":"https:\/\/coilovers.pl\/?post_type=product&#038;p=4908"},"modified":"2023-10-04T11:48:27","modified_gmt":"2023-10-04T09:48:27","slug":"mts-gold-street-audi-a5-b8-cabrio-mtsgwau24","status":"publish","type":"product","link":"https:\/\/coilovers.pl\/index.php\/produkt\/mts-gold-street-audi-a5-b8-cabrio-mtsgwau24\/","title":{"rendered":"MTS Gold Street Audi A5 B8 Cabrio MTSGWAU24"},"content":{"rendered":"<div class=\"car_parameters\">\n<div class=\"car_parameters_sub\">\n<div class=\"n56173_main\">\n<div class=\"n56173_sub\">\n<table class=\"n54117_dictionary\">\n<tbody>\n<tr class=\"element\">\n<td class=\"n54117_item_a1\">Marka<\/td>\n<td class=\"n54117_item_b1\">\n<div class=\"n54117_item_b_sub\">Audi<\/div>\n<\/td>\n<\/tr>\n<tr class=\"element\">\n<td class=\"n54117_item_a2\">Model<\/td>\n<td class=\"n54117_item_b2\">\n<div class=\"n54117_item_b_sub\">A5 B8 Cabriolet<\/div>\n<\/td>\n<\/tr>\n<tr class=\"element\">\n<td class=\"n54117_item_a1\">Typ<\/td>\n<td class=\"n54117_item_b1\">\n<div class=\"n54117_item_b_sub\">8F7<\/div>\n<\/td>\n<\/tr>\n<tr class=\"element\">\n<td class=\"n54117_item_a2\">Silnik<\/td>\n<td class=\"n54117_item_b2\">\n<div class=\"n54117_item_b_sub\">1.8TFSI \/ 2.0TFSI \/ 3.0TFSI \/ 3.2FSI \/ 2.0TDI \/ 2.7TDI \/ 3.0TDI<\/div>\n<\/td>\n<\/tr>\n<tr class=\"element\">\n<td class=\"n54117_item_a1\">Rocznik<\/td>\n<td class=\"n54117_item_b1\">\n<div class=\"n54117_item_b_sub\">03\/09 &#8211; 01\/17<\/div>\n<\/td>\n<\/tr>\n<\/tbody>\n<\/table>\n<\/div>\n<\/div>\n<\/div>\n<\/div>\n<div class=\"wrapper_dictionary\">\n<div class=\"n56173_label\"><\/div>\n<div id=\"component_projector_dictionary_no\" class=\"component_projector_dictionary\">\n<div class=\"n56173_main\">\n<div class=\"n56173_sub\">\n<table class=\"n54117_dictionary\">\n<tbody>\n<tr class=\"element\">\n<td class=\"n54117_item_a1\">Seria<span class=\"n67256colon\">:<\/span><\/td>\n<td class=\"n54117_item_b1\"><a title=\"Seria Street\" href=\"https:\/\/dealer.mtstechnik.com\/pl\/cms\/zawieszenia-gwintowane-33.html#Street\" target=\"_blank\" rel=\"noopener\">street<\/a><\/td>\n<\/tr>\n<tr class=\"element\">\n<td class=\"n54117_item_a2\">Max. nacisk na przedni\u0105 o\u015b<span class=\"n67256colon\">:<\/span><\/td>\n<td class=\"n54117_item_b2\">\n<div class=\"n54117_item_b_sub\">1081 &#8211; 1245 kg<\/div>\n<\/td>\n<\/tr>\n<tr class=\"element\">\n<td class=\"n54117_item_a1\">Max. nacisk na tyln\u0105 o\u015b<span class=\"n67256colon\">:<\/span><\/td>\n<td class=\"n54117_item_b1\">\n<div class=\"n54117_item_b_sub\">-1365 kg<\/div>\n<\/td>\n<\/tr>\n<tr class=\"element\">\n<td class=\"n54117_item_a2\">Obni\u017cenie prz\u00f3d<span class=\"n67256colon\">:<\/span><\/td>\n<td class=\"n54117_item_b2\">\n<div class=\"n54117_item_b_sub\">15 &#8211; 70 mm<\/div>\n<\/td>\n<\/tr>\n<tr class=\"element\">\n<td class=\"n54117_item_a1\">Obni\u017cenie ty\u0142<span class=\"n67256colon\">:<\/span><\/td>\n<td class=\"n54117_item_b1\">\n<div class=\"n54117_item_b_sub\">15 &#8211; 70 mm<\/div>\n<\/td>\n<\/tr>\n<tr class=\"element\">\n<td class=\"n54117_item_a2\">Camber \/ g\u00f3rne mocowanie prz\u00f3d<span class=\"n67256colon\">:<\/span><\/td>\n<td class=\"n54117_item_b2\">\n<div class=\"n54117_item_b_sub\">nie<\/div>\n<\/td>\n<\/tr>\n<tr class=\"element\">\n<td class=\"n54117_item_a1\">Camber \/ g\u00f3rne mocowanie ty\u0142<span class=\"n67256colon\">:<\/span><\/td>\n<td class=\"n54117_item_b1\">\n<div class=\"n54117_item_b_sub\">nie<\/div>\n<\/td>\n<\/tr>\n<tr class=\"element\">\n<td class=\"n54117_item_a2\">Przednia spr\u0119\u017cyna g\u0142\u00f3wna<span class=\"n67256colon\">:<\/span><\/td>\n<td class=\"n54117_item_b2\">\n<div class=\"n54117_item_b_sub\">Twardo\u015b\u0107 spr\u0119\u017cyny (120 N\/mm)<\/div>\n<\/td>\n<\/tr>\n<tr class=\"element\">\n<td class=\"n54117_item_a1\">Przednia spr\u0119\u017cyna helper<span class=\"n67256colon\">:<\/span><\/td>\n<td class=\"n54117_item_b1\">\n<div class=\"n54117_item_b_sub\">Twardo\u015b\u0107 spr\u0119\u017cyny (20 N\/mm)<\/div>\n<\/td>\n<\/tr>\n<tr class=\"element\">\n<td class=\"n54117_item_a2\">Tylna spr\u0119\u017cyna g\u0142\u00f3wna<span class=\"n67256colon\">:<\/span><\/td>\n<td class=\"n54117_item_b2\">\n<div class=\"n54117_item_b_sub\">Twardo\u015b\u0107 spr\u0119\u017cyny (26,25 &#8211; 62 N\/mm)<\/div>\n<\/td>\n<\/tr>\n<tr class=\"element\">\n<td class=\"n54117_item_a1\">Certyfikat TUV<span class=\"n67256colon\">:<\/span><\/td>\n<td class=\"n54117_item_b1\">\n<div class=\"n54117_item_b_sub\">tak<\/div>\n<\/td>\n<\/tr>\n<\/tbody>\n<\/table>\n<\/div>\n<\/div>\n<\/div>\n<\/div>\n","protected":false},"excerpt":{"rendered":"<p>Marka Audi Model A5 B8 Cabriolet Typ 8F7 Silnik 1.8TFSI \/ 2.0TFSI \/ 3.0TFSI \/ 3.2FSI \/ 2.0TDI \/ 2.7TDI \/ 3.0TDI Rocznik 03\/09 &#8211; 01\/17 Seria: street Max. nacisk na przedni\u0105 o\u015b: 1081 &#8211; 1245 kg Max. nacisk na tyln\u0105 o\u015b: -1365 kg Obni\u017cenie prz\u00f3d: 15 &#8211; 70 mm Obni\u017cenie ty\u0142: 15 &#8211; 70 &hellip;<\/p>\n<p class=\"read-more\"> <a class=\"\" href=\"https:\/\/coilovers.pl\/index.php\/produkt\/mts-gold-street-audi-a5-b8-cabrio-mtsgwau24\/\"> <span class=\"screen-reader-text\">MTS Gold Street Audi A5 B8 Cabrio MTSGWAU24<\/span> Read More &raquo;<\/a><\/p>\n","protected":false},"featured_media":4893,"template":"","meta":[],"class_list":["post-4908","product","type-product","status-publish","has-post-thumbnail","hentry","pwb-brand-mts","product_cat-b8-a5"],"brands":[{"id":83,"name":"MTS","slug":"mts"}],"yoast_head":"<!-- This site is optimized with the Yoast SEO plugin v24.7 - https:\/\/yoast.com\/wordpress\/plugins\/seo\/ -->\n<title>MTS Gold Street Audi A5 B8 Cabrio MTSGWAU24 - CoiloversPL<\/title>\n<meta name=\"robots\" content=\"index, follow, max-snippet:-1, max-image-preview:large, max-video-preview:-1\" \/>\n<link rel=\"canonical\" href=\"https:\/\/coilovers.pl\/index.php\/produkt\/mts-gold-street-audi-a5-b8-cabrio-mtsgwau24\/\" \/>\n<meta property=\"og:locale\" content=\"pl_PL\" \/>\n<meta property=\"og:type\" content=\"article\" \/>\n<meta property=\"og:title\" content=\"MTS Gold Street Audi A5 B8 Cabrio MTSGWAU24 - CoiloversPL\" \/>\n<meta property=\"og:description\" content=\"Marka Audi Model A5 B8 Cabriolet Typ 8F7 Silnik 1.8TFSI \/ 2.0TFSI \/ 3.0TFSI \/ 3.2FSI \/ 2.0TDI \/ 2.7TDI \/ 3.0TDI Rocznik 03\/09 &#8211; 01\/17 Seria: street Max. nacisk na przedni\u0105 o\u015b: 1081 &#8211; 1245 kg Max. nacisk na tyln\u0105 o\u015b: -1365 kg Obni\u017cenie prz\u00f3d: 15 &#8211; 70 mm Obni\u017cenie ty\u0142: 15 &#8211; 70 &hellip; MTS Gold Street Audi A5 B8 Cabrio MTSGWAU24 Read More &raquo;\" \/>\n<meta property=\"og:url\" content=\"https:\/\/coilovers.pl\/index.php\/produkt\/mts-gold-street-audi-a5-b8-cabrio-mtsgwau24\/\" \/>\n<meta property=\"og:site_name\" content=\"CoiloversPL\" \/>\n<meta property=\"article:publisher\" content=\"https:\/\/www.facebook.com\/coiloverspl\" \/>\n<meta property=\"og:image\" content=\"https:\/\/coilovers.pl\/wp-content\/uploads\/2023\/10\/a4-b8.jpg\" \/>\n\t<meta property=\"og:image:width\" content=\"1000\" \/>\n\t<meta property=\"og:image:height\" content=\"667\" \/>\n\t<meta property=\"og:image:type\" content=\"image\/jpeg\" \/>\n<meta name=\"twitter:card\" content=\"summary_large_image\" \/>\n<script type=\"application\/ld+json\" class=\"yoast-schema-graph\">{\"@context\":\"https:\/\/schema.org\",\"@graph\":[{\"@type\":\"WebPage\",\"@id\":\"https:\/\/coilovers.pl\/index.php\/produkt\/mts-gold-street-audi-a5-b8-cabrio-mtsgwau24\/\",\"url\":\"https:\/\/coilovers.pl\/index.php\/produkt\/mts-gold-street-audi-a5-b8-cabrio-mtsgwau24\/\",\"name\":\"MTS Gold Street Audi A5 B8 Cabrio MTSGWAU24 - CoiloversPL\",\"isPartOf\":{\"@id\":\"https:\/\/coilovers.pl\/#website\"},\"primaryImageOfPage\":{\"@id\":\"https:\/\/coilovers.pl\/index.php\/produkt\/mts-gold-street-audi-a5-b8-cabrio-mtsgwau24\/#primaryimage\"},\"image\":{\"@id\":\"https:\/\/coilovers.pl\/index.php\/produkt\/mts-gold-street-audi-a5-b8-cabrio-mtsgwau24\/#primaryimage\"},\"thumbnailUrl\":\"https:\/\/coilovers.pl\/wp-content\/uploads\/2023\/10\/a4-b8.jpg\",\"datePublished\":\"2023-10-04T09:48:27+00:00\",\"breadcrumb\":{\"@id\":\"https:\/\/coilovers.pl\/index.php\/produkt\/mts-gold-street-audi-a5-b8-cabrio-mtsgwau24\/#breadcrumb\"},\"inLanguage\":\"pl-PL\",\"potentialAction\":[{\"@type\":\"ReadAction\",\"target\":[\"https:\/\/coilovers.pl\/index.php\/produkt\/mts-gold-street-audi-a5-b8-cabrio-mtsgwau24\/\"]}]},{\"@type\":\"ImageObject\",\"inLanguage\":\"pl-PL\",\"@id\":\"https:\/\/coilovers.pl\/index.php\/produkt\/mts-gold-street-audi-a5-b8-cabrio-mtsgwau24\/#primaryimage\",\"url\":\"https:\/\/coilovers.pl\/wp-content\/uploads\/2023\/10\/a4-b8.jpg\",\"contentUrl\":\"https:\/\/coilovers.pl\/wp-content\/uploads\/2023\/10\/a4-b8.jpg\",\"width\":1000,\"height\":667},{\"@type\":\"BreadcrumbList\",\"@id\":\"https:\/\/coilovers.pl\/index.php\/produkt\/mts-gold-street-audi-a5-b8-cabrio-mtsgwau24\/#breadcrumb\",\"itemListElement\":[{\"@type\":\"ListItem\",\"position\":1,\"name\":\"Strona g\u0142\u00f3wna\",\"item\":\"https:\/\/coilovers.pl\/\"},{\"@type\":\"ListItem\",\"position\":2,\"name\":\"Sklep\",\"item\":\"https:\/\/coilovers.pl\/index.php\/sklep\/\"},{\"@type\":\"ListItem\",\"position\":3,\"name\":\"MTS Gold Street Audi A5 B8 Cabrio MTSGWAU24\"}]},{\"@type\":\"WebSite\",\"@id\":\"https:\/\/coilovers.pl\/#website\",\"url\":\"https:\/\/coilovers.pl\/\",\"name\":\"CoiloversPL\",\"description\":\"Zawieszenia Felgi Samochody\",\"publisher\":{\"@id\":\"https:\/\/coilovers.pl\/#organization\"},\"potentialAction\":[{\"@type\":\"SearchAction\",\"target\":{\"@type\":\"EntryPoint\",\"urlTemplate\":\"https:\/\/coilovers.pl\/?s={search_term_string}\"},\"query-input\":{\"@type\":\"PropertyValueSpecification\",\"valueRequired\":true,\"valueName\":\"search_term_string\"}}],\"inLanguage\":\"pl-PL\"},{\"@type\":\"Organization\",\"@id\":\"https:\/\/coilovers.pl\/#organization\",\"name\":\"CoiloversPL\",\"url\":\"https:\/\/coilovers.pl\/\",\"logo\":{\"@type\":\"ImageObject\",\"inLanguage\":\"pl-PL\",\"@id\":\"https:\/\/coilovers.pl\/#\/schema\/logo\/image\/\",\"url\":\"https:\/\/coilovers.pl\/wp-content\/uploads\/2021\/02\/cropped-logo.png\",\"contentUrl\":\"https:\/\/coilovers.pl\/wp-content\/uploads\/2021\/02\/cropped-logo.png\",\"width\":3039,\"height\":864,\"caption\":\"CoiloversPL\"},\"image\":{\"@id\":\"https:\/\/coilovers.pl\/#\/schema\/logo\/image\/\"},\"sameAs\":[\"https:\/\/www.facebook.com\/coiloverspl\",\"https:\/\/www.instagram.com\/coilovers_pl\/\"]}]}<\/script>\n<!-- \/ Yoast SEO plugin. -->","yoast_head_json":{"title":"MTS Gold Street Audi A5 B8 Cabrio MTSGWAU24 - CoiloversPL","robots":{"index":"index","follow":"follow","max-snippet":"max-snippet:-1","max-image-preview":"max-image-preview:large","max-video-preview":"max-video-preview:-1"},"canonical":"https:\/\/coilovers.pl\/index.php\/produkt\/mts-gold-street-audi-a5-b8-cabrio-mtsgwau24\/","og_locale":"pl_PL","og_type":"article","og_title":"MTS Gold Street Audi A5 B8 Cabrio MTSGWAU24 - CoiloversPL","og_description":"Marka Audi Model A5 B8 Cabriolet Typ 8F7 Silnik 1.8TFSI \/ 2.0TFSI \/ 3.0TFSI \/ 3.2FSI \/ 2.0TDI \/ 2.7TDI \/ 3.0TDI Rocznik 03\/09 &#8211; 01\/17 Seria: street Max. nacisk na przedni\u0105 o\u015b: 1081 &#8211; 1245 kg Max. nacisk na tyln\u0105 o\u015b: -1365 kg Obni\u017cenie prz\u00f3d: 15 &#8211; 70 mm Obni\u017cenie ty\u0142: 15 &#8211; 70 &hellip; MTS Gold Street Audi A5 B8 Cabrio MTSGWAU24 Read More &raquo;","og_url":"https:\/\/coilovers.pl\/index.php\/produkt\/mts-gold-street-audi-a5-b8-cabrio-mtsgwau24\/","og_site_name":"CoiloversPL","article_publisher":"https:\/\/www.facebook.com\/coiloverspl","og_image":[{"width":1000,"height":667,"url":"https:\/\/coilovers.pl\/wp-content\/uploads\/2023\/10\/a4-b8.jpg","type":"image\/jpeg"}],"twitter_card":"summary_large_image","schema":{"@context":"https:\/\/schema.org","@graph":[{"@type":"WebPage","@id":"https:\/\/coilovers.pl\/index.php\/produkt\/mts-gold-street-audi-a5-b8-cabrio-mtsgwau24\/","url":"https:\/\/coilovers.pl\/index.php\/produkt\/mts-gold-street-audi-a5-b8-cabrio-mtsgwau24\/","name":"MTS Gold Street Audi A5 B8 Cabrio MTSGWAU24 - CoiloversPL","isPartOf":{"@id":"https:\/\/coilovers.pl\/#website"},"primaryImageOfPage":{"@id":"https:\/\/coilovers.pl\/index.php\/produkt\/mts-gold-street-audi-a5-b8-cabrio-mtsgwau24\/#primaryimage"},"image":{"@id":"https:\/\/coilovers.pl\/index.php\/produkt\/mts-gold-street-audi-a5-b8-cabrio-mtsgwau24\/#primaryimage"},"thumbnailUrl":"https:\/\/coilovers.pl\/wp-content\/uploads\/2023\/10\/a4-b8.jpg","datePublished":"2023-10-04T09:48:27+00:00","breadcrumb":{"@id":"https:\/\/coilovers.pl\/index.php\/produkt\/mts-gold-street-audi-a5-b8-cabrio-mtsgwau24\/#breadcrumb"},"inLanguage":"pl-PL","potentialAction":[{"@type":"ReadAction","target":["https:\/\/coilovers.pl\/index.php\/produkt\/mts-gold-street-audi-a5-b8-cabrio-mtsgwau24\/"]}]},{"@type":"ImageObject","inLanguage":"pl-PL","@id":"https:\/\/coilovers.pl\/index.php\/produkt\/mts-gold-street-audi-a5-b8-cabrio-mtsgwau24\/#primaryimage","url":"https:\/\/coilovers.pl\/wp-content\/uploads\/2023\/10\/a4-b8.jpg","contentUrl":"https:\/\/coilovers.pl\/wp-content\/uploads\/2023\/10\/a4-b8.jpg","width":1000,"height":667},{"@type":"BreadcrumbList","@id":"https:\/\/coilovers.pl\/index.php\/produkt\/mts-gold-street-audi-a5-b8-cabrio-mtsgwau24\/#breadcrumb","itemListElement":[{"@type":"ListItem","position":1,"name":"Strona g\u0142\u00f3wna","item":"https:\/\/coilovers.pl\/"},{"@type":"ListItem","position":2,"name":"Sklep","item":"https:\/\/coilovers.pl\/index.php\/sklep\/"},{"@type":"ListItem","position":3,"name":"MTS Gold Street Audi A5 B8 Cabrio MTSGWAU24"}]},{"@type":"WebSite","@id":"https:\/\/coilovers.pl\/#website","url":"https:\/\/coilovers.pl\/","name":"CoiloversPL","description":"Zawieszenia Felgi Samochody","publisher":{"@id":"https:\/\/coilovers.pl\/#organization"},"potentialAction":[{"@type":"SearchAction","target":{"@type":"EntryPoint","urlTemplate":"https:\/\/coilovers.pl\/?s={search_term_string}"},"query-input":{"@type":"PropertyValueSpecification","valueRequired":true,"valueName":"search_term_string"}}],"inLanguage":"pl-PL"},{"@type":"Organization","@id":"https:\/\/coilovers.pl\/#organization","name":"CoiloversPL","url":"https:\/\/coilovers.pl\/","logo":{"@type":"ImageObject","inLanguage":"pl-PL","@id":"https:\/\/coilovers.pl\/#\/schema\/logo\/image\/","url":"https:\/\/coilovers.pl\/wp-content\/uploads\/2021\/02\/cropped-logo.png","contentUrl":"https:\/\/coilovers.pl\/wp-content\/uploads\/2021\/02\/cropped-logo.png","width":3039,"height":864,"caption":"CoiloversPL"},"image":{"@id":"https:\/\/coilovers.pl\/#\/schema\/logo\/image\/"},"sameAs":["https:\/\/www.facebook.com\/coiloverspl","https:\/\/www.instagram.com\/coilovers_pl\/"]}]}},"_links":{"self":[{"href":"https:\/\/coilovers.pl\/index.php\/wp-json\/wp\/v2\/product\/4908","targetHints":{"allow":["GET"]}}],"collection":[{"href":"https:\/\/coilovers.pl\/index.php\/wp-json\/wp\/v2\/product"}],"about":[{"href":"https:\/\/coilovers.pl\/index.php\/wp-json\/wp\/v2\/types\/product"}],"wp:featuredmedia":[{"embeddable":true,"href":"https:\/\/coilovers.pl\/index.php\/wp-json\/wp\/v2\/media\/4893"}],"wp:attachment":[{"href":"https:\/\/coilovers.pl\/index.php\/wp-json\/wp\/v2\/media?parent=4908"}],"curies":[{"name":"wp","href":"https:\/\/api.w.org\/{rel}","templated":true}]}}