{"id":4398,"date":"2023-06-20T11:05:22","date_gmt":"2023-06-20T09:05:22","guid":{"rendered":"https:\/\/coilovers.pl\/?post_type=product&#038;p=4398"},"modified":"2023-06-20T11:05:22","modified_gmt":"2023-06-20T09:05:22","slug":"sprezyny-obnizajace-mts-mtsxpe018-peugeot-207","status":"publish","type":"product","link":"https:\/\/coilovers.pl\/index.php\/produkt\/sprezyny-obnizajace-mts-mtsxpe018-peugeot-207\/","title":{"rendered":"Spr\u0119\u017cyny obni\u017caj\u0105ce MTS MTSXPE018 Peugeot 207"},"content":{"rendered":"<div class=\"car_parameters\">\n<div class=\"car_parameters_sub\">\n<div class=\"n56173_main\">\n<div class=\"n56173_sub\">\n<table class=\"n54117_dictionary\">\n<tbody>\n<tr class=\"element\">\n<td class=\"n54117_item_a1\">Marka<\/td>\n<td class=\"n54117_item_b1\">\n<div class=\"n54117_item_b_sub\">Peugeot<\/div>\n<\/td>\n<\/tr>\n<tr class=\"element\">\n<td class=\"n54117_item_a2\">Model<\/td>\n<td class=\"n54117_item_b2\">\n<div class=\"n54117_item_b_sub\">207 Hatchback<\/div>\n<\/td>\n<\/tr>\n<tr class=\"element\">\n<td class=\"n54117_item_a1\">Typ<\/td>\n<td class=\"n54117_item_b1\">\n<div class=\"n54117_item_b_sub\">WA\/WC<\/div>\n<\/td>\n<\/tr>\n<tr class=\"element\">\n<td class=\"n54117_item_a2\">Silnik<\/td>\n<td class=\"n54117_item_b2\">\n<div class=\"n54117_item_b_sub\">1.6 \/ 1.6Turbo (150KM) \/ 1.6HDI<\/div>\n<\/td>\n<\/tr>\n<tr class=\"element\">\n<td class=\"n54117_item_a1\">Rocznik<\/td>\n<td class=\"n54117_item_b1\">\n<div class=\"n54117_item_b_sub\">2006 &#8211; 07\/12<\/div>\n<\/td>\n<\/tr>\n<\/tbody>\n<\/table>\n<\/div>\n<\/div>\n<\/div>\n<\/div>\n<div class=\"wrapper_dictionary\">\n<div class=\"n56173_label\"><span class=\"n56173_2_label\">DANE PRODUKTU<\/span><\/div>\n<div id=\"component_projector_dictionary_no\" class=\"component_projector_dictionary\">\n<div class=\"n56173_main\">\n<div class=\"n56173_sub\">\n<table class=\"n54117_dictionary\">\n<tbody>\n<tr class=\"element\">\n<td class=\"n54117_item_a1\">Max. nacisk na przedni\u0105 o\u015b<span class=\"n67256colon\">:<\/span><\/td>\n<td class=\"n54117_item_b1\">\n<div class=\"n54117_item_b_sub\">-1050 kg<\/div>\n<\/td>\n<\/tr>\n<tr class=\"element\">\n<td class=\"n54117_item_a2\">Max. nacisk na tyln\u0105 o\u015b<span class=\"n67256colon\">:<\/span><\/td>\n<td class=\"n54117_item_b2\">\n<div class=\"n54117_item_b_sub\">-900 kg<\/div>\n<\/td>\n<\/tr>\n<tr class=\"element\">\n<td class=\"n54117_item_a1\">Obni\u017cenie<span class=\"n67256colon\">:<\/span><\/td>\n<td class=\"n54117_item_b1\">\n<div class=\"n54117_item_b_sub\">45\/45 mm<\/div>\n<\/td>\n<\/tr>\n<tr class=\"element\">\n<td class=\"n54117_item_a2\">Certyfikat TUV<span class=\"n67256colon\">:<\/span><\/td>\n<td class=\"n54117_item_b2\">\n<div class=\"n54117_item_b_sub\">nie<\/div>\n<\/td>\n<\/tr>\n<\/tbody>\n<\/table>\n<\/div>\n<\/div>\n<\/div>\n<\/div>\n<div class=\"additional_comments \">\n<div class=\"additional_comments_label\"><span class=\"additional_comments_label_sub\">UWAGI<\/span><\/div>\n<div class=\"additional_comments_sub\">\n<div class=\"additional_comment\">78 &#8211; Zalecamy zastosowanie skr\u00f3conych, sportowych amortyzator\u00f3w do tego zestawu.<\/div>\n<div class=\"additional_comment\">189 &#8211; W przypadku dodatkowego, niestandardowego wyposa\u017cenia (np. hak holowniczy, instalacja LPG) rzeczywiste obni\u017cenie auta mo\u017ce r\u00f3\u017cni\u0107 si\u0119 od deklarowanego.<\/div>\n<\/div>\n<\/div>\n","protected":false},"excerpt":{"rendered":"<p>Spr\u0119\u017cyny produkowane pod klienta.<br \/>\nCzas realizacji do 14 dni roboczych.<\/p>\n","protected":false},"featured_media":1176,"template":"","meta":[],"class_list":["post-4398","product","type-product","status-publish","has-post-thumbnail","hentry","pwb-brand-mts","product_cat-345"],"brands":[{"id":83,"name":"MTS","slug":"mts"}],"yoast_head":"<!-- This site is optimized with the Yoast SEO plugin v24.7 - https:\/\/yoast.com\/wordpress\/plugins\/seo\/ -->\n<title>Spr\u0119\u017cyny obni\u017caj\u0105ce MTS MTSXPE018 Peugeot 207 - CoiloversPL<\/title>\n<meta name=\"robots\" content=\"index, follow, max-snippet:-1, max-image-preview:large, max-video-preview:-1\" \/>\n<link rel=\"canonical\" href=\"https:\/\/coilovers.pl\/index.php\/produkt\/sprezyny-obnizajace-mts-mtsxpe018-peugeot-207\/\" \/>\n<meta property=\"og:locale\" content=\"pl_PL\" \/>\n<meta property=\"og:type\" content=\"article\" \/>\n<meta property=\"og:title\" content=\"Spr\u0119\u017cyny obni\u017caj\u0105ce MTS MTSXPE018 Peugeot 207 - CoiloversPL\" \/>\n<meta property=\"og:description\" content=\"Spr\u0119\u017cyny produkowane pod klienta. Czas realizacji do 14 dni roboczych.\" \/>\n<meta property=\"og:url\" content=\"https:\/\/coilovers.pl\/index.php\/produkt\/sprezyny-obnizajace-mts-mtsxpe018-peugeot-207\/\" \/>\n<meta property=\"og:site_name\" content=\"CoiloversPL\" \/>\n<meta property=\"article:publisher\" content=\"https:\/\/www.facebook.com\/coiloverspl\" \/>\n<meta property=\"og:image\" content=\"https:\/\/coilovers.pl\/wp-content\/uploads\/2021\/03\/MTSXFI086.jpg\" \/>\n\t<meta property=\"og:image:width\" content=\"1280\" \/>\n\t<meta property=\"og:image:height\" content=\"850\" \/>\n\t<meta property=\"og:image:type\" content=\"image\/jpeg\" \/>\n<meta name=\"twitter:card\" content=\"summary_large_image\" \/>\n<script type=\"application\/ld+json\" class=\"yoast-schema-graph\">{\"@context\":\"https:\/\/schema.org\",\"@graph\":[{\"@type\":\"WebPage\",\"@id\":\"https:\/\/coilovers.pl\/index.php\/produkt\/sprezyny-obnizajace-mts-mtsxpe018-peugeot-207\/\",\"url\":\"https:\/\/coilovers.pl\/index.php\/produkt\/sprezyny-obnizajace-mts-mtsxpe018-peugeot-207\/\",\"name\":\"Spr\u0119\u017cyny obni\u017caj\u0105ce MTS MTSXPE018 Peugeot 207 - CoiloversPL\",\"isPartOf\":{\"@id\":\"https:\/\/coilovers.pl\/#website\"},\"primaryImageOfPage\":{\"@id\":\"https:\/\/coilovers.pl\/index.php\/produkt\/sprezyny-obnizajace-mts-mtsxpe018-peugeot-207\/#primaryimage\"},\"image\":{\"@id\":\"https:\/\/coilovers.pl\/index.php\/produkt\/sprezyny-obnizajace-mts-mtsxpe018-peugeot-207\/#primaryimage\"},\"thumbnailUrl\":\"https:\/\/coilovers.pl\/wp-content\/uploads\/2021\/03\/MTSXFI086.jpg\",\"datePublished\":\"2023-06-20T09:05:22+00:00\",\"breadcrumb\":{\"@id\":\"https:\/\/coilovers.pl\/index.php\/produkt\/sprezyny-obnizajace-mts-mtsxpe018-peugeot-207\/#breadcrumb\"},\"inLanguage\":\"pl-PL\",\"potentialAction\":[{\"@type\":\"ReadAction\",\"target\":[\"https:\/\/coilovers.pl\/index.php\/produkt\/sprezyny-obnizajace-mts-mtsxpe018-peugeot-207\/\"]}]},{\"@type\":\"ImageObject\",\"inLanguage\":\"pl-PL\",\"@id\":\"https:\/\/coilovers.pl\/index.php\/produkt\/sprezyny-obnizajace-mts-mtsxpe018-peugeot-207\/#primaryimage\",\"url\":\"https:\/\/coilovers.pl\/wp-content\/uploads\/2021\/03\/MTSXFI086.jpg\",\"contentUrl\":\"https:\/\/coilovers.pl\/wp-content\/uploads\/2021\/03\/MTSXFI086.jpg\",\"width\":1280,\"height\":850},{\"@type\":\"BreadcrumbList\",\"@id\":\"https:\/\/coilovers.pl\/index.php\/produkt\/sprezyny-obnizajace-mts-mtsxpe018-peugeot-207\/#breadcrumb\",\"itemListElement\":[{\"@type\":\"ListItem\",\"position\":1,\"name\":\"Strona g\u0142\u00f3wna\",\"item\":\"https:\/\/coilovers.pl\/\"},{\"@type\":\"ListItem\",\"position\":2,\"name\":\"Sklep\",\"item\":\"https:\/\/coilovers.pl\/index.php\/sklep\/\"},{\"@type\":\"ListItem\",\"position\":3,\"name\":\"Spr\u0119\u017cyny obni\u017caj\u0105ce MTS MTSXPE018 Peugeot 207\"}]},{\"@type\":\"WebSite\",\"@id\":\"https:\/\/coilovers.pl\/#website\",\"url\":\"https:\/\/coilovers.pl\/\",\"name\":\"CoiloversPL\",\"description\":\"Zawieszenia Felgi Samochody\",\"publisher\":{\"@id\":\"https:\/\/coilovers.pl\/#organization\"},\"potentialAction\":[{\"@type\":\"SearchAction\",\"target\":{\"@type\":\"EntryPoint\",\"urlTemplate\":\"https:\/\/coilovers.pl\/?s={search_term_string}\"},\"query-input\":{\"@type\":\"PropertyValueSpecification\",\"valueRequired\":true,\"valueName\":\"search_term_string\"}}],\"inLanguage\":\"pl-PL\"},{\"@type\":\"Organization\",\"@id\":\"https:\/\/coilovers.pl\/#organization\",\"name\":\"CoiloversPL\",\"url\":\"https:\/\/coilovers.pl\/\",\"logo\":{\"@type\":\"ImageObject\",\"inLanguage\":\"pl-PL\",\"@id\":\"https:\/\/coilovers.pl\/#\/schema\/logo\/image\/\",\"url\":\"https:\/\/coilovers.pl\/wp-content\/uploads\/2021\/02\/cropped-logo.png\",\"contentUrl\":\"https:\/\/coilovers.pl\/wp-content\/uploads\/2021\/02\/cropped-logo.png\",\"width\":3039,\"height\":864,\"caption\":\"CoiloversPL\"},\"image\":{\"@id\":\"https:\/\/coilovers.pl\/#\/schema\/logo\/image\/\"},\"sameAs\":[\"https:\/\/www.facebook.com\/coiloverspl\",\"https:\/\/www.instagram.com\/coilovers_pl\/\"]}]}<\/script>\n<!-- \/ Yoast SEO plugin. -->","yoast_head_json":{"title":"Spr\u0119\u017cyny obni\u017caj\u0105ce MTS MTSXPE018 Peugeot 207 - CoiloversPL","robots":{"index":"index","follow":"follow","max-snippet":"max-snippet:-1","max-image-preview":"max-image-preview:large","max-video-preview":"max-video-preview:-1"},"canonical":"https:\/\/coilovers.pl\/index.php\/produkt\/sprezyny-obnizajace-mts-mtsxpe018-peugeot-207\/","og_locale":"pl_PL","og_type":"article","og_title":"Spr\u0119\u017cyny obni\u017caj\u0105ce MTS MTSXPE018 Peugeot 207 - CoiloversPL","og_description":"Spr\u0119\u017cyny produkowane pod klienta. Czas realizacji do 14 dni roboczych.","og_url":"https:\/\/coilovers.pl\/index.php\/produkt\/sprezyny-obnizajace-mts-mtsxpe018-peugeot-207\/","og_site_name":"CoiloversPL","article_publisher":"https:\/\/www.facebook.com\/coiloverspl","og_image":[{"width":1280,"height":850,"url":"https:\/\/coilovers.pl\/wp-content\/uploads\/2021\/03\/MTSXFI086.jpg","type":"image\/jpeg"}],"twitter_card":"summary_large_image","schema":{"@context":"https:\/\/schema.org","@graph":[{"@type":"WebPage","@id":"https:\/\/coilovers.pl\/index.php\/produkt\/sprezyny-obnizajace-mts-mtsxpe018-peugeot-207\/","url":"https:\/\/coilovers.pl\/index.php\/produkt\/sprezyny-obnizajace-mts-mtsxpe018-peugeot-207\/","name":"Spr\u0119\u017cyny obni\u017caj\u0105ce MTS MTSXPE018 Peugeot 207 - CoiloversPL","isPartOf":{"@id":"https:\/\/coilovers.pl\/#website"},"primaryImageOfPage":{"@id":"https:\/\/coilovers.pl\/index.php\/produkt\/sprezyny-obnizajace-mts-mtsxpe018-peugeot-207\/#primaryimage"},"image":{"@id":"https:\/\/coilovers.pl\/index.php\/produkt\/sprezyny-obnizajace-mts-mtsxpe018-peugeot-207\/#primaryimage"},"thumbnailUrl":"https:\/\/coilovers.pl\/wp-content\/uploads\/2021\/03\/MTSXFI086.jpg","datePublished":"2023-06-20T09:05:22+00:00","breadcrumb":{"@id":"https:\/\/coilovers.pl\/index.php\/produkt\/sprezyny-obnizajace-mts-mtsxpe018-peugeot-207\/#breadcrumb"},"inLanguage":"pl-PL","potentialAction":[{"@type":"ReadAction","target":["https:\/\/coilovers.pl\/index.php\/produkt\/sprezyny-obnizajace-mts-mtsxpe018-peugeot-207\/"]}]},{"@type":"ImageObject","inLanguage":"pl-PL","@id":"https:\/\/coilovers.pl\/index.php\/produkt\/sprezyny-obnizajace-mts-mtsxpe018-peugeot-207\/#primaryimage","url":"https:\/\/coilovers.pl\/wp-content\/uploads\/2021\/03\/MTSXFI086.jpg","contentUrl":"https:\/\/coilovers.pl\/wp-content\/uploads\/2021\/03\/MTSXFI086.jpg","width":1280,"height":850},{"@type":"BreadcrumbList","@id":"https:\/\/coilovers.pl\/index.php\/produkt\/sprezyny-obnizajace-mts-mtsxpe018-peugeot-207\/#breadcrumb","itemListElement":[{"@type":"ListItem","position":1,"name":"Strona g\u0142\u00f3wna","item":"https:\/\/coilovers.pl\/"},{"@type":"ListItem","position":2,"name":"Sklep","item":"https:\/\/coilovers.pl\/index.php\/sklep\/"},{"@type":"ListItem","position":3,"name":"Spr\u0119\u017cyny obni\u017caj\u0105ce MTS MTSXPE018 Peugeot 207"}]},{"@type":"WebSite","@id":"https:\/\/coilovers.pl\/#website","url":"https:\/\/coilovers.pl\/","name":"CoiloversPL","description":"Zawieszenia Felgi Samochody","publisher":{"@id":"https:\/\/coilovers.pl\/#organization"},"potentialAction":[{"@type":"SearchAction","target":{"@type":"EntryPoint","urlTemplate":"https:\/\/coilovers.pl\/?s={search_term_string}"},"query-input":{"@type":"PropertyValueSpecification","valueRequired":true,"valueName":"search_term_string"}}],"inLanguage":"pl-PL"},{"@type":"Organization","@id":"https:\/\/coilovers.pl\/#organization","name":"CoiloversPL","url":"https:\/\/coilovers.pl\/","logo":{"@type":"ImageObject","inLanguage":"pl-PL","@id":"https:\/\/coilovers.pl\/#\/schema\/logo\/image\/","url":"https:\/\/coilovers.pl\/wp-content\/uploads\/2021\/02\/cropped-logo.png","contentUrl":"https:\/\/coilovers.pl\/wp-content\/uploads\/2021\/02\/cropped-logo.png","width":3039,"height":864,"caption":"CoiloversPL"},"image":{"@id":"https:\/\/coilovers.pl\/#\/schema\/logo\/image\/"},"sameAs":["https:\/\/www.facebook.com\/coiloverspl","https:\/\/www.instagram.com\/coilovers_pl\/"]}]}},"_links":{"self":[{"href":"https:\/\/coilovers.pl\/index.php\/wp-json\/wp\/v2\/product\/4398","targetHints":{"allow":["GET"]}}],"collection":[{"href":"https:\/\/coilovers.pl\/index.php\/wp-json\/wp\/v2\/product"}],"about":[{"href":"https:\/\/coilovers.pl\/index.php\/wp-json\/wp\/v2\/types\/product"}],"wp:featuredmedia":[{"embeddable":true,"href":"https:\/\/coilovers.pl\/index.php\/wp-json\/wp\/v2\/media\/1176"}],"wp:attachment":[{"href":"https:\/\/coilovers.pl\/index.php\/wp-json\/wp\/v2\/media?parent=4398"}],"curies":[{"name":"wp","href":"https:\/\/api.w.org\/{rel}","templated":true}]}}