{"id":4067,"date":"2022-03-23T12:22:17","date_gmt":"2022-03-23T11:22:17","guid":{"rendered":"https:\/\/coilovers.pl\/?post_type=product&#038;p=4067"},"modified":"2024-11-05T14:31:07","modified_gmt":"2024-11-05T13:31:07","slug":"dts-line-sx-bmw-serii-1-f21","status":"publish","type":"product","link":"https:\/\/coilovers.pl\/index.php\/produkt\/dts-line-sx-bmw-serii-1-f21\/","title":{"rendered":"DTS Line SX BMW Serii 1 F21"},"content":{"rendered":"<p>Zawieszenie gwintowane z linii\u00a0<b>SX<\/b>.<\/p>\n<p><b>Obnizenie prz\u00f3d: -25 -50mm<\/b><\/p>\n<p><b>Obni\u017cenie ty\u0142: -30 -55mm<\/b><\/p>\n<p>Regulacja twardo\u015bci:\u00a0<b>NIE<\/b><\/p>\n<p>Obudowy zabezpieczone z\u0142otym ocynkiem.<\/p>\n<p>Do modeli F21 z nap\u0119dem na ty\u0142<\/p>\n<p><b>Obci\u0105\u017cenie osi przedniej do 1090kg<\/b><\/p>\n<p><b>Obci\u0105\u017cenie osi tylnej do 1230kg<\/b><\/p>\n","protected":false},"excerpt":{"rendered":"<p>Zawieszenie gwintowane z linii\u00a0SX. Obnizenie prz\u00f3d: -25 -50mm Obni\u017cenie ty\u0142: -30 -55mm Regulacja twardo\u015bci:\u00a0NIE Obudowy zabezpieczone z\u0142otym ocynkiem. Do modeli F21 z nap\u0119dem na ty\u0142 Obci\u0105\u017cenie osi przedniej do 1090kg Obci\u0105\u017cenie osi tylnej do 1230kg<\/p>\n","protected":false},"featured_media":3921,"template":"","meta":[],"class_list":["post-4067","product","type-product","status-publish","has-post-thumbnail","hentry","pwb-brand-dts","product_cat-f20-21"],"brands":[{"id":70,"name":"DTS","slug":"dts"}],"yoast_head":"<!-- This site is optimized with the Yoast SEO plugin v24.7 - https:\/\/yoast.com\/wordpress\/plugins\/seo\/ -->\n<title>DTS Line SX BMW Serii 1 F21 - CoiloversPL<\/title>\n<meta name=\"robots\" content=\"index, follow, max-snippet:-1, max-image-preview:large, max-video-preview:-1\" \/>\n<link rel=\"canonical\" href=\"https:\/\/coilovers.pl\/index.php\/produkt\/dts-line-sx-bmw-serii-1-f21\/\" \/>\n<meta property=\"og:locale\" content=\"pl_PL\" \/>\n<meta property=\"og:type\" content=\"article\" \/>\n<meta property=\"og:title\" content=\"DTS Line SX BMW Serii 1 F21 - CoiloversPL\" \/>\n<meta property=\"og:description\" content=\"Zawieszenie gwintowane z linii\u00a0SX. Obnizenie prz\u00f3d: -25 -50mm Obni\u017cenie ty\u0142: -30 -55mm Regulacja twardo\u015bci:\u00a0NIE Obudowy zabezpieczone z\u0142otym ocynkiem. Do modeli F21 z nap\u0119dem na ty\u0142 Obci\u0105\u017cenie osi przedniej do 1090kg Obci\u0105\u017cenie osi tylnej do 1230kg\" \/>\n<meta property=\"og:url\" content=\"https:\/\/coilovers.pl\/index.php\/produkt\/dts-line-sx-bmw-serii-1-f21\/\" \/>\n<meta property=\"og:site_name\" content=\"CoiloversPL\" \/>\n<meta property=\"article:publisher\" content=\"https:\/\/www.facebook.com\/coiloverspl\" \/>\n<meta property=\"article:modified_time\" content=\"2024-11-05T13:31:07+00:00\" \/>\n<meta property=\"og:image\" content=\"https:\/\/coilovers.pl\/wp-content\/uploads\/2022\/03\/bmw-Fxx.jpg\" \/>\n\t<meta property=\"og:image:width\" content=\"1600\" \/>\n\t<meta property=\"og:image:height\" content=\"1600\" \/>\n\t<meta property=\"og:image:type\" content=\"image\/jpeg\" \/>\n<meta name=\"twitter:card\" content=\"summary_large_image\" \/>\n<script type=\"application\/ld+json\" class=\"yoast-schema-graph\">{\"@context\":\"https:\/\/schema.org\",\"@graph\":[{\"@type\":\"WebPage\",\"@id\":\"https:\/\/coilovers.pl\/index.php\/produkt\/dts-line-sx-bmw-serii-1-f21\/\",\"url\":\"https:\/\/coilovers.pl\/index.php\/produkt\/dts-line-sx-bmw-serii-1-f21\/\",\"name\":\"DTS Line SX BMW Serii 1 F21 - CoiloversPL\",\"isPartOf\":{\"@id\":\"https:\/\/coilovers.pl\/#website\"},\"primaryImageOfPage\":{\"@id\":\"https:\/\/coilovers.pl\/index.php\/produkt\/dts-line-sx-bmw-serii-1-f21\/#primaryimage\"},\"image\":{\"@id\":\"https:\/\/coilovers.pl\/index.php\/produkt\/dts-line-sx-bmw-serii-1-f21\/#primaryimage\"},\"thumbnailUrl\":\"https:\/\/coilovers.pl\/wp-content\/uploads\/2022\/03\/bmw-Fxx.jpg\",\"datePublished\":\"2022-03-23T11:22:17+00:00\",\"dateModified\":\"2024-11-05T13:31:07+00:00\",\"breadcrumb\":{\"@id\":\"https:\/\/coilovers.pl\/index.php\/produkt\/dts-line-sx-bmw-serii-1-f21\/#breadcrumb\"},\"inLanguage\":\"pl-PL\",\"potentialAction\":[{\"@type\":\"ReadAction\",\"target\":[\"https:\/\/coilovers.pl\/index.php\/produkt\/dts-line-sx-bmw-serii-1-f21\/\"]}]},{\"@type\":\"ImageObject\",\"inLanguage\":\"pl-PL\",\"@id\":\"https:\/\/coilovers.pl\/index.php\/produkt\/dts-line-sx-bmw-serii-1-f21\/#primaryimage\",\"url\":\"https:\/\/coilovers.pl\/wp-content\/uploads\/2022\/03\/bmw-Fxx.jpg\",\"contentUrl\":\"https:\/\/coilovers.pl\/wp-content\/uploads\/2022\/03\/bmw-Fxx.jpg\",\"width\":1600,\"height\":1600},{\"@type\":\"BreadcrumbList\",\"@id\":\"https:\/\/coilovers.pl\/index.php\/produkt\/dts-line-sx-bmw-serii-1-f21\/#breadcrumb\",\"itemListElement\":[{\"@type\":\"ListItem\",\"position\":1,\"name\":\"Strona g\u0142\u00f3wna\",\"item\":\"https:\/\/coilovers.pl\/\"},{\"@type\":\"ListItem\",\"position\":2,\"name\":\"Sklep\",\"item\":\"https:\/\/coilovers.pl\/index.php\/sklep\/\"},{\"@type\":\"ListItem\",\"position\":3,\"name\":\"DTS Line SX BMW Serii 1 F21\"}]},{\"@type\":\"WebSite\",\"@id\":\"https:\/\/coilovers.pl\/#website\",\"url\":\"https:\/\/coilovers.pl\/\",\"name\":\"CoiloversPL\",\"description\":\"Zawieszenia Felgi Samochody\",\"publisher\":{\"@id\":\"https:\/\/coilovers.pl\/#organization\"},\"potentialAction\":[{\"@type\":\"SearchAction\",\"target\":{\"@type\":\"EntryPoint\",\"urlTemplate\":\"https:\/\/coilovers.pl\/?s={search_term_string}\"},\"query-input\":{\"@type\":\"PropertyValueSpecification\",\"valueRequired\":true,\"valueName\":\"search_term_string\"}}],\"inLanguage\":\"pl-PL\"},{\"@type\":\"Organization\",\"@id\":\"https:\/\/coilovers.pl\/#organization\",\"name\":\"CoiloversPL\",\"url\":\"https:\/\/coilovers.pl\/\",\"logo\":{\"@type\":\"ImageObject\",\"inLanguage\":\"pl-PL\",\"@id\":\"https:\/\/coilovers.pl\/#\/schema\/logo\/image\/\",\"url\":\"https:\/\/coilovers.pl\/wp-content\/uploads\/2021\/02\/cropped-logo.png\",\"contentUrl\":\"https:\/\/coilovers.pl\/wp-content\/uploads\/2021\/02\/cropped-logo.png\",\"width\":3039,\"height\":864,\"caption\":\"CoiloversPL\"},\"image\":{\"@id\":\"https:\/\/coilovers.pl\/#\/schema\/logo\/image\/\"},\"sameAs\":[\"https:\/\/www.facebook.com\/coiloverspl\",\"https:\/\/www.instagram.com\/coilovers_pl\/\"]}]}<\/script>\n<!-- \/ Yoast SEO plugin. -->","yoast_head_json":{"title":"DTS Line SX BMW Serii 1 F21 - CoiloversPL","robots":{"index":"index","follow":"follow","max-snippet":"max-snippet:-1","max-image-preview":"max-image-preview:large","max-video-preview":"max-video-preview:-1"},"canonical":"https:\/\/coilovers.pl\/index.php\/produkt\/dts-line-sx-bmw-serii-1-f21\/","og_locale":"pl_PL","og_type":"article","og_title":"DTS Line SX BMW Serii 1 F21 - CoiloversPL","og_description":"Zawieszenie gwintowane z linii\u00a0SX. Obnizenie prz\u00f3d: -25 -50mm Obni\u017cenie ty\u0142: -30 -55mm Regulacja twardo\u015bci:\u00a0NIE Obudowy zabezpieczone z\u0142otym ocynkiem. Do modeli F21 z nap\u0119dem na ty\u0142 Obci\u0105\u017cenie osi przedniej do 1090kg Obci\u0105\u017cenie osi tylnej do 1230kg","og_url":"https:\/\/coilovers.pl\/index.php\/produkt\/dts-line-sx-bmw-serii-1-f21\/","og_site_name":"CoiloversPL","article_publisher":"https:\/\/www.facebook.com\/coiloverspl","article_modified_time":"2024-11-05T13:31:07+00:00","og_image":[{"width":1600,"height":1600,"url":"https:\/\/coilovers.pl\/wp-content\/uploads\/2022\/03\/bmw-Fxx.jpg","type":"image\/jpeg"}],"twitter_card":"summary_large_image","schema":{"@context":"https:\/\/schema.org","@graph":[{"@type":"WebPage","@id":"https:\/\/coilovers.pl\/index.php\/produkt\/dts-line-sx-bmw-serii-1-f21\/","url":"https:\/\/coilovers.pl\/index.php\/produkt\/dts-line-sx-bmw-serii-1-f21\/","name":"DTS Line SX BMW Serii 1 F21 - CoiloversPL","isPartOf":{"@id":"https:\/\/coilovers.pl\/#website"},"primaryImageOfPage":{"@id":"https:\/\/coilovers.pl\/index.php\/produkt\/dts-line-sx-bmw-serii-1-f21\/#primaryimage"},"image":{"@id":"https:\/\/coilovers.pl\/index.php\/produkt\/dts-line-sx-bmw-serii-1-f21\/#primaryimage"},"thumbnailUrl":"https:\/\/coilovers.pl\/wp-content\/uploads\/2022\/03\/bmw-Fxx.jpg","datePublished":"2022-03-23T11:22:17+00:00","dateModified":"2024-11-05T13:31:07+00:00","breadcrumb":{"@id":"https:\/\/coilovers.pl\/index.php\/produkt\/dts-line-sx-bmw-serii-1-f21\/#breadcrumb"},"inLanguage":"pl-PL","potentialAction":[{"@type":"ReadAction","target":["https:\/\/coilovers.pl\/index.php\/produkt\/dts-line-sx-bmw-serii-1-f21\/"]}]},{"@type":"ImageObject","inLanguage":"pl-PL","@id":"https:\/\/coilovers.pl\/index.php\/produkt\/dts-line-sx-bmw-serii-1-f21\/#primaryimage","url":"https:\/\/coilovers.pl\/wp-content\/uploads\/2022\/03\/bmw-Fxx.jpg","contentUrl":"https:\/\/coilovers.pl\/wp-content\/uploads\/2022\/03\/bmw-Fxx.jpg","width":1600,"height":1600},{"@type":"BreadcrumbList","@id":"https:\/\/coilovers.pl\/index.php\/produkt\/dts-line-sx-bmw-serii-1-f21\/#breadcrumb","itemListElement":[{"@type":"ListItem","position":1,"name":"Strona g\u0142\u00f3wna","item":"https:\/\/coilovers.pl\/"},{"@type":"ListItem","position":2,"name":"Sklep","item":"https:\/\/coilovers.pl\/index.php\/sklep\/"},{"@type":"ListItem","position":3,"name":"DTS Line SX BMW Serii 1 F21"}]},{"@type":"WebSite","@id":"https:\/\/coilovers.pl\/#website","url":"https:\/\/coilovers.pl\/","name":"CoiloversPL","description":"Zawieszenia Felgi Samochody","publisher":{"@id":"https:\/\/coilovers.pl\/#organization"},"potentialAction":[{"@type":"SearchAction","target":{"@type":"EntryPoint","urlTemplate":"https:\/\/coilovers.pl\/?s={search_term_string}"},"query-input":{"@type":"PropertyValueSpecification","valueRequired":true,"valueName":"search_term_string"}}],"inLanguage":"pl-PL"},{"@type":"Organization","@id":"https:\/\/coilovers.pl\/#organization","name":"CoiloversPL","url":"https:\/\/coilovers.pl\/","logo":{"@type":"ImageObject","inLanguage":"pl-PL","@id":"https:\/\/coilovers.pl\/#\/schema\/logo\/image\/","url":"https:\/\/coilovers.pl\/wp-content\/uploads\/2021\/02\/cropped-logo.png","contentUrl":"https:\/\/coilovers.pl\/wp-content\/uploads\/2021\/02\/cropped-logo.png","width":3039,"height":864,"caption":"CoiloversPL"},"image":{"@id":"https:\/\/coilovers.pl\/#\/schema\/logo\/image\/"},"sameAs":["https:\/\/www.facebook.com\/coiloverspl","https:\/\/www.instagram.com\/coilovers_pl\/"]}]}},"_links":{"self":[{"href":"https:\/\/coilovers.pl\/index.php\/wp-json\/wp\/v2\/product\/4067","targetHints":{"allow":["GET"]}}],"collection":[{"href":"https:\/\/coilovers.pl\/index.php\/wp-json\/wp\/v2\/product"}],"about":[{"href":"https:\/\/coilovers.pl\/index.php\/wp-json\/wp\/v2\/types\/product"}],"wp:featuredmedia":[{"embeddable":true,"href":"https:\/\/coilovers.pl\/index.php\/wp-json\/wp\/v2\/media\/3921"}],"wp:attachment":[{"href":"https:\/\/coilovers.pl\/index.php\/wp-json\/wp\/v2\/media?parent=4067"}],"curies":[{"name":"wp","href":"https:\/\/api.w.org\/{rel}","templated":true}]}}