{"id":3676,"date":"2021-05-10T15:44:06","date_gmt":"2021-05-10T13:44:06","guid":{"rendered":"https:\/\/coilovers.pl\/?post_type=product&#038;p=3676"},"modified":"2023-05-09T13:15:08","modified_gmt":"2023-05-09T11:15:08","slug":"stabilizatory-sportowe-hr-bmw-3er-coupe-3","status":"publish","type":"product","link":"https:\/\/coilovers.pl\/index.php\/produkt\/stabilizatory-sportowe-hr-bmw-3er-coupe-3\/","title":{"rendered":"Stabilizatory sportowe H&#038;R BMW 3er Coupe 33211-1"},"content":{"rendered":"<p>Numer katalogowy: 33211-1<br \/>\nMarka: BMW<br \/>\nModel: 3er Coup\u00e9 (E92)<br \/>\nRocznik: 03\/05&gt;<br \/>\nWariant: 2WD, tylko dla modeli z aktywnym uk\u0142adem kierowniczym, z prostym przednim stabilizatorem, bez przet\u0142oczenia, oryginalne tuleje prz\u00f3d potrzebne do monta\u017cu<br \/>\nDane produktu<br \/>\n\u015brednica przedniego stabilizatora 27 mm<br \/>\n\u015brednica tylnego stabilizatora 20 mm<br \/>\nregulacja przodu brak<br \/>\nregulacja ty\u0142u brak<br \/>\nSzczeg\u00f3\u0142y<br \/>\nSk\u0142adnik 1 33211 VA<br \/>\nSk\u0142adnik 2 33211 HA<br \/>\nCertyfikat T\u00dcV<br \/>\nUwagi<br \/>\nW przypadku monta\u017cu stabilizator\u00f3w H&amp;R nale\u017cy zastosowa\u0107 oryginalne elementy monta\u017cowe (chyba, \u017ce zestaw obejmuje ju\u017c takie elementy). Nale\u017cy zwr\u00f3ci\u0107 uwag\u0119 na stan oryginalnych cz\u0119\u015bci &#8211; je\u015bli nie jest on idealny nale\u017cy wymieni\u0107 poszczeg\u00f3lne cz\u0119\u015bci na nowe.<br \/>\nW przypadku tego kompletu stabilizator\u00f3w mo\u017cna uzyska\u0107 T\u00dcV r\u00f3wnie\u017c montuj\u0105c wy\u0142\u0105cznie przedni stabilizator (bez tylnego). W przypadku monta\u017cu tylko przedniego stabilizatora mo\u017cliwa jest jednak podsterowno\u015b\u0107 auta.<\/p>\n","protected":false},"excerpt":{"rendered":"<p>Numer katalogowy: 33211-1 Marka: BMW Model: 3er Coup\u00e9 (E92) Rocznik: 03\/05&gt; Wariant: 2WD, tylko dla modeli z aktywnym uk\u0142adem kierowniczym, z prostym przednim stabilizatorem, bez przet\u0142oczenia, oryginalne tuleje prz\u00f3d potrzebne do monta\u017cu Dane produktu \u015brednica przedniego stabilizatora 27 mm \u015brednica tylnego stabilizatora 20 mm regulacja przodu brak regulacja ty\u0142u brak Szczeg\u00f3\u0142y Sk\u0142adnik 1 33211 VA &hellip;<\/p>\n<p class=\"read-more\"> <a class=\"\" href=\"https:\/\/coilovers.pl\/index.php\/produkt\/stabilizatory-sportowe-hr-bmw-3er-coupe-3\/\"> <span class=\"screen-reader-text\">Stabilizatory sportowe H&#038;R BMW 3er Coupe 33211-1<\/span> Read More &raquo;<\/a><\/p>\n","protected":false},"featured_media":1764,"template":"","meta":[],"class_list":["post-3676","product","type-product","status-publish","has-post-thumbnail","hentry","pwb-brand-hr","product_cat-e90-91-92-93"],"brands":[{"id":79,"name":"H&amp;R","slug":"hr"}],"yoast_head":"<!-- This site is optimized with the Yoast SEO plugin v24.7 - https:\/\/yoast.com\/wordpress\/plugins\/seo\/ -->\n<title>Stabilizatory sportowe H&amp;R BMW 3er Coupe 33211-1 - CoiloversPL<\/title>\n<meta name=\"robots\" content=\"index, follow, max-snippet:-1, max-image-preview:large, max-video-preview:-1\" \/>\n<link rel=\"canonical\" href=\"https:\/\/coilovers.pl\/index.php\/produkt\/stabilizatory-sportowe-hr-bmw-3er-coupe-3\/\" \/>\n<meta property=\"og:locale\" content=\"pl_PL\" \/>\n<meta property=\"og:type\" content=\"article\" \/>\n<meta property=\"og:title\" content=\"Stabilizatory sportowe H&amp;R BMW 3er Coupe 33211-1 - CoiloversPL\" \/>\n<meta property=\"og:description\" content=\"Numer katalogowy: 33211-1 Marka: BMW Model: 3er Coup\u00e9 (E92) Rocznik: 03\/05&gt; Wariant: 2WD, tylko dla modeli z aktywnym uk\u0142adem kierowniczym, z prostym przednim stabilizatorem, bez przet\u0142oczenia, oryginalne tuleje prz\u00f3d potrzebne do monta\u017cu Dane produktu \u015brednica przedniego stabilizatora 27 mm \u015brednica tylnego stabilizatora 20 mm regulacja przodu brak regulacja ty\u0142u brak Szczeg\u00f3\u0142y Sk\u0142adnik 1 33211 VA &hellip; Stabilizatory sportowe H&#038;R BMW 3er Coupe 33211-1 Read More &raquo;\" \/>\n<meta property=\"og:url\" content=\"https:\/\/coilovers.pl\/index.php\/produkt\/stabilizatory-sportowe-hr-bmw-3er-coupe-3\/\" \/>\n<meta property=\"og:site_name\" content=\"CoiloversPL\" \/>\n<meta property=\"article:publisher\" content=\"https:\/\/www.facebook.com\/coiloverspl\" \/>\n<meta property=\"article:modified_time\" content=\"2023-05-09T11:15:08+00:00\" \/>\n<meta property=\"og:image\" content=\"https:\/\/coilovers.pl\/wp-content\/uploads\/2021\/03\/anti-roll-bars-hr.jpg\" \/>\n\t<meta property=\"og:image:width\" content=\"500\" \/>\n\t<meta property=\"og:image:height\" content=\"500\" \/>\n\t<meta property=\"og:image:type\" content=\"image\/jpeg\" \/>\n<meta name=\"twitter:card\" content=\"summary_large_image\" \/>\n<meta name=\"twitter:label1\" content=\"Szacowany czas czytania\" \/>\n\t<meta name=\"twitter:data1\" content=\"1 minuta\" \/>\n<script type=\"application\/ld+json\" class=\"yoast-schema-graph\">{\"@context\":\"https:\/\/schema.org\",\"@graph\":[{\"@type\":\"WebPage\",\"@id\":\"https:\/\/coilovers.pl\/index.php\/produkt\/stabilizatory-sportowe-hr-bmw-3er-coupe-3\/\",\"url\":\"https:\/\/coilovers.pl\/index.php\/produkt\/stabilizatory-sportowe-hr-bmw-3er-coupe-3\/\",\"name\":\"Stabilizatory sportowe H&R BMW 3er Coupe 33211-1 - CoiloversPL\",\"isPartOf\":{\"@id\":\"https:\/\/coilovers.pl\/#website\"},\"primaryImageOfPage\":{\"@id\":\"https:\/\/coilovers.pl\/index.php\/produkt\/stabilizatory-sportowe-hr-bmw-3er-coupe-3\/#primaryimage\"},\"image\":{\"@id\":\"https:\/\/coilovers.pl\/index.php\/produkt\/stabilizatory-sportowe-hr-bmw-3er-coupe-3\/#primaryimage\"},\"thumbnailUrl\":\"https:\/\/coilovers.pl\/wp-content\/uploads\/2021\/03\/anti-roll-bars-hr.jpg\",\"datePublished\":\"2021-05-10T13:44:06+00:00\",\"dateModified\":\"2023-05-09T11:15:08+00:00\",\"breadcrumb\":{\"@id\":\"https:\/\/coilovers.pl\/index.php\/produkt\/stabilizatory-sportowe-hr-bmw-3er-coupe-3\/#breadcrumb\"},\"inLanguage\":\"pl-PL\",\"potentialAction\":[{\"@type\":\"ReadAction\",\"target\":[\"https:\/\/coilovers.pl\/index.php\/produkt\/stabilizatory-sportowe-hr-bmw-3er-coupe-3\/\"]}]},{\"@type\":\"ImageObject\",\"inLanguage\":\"pl-PL\",\"@id\":\"https:\/\/coilovers.pl\/index.php\/produkt\/stabilizatory-sportowe-hr-bmw-3er-coupe-3\/#primaryimage\",\"url\":\"https:\/\/coilovers.pl\/wp-content\/uploads\/2021\/03\/anti-roll-bars-hr.jpg\",\"contentUrl\":\"https:\/\/coilovers.pl\/wp-content\/uploads\/2021\/03\/anti-roll-bars-hr.jpg\",\"width\":500,\"height\":500},{\"@type\":\"BreadcrumbList\",\"@id\":\"https:\/\/coilovers.pl\/index.php\/produkt\/stabilizatory-sportowe-hr-bmw-3er-coupe-3\/#breadcrumb\",\"itemListElement\":[{\"@type\":\"ListItem\",\"position\":1,\"name\":\"Strona g\u0142\u00f3wna\",\"item\":\"https:\/\/coilovers.pl\/\"},{\"@type\":\"ListItem\",\"position\":2,\"name\":\"Sklep\",\"item\":\"https:\/\/coilovers.pl\/index.php\/sklep\/\"},{\"@type\":\"ListItem\",\"position\":3,\"name\":\"Stabilizatory sportowe H&#038;R BMW 3er Coupe 33211-1\"}]},{\"@type\":\"WebSite\",\"@id\":\"https:\/\/coilovers.pl\/#website\",\"url\":\"https:\/\/coilovers.pl\/\",\"name\":\"CoiloversPL\",\"description\":\"Zawieszenia Felgi Samochody\",\"publisher\":{\"@id\":\"https:\/\/coilovers.pl\/#organization\"},\"potentialAction\":[{\"@type\":\"SearchAction\",\"target\":{\"@type\":\"EntryPoint\",\"urlTemplate\":\"https:\/\/coilovers.pl\/?s={search_term_string}\"},\"query-input\":{\"@type\":\"PropertyValueSpecification\",\"valueRequired\":true,\"valueName\":\"search_term_string\"}}],\"inLanguage\":\"pl-PL\"},{\"@type\":\"Organization\",\"@id\":\"https:\/\/coilovers.pl\/#organization\",\"name\":\"CoiloversPL\",\"url\":\"https:\/\/coilovers.pl\/\",\"logo\":{\"@type\":\"ImageObject\",\"inLanguage\":\"pl-PL\",\"@id\":\"https:\/\/coilovers.pl\/#\/schema\/logo\/image\/\",\"url\":\"https:\/\/coilovers.pl\/wp-content\/uploads\/2021\/02\/cropped-logo.png\",\"contentUrl\":\"https:\/\/coilovers.pl\/wp-content\/uploads\/2021\/02\/cropped-logo.png\",\"width\":3039,\"height\":864,\"caption\":\"CoiloversPL\"},\"image\":{\"@id\":\"https:\/\/coilovers.pl\/#\/schema\/logo\/image\/\"},\"sameAs\":[\"https:\/\/www.facebook.com\/coiloverspl\",\"https:\/\/www.instagram.com\/coilovers_pl\/\"]}]}<\/script>\n<!-- \/ Yoast SEO plugin. -->","yoast_head_json":{"title":"Stabilizatory sportowe H&R BMW 3er Coupe 33211-1 - CoiloversPL","robots":{"index":"index","follow":"follow","max-snippet":"max-snippet:-1","max-image-preview":"max-image-preview:large","max-video-preview":"max-video-preview:-1"},"canonical":"https:\/\/coilovers.pl\/index.php\/produkt\/stabilizatory-sportowe-hr-bmw-3er-coupe-3\/","og_locale":"pl_PL","og_type":"article","og_title":"Stabilizatory sportowe H&R BMW 3er Coupe 33211-1 - CoiloversPL","og_description":"Numer katalogowy: 33211-1 Marka: BMW Model: 3er Coup\u00e9 (E92) Rocznik: 03\/05&gt; Wariant: 2WD, tylko dla modeli z aktywnym uk\u0142adem kierowniczym, z prostym przednim stabilizatorem, bez przet\u0142oczenia, oryginalne tuleje prz\u00f3d potrzebne do monta\u017cu Dane produktu \u015brednica przedniego stabilizatora 27 mm \u015brednica tylnego stabilizatora 20 mm regulacja przodu brak regulacja ty\u0142u brak Szczeg\u00f3\u0142y Sk\u0142adnik 1 33211 VA &hellip; Stabilizatory sportowe H&#038;R BMW 3er Coupe 33211-1 Read More &raquo;","og_url":"https:\/\/coilovers.pl\/index.php\/produkt\/stabilizatory-sportowe-hr-bmw-3er-coupe-3\/","og_site_name":"CoiloversPL","article_publisher":"https:\/\/www.facebook.com\/coiloverspl","article_modified_time":"2023-05-09T11:15:08+00:00","og_image":[{"width":500,"height":500,"url":"https:\/\/coilovers.pl\/wp-content\/uploads\/2021\/03\/anti-roll-bars-hr.jpg","type":"image\/jpeg"}],"twitter_card":"summary_large_image","twitter_misc":{"Szacowany czas czytania":"1 minuta"},"schema":{"@context":"https:\/\/schema.org","@graph":[{"@type":"WebPage","@id":"https:\/\/coilovers.pl\/index.php\/produkt\/stabilizatory-sportowe-hr-bmw-3er-coupe-3\/","url":"https:\/\/coilovers.pl\/index.php\/produkt\/stabilizatory-sportowe-hr-bmw-3er-coupe-3\/","name":"Stabilizatory sportowe H&R BMW 3er Coupe 33211-1 - CoiloversPL","isPartOf":{"@id":"https:\/\/coilovers.pl\/#website"},"primaryImageOfPage":{"@id":"https:\/\/coilovers.pl\/index.php\/produkt\/stabilizatory-sportowe-hr-bmw-3er-coupe-3\/#primaryimage"},"image":{"@id":"https:\/\/coilovers.pl\/index.php\/produkt\/stabilizatory-sportowe-hr-bmw-3er-coupe-3\/#primaryimage"},"thumbnailUrl":"https:\/\/coilovers.pl\/wp-content\/uploads\/2021\/03\/anti-roll-bars-hr.jpg","datePublished":"2021-05-10T13:44:06+00:00","dateModified":"2023-05-09T11:15:08+00:00","breadcrumb":{"@id":"https:\/\/coilovers.pl\/index.php\/produkt\/stabilizatory-sportowe-hr-bmw-3er-coupe-3\/#breadcrumb"},"inLanguage":"pl-PL","potentialAction":[{"@type":"ReadAction","target":["https:\/\/coilovers.pl\/index.php\/produkt\/stabilizatory-sportowe-hr-bmw-3er-coupe-3\/"]}]},{"@type":"ImageObject","inLanguage":"pl-PL","@id":"https:\/\/coilovers.pl\/index.php\/produkt\/stabilizatory-sportowe-hr-bmw-3er-coupe-3\/#primaryimage","url":"https:\/\/coilovers.pl\/wp-content\/uploads\/2021\/03\/anti-roll-bars-hr.jpg","contentUrl":"https:\/\/coilovers.pl\/wp-content\/uploads\/2021\/03\/anti-roll-bars-hr.jpg","width":500,"height":500},{"@type":"BreadcrumbList","@id":"https:\/\/coilovers.pl\/index.php\/produkt\/stabilizatory-sportowe-hr-bmw-3er-coupe-3\/#breadcrumb","itemListElement":[{"@type":"ListItem","position":1,"name":"Strona g\u0142\u00f3wna","item":"https:\/\/coilovers.pl\/"},{"@type":"ListItem","position":2,"name":"Sklep","item":"https:\/\/coilovers.pl\/index.php\/sklep\/"},{"@type":"ListItem","position":3,"name":"Stabilizatory sportowe H&#038;R BMW 3er Coupe 33211-1"}]},{"@type":"WebSite","@id":"https:\/\/coilovers.pl\/#website","url":"https:\/\/coilovers.pl\/","name":"CoiloversPL","description":"Zawieszenia Felgi Samochody","publisher":{"@id":"https:\/\/coilovers.pl\/#organization"},"potentialAction":[{"@type":"SearchAction","target":{"@type":"EntryPoint","urlTemplate":"https:\/\/coilovers.pl\/?s={search_term_string}"},"query-input":{"@type":"PropertyValueSpecification","valueRequired":true,"valueName":"search_term_string"}}],"inLanguage":"pl-PL"},{"@type":"Organization","@id":"https:\/\/coilovers.pl\/#organization","name":"CoiloversPL","url":"https:\/\/coilovers.pl\/","logo":{"@type":"ImageObject","inLanguage":"pl-PL","@id":"https:\/\/coilovers.pl\/#\/schema\/logo\/image\/","url":"https:\/\/coilovers.pl\/wp-content\/uploads\/2021\/02\/cropped-logo.png","contentUrl":"https:\/\/coilovers.pl\/wp-content\/uploads\/2021\/02\/cropped-logo.png","width":3039,"height":864,"caption":"CoiloversPL"},"image":{"@id":"https:\/\/coilovers.pl\/#\/schema\/logo\/image\/"},"sameAs":["https:\/\/www.facebook.com\/coiloverspl","https:\/\/www.instagram.com\/coilovers_pl\/"]}]}},"_links":{"self":[{"href":"https:\/\/coilovers.pl\/index.php\/wp-json\/wp\/v2\/product\/3676","targetHints":{"allow":["GET"]}}],"collection":[{"href":"https:\/\/coilovers.pl\/index.php\/wp-json\/wp\/v2\/product"}],"about":[{"href":"https:\/\/coilovers.pl\/index.php\/wp-json\/wp\/v2\/types\/product"}],"wp:featuredmedia":[{"embeddable":true,"href":"https:\/\/coilovers.pl\/index.php\/wp-json\/wp\/v2\/media\/1764"}],"wp:attachment":[{"href":"https:\/\/coilovers.pl\/index.php\/wp-json\/wp\/v2\/media?parent=3676"}],"curies":[{"name":"wp","href":"https:\/\/api.w.org\/{rel}","templated":true}]}}