{"id":3057,"date":"2021-04-19T19:29:10","date_gmt":"2021-04-19T17:29:10","guid":{"rendered":"https:\/\/coilovers.pl\/?post_type=product&#038;p=3057"},"modified":"2023-12-18T15:02:43","modified_gmt":"2023-12-18T14:02:43","slug":"konig-countergram-15","status":"publish","type":"product","link":"https:\/\/coilovers.pl\/index.php\/produkt\/konig-countergram-15\/","title":{"rendered":"KONIG Countergram 15-19&#8243;"},"content":{"rendered":"<p><strong>Konig Part#\u00a0 Rozmiar\u00a0 PCD\u00a0 Offset (mm)\u00a0 Wyko\u0144czenie\u00a0 Centrowanie\u00a0 Konstrukcja\u00a0 Waga<\/strong><\/p>\n<p>CT75100355 15\u00d77.5 4X100 35 MATTE BLACK \/ MATTE MACHINED LIP 73.1 FLOW FORMED 1100 5.5kg<br \/>\nCT7510035C 15\u00d77.5 4X100 35 HYPER CHROME \/ MACHINED LIP 73.1 FLOW FORMED 1100 5.5kg<br \/>\nCT85100255 15\u00d78 4X100 25 MATTE BLACK \/ MATTE MACHINED LIP 73.1 FLOW FORMED 1212 5.8kg<br \/>\nCT8510025C 15\u00d78 4X100 25 HYPER CHROME \/ MACHINED LIP 73.1 FLOW FORMED 1212 5.8kg<br \/>\nCT95100355 15\u00d79 4X100 35 MATTE BLACK \/ MATTE MACHINED LIP 73.1 FLOW FORMED 1212 6.1kg<br \/>\nCT9510035C 15\u00d79 4X100 35 HYPER CHROME \/ MACHINED LIP 73.1 FLOW FORMED 1212 6.1kg<\/p>\n<p>CT87100455 17X8 4X100 45 MATTE BLACK \/ MATTE MACHINED LIP 73.1 FLOW FORMED 1267 7.9kg<br \/>\nCT8710045C 17X8 4X100 45 HYPER CHROME \/ MACHINED LIP 73.1 FLOW FORMED 1267 7.9kg<br \/>\nCT87510405 17X8 5X100 40 MATTE BLACK \/ MATTE MACHINED LIP 73.1 FLOW FORMED 1543 7.9kg<br \/>\nCT8751040C 17X8 5X100 40 HYPER CHROME \/ MACHINED LIP 73.1 FLOW FORMED 1543 7.9kg<br \/>\nCT87514385 17X8 5\u00d7114.3 38 MATTE BLACK \/ MATTE MACHINED LIP 73.1 FLOW FORMED 1543 7.9kg<br \/>\nCT8751438C 17X8 5\u00d7114.3 38 HYPER CHROME \/ MACHINED LIP 73.1 FLOW FORMED 1543 7.9kg<br \/>\nCT87520355 17\u00d78 5\u00d7120 35 MATTE BLACK \/ MATTE MACHINED LIP 72.6 FLOW FORMED 1543 7.9kg<br \/>\nCT8752035C 17\u00d78 5\u00d7120 35 HYPER CHROME \/ MACHINED LIP 72.6 FLOW FORMED 1543 7.9kg<br \/>\nCT97514255 17\u00d79 5\u00d7114.3 25 MATTE BLACK \/ MATTE MACHINED LIP 73.1 FLOW FORMED 1543 8.3kg<br \/>\nCT9751425C 17\u00d79 5\u00d7114.3 25 HYPER CHROME \/ MACHINED LIP 73.1 FLOW FORMED 1543 8.3kg<br \/>\nCT97514435 17\u00d79 5\u00d7114.3 43 MATTE BLACK \/ MATTE MACHINED LIP 73.1 FLOW FORMED 1543 8.3kg<br \/>\nCT9751443C 17\u00d79 5\u00d7114.3 43 HYPER CHROME \/ MACHINED LIP 73.1 FLOW FORMED 1543 8.3kg<br \/>\nCT97520325 17\u00d79 5\u00d7120 32 MATTE BLACK \/ MATTE MACHINED LIP 72.6 FLOW FORMED 1543 8.3kg<br \/>\nCT9752032C 17\u00d79 5\u00d7120 32 HYPER CHROME \/ MACHINED LIP 72.6 FLOW FORMED 1543 8.3kg<\/p>\n<p>CT88508435 18X8.5 5\u00d7108 43 MATTE BLACK \/ MATTE MACHINED LIP 73.1 FLOW FORMED\u00a0 8.5kg<br \/>\nCT8850843C 18X8.5 5\u00d7108 43 HYPER CHROME \/ MACHINED LIP 73.1 FLOW FORMED\u00a0 8.5kg<br \/>\nCT88510405 18X8.5 5X100 40 MATTE BLACK \/ MATTE MACHINED LIP 73.1 FLOW FORMED\u00a0 8.5kg<br \/>\nCT8851040C 18X8.5 5X100 40 HYPER CHROME \/ MACHINED LIP 73.1 FLOW FORMED\u00a0 8.5kg<br \/>\nCT88512435 18X8.5 5\u00d7112 43 MATTE BLACK \/ MATTE MACHINED LIP 66.6 FLOW FORMED\u00a0 8.5kg<br \/>\nCT8851243C 18X8.5 5\u00d7112 43 HYPER CHROME \/ MACHINED LIP 66.6 FLOW FORMED\u00a0 8.5kg<br \/>\nCT88514355 18X8.5 5\u00d7114.3 35 MATTE BLACK \/ MATTE MACHINED LIP 73.1 FLOW FORMED 8.6kg<br \/>\nCT8851435C 18X8.5 5\u00d7114.3 35 HYPER CHROME \/ MACHINED LIP 73.1 FLOW FORMED\u00a0 8.6kg<br \/>\nCT88514435 18X8.5 5\u00d7114.3 43 MATTE BLACK \/ MATTE MACHINED LIP 73.1 FLOW FORMED\u00a0 8.5kg<br \/>\nCT8851443C 18X8.5 5\u00d7114.3 43 HYPER CHROME \/ MACHINED LIP 73.1 FLOW FORMED\u00a0 8.5kg<br \/>\nCT88520355 18X8.5 5\u00d7120 35 MATTE BLACK \/ MATTE MACHINED LIP 72.6 FLOW FORMED\u00a0 8.6kg<br \/>\nCT8852035C 18X8.5 5\u00d7120 35 HYPER CHROME \/ MACHINED LIP 72.6 FLOW FORMED\u00a0 8.6kg<br \/>\nCT98514255 18\u00d79.5A 5\u00d7114.3 25 MATTE BLACK \/ MATTE MACHINED LIP 73.1 FLOW FORMED\u00a0 9.6kg<br \/>\nCT9851425C 18\u00d79.5A 5\u00d7114.3 25 HYPER CHROME \/ MACHINED LIP 73.1 FLOW FORMED\u00a0 9.6kg<br \/>\nCT98514355 18\u00d79.5A 5\u00d7114.3 35 MATTE BLACK \/ MATTE MACHINED LIP 73.1 FLOW FORMED\u00a0 9.4kg<br \/>\nCT9851435C 18\u00d79.5A 5\u00d7114.3 35 HYPER CHROME \/ MACHINED LIP 73.1 FLOW FORMED\u00a0 9.4kg<br \/>\nCT98520355 18\u00d79.5A 5\u00d7120 35 MATTE BLACK \/ MATTE MACHINED LIP 72.6 FLOW FORMED\u00a0 9.4kg<br \/>\nCT9852035C 18\u00d79.5A 5\u00d7120 35 HYPER CHROME \/ MACHINED LIP 72.6 FLOW FORMED\u00a0 9.4kg<br \/>\nCT08514205 18\u00d710.5B 5\u00d7114.3 20 MATTE BLACK \/ MATTE MACHINED LIP 73.1 FLOW FORMED\u00a0 9.5kg<br \/>\nCT0851420C 18\u00d710.5B 5\u00d7114.3 20 HYPER CHROME \/ MACHINED LIP 73.1 FLOW FORMED\u00a0 9.5kg<br \/>\nCT08520255 18\u00d710.5B 5\u00d7120 25 MATTE BLACK \/ MATTE MACHINED LIP 72.6 FLOW FORMED\u00a0 9.4kg<br \/>\nCT0852025C 18\u00d710.5B 5\u00d7120 25 HYPER CHROME \/ MACHINED LIP 72.6 FLOW FORMED\u00a0 9.4kg<br \/>\nCT18514155 18x11B 5\u00d7114.3 15 MATTE BLACK \/ MATTE MACHINED LIP 73.1 FLOW FORMED\u00a0 9.9kg<br \/>\nCT1851415C 18x11B 5\u00d7114.3 15 HYPER CHROME \/ MACHINED LIP 73.1 FLOW FORMED\u00a0 9.9kg<\/p>\n<p>CT89508435 19\u00d78.5 5\u00d7108 43 MATTE BLACK \/ MATTE MACHINED LIP 73.1 FLOW FORMED 10.2kg<br \/>\nCT8950843C 19\u00d78.5 5\u00d7108 43 HYPER CHROME \/ MACHINED LIP 73.1 FLOW FORMED 10.2kg<br \/>\nCT89512435 19\u00d78.5 5\u00d7112 43 MATTE BLACK \/ MATTE MACHINED LIP 66.6 FLOW FORMED\u00a0 10.2kg<br \/>\nCT8951243C 19\u00d78.5 5\u00d7112 43 HYPER CHROME \/ MACHINED LIP 66.6 FLOW FORMED 10.2kg<br \/>\nCT89514355 19\u00d78.5 5\u00d7114.3 35 MATTE BLACK \/ MATTE MACHINED LIP 73.1 FLOW FORMED 10.2kg<br \/>\nCT8951435C 19\u00d78.5 5\u00d7114.3 35 HYPER CHROME \/ MACHINED LIP 73.1 FLOW FORMED\u00a0 10.2kg<br \/>\nCT89514435 19\u00d78.5 5\u00d7114.3 43 MATTE BLACK \/ MATTE MACHINED LIP 73.1 FLOW FORMED 10.2kg<br \/>\nCT8951443C 19\u00d78.5 5\u00d7114.3 43 HYPER CHROME \/ MACHINED LIP 73.1 FLOW FORMED\u00a0 10.2kg<br \/>\nCT99512305 19\u00d79.5A 5\u00d7112 30 MATTE BLACK \/ MATTE MACHINED LIP 66.6 FLOW FORMED\u00a0 11.2kg<br \/>\nCT9951230C 19\u00d79.5A 5\u00d7112 30 HYPER CHROME \/ MACHINED LIP 66.6 FLOW FORMED 11.2kg<br \/>\nCT99514255 19\u00d79.5A 5\u00d7114.3 25 MATTE BLACK \/ MATTE MACHINED LIP 73.1 FLOW FORMED\u00a0 11.2kg<br \/>\nCT9951425C 19\u00d79.5A 5\u00d7114.3 25 HYPER CHROME \/ MACHINED LIP 73.1 FLOW FORMED\u00a0 11.2kg<br \/>\nCT99514355 19\u00d79.5A 5\u00d7114.3 35 MATTE BLACK \/ MATTE MACHINED LIP 73.1 FLOW FORMED\u00a0 11.2kg<br \/>\nCT9951435C 19\u00d79.5A 5\u00d7114.3 35 HYPER CHROME \/ MACHINED LIP 73.1 FLOW FORMED\u00a0 11.2kg<br \/>\nCT09514255 19x10B 5\u00d7114.3 25 MATTE BLACK \/ MATTE MACHINED LIP 73.1 FLOW FORMED\u00a0 11.8kg<br \/>\nCT0951425C 19x10B 5\u00d7114.3 25 HYPER CHROME \/ MACHINED LIP 73.1 FLOW FORMED\u00a0 11.8kg<br \/>\nCT19512405 19x11B 5\u00d7112 40 MATTE BLACK \/ MATTE MACHINED LIP 66.6 FLOW FORMED\u00a0 10.4kg<br \/>\nCT1951240C 19x11B 5\u00d7112 40 HYPER CHROME \/ MACHINED LIP 66.6 FLOW FORMED 10.4kg<br \/>\nCT19514185 19x11B 5\u00d7114.3 18 MATTE BLACK \/ MATTE MACHINED LIP 73.1 FLOW FORMED\u00a0 10.4kg<br \/>\nCT1951418C 19x11B 5\u00d7114.3 18 HYPER CHROME \/ MACHINED LIP 73.1 FLOW FORMED\u00a0 10.4kg<\/p>\n","protected":false},"excerpt":{"rendered":"<p>Cena za sztuk\u0119.<br \/>\nPodane ceny zawieraj\u0105 VAT 23%<br \/>\nPrzed z\u0142o\u017ceniem zam\u00f3wienia prosimy o kontakt w celu ustalenia szczeg\u00f3\u0142\u00f3w.<\/p>\n","protected":false},"featured_media":3079,"template":"","meta":[],"class_list":["post-3057","product","type-product","status-publish","has-post-thumbnail","hentry","pwb-brand-konig","product_cat-countergram","product_shipping_class-felgi"],"brands":[{"id":953,"name":"KONIG","slug":"konig"}],"yoast_head":"<!-- This site is optimized with the Yoast SEO plugin v24.7 - https:\/\/yoast.com\/wordpress\/plugins\/seo\/ -->\n<title>KONIG Countergram 15-19&quot; - CoiloversPL<\/title>\n<meta name=\"robots\" content=\"index, follow, max-snippet:-1, max-image-preview:large, max-video-preview:-1\" \/>\n<link rel=\"canonical\" href=\"https:\/\/coilovers.pl\/index.php\/produkt\/konig-countergram-15\/\" \/>\n<meta property=\"og:locale\" content=\"pl_PL\" \/>\n<meta property=\"og:type\" content=\"article\" \/>\n<meta property=\"og:title\" content=\"KONIG Countergram 15-19&quot; - CoiloversPL\" \/>\n<meta property=\"og:description\" content=\"Cena za sztuk\u0119. Podane ceny zawieraj\u0105 VAT 23% Przed z\u0142o\u017ceniem zam\u00f3wienia prosimy o kontakt w celu ustalenia szczeg\u00f3\u0142\u00f3w.\" \/>\n<meta property=\"og:url\" content=\"https:\/\/coilovers.pl\/index.php\/produkt\/konig-countergram-15\/\" \/>\n<meta property=\"og:site_name\" content=\"CoiloversPL\" \/>\n<meta property=\"article:publisher\" content=\"https:\/\/www.facebook.com\/coiloverspl\" \/>\n<meta property=\"article:modified_time\" content=\"2023-12-18T14:02:43+00:00\" \/>\n<meta property=\"og:image\" content=\"https:\/\/coilovers.pl\/wp-content\/uploads\/2021\/04\/countergram-black1-1.jpg\" \/>\n\t<meta property=\"og:image:width\" content=\"1000\" \/>\n\t<meta property=\"og:image:height\" content=\"1000\" \/>\n\t<meta property=\"og:image:type\" content=\"image\/jpeg\" \/>\n<meta name=\"twitter:card\" content=\"summary_large_image\" \/>\n<meta name=\"twitter:label1\" content=\"Szacowany czas czytania\" \/>\n\t<meta name=\"twitter:data1\" content=\"3 minuty\" \/>\n<script type=\"application\/ld+json\" class=\"yoast-schema-graph\">{\"@context\":\"https:\/\/schema.org\",\"@graph\":[{\"@type\":\"WebPage\",\"@id\":\"https:\/\/coilovers.pl\/index.php\/produkt\/konig-countergram-15\/\",\"url\":\"https:\/\/coilovers.pl\/index.php\/produkt\/konig-countergram-15\/\",\"name\":\"KONIG Countergram 15-19\\\" - CoiloversPL\",\"isPartOf\":{\"@id\":\"https:\/\/coilovers.pl\/#website\"},\"primaryImageOfPage\":{\"@id\":\"https:\/\/coilovers.pl\/index.php\/produkt\/konig-countergram-15\/#primaryimage\"},\"image\":{\"@id\":\"https:\/\/coilovers.pl\/index.php\/produkt\/konig-countergram-15\/#primaryimage\"},\"thumbnailUrl\":\"https:\/\/coilovers.pl\/wp-content\/uploads\/2021\/04\/countergram-black1-1.jpg\",\"datePublished\":\"2021-04-19T17:29:10+00:00\",\"dateModified\":\"2023-12-18T14:02:43+00:00\",\"breadcrumb\":{\"@id\":\"https:\/\/coilovers.pl\/index.php\/produkt\/konig-countergram-15\/#breadcrumb\"},\"inLanguage\":\"pl-PL\",\"potentialAction\":[{\"@type\":\"ReadAction\",\"target\":[\"https:\/\/coilovers.pl\/index.php\/produkt\/konig-countergram-15\/\"]}]},{\"@type\":\"ImageObject\",\"inLanguage\":\"pl-PL\",\"@id\":\"https:\/\/coilovers.pl\/index.php\/produkt\/konig-countergram-15\/#primaryimage\",\"url\":\"https:\/\/coilovers.pl\/wp-content\/uploads\/2021\/04\/countergram-black1-1.jpg\",\"contentUrl\":\"https:\/\/coilovers.pl\/wp-content\/uploads\/2021\/04\/countergram-black1-1.jpg\",\"width\":1000,\"height\":1000},{\"@type\":\"BreadcrumbList\",\"@id\":\"https:\/\/coilovers.pl\/index.php\/produkt\/konig-countergram-15\/#breadcrumb\",\"itemListElement\":[{\"@type\":\"ListItem\",\"position\":1,\"name\":\"Strona g\u0142\u00f3wna\",\"item\":\"https:\/\/coilovers.pl\/\"},{\"@type\":\"ListItem\",\"position\":2,\"name\":\"Sklep\",\"item\":\"https:\/\/coilovers.pl\/index.php\/sklep\/\"},{\"@type\":\"ListItem\",\"position\":3,\"name\":\"KONIG Countergram 15-19&#8243;\"}]},{\"@type\":\"WebSite\",\"@id\":\"https:\/\/coilovers.pl\/#website\",\"url\":\"https:\/\/coilovers.pl\/\",\"name\":\"CoiloversPL\",\"description\":\"Zawieszenia Felgi Samochody\",\"publisher\":{\"@id\":\"https:\/\/coilovers.pl\/#organization\"},\"potentialAction\":[{\"@type\":\"SearchAction\",\"target\":{\"@type\":\"EntryPoint\",\"urlTemplate\":\"https:\/\/coilovers.pl\/?s={search_term_string}\"},\"query-input\":{\"@type\":\"PropertyValueSpecification\",\"valueRequired\":true,\"valueName\":\"search_term_string\"}}],\"inLanguage\":\"pl-PL\"},{\"@type\":\"Organization\",\"@id\":\"https:\/\/coilovers.pl\/#organization\",\"name\":\"CoiloversPL\",\"url\":\"https:\/\/coilovers.pl\/\",\"logo\":{\"@type\":\"ImageObject\",\"inLanguage\":\"pl-PL\",\"@id\":\"https:\/\/coilovers.pl\/#\/schema\/logo\/image\/\",\"url\":\"https:\/\/coilovers.pl\/wp-content\/uploads\/2021\/02\/cropped-logo.png\",\"contentUrl\":\"https:\/\/coilovers.pl\/wp-content\/uploads\/2021\/02\/cropped-logo.png\",\"width\":3039,\"height\":864,\"caption\":\"CoiloversPL\"},\"image\":{\"@id\":\"https:\/\/coilovers.pl\/#\/schema\/logo\/image\/\"},\"sameAs\":[\"https:\/\/www.facebook.com\/coiloverspl\",\"https:\/\/www.instagram.com\/coilovers_pl\/\"]}]}<\/script>\n<!-- \/ Yoast SEO plugin. -->","yoast_head_json":{"title":"KONIG Countergram 15-19\" - CoiloversPL","robots":{"index":"index","follow":"follow","max-snippet":"max-snippet:-1","max-image-preview":"max-image-preview:large","max-video-preview":"max-video-preview:-1"},"canonical":"https:\/\/coilovers.pl\/index.php\/produkt\/konig-countergram-15\/","og_locale":"pl_PL","og_type":"article","og_title":"KONIG Countergram 15-19\" - CoiloversPL","og_description":"Cena za sztuk\u0119. Podane ceny zawieraj\u0105 VAT 23% Przed z\u0142o\u017ceniem zam\u00f3wienia prosimy o kontakt w celu ustalenia szczeg\u00f3\u0142\u00f3w.","og_url":"https:\/\/coilovers.pl\/index.php\/produkt\/konig-countergram-15\/","og_site_name":"CoiloversPL","article_publisher":"https:\/\/www.facebook.com\/coiloverspl","article_modified_time":"2023-12-18T14:02:43+00:00","og_image":[{"width":1000,"height":1000,"url":"https:\/\/coilovers.pl\/wp-content\/uploads\/2021\/04\/countergram-black1-1.jpg","type":"image\/jpeg"}],"twitter_card":"summary_large_image","twitter_misc":{"Szacowany czas czytania":"3 minuty"},"schema":{"@context":"https:\/\/schema.org","@graph":[{"@type":"WebPage","@id":"https:\/\/coilovers.pl\/index.php\/produkt\/konig-countergram-15\/","url":"https:\/\/coilovers.pl\/index.php\/produkt\/konig-countergram-15\/","name":"KONIG Countergram 15-19\" - CoiloversPL","isPartOf":{"@id":"https:\/\/coilovers.pl\/#website"},"primaryImageOfPage":{"@id":"https:\/\/coilovers.pl\/index.php\/produkt\/konig-countergram-15\/#primaryimage"},"image":{"@id":"https:\/\/coilovers.pl\/index.php\/produkt\/konig-countergram-15\/#primaryimage"},"thumbnailUrl":"https:\/\/coilovers.pl\/wp-content\/uploads\/2021\/04\/countergram-black1-1.jpg","datePublished":"2021-04-19T17:29:10+00:00","dateModified":"2023-12-18T14:02:43+00:00","breadcrumb":{"@id":"https:\/\/coilovers.pl\/index.php\/produkt\/konig-countergram-15\/#breadcrumb"},"inLanguage":"pl-PL","potentialAction":[{"@type":"ReadAction","target":["https:\/\/coilovers.pl\/index.php\/produkt\/konig-countergram-15\/"]}]},{"@type":"ImageObject","inLanguage":"pl-PL","@id":"https:\/\/coilovers.pl\/index.php\/produkt\/konig-countergram-15\/#primaryimage","url":"https:\/\/coilovers.pl\/wp-content\/uploads\/2021\/04\/countergram-black1-1.jpg","contentUrl":"https:\/\/coilovers.pl\/wp-content\/uploads\/2021\/04\/countergram-black1-1.jpg","width":1000,"height":1000},{"@type":"BreadcrumbList","@id":"https:\/\/coilovers.pl\/index.php\/produkt\/konig-countergram-15\/#breadcrumb","itemListElement":[{"@type":"ListItem","position":1,"name":"Strona g\u0142\u00f3wna","item":"https:\/\/coilovers.pl\/"},{"@type":"ListItem","position":2,"name":"Sklep","item":"https:\/\/coilovers.pl\/index.php\/sklep\/"},{"@type":"ListItem","position":3,"name":"KONIG Countergram 15-19&#8243;"}]},{"@type":"WebSite","@id":"https:\/\/coilovers.pl\/#website","url":"https:\/\/coilovers.pl\/","name":"CoiloversPL","description":"Zawieszenia Felgi Samochody","publisher":{"@id":"https:\/\/coilovers.pl\/#organization"},"potentialAction":[{"@type":"SearchAction","target":{"@type":"EntryPoint","urlTemplate":"https:\/\/coilovers.pl\/?s={search_term_string}"},"query-input":{"@type":"PropertyValueSpecification","valueRequired":true,"valueName":"search_term_string"}}],"inLanguage":"pl-PL"},{"@type":"Organization","@id":"https:\/\/coilovers.pl\/#organization","name":"CoiloversPL","url":"https:\/\/coilovers.pl\/","logo":{"@type":"ImageObject","inLanguage":"pl-PL","@id":"https:\/\/coilovers.pl\/#\/schema\/logo\/image\/","url":"https:\/\/coilovers.pl\/wp-content\/uploads\/2021\/02\/cropped-logo.png","contentUrl":"https:\/\/coilovers.pl\/wp-content\/uploads\/2021\/02\/cropped-logo.png","width":3039,"height":864,"caption":"CoiloversPL"},"image":{"@id":"https:\/\/coilovers.pl\/#\/schema\/logo\/image\/"},"sameAs":["https:\/\/www.facebook.com\/coiloverspl","https:\/\/www.instagram.com\/coilovers_pl\/"]}]}},"_links":{"self":[{"href":"https:\/\/coilovers.pl\/index.php\/wp-json\/wp\/v2\/product\/3057","targetHints":{"allow":["GET"]}}],"collection":[{"href":"https:\/\/coilovers.pl\/index.php\/wp-json\/wp\/v2\/product"}],"about":[{"href":"https:\/\/coilovers.pl\/index.php\/wp-json\/wp\/v2\/types\/product"}],"wp:featuredmedia":[{"embeddable":true,"href":"https:\/\/coilovers.pl\/index.php\/wp-json\/wp\/v2\/media\/3079"}],"wp:attachment":[{"href":"https:\/\/coilovers.pl\/index.php\/wp-json\/wp\/v2\/media?parent=3057"}],"curies":[{"name":"wp","href":"https:\/\/api.w.org\/{rel}","templated":true}]}}