{"id":3051,"date":"2021-04-19T19:12:38","date_gmt":"2021-04-19T17:12:38","guid":{"rendered":"https:\/\/coilovers.pl\/?post_type=product&#038;p=3051"},"modified":"2023-12-18T15:03:09","modified_gmt":"2023-12-18T14:03:09","slug":"konig-hexaform-18","status":"publish","type":"product","link":"https:\/\/coilovers.pl\/index.php\/produkt\/konig-hexaform-18\/","title":{"rendered":"KONIG Hexaform 15-18&#8243;"},"content":{"rendered":"<p><strong>Konig Part#\u00a0 Rozmiar\u00a0 PCD\u00a0 Offset (mm)\u00a0 Wyko\u0144czenie\u00a0 Centrowanie\u00a0 Konstrukcja\u00a0 Waga<\/strong><\/p>\n<p>HF75100355 15\u00d77.5 4X100 35 MATTE BLACK 73.1 FLOW FORMED 1100 5.3kg<br \/>\nHF75100358 15\u00d77.5 4X100 35 MATTE BRONZE 73.1 FLOW FORMED 1100 5.3kg<br \/>\nHF85100255 15\u00d78 4X100 25 MATTE BLACK 73.1 FLOW FORMED 1213 5.9kg<br \/>\nHF85100258 15\u00d78 4X100 25 MATTE BRONZE 73.1 FLOW FORMED 1213 5.9kg<\/p>\n<p>HF87100455 17X8 4X100 45 MATTE BLACK 73.1 FLOW FORMED 1267 7.8kg<br \/>\nHF87100458 17X8 4X100 45 MATTE BRONZE 73.1 FLOW FORMED 1267 7.8kg<br \/>\nHF87108405 17\u00d78 4\u00d7108 40 MATTE BLACK 73.1 FLOW FORMED 1521 7.8kg<br \/>\nHF87108408 17\u00d78 4\u00d7108 40 MATTE BRONZE 73.1 FLOW FORMED 1521 7.8kg<br \/>\nHF87510405 17X8 5X100 40 MATTE BLACK 73.1 FLOW FORMED 1543 7.8kg<br \/>\nHF87510408 17X8 5X100 40 MATTE BRONZE 73.1 FLOW FORMED 1543 7.8kg<br \/>\nHF87512405 17X8 5\u00d7112 40 MATTE BLACK 66.6 FLOW FORMED 1543 7.8kg<br \/>\nHF87512408 17X8 5\u00d7112 40 MATTE BRONZE 66.6 FLOW FORMED 1543 7.8kg<br \/>\nHF87514385 17X8 5\u00d7114.3 38 MATTE BLACK 73.1 FLOW FORMED 1543 7.8kg<br \/>\nHF87514388 17X8 5\u00d7114.3 38 MATTE BRONZE 73.1 FLOW FORMED 1543 7.8kg<br \/>\nHF97100455 17X9 4X100 45 MATTE BLACK 73.1 FLOW FORMED 1322 8.4kg<br \/>\nHF97100458 17X9 4X100 45 MATTE BRONZE 73.1 FLOW FORMED 1322 8.4kg<br \/>\nHF97510405 17\u00d79 5\u00d7100 40 MATTE BLACK 73.1 FLOW FORMED 1543 8.4kg<br \/>\nHF97510408 17\u00d79 5\u00d7100 40 MATTE BRONZE 73.1 FLOW FORMED 1543 8.4kg<br \/>\nHFN7514205 17\u00d79.5 5\u00d7114.3 20 MATTE BLACK 73.1 FLOW FORMED 1543 8.8kg<br \/>\nHFN7514208 17\u00d79.5 5\u00d7114.3 20 MATTE BRONZE 73.1 FLOW FORMED 1543 8.8kg<br \/>\nHFN7514385 17\u00d79.5 5\u00d7114.3 38 MATTE BLACK 73.1 FLOW FORMED 1543 8.8kg<br \/>\nHFN7514388 17\u00d79.5 5\u00d7114.3 38 MATTE BRONZE 73.1 FLOW FORMED 1543 8.8kg<\/p>\n<p>HF88508435 18X8.5 5\u00d7108 43 MATTE BLACK 73.1 FLOW FORMED 1543 8.8kg<br \/>\nHF88508438 18X8.5 5\u00d7108 43 MATTE BRONZE 73.1 FLOW FORMED 1543 8.8kg<br \/>\nHF88510405 18X8.5 5X100 40 MATTE BLACK 73.1 FLOW FORMED 1543 8.8kg<br \/>\nHF88510408 18X8.5 5X100 40 MATTE BRONZE 73.1 FLOW FORMED 1543 8.8kg<br \/>\nHF88512435 18X8.5 5\u00d7112 43 MATTE BLACK 66.6 FLOW FORMED 1543 8.8kg<br \/>\nHF88512438 18X8.5 5\u00d7112 43 MATTE BRONZE 66.6 FLOW FORMED 1543 8.8kg<br \/>\nHF88514355 18X8.5 5\u00d7114.3 35 MATTE BLACK 73.1 FLOW FORMED 1543 9kg<br \/>\nHF88514358 18X8.5 5\u00d7114.3 35 MATTE BRONZE 73.1 FLOW FORMED 1543 9kg<br \/>\nHF88514435 18X8.5 5\u00d7114.3 43 MATTE BLACK 73.1 FLOW FORMED 1543 8.8kg<br \/>\nHF88514438 18X8.5 5\u00d7114.3 43 MATTE BRONZE 73.1 FLOW FORMED 1543 8.8kg<br \/>\nHF88520355 18X8.5 5\u00d7120 35 MATTE BLACK 72.6 FLOW FORMED 1543 8.8kg<br \/>\nHF88520358 18X8.5 5\u00d7120 35 MATTE BRONZE 72.6 FLOW FORMED 1543 8.8kg<br \/>\nHF88520435 18X8.5 5\u00d7120 43 MATTE BLACK 72.6 FLOW FORMED 1543 8.8kg<br \/>\nHF98520315 18x9A 5\u00d7120 31 MATTE BLACK 72.6 FLOW FORMED 1543 9.3kg<br \/>\nHF98520318 18x9A 5\u00d7120 31 MATTE BRONZE 72.6 FLOW FORMED 1543 9.3kg<br \/>\nHFN8514255 18\u00d79.5A 5\u00d7114.3 25 MATTE BLACK 73.1 FLOW FORMED 1543 9.1kg<br \/>\nHFN8514258 18\u00d79.5A 5\u00d7114.3 25 MATTE BRONZE 73.1 FLOW FORMED 1543 9.1kg<br \/>\nHFN8514355 18\u00d79.5A 5\u00d7114.3 35 MATTE BLACK 73.1 FLOW FORMED 1543 9.1kg<br \/>\nHFN8514358 18\u00d79.5A 5\u00d7114.3 35 MATTE BRONZE 73.1 FLOW FORMED 1543 9.1kg<br \/>\nHFN8520355 18\u00d79.5A 5\u00d7120 35 MATTE BLACK 72.6 FLOW FORMED 1543 9.1kg<br \/>\nHFN8520358 18\u00d79.5A 5\u00d7120 35 MATTE BRONZE 72.6 FLOW FORMED 1543 9.1kg<br \/>\nHF08520335 18x10B 5\u00d7120 33 MATTE BLACK 72.6 FLOW FORMED 1543 8.1kg<br \/>\nHF08520338 18x10B 5\u00d7120 33 MATTE BRONZE 72.6 FLOW FORMED 1543 8.1kg<br \/>\nHF08514185 18\u00d710.5B 5\u00d7114.3 18 MATTE BLACK 73.1 FLOW FORMED 1543 8.9kg<br \/>\nHF08514188 18\u00d710.5B 5\u00d7114.3 18 MATTE BRONZE 73.1 FLOW FORMED 1543 8.9kg<\/p>\n","protected":false},"excerpt":{"rendered":"<p>Cena za sztuk\u0119.<br \/>\nPodane ceny zawieraj\u0105 VAT 23%<br \/>\nPrzed z\u0142o\u017ceniem zam\u00f3wienia prosimy o kontakt w celu ustalenia szczeg\u00f3\u0142\u00f3w.<\/p>\n","protected":false},"featured_media":2939,"template":"","meta":[],"class_list":["post-3051","product","type-product","status-publish","has-post-thumbnail","hentry","pwb-brand-konig","product_cat-hexaform","product_shipping_class-felgi"],"brands":[{"id":953,"name":"KONIG","slug":"konig"}],"yoast_head":"<!-- This site is optimized with the Yoast SEO plugin v24.7 - https:\/\/yoast.com\/wordpress\/plugins\/seo\/ -->\n<title>KONIG Hexaform 15-18&quot; - CoiloversPL<\/title>\n<meta name=\"robots\" content=\"index, follow, max-snippet:-1, max-image-preview:large, max-video-preview:-1\" \/>\n<link rel=\"canonical\" href=\"https:\/\/coilovers.pl\/index.php\/produkt\/konig-hexaform-18\/\" \/>\n<meta property=\"og:locale\" content=\"pl_PL\" \/>\n<meta property=\"og:type\" content=\"article\" \/>\n<meta property=\"og:title\" content=\"KONIG Hexaform 15-18&quot; - CoiloversPL\" \/>\n<meta property=\"og:description\" content=\"Cena za sztuk\u0119. Podane ceny zawieraj\u0105 VAT 23% Przed z\u0142o\u017ceniem zam\u00f3wienia prosimy o kontakt w celu ustalenia szczeg\u00f3\u0142\u00f3w.\" \/>\n<meta property=\"og:url\" content=\"https:\/\/coilovers.pl\/index.php\/produkt\/konig-hexaform-18\/\" \/>\n<meta property=\"og:site_name\" content=\"CoiloversPL\" \/>\n<meta property=\"article:publisher\" content=\"https:\/\/www.facebook.com\/coiloverspl\" \/>\n<meta property=\"article:modified_time\" content=\"2023-12-18T14:03:09+00:00\" \/>\n<meta property=\"og:image\" content=\"https:\/\/coilovers.pl\/wp-content\/uploads\/2021\/04\/hexaform-1.jpg\" \/>\n\t<meta property=\"og:image:width\" content=\"1000\" \/>\n\t<meta property=\"og:image:height\" content=\"1000\" \/>\n\t<meta property=\"og:image:type\" content=\"image\/jpeg\" \/>\n<meta name=\"twitter:card\" content=\"summary_large_image\" \/>\n<meta name=\"twitter:label1\" content=\"Szacowany czas czytania\" \/>\n\t<meta name=\"twitter:data1\" content=\"2 minuty\" \/>\n<script type=\"application\/ld+json\" class=\"yoast-schema-graph\">{\"@context\":\"https:\/\/schema.org\",\"@graph\":[{\"@type\":\"WebPage\",\"@id\":\"https:\/\/coilovers.pl\/index.php\/produkt\/konig-hexaform-18\/\",\"url\":\"https:\/\/coilovers.pl\/index.php\/produkt\/konig-hexaform-18\/\",\"name\":\"KONIG Hexaform 15-18\\\" - CoiloversPL\",\"isPartOf\":{\"@id\":\"https:\/\/coilovers.pl\/#website\"},\"primaryImageOfPage\":{\"@id\":\"https:\/\/coilovers.pl\/index.php\/produkt\/konig-hexaform-18\/#primaryimage\"},\"image\":{\"@id\":\"https:\/\/coilovers.pl\/index.php\/produkt\/konig-hexaform-18\/#primaryimage\"},\"thumbnailUrl\":\"https:\/\/coilovers.pl\/wp-content\/uploads\/2021\/04\/hexaform-1.jpg\",\"datePublished\":\"2021-04-19T17:12:38+00:00\",\"dateModified\":\"2023-12-18T14:03:09+00:00\",\"breadcrumb\":{\"@id\":\"https:\/\/coilovers.pl\/index.php\/produkt\/konig-hexaform-18\/#breadcrumb\"},\"inLanguage\":\"pl-PL\",\"potentialAction\":[{\"@type\":\"ReadAction\",\"target\":[\"https:\/\/coilovers.pl\/index.php\/produkt\/konig-hexaform-18\/\"]}]},{\"@type\":\"ImageObject\",\"inLanguage\":\"pl-PL\",\"@id\":\"https:\/\/coilovers.pl\/index.php\/produkt\/konig-hexaform-18\/#primaryimage\",\"url\":\"https:\/\/coilovers.pl\/wp-content\/uploads\/2021\/04\/hexaform-1.jpg\",\"contentUrl\":\"https:\/\/coilovers.pl\/wp-content\/uploads\/2021\/04\/hexaform-1.jpg\",\"width\":1000,\"height\":1000},{\"@type\":\"BreadcrumbList\",\"@id\":\"https:\/\/coilovers.pl\/index.php\/produkt\/konig-hexaform-18\/#breadcrumb\",\"itemListElement\":[{\"@type\":\"ListItem\",\"position\":1,\"name\":\"Strona g\u0142\u00f3wna\",\"item\":\"https:\/\/coilovers.pl\/\"},{\"@type\":\"ListItem\",\"position\":2,\"name\":\"Sklep\",\"item\":\"https:\/\/coilovers.pl\/index.php\/sklep\/\"},{\"@type\":\"ListItem\",\"position\":3,\"name\":\"KONIG Hexaform 15-18&#8243;\"}]},{\"@type\":\"WebSite\",\"@id\":\"https:\/\/coilovers.pl\/#website\",\"url\":\"https:\/\/coilovers.pl\/\",\"name\":\"CoiloversPL\",\"description\":\"Zawieszenia Felgi Samochody\",\"publisher\":{\"@id\":\"https:\/\/coilovers.pl\/#organization\"},\"potentialAction\":[{\"@type\":\"SearchAction\",\"target\":{\"@type\":\"EntryPoint\",\"urlTemplate\":\"https:\/\/coilovers.pl\/?s={search_term_string}\"},\"query-input\":{\"@type\":\"PropertyValueSpecification\",\"valueRequired\":true,\"valueName\":\"search_term_string\"}}],\"inLanguage\":\"pl-PL\"},{\"@type\":\"Organization\",\"@id\":\"https:\/\/coilovers.pl\/#organization\",\"name\":\"CoiloversPL\",\"url\":\"https:\/\/coilovers.pl\/\",\"logo\":{\"@type\":\"ImageObject\",\"inLanguage\":\"pl-PL\",\"@id\":\"https:\/\/coilovers.pl\/#\/schema\/logo\/image\/\",\"url\":\"https:\/\/coilovers.pl\/wp-content\/uploads\/2021\/02\/cropped-logo.png\",\"contentUrl\":\"https:\/\/coilovers.pl\/wp-content\/uploads\/2021\/02\/cropped-logo.png\",\"width\":3039,\"height\":864,\"caption\":\"CoiloversPL\"},\"image\":{\"@id\":\"https:\/\/coilovers.pl\/#\/schema\/logo\/image\/\"},\"sameAs\":[\"https:\/\/www.facebook.com\/coiloverspl\",\"https:\/\/www.instagram.com\/coilovers_pl\/\"]}]}<\/script>\n<!-- \/ Yoast SEO plugin. -->","yoast_head_json":{"title":"KONIG Hexaform 15-18\" - CoiloversPL","robots":{"index":"index","follow":"follow","max-snippet":"max-snippet:-1","max-image-preview":"max-image-preview:large","max-video-preview":"max-video-preview:-1"},"canonical":"https:\/\/coilovers.pl\/index.php\/produkt\/konig-hexaform-18\/","og_locale":"pl_PL","og_type":"article","og_title":"KONIG Hexaform 15-18\" - CoiloversPL","og_description":"Cena za sztuk\u0119. Podane ceny zawieraj\u0105 VAT 23% Przed z\u0142o\u017ceniem zam\u00f3wienia prosimy o kontakt w celu ustalenia szczeg\u00f3\u0142\u00f3w.","og_url":"https:\/\/coilovers.pl\/index.php\/produkt\/konig-hexaform-18\/","og_site_name":"CoiloversPL","article_publisher":"https:\/\/www.facebook.com\/coiloverspl","article_modified_time":"2023-12-18T14:03:09+00:00","og_image":[{"width":1000,"height":1000,"url":"https:\/\/coilovers.pl\/wp-content\/uploads\/2021\/04\/hexaform-1.jpg","type":"image\/jpeg"}],"twitter_card":"summary_large_image","twitter_misc":{"Szacowany czas czytania":"2 minuty"},"schema":{"@context":"https:\/\/schema.org","@graph":[{"@type":"WebPage","@id":"https:\/\/coilovers.pl\/index.php\/produkt\/konig-hexaform-18\/","url":"https:\/\/coilovers.pl\/index.php\/produkt\/konig-hexaform-18\/","name":"KONIG Hexaform 15-18\" - CoiloversPL","isPartOf":{"@id":"https:\/\/coilovers.pl\/#website"},"primaryImageOfPage":{"@id":"https:\/\/coilovers.pl\/index.php\/produkt\/konig-hexaform-18\/#primaryimage"},"image":{"@id":"https:\/\/coilovers.pl\/index.php\/produkt\/konig-hexaform-18\/#primaryimage"},"thumbnailUrl":"https:\/\/coilovers.pl\/wp-content\/uploads\/2021\/04\/hexaform-1.jpg","datePublished":"2021-04-19T17:12:38+00:00","dateModified":"2023-12-18T14:03:09+00:00","breadcrumb":{"@id":"https:\/\/coilovers.pl\/index.php\/produkt\/konig-hexaform-18\/#breadcrumb"},"inLanguage":"pl-PL","potentialAction":[{"@type":"ReadAction","target":["https:\/\/coilovers.pl\/index.php\/produkt\/konig-hexaform-18\/"]}]},{"@type":"ImageObject","inLanguage":"pl-PL","@id":"https:\/\/coilovers.pl\/index.php\/produkt\/konig-hexaform-18\/#primaryimage","url":"https:\/\/coilovers.pl\/wp-content\/uploads\/2021\/04\/hexaform-1.jpg","contentUrl":"https:\/\/coilovers.pl\/wp-content\/uploads\/2021\/04\/hexaform-1.jpg","width":1000,"height":1000},{"@type":"BreadcrumbList","@id":"https:\/\/coilovers.pl\/index.php\/produkt\/konig-hexaform-18\/#breadcrumb","itemListElement":[{"@type":"ListItem","position":1,"name":"Strona g\u0142\u00f3wna","item":"https:\/\/coilovers.pl\/"},{"@type":"ListItem","position":2,"name":"Sklep","item":"https:\/\/coilovers.pl\/index.php\/sklep\/"},{"@type":"ListItem","position":3,"name":"KONIG Hexaform 15-18&#8243;"}]},{"@type":"WebSite","@id":"https:\/\/coilovers.pl\/#website","url":"https:\/\/coilovers.pl\/","name":"CoiloversPL","description":"Zawieszenia Felgi Samochody","publisher":{"@id":"https:\/\/coilovers.pl\/#organization"},"potentialAction":[{"@type":"SearchAction","target":{"@type":"EntryPoint","urlTemplate":"https:\/\/coilovers.pl\/?s={search_term_string}"},"query-input":{"@type":"PropertyValueSpecification","valueRequired":true,"valueName":"search_term_string"}}],"inLanguage":"pl-PL"},{"@type":"Organization","@id":"https:\/\/coilovers.pl\/#organization","name":"CoiloversPL","url":"https:\/\/coilovers.pl\/","logo":{"@type":"ImageObject","inLanguage":"pl-PL","@id":"https:\/\/coilovers.pl\/#\/schema\/logo\/image\/","url":"https:\/\/coilovers.pl\/wp-content\/uploads\/2021\/02\/cropped-logo.png","contentUrl":"https:\/\/coilovers.pl\/wp-content\/uploads\/2021\/02\/cropped-logo.png","width":3039,"height":864,"caption":"CoiloversPL"},"image":{"@id":"https:\/\/coilovers.pl\/#\/schema\/logo\/image\/"},"sameAs":["https:\/\/www.facebook.com\/coiloverspl","https:\/\/www.instagram.com\/coilovers_pl\/"]}]}},"_links":{"self":[{"href":"https:\/\/coilovers.pl\/index.php\/wp-json\/wp\/v2\/product\/3051","targetHints":{"allow":["GET"]}}],"collection":[{"href":"https:\/\/coilovers.pl\/index.php\/wp-json\/wp\/v2\/product"}],"about":[{"href":"https:\/\/coilovers.pl\/index.php\/wp-json\/wp\/v2\/types\/product"}],"wp:featuredmedia":[{"embeddable":true,"href":"https:\/\/coilovers.pl\/index.php\/wp-json\/wp\/v2\/media\/2939"}],"wp:attachment":[{"href":"https:\/\/coilovers.pl\/index.php\/wp-json\/wp\/v2\/media?parent=3051"}],"curies":[{"name":"wp","href":"https:\/\/api.w.org\/{rel}","templated":true}]}}