{"id":3040,"date":"2021-04-19T18:50:22","date_gmt":"2021-04-19T16:50:22","guid":{"rendered":"https:\/\/coilovers.pl\/?post_type=product&#038;p=3040"},"modified":"2025-06-14T09:18:15","modified_gmt":"2025-06-14T07:18:15","slug":"advanti-storm-s1-17","status":"publish","type":"product","link":"https:\/\/coilovers.pl\/index.php\/produkt\/advanti-storm-s1-17\/","title":{"rendered":"ADVANTI Storm S1 15-17&#8243;"},"content":{"rendered":"<p><strong>Advanti code\u00a0 Rozmiar\u00a0 ET\u00a0 Wyko\u0144czenie\u00a0 PCD\u00a0 Centrowanie\u00a0 Kg<\/strong><\/p>\n<p>SM57100355 15\u00d77 4\u00d7100 35 MATTE BLACK FLOW FORMED \u2013\u00a0 73.1 4.8kg<br \/>\nSM5710035G 15\u00d77 4\u00d7100 35 MATTE GREY FLOW FORMED \u2013\u00a0 73.1 4.8kg<br \/>\nSM58100305 15\u00d78 4\u00d7100 25 MATTE BLACK FLOW FORMED \u2013\u00a0 73.1 5.0kg<br \/>\nSM5810030G 15\u00d78 4\u00d7100 25 MATTE GREY FLOW FORMED \u2013\u00a0 73.1 5.0kg<br \/>\nSM5810030TM 15\u00d78 4\u00d7100 25 TITANIUM MIRROR FLOW FORMED \u2013\u00a0 73.1 5.0kg<br \/>\n<span data-sheets-root=\"1\">SM58100258\u00a0 15&#215;8 4&#215;100 25 MATTE BRONZE FLOW FORMED &#8211; 73,1 5.0kg<\/span><br \/>\nSM59100355 15\u00d79 4\u00d7100 35 MATTE BLACK FLOW FORMED \u2013\u00a0 73.1 5.5kg<\/p>\n<p>SM67100355 16&#215;7,5 4&#215;100 35 MATTE BLACK 73,1mm 5,8kg<br \/>\nSM68100355 16&#215;8 4&#215;100 35 MATTE BLACK 73,1mm 5,9kg<\/p>\n<p><span data-sheets-root=\"1\">SM77100405 17&#215;7\u00a0 40 MATTE BLACK 4&#215;100 73,1 5,8kg<\/span><br \/>\nSM78100455 17\u00d78 45 MATTE BLACK 4\u00d7100 73.1 8kg<br \/>\nSM79100455 17\u00d79 45 MATTE BLACK 4\u00d7100 73.1 8kg<br \/>\nSM7910045S 17\u00d79 45 HYPER SILVER 4\u00d7100 73.1 8kg<\/p>\n","protected":false},"excerpt":{"rendered":"<p>Cena za sztuk\u0119.<br \/>\nPodane ceny zawieraj\u0105 VAT23%<br \/>\nPrzed z\u0142o\u017ceniem zam\u00f3wienia prosimy o kontakt w celu ustalenia szczeg\u00f3\u0142\u00f3w.<\/p>\n","protected":false},"featured_media":3042,"template":"","meta":[],"class_list":["post-3040","product","type-product","status-publish","has-post-thumbnail","hentry","pwb-brand-konig","product_cat-advanti-storm-s1","product_shipping_class-felgi"],"brands":[{"id":953,"name":"KONIG","slug":"konig"}],"yoast_head":"<!-- This site is optimized with the Yoast SEO plugin v24.7 - https:\/\/yoast.com\/wordpress\/plugins\/seo\/ -->\n<title>ADVANTI Storm S1 15-17&quot; - CoiloversPL<\/title>\n<meta name=\"robots\" content=\"index, follow, max-snippet:-1, max-image-preview:large, max-video-preview:-1\" \/>\n<link rel=\"canonical\" href=\"https:\/\/coilovers.pl\/index.php\/produkt\/advanti-storm-s1-17\/\" \/>\n<meta property=\"og:locale\" content=\"pl_PL\" \/>\n<meta property=\"og:type\" content=\"article\" \/>\n<meta property=\"og:title\" content=\"ADVANTI Storm S1 15-17&quot; - CoiloversPL\" \/>\n<meta property=\"og:description\" content=\"Cena za sztuk\u0119. Podane ceny zawieraj\u0105 VAT23% Przed z\u0142o\u017ceniem zam\u00f3wienia prosimy o kontakt w celu ustalenia szczeg\u00f3\u0142\u00f3w.\" \/>\n<meta property=\"og:url\" content=\"https:\/\/coilovers.pl\/index.php\/produkt\/advanti-storm-s1-17\/\" \/>\n<meta property=\"og:site_name\" content=\"CoiloversPL\" \/>\n<meta property=\"article:publisher\" content=\"https:\/\/www.facebook.com\/coiloverspl\" \/>\n<meta property=\"article:modified_time\" content=\"2025-06-14T07:18:15+00:00\" \/>\n<meta property=\"og:image\" content=\"https:\/\/coilovers.pl\/wp-content\/uploads\/2021\/04\/storm-s1-grey.png\" \/>\n\t<meta property=\"og:image:width\" content=\"777\" \/>\n\t<meta property=\"og:image:height\" content=\"777\" \/>\n\t<meta property=\"og:image:type\" content=\"image\/png\" \/>\n<meta name=\"twitter:card\" content=\"summary_large_image\" \/>\n<meta name=\"twitter:label1\" content=\"Szacowany czas czytania\" \/>\n\t<meta name=\"twitter:data1\" content=\"1 minuta\" \/>\n<script type=\"application\/ld+json\" class=\"yoast-schema-graph\">{\"@context\":\"https:\/\/schema.org\",\"@graph\":[{\"@type\":\"WebPage\",\"@id\":\"https:\/\/coilovers.pl\/index.php\/produkt\/advanti-storm-s1-17\/\",\"url\":\"https:\/\/coilovers.pl\/index.php\/produkt\/advanti-storm-s1-17\/\",\"name\":\"ADVANTI Storm S1 15-17\\\" - CoiloversPL\",\"isPartOf\":{\"@id\":\"https:\/\/coilovers.pl\/#website\"},\"primaryImageOfPage\":{\"@id\":\"https:\/\/coilovers.pl\/index.php\/produkt\/advanti-storm-s1-17\/#primaryimage\"},\"image\":{\"@id\":\"https:\/\/coilovers.pl\/index.php\/produkt\/advanti-storm-s1-17\/#primaryimage\"},\"thumbnailUrl\":\"https:\/\/coilovers.pl\/wp-content\/uploads\/2021\/04\/storm-s1-grey.png\",\"datePublished\":\"2021-04-19T16:50:22+00:00\",\"dateModified\":\"2025-06-14T07:18:15+00:00\",\"breadcrumb\":{\"@id\":\"https:\/\/coilovers.pl\/index.php\/produkt\/advanti-storm-s1-17\/#breadcrumb\"},\"inLanguage\":\"pl-PL\",\"potentialAction\":[{\"@type\":\"ReadAction\",\"target\":[\"https:\/\/coilovers.pl\/index.php\/produkt\/advanti-storm-s1-17\/\"]}]},{\"@type\":\"ImageObject\",\"inLanguage\":\"pl-PL\",\"@id\":\"https:\/\/coilovers.pl\/index.php\/produkt\/advanti-storm-s1-17\/#primaryimage\",\"url\":\"https:\/\/coilovers.pl\/wp-content\/uploads\/2021\/04\/storm-s1-grey.png\",\"contentUrl\":\"https:\/\/coilovers.pl\/wp-content\/uploads\/2021\/04\/storm-s1-grey.png\",\"width\":777,\"height\":777},{\"@type\":\"BreadcrumbList\",\"@id\":\"https:\/\/coilovers.pl\/index.php\/produkt\/advanti-storm-s1-17\/#breadcrumb\",\"itemListElement\":[{\"@type\":\"ListItem\",\"position\":1,\"name\":\"Strona g\u0142\u00f3wna\",\"item\":\"https:\/\/coilovers.pl\/\"},{\"@type\":\"ListItem\",\"position\":2,\"name\":\"Sklep\",\"item\":\"https:\/\/coilovers.pl\/index.php\/sklep\/\"},{\"@type\":\"ListItem\",\"position\":3,\"name\":\"ADVANTI Storm S1 15-17&#8243;\"}]},{\"@type\":\"WebSite\",\"@id\":\"https:\/\/coilovers.pl\/#website\",\"url\":\"https:\/\/coilovers.pl\/\",\"name\":\"CoiloversPL\",\"description\":\"Zawieszenia Felgi Samochody\",\"publisher\":{\"@id\":\"https:\/\/coilovers.pl\/#organization\"},\"potentialAction\":[{\"@type\":\"SearchAction\",\"target\":{\"@type\":\"EntryPoint\",\"urlTemplate\":\"https:\/\/coilovers.pl\/?s={search_term_string}\"},\"query-input\":{\"@type\":\"PropertyValueSpecification\",\"valueRequired\":true,\"valueName\":\"search_term_string\"}}],\"inLanguage\":\"pl-PL\"},{\"@type\":\"Organization\",\"@id\":\"https:\/\/coilovers.pl\/#organization\",\"name\":\"CoiloversPL\",\"url\":\"https:\/\/coilovers.pl\/\",\"logo\":{\"@type\":\"ImageObject\",\"inLanguage\":\"pl-PL\",\"@id\":\"https:\/\/coilovers.pl\/#\/schema\/logo\/image\/\",\"url\":\"https:\/\/coilovers.pl\/wp-content\/uploads\/2021\/02\/cropped-logo.png\",\"contentUrl\":\"https:\/\/coilovers.pl\/wp-content\/uploads\/2021\/02\/cropped-logo.png\",\"width\":3039,\"height\":864,\"caption\":\"CoiloversPL\"},\"image\":{\"@id\":\"https:\/\/coilovers.pl\/#\/schema\/logo\/image\/\"},\"sameAs\":[\"https:\/\/www.facebook.com\/coiloverspl\",\"https:\/\/www.instagram.com\/coilovers_pl\/\"]}]}<\/script>\n<!-- \/ Yoast SEO plugin. -->","yoast_head_json":{"title":"ADVANTI Storm S1 15-17\" - CoiloversPL","robots":{"index":"index","follow":"follow","max-snippet":"max-snippet:-1","max-image-preview":"max-image-preview:large","max-video-preview":"max-video-preview:-1"},"canonical":"https:\/\/coilovers.pl\/index.php\/produkt\/advanti-storm-s1-17\/","og_locale":"pl_PL","og_type":"article","og_title":"ADVANTI Storm S1 15-17\" - CoiloversPL","og_description":"Cena za sztuk\u0119. Podane ceny zawieraj\u0105 VAT23% Przed z\u0142o\u017ceniem zam\u00f3wienia prosimy o kontakt w celu ustalenia szczeg\u00f3\u0142\u00f3w.","og_url":"https:\/\/coilovers.pl\/index.php\/produkt\/advanti-storm-s1-17\/","og_site_name":"CoiloversPL","article_publisher":"https:\/\/www.facebook.com\/coiloverspl","article_modified_time":"2025-06-14T07:18:15+00:00","og_image":[{"width":777,"height":777,"url":"https:\/\/coilovers.pl\/wp-content\/uploads\/2021\/04\/storm-s1-grey.png","type":"image\/png"}],"twitter_card":"summary_large_image","twitter_misc":{"Szacowany czas czytania":"1 minuta"},"schema":{"@context":"https:\/\/schema.org","@graph":[{"@type":"WebPage","@id":"https:\/\/coilovers.pl\/index.php\/produkt\/advanti-storm-s1-17\/","url":"https:\/\/coilovers.pl\/index.php\/produkt\/advanti-storm-s1-17\/","name":"ADVANTI Storm S1 15-17\" - CoiloversPL","isPartOf":{"@id":"https:\/\/coilovers.pl\/#website"},"primaryImageOfPage":{"@id":"https:\/\/coilovers.pl\/index.php\/produkt\/advanti-storm-s1-17\/#primaryimage"},"image":{"@id":"https:\/\/coilovers.pl\/index.php\/produkt\/advanti-storm-s1-17\/#primaryimage"},"thumbnailUrl":"https:\/\/coilovers.pl\/wp-content\/uploads\/2021\/04\/storm-s1-grey.png","datePublished":"2021-04-19T16:50:22+00:00","dateModified":"2025-06-14T07:18:15+00:00","breadcrumb":{"@id":"https:\/\/coilovers.pl\/index.php\/produkt\/advanti-storm-s1-17\/#breadcrumb"},"inLanguage":"pl-PL","potentialAction":[{"@type":"ReadAction","target":["https:\/\/coilovers.pl\/index.php\/produkt\/advanti-storm-s1-17\/"]}]},{"@type":"ImageObject","inLanguage":"pl-PL","@id":"https:\/\/coilovers.pl\/index.php\/produkt\/advanti-storm-s1-17\/#primaryimage","url":"https:\/\/coilovers.pl\/wp-content\/uploads\/2021\/04\/storm-s1-grey.png","contentUrl":"https:\/\/coilovers.pl\/wp-content\/uploads\/2021\/04\/storm-s1-grey.png","width":777,"height":777},{"@type":"BreadcrumbList","@id":"https:\/\/coilovers.pl\/index.php\/produkt\/advanti-storm-s1-17\/#breadcrumb","itemListElement":[{"@type":"ListItem","position":1,"name":"Strona g\u0142\u00f3wna","item":"https:\/\/coilovers.pl\/"},{"@type":"ListItem","position":2,"name":"Sklep","item":"https:\/\/coilovers.pl\/index.php\/sklep\/"},{"@type":"ListItem","position":3,"name":"ADVANTI Storm S1 15-17&#8243;"}]},{"@type":"WebSite","@id":"https:\/\/coilovers.pl\/#website","url":"https:\/\/coilovers.pl\/","name":"CoiloversPL","description":"Zawieszenia Felgi Samochody","publisher":{"@id":"https:\/\/coilovers.pl\/#organization"},"potentialAction":[{"@type":"SearchAction","target":{"@type":"EntryPoint","urlTemplate":"https:\/\/coilovers.pl\/?s={search_term_string}"},"query-input":{"@type":"PropertyValueSpecification","valueRequired":true,"valueName":"search_term_string"}}],"inLanguage":"pl-PL"},{"@type":"Organization","@id":"https:\/\/coilovers.pl\/#organization","name":"CoiloversPL","url":"https:\/\/coilovers.pl\/","logo":{"@type":"ImageObject","inLanguage":"pl-PL","@id":"https:\/\/coilovers.pl\/#\/schema\/logo\/image\/","url":"https:\/\/coilovers.pl\/wp-content\/uploads\/2021\/02\/cropped-logo.png","contentUrl":"https:\/\/coilovers.pl\/wp-content\/uploads\/2021\/02\/cropped-logo.png","width":3039,"height":864,"caption":"CoiloversPL"},"image":{"@id":"https:\/\/coilovers.pl\/#\/schema\/logo\/image\/"},"sameAs":["https:\/\/www.facebook.com\/coiloverspl","https:\/\/www.instagram.com\/coilovers_pl\/"]}]}},"_links":{"self":[{"href":"https:\/\/coilovers.pl\/index.php\/wp-json\/wp\/v2\/product\/3040","targetHints":{"allow":["GET"]}}],"collection":[{"href":"https:\/\/coilovers.pl\/index.php\/wp-json\/wp\/v2\/product"}],"about":[{"href":"https:\/\/coilovers.pl\/index.php\/wp-json\/wp\/v2\/types\/product"}],"wp:featuredmedia":[{"embeddable":true,"href":"https:\/\/coilovers.pl\/index.php\/wp-json\/wp\/v2\/media\/3042"}],"wp:attachment":[{"href":"https:\/\/coilovers.pl\/index.php\/wp-json\/wp\/v2\/media?parent=3040"}],"curies":[{"name":"wp","href":"https:\/\/api.w.org\/{rel}","templated":true}]}}