{"id":3029,"date":"2021-04-19T18:10:02","date_gmt":"2021-04-19T16:10:02","guid":{"rendered":"https:\/\/coilovers.pl\/?post_type=product&#038;p=3029"},"modified":"2025-03-29T17:15:11","modified_gmt":"2025-03-29T16:15:11","slug":"hypergram","status":"publish","type":"product","link":"https:\/\/coilovers.pl\/index.php\/produkt\/hypergram\/","title":{"rendered":"KONIG Hypergram 15-18&#8243;"},"content":{"rendered":"<p><strong>Konig Part#\u00a0 Rozmiar\u00a0 PCD\u00a0 Offset (mm)\u00a0 Wyko\u0144czenie Centrowanie\u00a0 Konstrukcja Waga\u00a0<\/strong><\/p>\n<p>HG75100356 15\u00d77.5 4X100 35 METALLIC CARBON W\/ MACHINED LIP 73.1 FLOW FORMED\u00a0 5.5kg<br \/>\nHG75100358 15\u00d77.5 4X100 35 RACE BRONZE 73.1 FLOW FORMED\u00a0 5.5kg<br \/>\nHG7510035G 15\u00d77.5 4X100 35 MATTE GREY 73.1 FLOW FORMED\u00a0 5.5kg<br \/>\nHG75100355 15\u00d77.5 4X100 35 MATTE BLACK 73.1 FLOW FORMED\u00a0 5.5kg<br \/>\nHG85100356 15\u00d78 4\u00d7100 35 METALLIC CARBON W\/ MACHINED LIP 73.1 FLOW FORMED\u00a0 &#8211;<br \/>\nHG85100358 15\u00d78 4\u00d7100 35 RACE BRONZE 73.1 FLOW FORMED\u00a0 &#8211;<br \/>\nHG8510035G 15\u00d78 4\u00d7100 35 MATTE GREY 73.1 FLOW FORMED\u00a0 &#8211;<br \/>\nHG85100258 15\u00d78.5 4X100 25 RACE BRONZE 73.1 FLOW FORMED\u00a0 5.9kg<br \/>\nHG8510025G 15\u00d78.5 4X100 25 MATTE GREY 73.1 FLOW FORMED\u00a0 5.9kg<\/p>\n<p>HG76100386 16\u00d77.5 4X100 38 METALLIC CARBON W\/ MACHINED LIP 73.1 FLOW FORMED &#8211;<br \/>\nHG76100388 16\u00d77.5 4X100 38 RACE BRONZE 73.1 FLOW FORMED &#8211;<br \/>\nHG7610038G 16\u00d77.5 4X100 35 MATTE GREY 73.1 FLOW FORMED &#8211;<br \/>\nHG76514386 16\u00d77.5 5X114.3 38 METALLIC CARBON W\/ MACHINED LIP 73.1 FLOW FORMED &#8211;<br \/>\nHG76514388 16\u00d77.5 5X114.3 38 RACE BRONZE 73.1 FLOW FORMED &#8211;<br \/>\nHG7651438G 16\u00d77.5 5X114.3 38 MATTE GREY 73.1 FLOW FORMED 6.6kg<br \/>\nHG86100386 16\u00d78 4\u00d7100 38 METALLIC CARBON W\/ MACHINED LIP 73.1 FLOW FORMED &#8211;<br \/>\nHG86100388 16\u00d78 4\u00d7100 38 RACE BRONZE 73.1 FLOW FORMED &#8211;<br \/>\nHG8610038G 16\u00d78 4\u00d7100 38 MATTE GREY 73.1 FLOW FORMED &#8211;<br \/>\nHG86514386 16\u00d78 5X114.3 38 METALLIC CARBON W\/ MACHINED LIP 73.1 FLOW FORMED &#8211;<br \/>\nHG86514388 16\u00d78 5X114.3 38 RACE BRONZE 73.1 FLOW FORMED &#8211;<br \/>\nHG8651438G 16\u00d78 5X114.3 38 MATTE GREY 73.1 FLOW FORMED &#8211;<\/p>\n<p>HG87100456 17\u00d78 4X100 45 METALLIC CARBON W\/ MACHINED LIP 73.1 FLOW FORMED\u00a0 7.4kg<br \/>\nHG87100458 17\u00d78 4X100 45 RACE BRONZE 73.1 FLOW FORMED\u00a0 7.4kg<br \/>\nHG8710045G 17\u00d78 4X100 45 MATTE GREY 73.1 FLOW FORMED\u00a0 7.4kg<br \/>\nHG8710840G 17\u00d78 4X108 40 MATTE GREY 73.1 FLOW FORMED\u00a0 7.5kg<br \/>\nHG87510406 17\u00d78 5X100 40 METALLIC CARBON W\/ MACHINED LIP 73.1 FLOW FORMED\u00a0 7.5kg<br \/>\nHG87510408 17\u00d78 5X100 40 RACE BRONZE 73.1 FLOW FORMED\u00a0 7.5kg<br \/>\nHG8751040G 17\u00d78 5X100 40 MATTE GREY 73.1 FLOW FORMED\u00a0 7.5kg<br \/>\nHG87510405 17\u00d78 5X100 40 MATTE BLACK 73.1 FLOW FORMED\u00a0 7.5kg<br \/>\nHG87508408 17\u00d78 5X108 40 RACE BRONZE 73.1 FLOW FORMED\u00a0 7.5kg<br \/>\nHG8750840G 17\u00d78 5X108 40 MATTE GREY 73.1 FLOW FORMED\u00a0 7.5kg<br \/>\nHG87512458 17\u00d78 5X112 45 RACE BRONZE 66.56 FLOW FORMED\u00a0 7.4kg<br \/>\nHG8751245G 17\u00d78 5X112 45 MATTE GREY 66.56 FLOW FORMED\u00a0 7.4kg<br \/>\nHG87512455 17\u00d78 5X112 45 MATTE BLACK 66.56 FLOW FORMED\u00a0 7.4kg<br \/>\nHG87514356 17\u00d78 5X114.3 35 METALLIC CARBON W\/ MACHINED LIP 73.1 FLOW FORMED\u00a0 7.8kg<br \/>\nHG87514358 17\u00d78 5X114.3 35 RACE BRONZE 73.1 FLOW FORMED\u00a0 7.8kg<br \/>\nHG8751435G 17\u00d78 5X114.3 35 MATTE GREY 73.1 FLOW FORMED\u00a0 7.8kg<br \/>\nHG87514355 17\u00d78 5X114.3 35 MATTE BLACK 73.1 FLOW FORMED\u00a0 7.8kg<br \/>\nHG87514456 17\u00d78 5X114.3 45 METALLIC CARBON W\/ MACHINED LIP 73.1 FLOW FORMED\u00a0 7.4kg<br \/>\nHG87514458 17\u00d78 5X114.3 45 RACE BRONZE 73.1 FLOW FORMED\u00a0 7.4kg<br \/>\nHG8751445G 17\u00d78 5X114.3 45 MATTE GREY 73.1 FLOW FORMED\u00a0 7.4kg<br \/>\nHG87514455 17\u00d78 5X114.3 45 MATTE BLACK 73.1 FLOW FORMED\u00a0 7.8kg<br \/>\nHG8752035G 17\u00d78 5\u00d7120 35 MATTE GREY 72.56 FLOW FORMED\u00a0 7.8kg<br \/>\nHG97100458 17\u00d79 4X100 45 RACE BRONZE 73.1 FLOW FORMED\u00a0 7.7kg<br \/>\nHG9710045G 17\u00d79 4X100 45 MATTE GREY 73.1 FLOW FORMED\u00a0 7.7kg<br \/>\nHG97510406 17\u00d79 5X100 40 METALLIC CARBON W\/ MACHINED LIP 73.1 FLOW FORMED\u00a0 7.9kg<br \/>\nHG97510408 17\u00d79 5X100 40 RACE BRONZE 73.1 FLOW FORMED\u00a0 7.9kg<br \/>\nHG9751040G 17\u00d79 5X100 40 MATTE GREY 73.1 FLOW FORMED\u00a0 7.9kg<br \/>\nHG97510405 17\u00d79 5X100 40 MATTE BLACK 73.1 FLOW FORMED\u00a0 7.9kg<br \/>\nHG97514256 17\u00d79 5X114.3 25 METALLIC CARBON W\/ MACHINED LIP 73.1 FLOW FORMED\u00a0 8.4kg<br \/>\nHG97514258 17\u00d79 5X114.3 25 RACE BRONZE 73.1 FLOW FORMED 8.4kg<br \/>\nHG9751425G 17\u00d79 5X114.3 25 MATTE GREY 73.1 FLOW FORMED\u00a0 8.4kg<br \/>\nHG97514255 17\u00d79 5X114.3 25 MATTE BLACK 73.1 FLOW FORMED\u00a0 8.4kg<br \/>\nHG97514406 17\u00d79 5X114.3 40 METALLIC CARBON W\/ MACHINED LIP 73.1 FLOW FORMED\u00a0 7.9kg<br \/>\nHG97514408 17\u00d79 5X114.3 40 RACE BRONZE 73.1 FLOW FORMED\u00a0 7.9kg<br \/>\nHG9751440G 17\u00d79 5X114.3 40 MATTE GREY 73.1 FLOW FORMED 7.9kg<br \/>\nHG97514405 17\u00d79 5X114.3 40 MATTE BLACK 73.1 FLOW FORMED\u00a0 7.9kg<br \/>\nHG9752035G 17\u00d79 5X120 35 MATTE GREY 72.56 FLOW FORMED\u00a0 7.9kg<br \/>\nHG07514188 17\u00d710 B 5\u00d7114.3 18 RACE BRONZE 73.1 FLOW FORMED\u00a0 8.3kg<br \/>\nHG0751418G 17\u00d710 B 5\u00d7114.3 18 MATTE GREY 73.1 FLOW FORMED\u00a0 8.3kg<br \/>\nHG07514438 17\u00d710 B 5\u00d7114.3 43 RACE BRONZE 73.1 FLOW FORMED<br \/>\nHG07514438 17\u00d710 B 5\u00d7114.3 43 RACE BRONZE 73.1 FLOW FORMED<\/p>\n<p>HG88510388\u00a0 18\u00d78.5\u00a0 5X100\u00a0 38\u00a0 RACE BRONZE\u00a0 73.1\u00a0 FLOW FORMED\u00a0 \u00a0 8.2kg<br \/>\nHG8851038G 18\u00d78.5 5X100 38 MATTE GREY 73.1 FLOW FORMED\u00a0 8.2kg<br \/>\nHG88508436 18\u00d78.5 5X108 43 METALLIC CARBON W\/ MACHINED LIP 73.1 FLOW FORMED 8.2kg<br \/>\nHG8850843G 18\u00d78.5 5X108 43 MATTE GREY 73.1 FLOW FORMED\u00a0 8.2kg<br \/>\nHG88508435 18\u00d78.5 5X108 43 MATTE BLACK 73.1 FLOW FORMED 8.2kg<br \/>\nHG88512436 18\u00d78.5 5X112 43 METALLIC CARBON W\/ MACHINED LIP 66.56 FLOW FORMED\u00a0 8.2kg<br \/>\nHG88512438 18\u00d78.5 5X112 43 RACE BRONZE 66.56 FLOW FORMED\u00a0 8.2kg<br \/>\nHG8851243G 18\u00d78.5 5X112 43 MATTE GREY 66.56 FLOW FORMED\u00a0 8.2kg<br \/>\nHG88512435 18\u00d78.5 5X112 43 MATTE BLACK 66.56 FLOW FORMED\u00a0 8.2kg<br \/>\nHG88514356 18\u00d78.5 5X114.3 35 METALLIC CARBON W\/ MACHINED LIP 73.1 FLOW FORMED\u00a0 8.3kg<br \/>\nHG88514358 18\u00d78.5 5X114.3 35 RACE BRONZE 73.1 FLOW FORMED\u00a0 8.3kg<br \/>\nHG8851435G 18\u00d78.5 5X114.3 35 MATTE GREY 73.1 FLOW FORMED\u00a0 8.3kg<br \/>\nHG88514355 18\u00d78.5 5X114.3 35 MATTE BLACK 73.1 FLOW FORMED\u00a0 8.3kg<br \/>\nHG88514456 18\u00d78.5 5X114.3 45 METALLIC CARBON W\/ MACHINED LIP 73.1 FLOW FORMED\u00a0 8.2kg<br \/>\nHG88514458 18\u00d78.5 5X114.3 45 RACE BRONZE 73.1 FLOW FORMED\u00a0 8.2kg<br \/>\nHG8851445G 18\u00d78.5 5X114.3 45 MATTE GREY 73.1 FLOW FORMED\u00a0 8.2kg<br \/>\nHG8852035G 18\u00d78.5 5X120 35 MATTE GREY 72.56 FLOW FORMED\u00a0 8.3kg<br \/>\nHG98512306 18\u00d79.5A 5\u00d7112 30 METALLIC CARBON W\/ MACHINED LIP 66.56 FLOW FORMED\u00a0 9kg<br \/>\nHG9851230G 18\u00d79.5A 5\u00d7112 30 MATTE GREY 66.56 FLOW FORMED\u00a0 9kg<br \/>\nHG98514256 18\u00d79.5A 5X114.3 25 METALLIC CARBON W\/ MACHINED LIP 73.1 FLOW FORMED 9.1kg<br \/>\nHG98514258 18\u00d79.5A 5X114.3 25 RACE BRONZE 73.1 FLOW FORMED\u00a0 9.1kg<br \/>\nHG9851425G 18\u00d79.5A 5X114.3 25 MATTE GREY 73.1 FLOW FORMED\u00a0 9.1kg<br \/>\nHG98514255 18\u00d79.5A 5X114.3 25 MATTE BLACK 73.1 FLOW FORMED 9.1kg<br \/>\nHG98514356 18\u00d79.5A 5X114.3 35 METALLIC CARBON W\/ MACHINED LIP 73.1 FLOW FORMED 8.7kg<br \/>\nHG98514358 18\u00d79.5A 5X114.3 35 RACE BRONZE 73.1 FLOW FORMED\u00a0 8.7kg<br \/>\nHG9851435G 18\u00d79.5A 5X114.3 35 MATTE GREY 73.1 FLOW FORMED\u00a0 8.7kg<br \/>\nHG9852035G 18\u00d79.5A 5X120 35 MATTE GREY 72.56 FLOW FORMED\u00a0 8,6kg<br \/>\nHG98520355 18\u00d79.5A 5X120 35 MATTE BLACK 72.56 FLOW FORMED\u00a0 8,6kg<br \/>\nHG08514256 18\u00d710.5 B 5X114.3 25 METALLIC CARBON W\/ MACHINED LIP 73.1 FLOW FORMED 8.7kg<br \/>\nHG08514258 18\u00d710.5 B 5X114.3 25 RACE BRONZE 73.1 FLOW FORMED\u00a0 8.7kg<br \/>\nHG0851425G 18\u00d710.5 B 5X114.3 25 MATTE GREY 73.1 FLOW FORMED 8.7kg<br \/>\nHG08514255 18\u00d710.5 B 5X114.3 25 MATTE BLACK 73.1 FLOW FORMED\u00a0 8.7kg<br \/>\nHG0852025G 18\u00d710.5 B 5X120 25 MATTE GREY 73.1 FLOW FORMED\u00a0 8.7kg<br \/>\nHG08520255 18\u00d710.5 B 5X120 25 MATTE BLACK 73.1 FLOW FORMED\u00a0 8.7kg<br \/>\nHG18512406 18\u00d711 B 5\u00d7112 40 METALLIC CARBON W\/ MACHINED LIP 66.56 FLOW FORMED\u00a0 8.8kg<br \/>\nHG1851240G 18\u00d711 B 5\u00d7112 40 MATTE GREY 66.56 FLOW FORMED\u00a0 8.8kg<br \/>\nHG1851415G 18\u00d711 B 5\u00d7114.3 15 MATTE GREY 73.1 FLOW FORMED\u00a0 9.2kg<br \/>\nHG18514406 18\u00d711 B 5\u00d7114.3 40 METALLIC CARBON W\/ MACHINED LIP 73.1 FLOW FORMED\u00a0 9kg<br \/>\nHG1851440G 18\u00d711 B 5\u00d7114.3 40 MATTE GREY 73.1 FLOW FORMED\u00a0 9kg<br \/>\nHG18514155 18\u00d711 B 5\u00d7114.3 40 MATTE BLACK 73.1 FLOW FORMED\u00a0 9kg<\/p>\n","protected":false},"excerpt":{"rendered":"<p>Cena za sztuk\u0119<br \/>\nPodane ceny zawieraj\u0105 VAT 23%<br \/>\nPrzed z\u0142o\u017ceniem zam\u00f3wienia prosimy o kontakt w celu ustalenia szczeg\u00f3\u0142\u00f3w.<\/p>\n","protected":false},"featured_media":2943,"template":"","meta":[],"class_list":["post-3029","product","type-product","status-publish","has-post-thumbnail","hentry","pwb-brand-konig","product_cat-hypergram","product_shipping_class-felgi"],"brands":[{"id":953,"name":"KONIG","slug":"konig"}],"yoast_head":"<!-- This site is optimized with the Yoast SEO plugin v24.7 - https:\/\/yoast.com\/wordpress\/plugins\/seo\/ -->\n<title>KONIG Hypergram 15-18&quot; - CoiloversPL<\/title>\n<meta name=\"robots\" content=\"index, follow, max-snippet:-1, max-image-preview:large, max-video-preview:-1\" \/>\n<link rel=\"canonical\" href=\"https:\/\/coilovers.pl\/index.php\/produkt\/hypergram\/\" \/>\n<meta property=\"og:locale\" content=\"pl_PL\" \/>\n<meta property=\"og:type\" content=\"article\" \/>\n<meta property=\"og:title\" content=\"KONIG Hypergram 15-18&quot; - CoiloversPL\" \/>\n<meta property=\"og:description\" content=\"Cena za sztuk\u0119 Podane ceny zawieraj\u0105 VAT 23% Przed z\u0142o\u017ceniem zam\u00f3wienia prosimy o kontakt w celu ustalenia szczeg\u00f3\u0142\u00f3w.\" \/>\n<meta property=\"og:url\" content=\"https:\/\/coilovers.pl\/index.php\/produkt\/hypergram\/\" \/>\n<meta property=\"og:site_name\" content=\"CoiloversPL\" \/>\n<meta property=\"article:publisher\" content=\"https:\/\/www.facebook.com\/coiloverspl\" \/>\n<meta property=\"article:modified_time\" content=\"2025-03-29T16:15:11+00:00\" \/>\n<meta property=\"og:image\" content=\"https:\/\/coilovers.pl\/wp-content\/uploads\/2021\/04\/hypergram-bronze.jpg\" \/>\n\t<meta property=\"og:image:width\" content=\"1000\" \/>\n\t<meta property=\"og:image:height\" content=\"1000\" \/>\n\t<meta property=\"og:image:type\" content=\"image\/jpeg\" \/>\n<meta name=\"twitter:card\" content=\"summary_large_image\" \/>\n<meta name=\"twitter:label1\" content=\"Szacowany czas czytania\" \/>\n\t<meta name=\"twitter:data1\" content=\"7 minut\" \/>\n<script type=\"application\/ld+json\" class=\"yoast-schema-graph\">{\"@context\":\"https:\/\/schema.org\",\"@graph\":[{\"@type\":\"WebPage\",\"@id\":\"https:\/\/coilovers.pl\/index.php\/produkt\/hypergram\/\",\"url\":\"https:\/\/coilovers.pl\/index.php\/produkt\/hypergram\/\",\"name\":\"KONIG Hypergram 15-18\\\" - CoiloversPL\",\"isPartOf\":{\"@id\":\"https:\/\/coilovers.pl\/#website\"},\"primaryImageOfPage\":{\"@id\":\"https:\/\/coilovers.pl\/index.php\/produkt\/hypergram\/#primaryimage\"},\"image\":{\"@id\":\"https:\/\/coilovers.pl\/index.php\/produkt\/hypergram\/#primaryimage\"},\"thumbnailUrl\":\"https:\/\/coilovers.pl\/wp-content\/uploads\/2021\/04\/hypergram-bronze.jpg\",\"datePublished\":\"2021-04-19T16:10:02+00:00\",\"dateModified\":\"2025-03-29T16:15:11+00:00\",\"breadcrumb\":{\"@id\":\"https:\/\/coilovers.pl\/index.php\/produkt\/hypergram\/#breadcrumb\"},\"inLanguage\":\"pl-PL\",\"potentialAction\":[{\"@type\":\"ReadAction\",\"target\":[\"https:\/\/coilovers.pl\/index.php\/produkt\/hypergram\/\"]}]},{\"@type\":\"ImageObject\",\"inLanguage\":\"pl-PL\",\"@id\":\"https:\/\/coilovers.pl\/index.php\/produkt\/hypergram\/#primaryimage\",\"url\":\"https:\/\/coilovers.pl\/wp-content\/uploads\/2021\/04\/hypergram-bronze.jpg\",\"contentUrl\":\"https:\/\/coilovers.pl\/wp-content\/uploads\/2021\/04\/hypergram-bronze.jpg\",\"width\":1000,\"height\":1000},{\"@type\":\"BreadcrumbList\",\"@id\":\"https:\/\/coilovers.pl\/index.php\/produkt\/hypergram\/#breadcrumb\",\"itemListElement\":[{\"@type\":\"ListItem\",\"position\":1,\"name\":\"Strona g\u0142\u00f3wna\",\"item\":\"https:\/\/coilovers.pl\/\"},{\"@type\":\"ListItem\",\"position\":2,\"name\":\"Sklep\",\"item\":\"https:\/\/coilovers.pl\/index.php\/sklep\/\"},{\"@type\":\"ListItem\",\"position\":3,\"name\":\"KONIG Hypergram 15-18&#8243;\"}]},{\"@type\":\"WebSite\",\"@id\":\"https:\/\/coilovers.pl\/#website\",\"url\":\"https:\/\/coilovers.pl\/\",\"name\":\"CoiloversPL\",\"description\":\"Zawieszenia Felgi Samochody\",\"publisher\":{\"@id\":\"https:\/\/coilovers.pl\/#organization\"},\"potentialAction\":[{\"@type\":\"SearchAction\",\"target\":{\"@type\":\"EntryPoint\",\"urlTemplate\":\"https:\/\/coilovers.pl\/?s={search_term_string}\"},\"query-input\":{\"@type\":\"PropertyValueSpecification\",\"valueRequired\":true,\"valueName\":\"search_term_string\"}}],\"inLanguage\":\"pl-PL\"},{\"@type\":\"Organization\",\"@id\":\"https:\/\/coilovers.pl\/#organization\",\"name\":\"CoiloversPL\",\"url\":\"https:\/\/coilovers.pl\/\",\"logo\":{\"@type\":\"ImageObject\",\"inLanguage\":\"pl-PL\",\"@id\":\"https:\/\/coilovers.pl\/#\/schema\/logo\/image\/\",\"url\":\"https:\/\/coilovers.pl\/wp-content\/uploads\/2021\/02\/cropped-logo.png\",\"contentUrl\":\"https:\/\/coilovers.pl\/wp-content\/uploads\/2021\/02\/cropped-logo.png\",\"width\":3039,\"height\":864,\"caption\":\"CoiloversPL\"},\"image\":{\"@id\":\"https:\/\/coilovers.pl\/#\/schema\/logo\/image\/\"},\"sameAs\":[\"https:\/\/www.facebook.com\/coiloverspl\",\"https:\/\/www.instagram.com\/coilovers_pl\/\"]}]}<\/script>\n<!-- \/ Yoast SEO plugin. -->","yoast_head_json":{"title":"KONIG Hypergram 15-18\" - CoiloversPL","robots":{"index":"index","follow":"follow","max-snippet":"max-snippet:-1","max-image-preview":"max-image-preview:large","max-video-preview":"max-video-preview:-1"},"canonical":"https:\/\/coilovers.pl\/index.php\/produkt\/hypergram\/","og_locale":"pl_PL","og_type":"article","og_title":"KONIG Hypergram 15-18\" - CoiloversPL","og_description":"Cena za sztuk\u0119 Podane ceny zawieraj\u0105 VAT 23% Przed z\u0142o\u017ceniem zam\u00f3wienia prosimy o kontakt w celu ustalenia szczeg\u00f3\u0142\u00f3w.","og_url":"https:\/\/coilovers.pl\/index.php\/produkt\/hypergram\/","og_site_name":"CoiloversPL","article_publisher":"https:\/\/www.facebook.com\/coiloverspl","article_modified_time":"2025-03-29T16:15:11+00:00","og_image":[{"width":1000,"height":1000,"url":"https:\/\/coilovers.pl\/wp-content\/uploads\/2021\/04\/hypergram-bronze.jpg","type":"image\/jpeg"}],"twitter_card":"summary_large_image","twitter_misc":{"Szacowany czas czytania":"7 minut"},"schema":{"@context":"https:\/\/schema.org","@graph":[{"@type":"WebPage","@id":"https:\/\/coilovers.pl\/index.php\/produkt\/hypergram\/","url":"https:\/\/coilovers.pl\/index.php\/produkt\/hypergram\/","name":"KONIG Hypergram 15-18\" - CoiloversPL","isPartOf":{"@id":"https:\/\/coilovers.pl\/#website"},"primaryImageOfPage":{"@id":"https:\/\/coilovers.pl\/index.php\/produkt\/hypergram\/#primaryimage"},"image":{"@id":"https:\/\/coilovers.pl\/index.php\/produkt\/hypergram\/#primaryimage"},"thumbnailUrl":"https:\/\/coilovers.pl\/wp-content\/uploads\/2021\/04\/hypergram-bronze.jpg","datePublished":"2021-04-19T16:10:02+00:00","dateModified":"2025-03-29T16:15:11+00:00","breadcrumb":{"@id":"https:\/\/coilovers.pl\/index.php\/produkt\/hypergram\/#breadcrumb"},"inLanguage":"pl-PL","potentialAction":[{"@type":"ReadAction","target":["https:\/\/coilovers.pl\/index.php\/produkt\/hypergram\/"]}]},{"@type":"ImageObject","inLanguage":"pl-PL","@id":"https:\/\/coilovers.pl\/index.php\/produkt\/hypergram\/#primaryimage","url":"https:\/\/coilovers.pl\/wp-content\/uploads\/2021\/04\/hypergram-bronze.jpg","contentUrl":"https:\/\/coilovers.pl\/wp-content\/uploads\/2021\/04\/hypergram-bronze.jpg","width":1000,"height":1000},{"@type":"BreadcrumbList","@id":"https:\/\/coilovers.pl\/index.php\/produkt\/hypergram\/#breadcrumb","itemListElement":[{"@type":"ListItem","position":1,"name":"Strona g\u0142\u00f3wna","item":"https:\/\/coilovers.pl\/"},{"@type":"ListItem","position":2,"name":"Sklep","item":"https:\/\/coilovers.pl\/index.php\/sklep\/"},{"@type":"ListItem","position":3,"name":"KONIG Hypergram 15-18&#8243;"}]},{"@type":"WebSite","@id":"https:\/\/coilovers.pl\/#website","url":"https:\/\/coilovers.pl\/","name":"CoiloversPL","description":"Zawieszenia Felgi Samochody","publisher":{"@id":"https:\/\/coilovers.pl\/#organization"},"potentialAction":[{"@type":"SearchAction","target":{"@type":"EntryPoint","urlTemplate":"https:\/\/coilovers.pl\/?s={search_term_string}"},"query-input":{"@type":"PropertyValueSpecification","valueRequired":true,"valueName":"search_term_string"}}],"inLanguage":"pl-PL"},{"@type":"Organization","@id":"https:\/\/coilovers.pl\/#organization","name":"CoiloversPL","url":"https:\/\/coilovers.pl\/","logo":{"@type":"ImageObject","inLanguage":"pl-PL","@id":"https:\/\/coilovers.pl\/#\/schema\/logo\/image\/","url":"https:\/\/coilovers.pl\/wp-content\/uploads\/2021\/02\/cropped-logo.png","contentUrl":"https:\/\/coilovers.pl\/wp-content\/uploads\/2021\/02\/cropped-logo.png","width":3039,"height":864,"caption":"CoiloversPL"},"image":{"@id":"https:\/\/coilovers.pl\/#\/schema\/logo\/image\/"},"sameAs":["https:\/\/www.facebook.com\/coiloverspl","https:\/\/www.instagram.com\/coilovers_pl\/"]}]}},"_links":{"self":[{"href":"https:\/\/coilovers.pl\/index.php\/wp-json\/wp\/v2\/product\/3029","targetHints":{"allow":["GET"]}}],"collection":[{"href":"https:\/\/coilovers.pl\/index.php\/wp-json\/wp\/v2\/product"}],"about":[{"href":"https:\/\/coilovers.pl\/index.php\/wp-json\/wp\/v2\/types\/product"}],"wp:featuredmedia":[{"embeddable":true,"href":"https:\/\/coilovers.pl\/index.php\/wp-json\/wp\/v2\/media\/2943"}],"wp:attachment":[{"href":"https:\/\/coilovers.pl\/index.php\/wp-json\/wp\/v2\/media?parent=3029"}],"curies":[{"name":"wp","href":"https:\/\/api.w.org\/{rel}","templated":true}]}}