{"id":1771,"date":"2021-03-15T21:29:40","date_gmt":"2021-03-15T20:29:40","guid":{"rendered":"https:\/\/coilovers.pl\/?post_type=product&#038;p=1771"},"modified":"2021-03-15T21:29:40","modified_gmt":"2021-03-15T20:29:40","slug":"zawieszenie-gwintowane-monotube-hr-alfa-romeo-147","status":"publish","type":"product","link":"https:\/\/coilovers.pl\/index.php\/produkt\/zawieszenie-gwintowane-monotube-hr-alfa-romeo-147\/","title":{"rendered":"Zawieszenie gwintowane Monotube H&#038;R Alfa Romeo 147"},"content":{"rendered":"<p>Numer katalogowy: 29253-1<br \/>\nMarka: Alfa Romeo<br \/>\nModel: 147 (937)<br \/>\nRocznik: 11\/00&gt;10<br \/>\nWariant: 2WD, w\u0142\u0105cznie z modelami GTA+GT (Coup\u00e9)<br \/>\nDane produktu<br \/>\nobni\u017cenie przodu 30-60 mm<br \/>\nobni\u017cenie ty\u0142u 30-60 mm<br \/>\nSzczeg\u00f3\u0142y<br \/>\nCertyfikat T\u00dcV<br \/>\nUwagi<br \/>\nW przypadku pojazd\u00f3w z fabrycznym obni\u017ceniem takich jak, np. BMW M-Technik, Mercedes Benz Sport-Line, Audi Sport itp., obni\u017cenie b\u0119dzie nieznaczne z racji fabrycznego obni\u017cenia.<br \/>\nZawieszenie gwintowane regulowane w zakresie podanym przez T\u00dcV.<br \/>\nW zale\u017cno\u015bci od silnika, skrzyni, wyposa\u017cenia i tolerancji mo\u017cliwe s\u0105 r\u00f3\u017cnice pomi\u0119dzy podanymi warto\u015bciami obni\u017cenia, a faktycznym obni\u017ceniem o par\u0119 mm.<br \/>\nPodane warto\u015bci obni\u017cenia zosta\u0142y zmierzone na testowych autach. Nale\u017cy pami\u0119ta\u0107, \u017ce maksymalne obni\u017cenie w niekt\u00f3rych pojazdach mo\u017ce nie zosta\u0107 osi\u0105gni\u0119te. Wi\u0119cej informacji o wymiarach i uwagach do produktu znajduje si\u0119 w dokumentacji technicznej oraz przypisach 12,17,32.<\/p>\n","protected":false},"excerpt":{"rendered":"<p>Numer katalogowy: 29253-1 Marka: Alfa Romeo Model: 147 (937) Rocznik: 11\/00&gt;10 Wariant: 2WD, w\u0142\u0105cznie z modelami GTA+GT (Coup\u00e9) Dane produktu obni\u017cenie przodu 30-60 mm obni\u017cenie ty\u0142u 30-60 mm Szczeg\u00f3\u0142y Certyfikat T\u00dcV Uwagi W przypadku pojazd\u00f3w z fabrycznym obni\u017ceniem takich jak, np. BMW M-Technik, Mercedes Benz Sport-Line, Audi Sport itp., obni\u017cenie b\u0119dzie nieznaczne z racji fabrycznego &hellip;<\/p>\n<p class=\"read-more\"> <a class=\"\" href=\"https:\/\/coilovers.pl\/index.php\/produkt\/zawieszenie-gwintowane-monotube-hr-alfa-romeo-147\/\"> <span class=\"screen-reader-text\">Zawieszenie gwintowane Monotube H&#038;R Alfa Romeo 147<\/span> Read More &raquo;<\/a><\/p>\n","protected":false},"featured_media":1765,"template":"","meta":[],"class_list":["post-1771","product","type-product","status-publish","has-post-thumbnail","hentry","pwb-brand-hr","product_cat-141","product_cat-gt"],"brands":[{"id":79,"name":"H&amp;R","slug":"hr"}],"yoast_head":"<!-- This site is optimized with the Yoast SEO plugin v24.7 - https:\/\/yoast.com\/wordpress\/plugins\/seo\/ -->\n<title>Zawieszenie gwintowane Monotube H&amp;R Alfa Romeo 147 - CoiloversPL<\/title>\n<meta name=\"robots\" content=\"index, follow, max-snippet:-1, max-image-preview:large, max-video-preview:-1\" \/>\n<link rel=\"canonical\" href=\"https:\/\/coilovers.pl\/index.php\/produkt\/zawieszenie-gwintowane-monotube-hr-alfa-romeo-147\/\" \/>\n<meta property=\"og:locale\" content=\"pl_PL\" \/>\n<meta property=\"og:type\" content=\"article\" \/>\n<meta property=\"og:title\" content=\"Zawieszenie gwintowane Monotube H&amp;R Alfa Romeo 147 - CoiloversPL\" \/>\n<meta property=\"og:description\" content=\"Numer katalogowy: 29253-1 Marka: Alfa Romeo Model: 147 (937) Rocznik: 11\/00&gt;10 Wariant: 2WD, w\u0142\u0105cznie z modelami GTA+GT (Coup\u00e9) Dane produktu obni\u017cenie przodu 30-60 mm obni\u017cenie ty\u0142u 30-60 mm Szczeg\u00f3\u0142y Certyfikat T\u00dcV Uwagi W przypadku pojazd\u00f3w z fabrycznym obni\u017ceniem takich jak, np. BMW M-Technik, Mercedes Benz Sport-Line, Audi Sport itp., obni\u017cenie b\u0119dzie nieznaczne z racji fabrycznego &hellip; Zawieszenie gwintowane Monotube H&#038;R Alfa Romeo 147 Read More &raquo;\" \/>\n<meta property=\"og:url\" content=\"https:\/\/coilovers.pl\/index.php\/produkt\/zawieszenie-gwintowane-monotube-hr-alfa-romeo-147\/\" \/>\n<meta property=\"og:site_name\" content=\"CoiloversPL\" \/>\n<meta property=\"article:publisher\" content=\"https:\/\/www.facebook.com\/coiloverspl\" \/>\n<meta property=\"og:image\" content=\"https:\/\/coilovers.pl\/wp-content\/uploads\/2021\/03\/HR-gwint-monotube-BMW-29480-5.jpg\" \/>\n\t<meta property=\"og:image:width\" content=\"1281\" \/>\n\t<meta property=\"og:image:height\" content=\"851\" \/>\n\t<meta property=\"og:image:type\" content=\"image\/jpeg\" \/>\n<meta name=\"twitter:card\" content=\"summary_large_image\" \/>\n<meta name=\"twitter:label1\" content=\"Szacowany czas czytania\" \/>\n\t<meta name=\"twitter:data1\" content=\"1 minuta\" \/>\n<script type=\"application\/ld+json\" class=\"yoast-schema-graph\">{\"@context\":\"https:\/\/schema.org\",\"@graph\":[{\"@type\":\"WebPage\",\"@id\":\"https:\/\/coilovers.pl\/index.php\/produkt\/zawieszenie-gwintowane-monotube-hr-alfa-romeo-147\/\",\"url\":\"https:\/\/coilovers.pl\/index.php\/produkt\/zawieszenie-gwintowane-monotube-hr-alfa-romeo-147\/\",\"name\":\"Zawieszenie gwintowane Monotube H&R Alfa Romeo 147 - CoiloversPL\",\"isPartOf\":{\"@id\":\"https:\/\/coilovers.pl\/#website\"},\"primaryImageOfPage\":{\"@id\":\"https:\/\/coilovers.pl\/index.php\/produkt\/zawieszenie-gwintowane-monotube-hr-alfa-romeo-147\/#primaryimage\"},\"image\":{\"@id\":\"https:\/\/coilovers.pl\/index.php\/produkt\/zawieszenie-gwintowane-monotube-hr-alfa-romeo-147\/#primaryimage\"},\"thumbnailUrl\":\"https:\/\/coilovers.pl\/wp-content\/uploads\/2021\/03\/HR-gwint-monotube-BMW-29480-5.jpg\",\"datePublished\":\"2021-03-15T20:29:40+00:00\",\"breadcrumb\":{\"@id\":\"https:\/\/coilovers.pl\/index.php\/produkt\/zawieszenie-gwintowane-monotube-hr-alfa-romeo-147\/#breadcrumb\"},\"inLanguage\":\"pl-PL\",\"potentialAction\":[{\"@type\":\"ReadAction\",\"target\":[\"https:\/\/coilovers.pl\/index.php\/produkt\/zawieszenie-gwintowane-monotube-hr-alfa-romeo-147\/\"]}]},{\"@type\":\"ImageObject\",\"inLanguage\":\"pl-PL\",\"@id\":\"https:\/\/coilovers.pl\/index.php\/produkt\/zawieszenie-gwintowane-monotube-hr-alfa-romeo-147\/#primaryimage\",\"url\":\"https:\/\/coilovers.pl\/wp-content\/uploads\/2021\/03\/HR-gwint-monotube-BMW-29480-5.jpg\",\"contentUrl\":\"https:\/\/coilovers.pl\/wp-content\/uploads\/2021\/03\/HR-gwint-monotube-BMW-29480-5.jpg\",\"width\":1281,\"height\":851},{\"@type\":\"BreadcrumbList\",\"@id\":\"https:\/\/coilovers.pl\/index.php\/produkt\/zawieszenie-gwintowane-monotube-hr-alfa-romeo-147\/#breadcrumb\",\"itemListElement\":[{\"@type\":\"ListItem\",\"position\":1,\"name\":\"Strona g\u0142\u00f3wna\",\"item\":\"https:\/\/coilovers.pl\/\"},{\"@type\":\"ListItem\",\"position\":2,\"name\":\"Sklep\",\"item\":\"https:\/\/coilovers.pl\/index.php\/sklep\/\"},{\"@type\":\"ListItem\",\"position\":3,\"name\":\"Zawieszenie gwintowane Monotube H&#038;R Alfa Romeo 147\"}]},{\"@type\":\"WebSite\",\"@id\":\"https:\/\/coilovers.pl\/#website\",\"url\":\"https:\/\/coilovers.pl\/\",\"name\":\"CoiloversPL\",\"description\":\"Zawieszenia Felgi Samochody\",\"publisher\":{\"@id\":\"https:\/\/coilovers.pl\/#organization\"},\"potentialAction\":[{\"@type\":\"SearchAction\",\"target\":{\"@type\":\"EntryPoint\",\"urlTemplate\":\"https:\/\/coilovers.pl\/?s={search_term_string}\"},\"query-input\":{\"@type\":\"PropertyValueSpecification\",\"valueRequired\":true,\"valueName\":\"search_term_string\"}}],\"inLanguage\":\"pl-PL\"},{\"@type\":\"Organization\",\"@id\":\"https:\/\/coilovers.pl\/#organization\",\"name\":\"CoiloversPL\",\"url\":\"https:\/\/coilovers.pl\/\",\"logo\":{\"@type\":\"ImageObject\",\"inLanguage\":\"pl-PL\",\"@id\":\"https:\/\/coilovers.pl\/#\/schema\/logo\/image\/\",\"url\":\"https:\/\/coilovers.pl\/wp-content\/uploads\/2021\/02\/cropped-logo.png\",\"contentUrl\":\"https:\/\/coilovers.pl\/wp-content\/uploads\/2021\/02\/cropped-logo.png\",\"width\":3039,\"height\":864,\"caption\":\"CoiloversPL\"},\"image\":{\"@id\":\"https:\/\/coilovers.pl\/#\/schema\/logo\/image\/\"},\"sameAs\":[\"https:\/\/www.facebook.com\/coiloverspl\",\"https:\/\/www.instagram.com\/coilovers_pl\/\"]}]}<\/script>\n<!-- \/ Yoast SEO plugin. -->","yoast_head_json":{"title":"Zawieszenie gwintowane Monotube H&R Alfa Romeo 147 - CoiloversPL","robots":{"index":"index","follow":"follow","max-snippet":"max-snippet:-1","max-image-preview":"max-image-preview:large","max-video-preview":"max-video-preview:-1"},"canonical":"https:\/\/coilovers.pl\/index.php\/produkt\/zawieszenie-gwintowane-monotube-hr-alfa-romeo-147\/","og_locale":"pl_PL","og_type":"article","og_title":"Zawieszenie gwintowane Monotube H&R Alfa Romeo 147 - CoiloversPL","og_description":"Numer katalogowy: 29253-1 Marka: Alfa Romeo Model: 147 (937) Rocznik: 11\/00&gt;10 Wariant: 2WD, w\u0142\u0105cznie z modelami GTA+GT (Coup\u00e9) Dane produktu obni\u017cenie przodu 30-60 mm obni\u017cenie ty\u0142u 30-60 mm Szczeg\u00f3\u0142y Certyfikat T\u00dcV Uwagi W przypadku pojazd\u00f3w z fabrycznym obni\u017ceniem takich jak, np. BMW M-Technik, Mercedes Benz Sport-Line, Audi Sport itp., obni\u017cenie b\u0119dzie nieznaczne z racji fabrycznego &hellip; Zawieszenie gwintowane Monotube H&#038;R Alfa Romeo 147 Read More &raquo;","og_url":"https:\/\/coilovers.pl\/index.php\/produkt\/zawieszenie-gwintowane-monotube-hr-alfa-romeo-147\/","og_site_name":"CoiloversPL","article_publisher":"https:\/\/www.facebook.com\/coiloverspl","og_image":[{"width":1281,"height":851,"url":"https:\/\/coilovers.pl\/wp-content\/uploads\/2021\/03\/HR-gwint-monotube-BMW-29480-5.jpg","type":"image\/jpeg"}],"twitter_card":"summary_large_image","twitter_misc":{"Szacowany czas czytania":"1 minuta"},"schema":{"@context":"https:\/\/schema.org","@graph":[{"@type":"WebPage","@id":"https:\/\/coilovers.pl\/index.php\/produkt\/zawieszenie-gwintowane-monotube-hr-alfa-romeo-147\/","url":"https:\/\/coilovers.pl\/index.php\/produkt\/zawieszenie-gwintowane-monotube-hr-alfa-romeo-147\/","name":"Zawieszenie gwintowane Monotube H&R Alfa Romeo 147 - CoiloversPL","isPartOf":{"@id":"https:\/\/coilovers.pl\/#website"},"primaryImageOfPage":{"@id":"https:\/\/coilovers.pl\/index.php\/produkt\/zawieszenie-gwintowane-monotube-hr-alfa-romeo-147\/#primaryimage"},"image":{"@id":"https:\/\/coilovers.pl\/index.php\/produkt\/zawieszenie-gwintowane-monotube-hr-alfa-romeo-147\/#primaryimage"},"thumbnailUrl":"https:\/\/coilovers.pl\/wp-content\/uploads\/2021\/03\/HR-gwint-monotube-BMW-29480-5.jpg","datePublished":"2021-03-15T20:29:40+00:00","breadcrumb":{"@id":"https:\/\/coilovers.pl\/index.php\/produkt\/zawieszenie-gwintowane-monotube-hr-alfa-romeo-147\/#breadcrumb"},"inLanguage":"pl-PL","potentialAction":[{"@type":"ReadAction","target":["https:\/\/coilovers.pl\/index.php\/produkt\/zawieszenie-gwintowane-monotube-hr-alfa-romeo-147\/"]}]},{"@type":"ImageObject","inLanguage":"pl-PL","@id":"https:\/\/coilovers.pl\/index.php\/produkt\/zawieszenie-gwintowane-monotube-hr-alfa-romeo-147\/#primaryimage","url":"https:\/\/coilovers.pl\/wp-content\/uploads\/2021\/03\/HR-gwint-monotube-BMW-29480-5.jpg","contentUrl":"https:\/\/coilovers.pl\/wp-content\/uploads\/2021\/03\/HR-gwint-monotube-BMW-29480-5.jpg","width":1281,"height":851},{"@type":"BreadcrumbList","@id":"https:\/\/coilovers.pl\/index.php\/produkt\/zawieszenie-gwintowane-monotube-hr-alfa-romeo-147\/#breadcrumb","itemListElement":[{"@type":"ListItem","position":1,"name":"Strona g\u0142\u00f3wna","item":"https:\/\/coilovers.pl\/"},{"@type":"ListItem","position":2,"name":"Sklep","item":"https:\/\/coilovers.pl\/index.php\/sklep\/"},{"@type":"ListItem","position":3,"name":"Zawieszenie gwintowane Monotube H&#038;R Alfa Romeo 147"}]},{"@type":"WebSite","@id":"https:\/\/coilovers.pl\/#website","url":"https:\/\/coilovers.pl\/","name":"CoiloversPL","description":"Zawieszenia Felgi Samochody","publisher":{"@id":"https:\/\/coilovers.pl\/#organization"},"potentialAction":[{"@type":"SearchAction","target":{"@type":"EntryPoint","urlTemplate":"https:\/\/coilovers.pl\/?s={search_term_string}"},"query-input":{"@type":"PropertyValueSpecification","valueRequired":true,"valueName":"search_term_string"}}],"inLanguage":"pl-PL"},{"@type":"Organization","@id":"https:\/\/coilovers.pl\/#organization","name":"CoiloversPL","url":"https:\/\/coilovers.pl\/","logo":{"@type":"ImageObject","inLanguage":"pl-PL","@id":"https:\/\/coilovers.pl\/#\/schema\/logo\/image\/","url":"https:\/\/coilovers.pl\/wp-content\/uploads\/2021\/02\/cropped-logo.png","contentUrl":"https:\/\/coilovers.pl\/wp-content\/uploads\/2021\/02\/cropped-logo.png","width":3039,"height":864,"caption":"CoiloversPL"},"image":{"@id":"https:\/\/coilovers.pl\/#\/schema\/logo\/image\/"},"sameAs":["https:\/\/www.facebook.com\/coiloverspl","https:\/\/www.instagram.com\/coilovers_pl\/"]}]}},"_links":{"self":[{"href":"https:\/\/coilovers.pl\/index.php\/wp-json\/wp\/v2\/product\/1771","targetHints":{"allow":["GET"]}}],"collection":[{"href":"https:\/\/coilovers.pl\/index.php\/wp-json\/wp\/v2\/product"}],"about":[{"href":"https:\/\/coilovers.pl\/index.php\/wp-json\/wp\/v2\/types\/product"}],"wp:featuredmedia":[{"embeddable":true,"href":"https:\/\/coilovers.pl\/index.php\/wp-json\/wp\/v2\/media\/1765"}],"wp:attachment":[{"href":"https:\/\/coilovers.pl\/index.php\/wp-json\/wp\/v2\/media?parent=1771"}],"curies":[{"name":"wp","href":"https:\/\/api.w.org\/{rel}","templated":true}]}}