{"id":1366,"date":"2021-03-10T13:29:53","date_gmt":"2021-03-10T12:29:53","guid":{"rendered":"https:\/\/coilovers.pl\/?post_type=product&#038;p=1366"},"modified":"2022-11-03T10:07:39","modified_gmt":"2022-11-03T09:07:39","slug":"racebox-pro","status":"publish","type":"product","link":"https:\/\/coilovers.pl\/index.php\/produkt\/racebox-pro\/","title":{"rendered":"RaceBox PRO \u2013 Urz\u0105dzenie pomiarowe 0-100KM\/H, 100-200KM\/H, \u00bc mili, Lap Timer"},"content":{"rendered":"<p><strong>RaceBox PRO to precyzyjne urz\u0105dzenie pomiarowe Twojego pojazdu.\u00a0<\/strong> Pomiar przyspieszenia od 0 do 100 km\/h, 100-200 km\/h, czas\u00f3w na 1\/4 mili lub czas\u00f3w okr\u0105\u017ce\u0144. \u0141atwa i intuicyjna obs\u0142uga .<br \/>\n<strong>RaceBox korzysta z GPS najnowszej generacji.<\/strong> Zapewnia to wyj\u0105tkow\u0105 dok\u0142adno\u015b\u0107 i pozycjonowanie. W po\u0142\u0105czeniu ze specjalnie zbudowanym sprz\u0119tem, RaceBox ma osza\u0142amiaj\u0105c\u0105 wydajno\u015b\u0107 \u2013 ponad 99,5% dok\u0142adno\u015bci pomiaru do setnej sekundy, w por\u00f3wnaniu z\u00a0 oficjalnym sprz\u0119tem do pomiaru czasu okr\u0105\u017cenia toru.<\/p>\n<p><strong>W pude\u0142ku Racebox PRO znajdziesz:<\/strong><\/p>\n<ul>\n<li>RaceBox &#8211; urz\u0105dzenie pomiarowe.<\/li>\n<li>mocowanie z przyssawk\u0105.<\/li>\n<li>kabel do \u0142adowania.<\/li>\n<li>zewn\u0119trzn\u0105 anten\u0119 GPS.<\/li>\n<\/ul>\n<p><strong>Dane Techniczne:<\/strong><\/p>\n<ul>\n<li>Pojemno\u015b\u0107 baterii: 2500 mAh<\/li>\n<li>Zalecana \u0142adowarka: 2 A USB typu A.<\/li>\n<li>Port \u0142adowania: USB typu C.<\/li>\n<li>Czas \u0142adowania: Poni\u017cej 3 godzin do pe\u0142nego na\u0142adowania<\/li>\n<li>Praca na baterii: do 4 godzin jazdy<\/li>\n<li>Waga (z przyssawk\u0105): 260 gram\u00f3w<\/li>\n<li>Pojemno\u015b\u0107 pami\u0119ci: 256 sesji ze 100 przebiegami ka\u017cda, 128 sesji \u015bcie\u017cek z maksymalnie 100 okr\u0105\u017ceniami ka\u017cda, 64 tory z maksymalnie 7 konfiguracjami ka\u017cda, do 5 sektor\u00f3w na konfiguracj\u0119; Ponad 8 godzin ca\u0142kowitego czasu jazdy; Okr\u0105\u017cenie referencyjne z predykcj\u0105 na jednym torze, bieg referencyjny w trybie przewidywania z pojedynczym przeci\u0105gni\u0119ciem.<\/li>\n<li>Kompatybilno\u015b\u0107 z anten\u0105 zewn\u0119trzn\u0105: Aktywna antena ze standardowym z\u0142\u0105czem SMA, mniej ni\u017c 30 mA przy 3,3 V.<\/li>\n<li>Odbiornik GPS: 10 Hz GPS, GLONASS i SBAS ,czu\u0142o\u015b\u0107 -167 dBm z wbudowan\u0105 anten\u0105 o wzmocnieniu 35 dB<\/li>\n<li>Akcelerometr: cz\u0119stotliwo\u015b\u0107 pr\u00f3bkowania 1 kHz ze skal\u0105 +\/- 16 g i czu\u0142o\u015bci\u0105 0,001 g<\/li>\n<li>WiFi: 802.11 b \/ g \/ n 2,4 GHz, zasi\u0119g do 400 metr\u00f3w, szyfrowanie WPA2<\/li>\n<li>Wy\u015bwietlacz: TFT-LCD, 2,5 &amp;quot;320&#215;240, pe\u0142ny kolor ,regulowana jasno\u015b\u0107 do 300 cd \/ m2 i kontrast 500:1<\/li>\n<\/ul>\n<p><strong>DRAG Mode<\/strong><br \/>\nDwa tryby \u2013 \u201eOdleg\u0142o\u015b\u0107\u201d i \u201ePr\u0119dko\u015b\u0107\u201d dla szybkiego dost\u0119pu do standardowych pomiar\u00f3w (kt\u00f3re punkty b\u0119d\u0105 si\u0119 zmienia\u0107 w zale\u017cno\u015bci od preferowanych jednostek) oraz dodatkowy \u201eNiestandardowy\u201d do skonfigurowania. Ka\u017cdy \u015bledzi do czterech wska\u017anik\u00f3w, takich jak 0-100 km na godzin\u0119, 1\/4 mili itp.<\/p>\n<p>Mo\u017cliwo\u015b\u0107 konfigurowania w\u0142asnego zestawu punkt\u00f3w. Do dyspozycji r\u00f3\u017cne kombinacje pr\u0119dko\u015bci, odleg\u0142o\u015bci i jednostek. Funkcja tak zwanej \u201echoinki\u201d czyli mo\u017cliwo\u015b\u0107 sprawdzenia swojego czasu reakcji. Funkcja 1ft rollout w trybie drag \u2013 mo\u017ce by\u0107 aktywna lub nie, wszystko wed\u0142ug Twoich preferencji.<\/p>\n<p><strong>LAP TIMER mode<\/strong><br \/>\nMo\u017cliwo\u015b\u0107 za\u0142adowania ponad 2000 tor\u00f3w z ca\u0142ego \u015bwiata, lub opcja stworzenia w\u0142asnej konfiguracji z maksymalnie 4 punktami czasowymi. Podczas jazdy zobaczysz aktualne okr\u0105\u017cenie i czas okr\u0105\u017cenia, aktualn\u0105 pr\u0119dko\u015b\u0107, ostatnie i najlepsze czasy oraz informacje dla ka\u017cdego punktu, kt\u00f3ry przekroczysz z r\u00f3\u017cnic\u0105 w stosunku do twojego najlepszego czasu w sesji.<\/p>\n<p><strong>PREDICTIVE mode<\/strong><br \/>\nRaceBox PRO bada Twoje wzorce jazdy w trybach Drag i Track i prognozuje wyniki na bie\u017c\u0105co. Zaraz po starcie zobaczysz wyniki dzi\u0119ki czemu dok\u0142adnie wiesz, w kt\u00f3rym zakr\u0119cie tracisz czas na torze. Tryb przewidywania przeci\u0105gania jest dost\u0119pny dla bieg\u00f3w d\u0142ugodystansowych (np. \u0106wier\u0107 mili lub 400 m). Aby j\u0105 w\u0142\u0105czy\u0107, musisz uko\u0144czy\u0107 co najmniej jeden bieg. Tryb przewidywania toru jest dost\u0119pny dla ka\u017cdego toru. Aby j\u0105 w\u0142\u0105czy\u0107, musisz uko\u0144czy\u0107 co najmniej jedno pe\u0142ne okr\u0105\u017cenie.<\/p>\n<p><strong>HISTORIA<\/strong><br \/>\nSesje licznika okr\u0105\u017ce\u0144 i miernika przeci\u0105gania s\u0105 przechowywane oddzielnie, aby u\u0142atwi\u0107 nawigacj\u0119.<br \/>\nW Historii licznika okr\u0105\u017ce\u0144 mo\u017cesz szybko zobaczy\u0107 wszystkie swoje okr\u0105\u017cenia, pr\u0119dko\u015bci maksymalne\/minimalne, teoretyczne najlepsze okr\u0105\u017cenia i wi\u0119cej dla ka\u017cdej wykonanej sesji. Szybka nawigacja, posortowana wed\u0142ug daty, \u015bcie\u017cki i konfiguracji.<br \/>\nW historii Drag Meter mo\u017cesz sprawdzi\u0107 ka\u017cdy przejazd oddzielnie ze wszystkimi jego punktami w ka\u017cdej sesji. Pokazany jest r\u00f3wnie\u017c podsumowany widok z najlepszymi punktami ze wszystkich bieg\u00f3w w sesji. Ponownie \u2013 posortowane wed\u0142ug daty, godziny, numeru sesji itd., Tak jak w menu Historia okr\u0105\u017ce\u0144.<\/p>\n<p><strong>MOBILNA APLIKACJA<\/strong><br \/>\nDedykowana aplikacja mobilna RaceBox zosta\u0142a opracowana specjalnie w celu rozszerzenia i odblokowania pe\u0142nego potencja\u0142u Twojego urz\u0105dzenia RaceBox.<\/p>\n<p>Szybkie, \u0142atwe i stabilne po\u0142\u0105czenie przez Wi-Fi, aby pobra\u0107 wszystkie dane na smartfona. Aplikacja oferuje nie tylko pewne dodatki, kt\u00f3re po prostu nie mieszcz\u0105 si\u0119 na wy\u015bwietlaczu urz\u0105dzenia, ale tak\u017ce tworzy kopie zapasowe wszystkiego w naszej chmurze, wi\u0119c nie musisz si\u0119 martwi\u0107, \u017ce kiedykolwiek stracisz zapisy sesji. Sprawd\u017a swoje sesje, korzystaj\u0105c z naszych bardzo dog\u0142\u0119bnych, ale uproszczonych narz\u0119dzi analitycznych.<br \/>\nW przypadku sesji z licznikiem okr\u0105\u017ce\u0144 b\u0119dziesz m\u00f3g\u0142 zobaczy\u0107 wszystkie informacje. Sprawdzaj wszystkie dane w ka\u017cdej sesji i okr\u0105\u017ceniu, korzystaj\u0105c z wykres\u00f3w pr\u0119dko\u015bci i przeci\u0105\u017cenia, linii wy\u015bcigowych, czas\u00f3w sektor\u00f3w i tak dalej. Mo\u017cesz nawet por\u00f3wna\u0107 dwa okr\u0105\u017cenia, aby zobaczy\u0107 r\u00f3\u017cnice w liniach jazdy, por\u00f3wna\u0107 odczyty pr\u0119dko\u015bci wed\u0142ug pozycji na torze i zobaczy\u0107 r\u00f3\u017cnice czasu. W sesjach Drag Meter mo\u017cesz r\u00f3wnie\u017c sprawdzi\u0107 wszystko bardziej szczeg\u00f3\u0142owo. Mo\u017cesz analizowa\u0107 pomiary ka\u017cdej dyscypliny z ka\u017cdego biegu i wiele innych rzeczy, kt\u00f3rych po prostu nie mo\u017cna zobaczy\u0107 na ekranie samego urz\u0105dzenia. Jak chocia\u017cby szczeg\u00f3\u0142owe wykresy pr\u0119dko\u015bci. Mo\u017cesz nawet zobaczy\u0107 nachylenia terenu. Zobacz wszystkie potrzebne informacje o swoim urz\u0105dzeniu RaceBox PRO \u2013 po\u0142\u0105czenie, bateri\u0119, si\u0142\u0119 sygna\u0142u GPS, zobacz aktualn\u0105 wersj\u0119 oprogramowania i zaktualizuj je bezprzewodowo oraz oczywi\u015bcie zarz\u0105dzaj i przesy\u0142aj wszystkie ulubione trasy z naszej bazy danych.<\/p>\n","protected":false},"excerpt":{"rendered":"<p>RaceBox PRO to precyzyjne urz\u0105dzenie pomiarowe Twojego pojazdu.\u00a0 Pomiar przyspieszenia od 0 do 100 km\/h, 100-200 km\/h, czas\u00f3w na 1\/4 mili lub czas\u00f3w okr\u0105\u017ce\u0144. \u0141atwa i intuicyjna obs\u0142uga . RaceBox korzysta z GPS najnowszej generacji. Zapewnia to wyj\u0105tkow\u0105 dok\u0142adno\u015b\u0107 i pozycjonowanie. W po\u0142\u0105czeniu ze specjalnie zbudowanym sprz\u0119tem, RaceBox ma osza\u0142amiaj\u0105c\u0105 wydajno\u015b\u0107 \u2013 ponad 99,5% dok\u0142adno\u015bci &hellip;<\/p>\n<p class=\"read-more\"> <a class=\"\" href=\"https:\/\/coilovers.pl\/index.php\/produkt\/racebox-pro\/\"> <span class=\"screen-reader-text\">RaceBox PRO \u2013 Urz\u0105dzenie pomiarowe 0-100KM\/H, 100-200KM\/H, \u00bc mili, Lap Timer<\/span> Read More &raquo;<\/a><\/p>\n","protected":false},"featured_media":906,"template":"","meta":[],"class_list":["post-1366","product","type-product","status-publish","has-post-thumbnail","hentry","pwb-brand-race-box","product_cat-racebox"],"brands":[{"id":96,"name":"Race Box","slug":"race-box"}],"yoast_head":"<!-- This site is optimized with the Yoast SEO plugin v24.7 - https:\/\/yoast.com\/wordpress\/plugins\/seo\/ -->\n<title>RaceBox PRO \u2013 Urz\u0105dzenie pomiarowe 0-100KM\/H, 100-200KM\/H, \u00bc mili, Lap Timer - CoiloversPL<\/title>\n<meta name=\"robots\" content=\"index, follow, max-snippet:-1, max-image-preview:large, max-video-preview:-1\" \/>\n<link rel=\"canonical\" href=\"https:\/\/coilovers.pl\/index.php\/produkt\/racebox-pro\/\" \/>\n<meta property=\"og:locale\" content=\"pl_PL\" \/>\n<meta property=\"og:type\" content=\"article\" \/>\n<meta property=\"og:title\" content=\"RaceBox PRO \u2013 Urz\u0105dzenie pomiarowe 0-100KM\/H, 100-200KM\/H, \u00bc mili, Lap Timer - CoiloversPL\" \/>\n<meta property=\"og:description\" content=\"RaceBox PRO to precyzyjne urz\u0105dzenie pomiarowe Twojego pojazdu.\u00a0 Pomiar przyspieszenia od 0 do 100 km\/h, 100-200 km\/h, czas\u00f3w na 1\/4 mili lub czas\u00f3w okr\u0105\u017ce\u0144. \u0141atwa i intuicyjna obs\u0142uga . RaceBox korzysta z GPS najnowszej generacji. Zapewnia to wyj\u0105tkow\u0105 dok\u0142adno\u015b\u0107 i pozycjonowanie. W po\u0142\u0105czeniu ze specjalnie zbudowanym sprz\u0119tem, RaceBox ma osza\u0142amiaj\u0105c\u0105 wydajno\u015b\u0107 \u2013 ponad 99,5% dok\u0142adno\u015bci &hellip; RaceBox PRO \u2013 Urz\u0105dzenie pomiarowe 0-100KM\/H, 100-200KM\/H, \u00bc mili, Lap Timer Read More &raquo;\" \/>\n<meta property=\"og:url\" content=\"https:\/\/coilovers.pl\/index.php\/produkt\/racebox-pro\/\" \/>\n<meta property=\"og:site_name\" content=\"CoiloversPL\" \/>\n<meta property=\"article:publisher\" content=\"https:\/\/www.facebook.com\/coiloverspl\" \/>\n<meta property=\"article:modified_time\" content=\"2022-11-03T09:07:39+00:00\" \/>\n<meta property=\"og:image\" content=\"https:\/\/coilovers.pl\/wp-content\/uploads\/2021\/03\/6.png\" \/>\n\t<meta property=\"og:image:width\" content=\"1344\" \/>\n\t<meta property=\"og:image:height\" content=\"814\" \/>\n\t<meta property=\"og:image:type\" content=\"image\/png\" \/>\n<meta name=\"twitter:card\" content=\"summary_large_image\" \/>\n<meta name=\"twitter:label1\" content=\"Szacowany czas czytania\" \/>\n\t<meta name=\"twitter:data1\" content=\"4 minuty\" \/>\n<script type=\"application\/ld+json\" class=\"yoast-schema-graph\">{\"@context\":\"https:\/\/schema.org\",\"@graph\":[{\"@type\":\"WebPage\",\"@id\":\"https:\/\/coilovers.pl\/index.php\/produkt\/racebox-pro\/\",\"url\":\"https:\/\/coilovers.pl\/index.php\/produkt\/racebox-pro\/\",\"name\":\"RaceBox PRO \u2013 Urz\u0105dzenie pomiarowe 0-100KM\/H, 100-200KM\/H, \u00bc mili, Lap Timer - CoiloversPL\",\"isPartOf\":{\"@id\":\"https:\/\/coilovers.pl\/#website\"},\"primaryImageOfPage\":{\"@id\":\"https:\/\/coilovers.pl\/index.php\/produkt\/racebox-pro\/#primaryimage\"},\"image\":{\"@id\":\"https:\/\/coilovers.pl\/index.php\/produkt\/racebox-pro\/#primaryimage\"},\"thumbnailUrl\":\"https:\/\/coilovers.pl\/wp-content\/uploads\/2021\/03\/6.png\",\"datePublished\":\"2021-03-10T12:29:53+00:00\",\"dateModified\":\"2022-11-03T09:07:39+00:00\",\"breadcrumb\":{\"@id\":\"https:\/\/coilovers.pl\/index.php\/produkt\/racebox-pro\/#breadcrumb\"},\"inLanguage\":\"pl-PL\",\"potentialAction\":[{\"@type\":\"ReadAction\",\"target\":[\"https:\/\/coilovers.pl\/index.php\/produkt\/racebox-pro\/\"]}]},{\"@type\":\"ImageObject\",\"inLanguage\":\"pl-PL\",\"@id\":\"https:\/\/coilovers.pl\/index.php\/produkt\/racebox-pro\/#primaryimage\",\"url\":\"https:\/\/coilovers.pl\/wp-content\/uploads\/2021\/03\/6.png\",\"contentUrl\":\"https:\/\/coilovers.pl\/wp-content\/uploads\/2021\/03\/6.png\",\"width\":1344,\"height\":814},{\"@type\":\"BreadcrumbList\",\"@id\":\"https:\/\/coilovers.pl\/index.php\/produkt\/racebox-pro\/#breadcrumb\",\"itemListElement\":[{\"@type\":\"ListItem\",\"position\":1,\"name\":\"Strona g\u0142\u00f3wna\",\"item\":\"https:\/\/coilovers.pl\/\"},{\"@type\":\"ListItem\",\"position\":2,\"name\":\"Sklep\",\"item\":\"https:\/\/coilovers.pl\/index.php\/sklep\/\"},{\"@type\":\"ListItem\",\"position\":3,\"name\":\"RaceBox PRO \u2013 Urz\u0105dzenie pomiarowe 0-100KM\/H, 100-200KM\/H, \u00bc mili, Lap Timer\"}]},{\"@type\":\"WebSite\",\"@id\":\"https:\/\/coilovers.pl\/#website\",\"url\":\"https:\/\/coilovers.pl\/\",\"name\":\"CoiloversPL\",\"description\":\"Zawieszenia Felgi Samochody\",\"publisher\":{\"@id\":\"https:\/\/coilovers.pl\/#organization\"},\"potentialAction\":[{\"@type\":\"SearchAction\",\"target\":{\"@type\":\"EntryPoint\",\"urlTemplate\":\"https:\/\/coilovers.pl\/?s={search_term_string}\"},\"query-input\":{\"@type\":\"PropertyValueSpecification\",\"valueRequired\":true,\"valueName\":\"search_term_string\"}}],\"inLanguage\":\"pl-PL\"},{\"@type\":\"Organization\",\"@id\":\"https:\/\/coilovers.pl\/#organization\",\"name\":\"CoiloversPL\",\"url\":\"https:\/\/coilovers.pl\/\",\"logo\":{\"@type\":\"ImageObject\",\"inLanguage\":\"pl-PL\",\"@id\":\"https:\/\/coilovers.pl\/#\/schema\/logo\/image\/\",\"url\":\"https:\/\/coilovers.pl\/wp-content\/uploads\/2021\/02\/cropped-logo.png\",\"contentUrl\":\"https:\/\/coilovers.pl\/wp-content\/uploads\/2021\/02\/cropped-logo.png\",\"width\":3039,\"height\":864,\"caption\":\"CoiloversPL\"},\"image\":{\"@id\":\"https:\/\/coilovers.pl\/#\/schema\/logo\/image\/\"},\"sameAs\":[\"https:\/\/www.facebook.com\/coiloverspl\",\"https:\/\/www.instagram.com\/coilovers_pl\/\"]}]}<\/script>\n<!-- \/ Yoast SEO plugin. -->","yoast_head_json":{"title":"RaceBox PRO \u2013 Urz\u0105dzenie pomiarowe 0-100KM\/H, 100-200KM\/H, \u00bc mili, Lap Timer - CoiloversPL","robots":{"index":"index","follow":"follow","max-snippet":"max-snippet:-1","max-image-preview":"max-image-preview:large","max-video-preview":"max-video-preview:-1"},"canonical":"https:\/\/coilovers.pl\/index.php\/produkt\/racebox-pro\/","og_locale":"pl_PL","og_type":"article","og_title":"RaceBox PRO \u2013 Urz\u0105dzenie pomiarowe 0-100KM\/H, 100-200KM\/H, \u00bc mili, Lap Timer - CoiloversPL","og_description":"RaceBox PRO to precyzyjne urz\u0105dzenie pomiarowe Twojego pojazdu.\u00a0 Pomiar przyspieszenia od 0 do 100 km\/h, 100-200 km\/h, czas\u00f3w na 1\/4 mili lub czas\u00f3w okr\u0105\u017ce\u0144. \u0141atwa i intuicyjna obs\u0142uga . RaceBox korzysta z GPS najnowszej generacji. Zapewnia to wyj\u0105tkow\u0105 dok\u0142adno\u015b\u0107 i pozycjonowanie. W po\u0142\u0105czeniu ze specjalnie zbudowanym sprz\u0119tem, RaceBox ma osza\u0142amiaj\u0105c\u0105 wydajno\u015b\u0107 \u2013 ponad 99,5% dok\u0142adno\u015bci &hellip; RaceBox PRO \u2013 Urz\u0105dzenie pomiarowe 0-100KM\/H, 100-200KM\/H, \u00bc mili, Lap Timer Read More &raquo;","og_url":"https:\/\/coilovers.pl\/index.php\/produkt\/racebox-pro\/","og_site_name":"CoiloversPL","article_publisher":"https:\/\/www.facebook.com\/coiloverspl","article_modified_time":"2022-11-03T09:07:39+00:00","og_image":[{"width":1344,"height":814,"url":"https:\/\/coilovers.pl\/wp-content\/uploads\/2021\/03\/6.png","type":"image\/png"}],"twitter_card":"summary_large_image","twitter_misc":{"Szacowany czas czytania":"4 minuty"},"schema":{"@context":"https:\/\/schema.org","@graph":[{"@type":"WebPage","@id":"https:\/\/coilovers.pl\/index.php\/produkt\/racebox-pro\/","url":"https:\/\/coilovers.pl\/index.php\/produkt\/racebox-pro\/","name":"RaceBox PRO \u2013 Urz\u0105dzenie pomiarowe 0-100KM\/H, 100-200KM\/H, \u00bc mili, Lap Timer - CoiloversPL","isPartOf":{"@id":"https:\/\/coilovers.pl\/#website"},"primaryImageOfPage":{"@id":"https:\/\/coilovers.pl\/index.php\/produkt\/racebox-pro\/#primaryimage"},"image":{"@id":"https:\/\/coilovers.pl\/index.php\/produkt\/racebox-pro\/#primaryimage"},"thumbnailUrl":"https:\/\/coilovers.pl\/wp-content\/uploads\/2021\/03\/6.png","datePublished":"2021-03-10T12:29:53+00:00","dateModified":"2022-11-03T09:07:39+00:00","breadcrumb":{"@id":"https:\/\/coilovers.pl\/index.php\/produkt\/racebox-pro\/#breadcrumb"},"inLanguage":"pl-PL","potentialAction":[{"@type":"ReadAction","target":["https:\/\/coilovers.pl\/index.php\/produkt\/racebox-pro\/"]}]},{"@type":"ImageObject","inLanguage":"pl-PL","@id":"https:\/\/coilovers.pl\/index.php\/produkt\/racebox-pro\/#primaryimage","url":"https:\/\/coilovers.pl\/wp-content\/uploads\/2021\/03\/6.png","contentUrl":"https:\/\/coilovers.pl\/wp-content\/uploads\/2021\/03\/6.png","width":1344,"height":814},{"@type":"BreadcrumbList","@id":"https:\/\/coilovers.pl\/index.php\/produkt\/racebox-pro\/#breadcrumb","itemListElement":[{"@type":"ListItem","position":1,"name":"Strona g\u0142\u00f3wna","item":"https:\/\/coilovers.pl\/"},{"@type":"ListItem","position":2,"name":"Sklep","item":"https:\/\/coilovers.pl\/index.php\/sklep\/"},{"@type":"ListItem","position":3,"name":"RaceBox PRO \u2013 Urz\u0105dzenie pomiarowe 0-100KM\/H, 100-200KM\/H, \u00bc mili, Lap Timer"}]},{"@type":"WebSite","@id":"https:\/\/coilovers.pl\/#website","url":"https:\/\/coilovers.pl\/","name":"CoiloversPL","description":"Zawieszenia Felgi Samochody","publisher":{"@id":"https:\/\/coilovers.pl\/#organization"},"potentialAction":[{"@type":"SearchAction","target":{"@type":"EntryPoint","urlTemplate":"https:\/\/coilovers.pl\/?s={search_term_string}"},"query-input":{"@type":"PropertyValueSpecification","valueRequired":true,"valueName":"search_term_string"}}],"inLanguage":"pl-PL"},{"@type":"Organization","@id":"https:\/\/coilovers.pl\/#organization","name":"CoiloversPL","url":"https:\/\/coilovers.pl\/","logo":{"@type":"ImageObject","inLanguage":"pl-PL","@id":"https:\/\/coilovers.pl\/#\/schema\/logo\/image\/","url":"https:\/\/coilovers.pl\/wp-content\/uploads\/2021\/02\/cropped-logo.png","contentUrl":"https:\/\/coilovers.pl\/wp-content\/uploads\/2021\/02\/cropped-logo.png","width":3039,"height":864,"caption":"CoiloversPL"},"image":{"@id":"https:\/\/coilovers.pl\/#\/schema\/logo\/image\/"},"sameAs":["https:\/\/www.facebook.com\/coiloverspl","https:\/\/www.instagram.com\/coilovers_pl\/"]}]}},"_links":{"self":[{"href":"https:\/\/coilovers.pl\/index.php\/wp-json\/wp\/v2\/product\/1366","targetHints":{"allow":["GET"]}}],"collection":[{"href":"https:\/\/coilovers.pl\/index.php\/wp-json\/wp\/v2\/product"}],"about":[{"href":"https:\/\/coilovers.pl\/index.php\/wp-json\/wp\/v2\/types\/product"}],"wp:featuredmedia":[{"embeddable":true,"href":"https:\/\/coilovers.pl\/index.php\/wp-json\/wp\/v2\/media\/906"}],"wp:attachment":[{"href":"https:\/\/coilovers.pl\/index.php\/wp-json\/wp\/v2\/media?parent=1366"}],"curies":[{"name":"wp","href":"https:\/\/api.w.org\/{rel}","templated":true}]}}