{"id":517,"date":"2021-02-15T13:52:45","date_gmt":"2021-02-15T12:52:45","guid":{"rendered":"https:\/\/coilovers.pl\/?page_id=517"},"modified":"2021-02-18T13:49:03","modified_gmt":"2021-02-18T12:49:03","slug":"warunki-gwarancji","status":"publish","type":"page","link":"https:\/\/coilovers.pl\/index.php\/warunki-gwarancji\/","title":{"rendered":"Warunki gwarancji"},"content":{"rendered":"\t\t<div data-elementor-type=\"wp-page\" data-elementor-id=\"517\" class=\"elementor elementor-517\" data-elementor-settings=\"[]\">\n\t\t\t\t\t\t<div class=\"elementor-inner\">\n\t\t\t\t\t\t\t<div class=\"elementor-section-wrap\">\n\t\t\t\t\t\t\t<section class=\"elementor-section elementor-top-section elementor-element elementor-element-3ea3beb elementor-section-full_width elementor-section-height-default elementor-section-height-default\" data-id=\"3ea3beb\" data-element_type=\"section\" data-settings=\"{&quot;_ha_eqh_enable&quot;:false}\">\n\t\t\t\t\t\t<div class=\"elementor-container elementor-column-gap-no\">\n\t\t\t\t\t\t\t<div class=\"elementor-row\">\n\t\t\t\t\t<div class=\"elementor-column elementor-col-100 elementor-top-column elementor-element elementor-element-73a0a75\" data-id=\"73a0a75\" data-element_type=\"column\">\n\t\t\t<div class=\"elementor-column-wrap elementor-element-populated\">\n\t\t\t\t\t\t\t<div class=\"elementor-widget-wrap\">\n\t\t\t\t\t\t<div class=\"elementor-element elementor-element-849f0d9 elementor-widget elementor-widget-template\" data-id=\"849f0d9\" data-element_type=\"widget\" data-widget_type=\"template.default\">\n\t\t\t\t<div class=\"elementor-widget-container\">\n\t\t\t\t\t<div class=\"elementor-template\">\n\t\t\t\t\t<div data-elementor-type=\"section\" data-elementor-id=\"467\" class=\"elementor elementor-467\" data-elementor-settings=\"[]\">\n\t\t<div class=\"elementor-section-wrap\">\n\t\t\t\t\t<section class=\"elementor-section elementor-top-section elementor-element elementor-element-7cb9e74 elementor-section-boxed elementor-section-height-default elementor-section-height-default\" data-id=\"7cb9e74\" data-element_type=\"section\" data-settings=\"{&quot;background_background&quot;:&quot;gradient&quot;,&quot;_ha_eqh_enable&quot;:false}\">\n\t\t\t\t\t\t<div class=\"elementor-container elementor-column-gap-default\">\n\t\t\t\t\t\t\t<div class=\"elementor-row\">\n\t\t\t\t\t<div class=\"elementor-column elementor-col-100 elementor-top-column elementor-element elementor-element-b7114dc\" data-id=\"b7114dc\" data-element_type=\"column\">\n\t\t\t<div class=\"elementor-column-wrap elementor-element-populated\">\n\t\t\t\t\t\t\t<div class=\"elementor-widget-wrap\">\n\t\t\t\t\t\t<div class=\"elementor-element elementor-element-5ac895c4 elementor-widget elementor-widget-woocommerce-breadcrumb\" data-id=\"5ac895c4\" data-element_type=\"widget\" data-widget_type=\"woocommerce-breadcrumb.default\">\n\t\t\t\t<div class=\"elementor-widget-container\">\n\t\t\t<nav class=\"woocommerce-breadcrumb\">Home<\/nav>\t\t<\/div>\n\t\t\t\t<\/div>\n\t\t\t\t<div class=\"elementor-element elementor-element-701f392b elementor-widget__width-initial elementor-widget-divider--view-line elementor-widget elementor-widget-divider\" data-id=\"701f392b\" data-element_type=\"widget\" data-widget_type=\"divider.default\">\n\t\t\t\t<div class=\"elementor-widget-container\">\n\t\t\t\t\t<div class=\"elementor-divider\">\n\t\t\t<span class=\"elementor-divider-separator\">\n\t\t\t\t\t\t<\/span>\n\t\t<\/div>\n\t\t\t\t<\/div>\n\t\t\t\t<\/div>\n\t\t\t\t<div class=\"elementor-element elementor-element-72f8dbda elementor-widget__width-initial elementor-widget-divider--view-line elementor-widget elementor-widget-divider\" data-id=\"72f8dbda\" data-element_type=\"widget\" data-widget_type=\"divider.default\">\n\t\t\t\t<div class=\"elementor-widget-container\">\n\t\t\t\t\t<div class=\"elementor-divider\">\n\t\t\t<span class=\"elementor-divider-separator\">\n\t\t\t\t\t\t<\/span>\n\t\t<\/div>\n\t\t\t\t<\/div>\n\t\t\t\t<\/div>\n\t\t\t\t<div class=\"elementor-element elementor-element-4a5ccc9d elementor-widget elementor-widget-shortcode\" data-id=\"4a5ccc9d\" data-element_type=\"widget\" data-widget_type=\"shortcode.default\">\n\t\t\t\t<div class=\"elementor-widget-container\">\n\t\t\t\t\t<div class=\"elementor-shortcode\"><\/div>\n\t\t\t\t<\/div>\n\t\t\t\t<\/div>\n\t\t\t\t\t\t<\/div>\n\t\t\t\t\t<\/div>\n\t\t<\/div>\n\t\t\t\t\t\t\t\t<\/div>\n\t\t\t\t\t<\/div>\n\t\t<\/section>\n\t\t\t\t<\/div>\n\t\t<\/div>\n\t\t\t\t<\/div>\n\t\t\t\t<\/div>\n\t\t\t\t<\/div>\n\t\t\t\t\t\t<\/div>\n\t\t\t\t\t<\/div>\n\t\t<\/div>\n\t\t\t\t\t\t\t\t<\/div>\n\t\t\t\t\t<\/div>\n\t\t<\/section>\n\t\t\t\t<section class=\"elementor-section elementor-top-section elementor-element elementor-element-845e3f8 elementor-section-boxed elementor-section-height-default elementor-section-height-default\" data-id=\"845e3f8\" data-element_type=\"section\" data-settings=\"{&quot;_ha_eqh_enable&quot;:false}\">\n\t\t\t\t\t\t<div class=\"elementor-container elementor-column-gap-default\">\n\t\t\t\t\t\t\t<div class=\"elementor-row\">\n\t\t\t\t\t<div class=\"elementor-column elementor-col-100 elementor-top-column elementor-element elementor-element-e6202d4\" data-id=\"e6202d4\" data-element_type=\"column\">\n\t\t\t<div class=\"elementor-column-wrap elementor-element-populated\">\n\t\t\t\t\t\t\t<div class=\"elementor-widget-wrap\">\n\t\t\t\t\t\t<div class=\"elementor-element elementor-element-6f4a517 elementor-widget elementor-widget-text-editor\" data-id=\"6f4a517\" data-element_type=\"widget\" data-widget_type=\"text-editor.default\">\n\t\t\t\t<div class=\"elementor-widget-container\">\n\t\t\t\t\t<div class=\"elementor-text-editor elementor-clearfix\"><h5><strong>Gwarancja rozruchowa (zawieszenia u\u017cywane)<\/strong><\/h5><ol><li><p>Za uszkodzenia powsta\u0142e przy transporcie nie odpowiadamy. Prosimy wi\u0119c o sprawdzanie zawarto\u015bci paczki w obecno\u015bci kuriera. W razie uszkodzenia przesy\u0142ki w momencie odbioru nale\u017cy spisa\u0107 protok\u00f3\u0142 szkody.<\/p><\/li><li><p>Cz\u0119\u015bci obj\u0119te s\u0105 14-dniow\u0105 gwarancj\u0105 rozruchow\u0105 liczon\u0105 od momentu odebrania paczki.<\/p><\/li><li><p>Koszty transportu zwrotnego reklamowanego towaru ponosi kupuj\u0105cy.<\/p><\/li><li><p>Nie odbieramy zwrot\u00f3w za pobraniem.<\/p><\/li><li><p>W wypadku pomy\u015blnego zako\u0144czenia procedury reklamacyjnej wymieniamy cz\u0119\u015b\u0107 na woln\u0105 od wad lub zwracamy na podane konto bankowe warto\u015b\u0107 zakupu. <br \/>Nie zwracamy koszt\u00f3w transportu.<\/p><\/li><li><p>Nie odpowiadamy za op\u00f3\u017anienia spowodowane przez poczt\u0119 lub firm\u0119 kuriersk\u0105.<\/p><\/li><li><p>Paczki za granic\u0119 wysy\u0142amy tylko po wcze\u015bniejszym uzgodnieniu warunk\u00f3w.<\/p><\/li><li><p>Po wp\u0142acie zadatku klient ma 2 tygodnie na odbi\u00f3r towaru. Po tym terminie zadatek przepada.<\/p><\/li><li><p>W sytuacji gdy zakupiony towar oka\u017ce si\u0119 by\u0107 uszkodzony (np. podczas pakowania), klient zostanie o tym poinformowany przed wys\u0142aniem towaru.<\/p><\/li><li><p>Nie ponosimy koszt\u00f3w zwi\u0105zanych z monta\u017cem i demonta\u017cem zakupionego u nas towaru.<\/p><\/li><li><p>G\u00f3rne mocowania amortyzator\u00f3w nie podlegaja gwarancji, przed monta\u017cem na auto zalecamy kupno nowych g\u00f3rnych mocowa\u0144.<\/p><\/li><li><p>Podstaw\u0105 do przyj\u0119cia reklamacji jest odes\u0142anie paragonu wraz z towarem. Paragon musi by\u0107 umieszczony w widocznym miejscu na paczce.<\/p><\/li><li><p>Gwarancja rozruchowa wystawiana jest na zgodno\u015b\u0107 przedmiotu z opisem z og\u0142oszenia. Reklamacje nie b\u0119d\u0105 uwzgl\u0119dniane bo &#8220;auto z nisko siedzi&#8221; lub &#8220;jest za twardo\/ za mi\u0119kko&#8221; i tym podobne za\u017calenia.<\/p><\/li><\/ol><\/div>\n\t\t\t\t<\/div>\n\t\t\t\t<\/div>\n\t\t\t\t\t\t<\/div>\n\t\t\t\t\t<\/div>\n\t\t<\/div>\n\t\t\t\t\t\t\t\t<\/div>\n\t\t\t\t\t<\/div>\n\t\t<\/section>\n\t\t\t\t\t\t<\/div>\n\t\t\t\t\t\t<\/div>\n\t\t\t\t\t<\/div>\n\t\t","protected":false},"excerpt":{"rendered":"<p>Gwarancja rozruchowa (zawieszenia u\u017cywane) Za uszkodzenia powsta\u0142e przy transporcie nie odpowiadamy. Prosimy wi\u0119c o sprawdzanie zawarto\u015bci paczki w obecno\u015bci kuriera. W razie uszkodzenia przesy\u0142ki w momencie odbioru nale\u017cy spisa\u0107 protok\u00f3\u0142 szkody. Cz\u0119\u015bci obj\u0119te s\u0105 14-dniow\u0105 gwarancj\u0105 rozruchow\u0105 liczon\u0105 od momentu odebrania paczki. Koszty transportu zwrotnego reklamowanego towaru ponosi kupuj\u0105cy. Nie odbieramy zwrot\u00f3w za pobraniem. W &hellip;<\/p>\n<p class=\"read-more\"> <a class=\"\" href=\"https:\/\/coilovers.pl\/index.php\/warunki-gwarancji\/\"> <span class=\"screen-reader-text\">Warunki gwarancji<\/span> Read More &raquo;<\/a><\/p>\n","protected":false},"author":2,"featured_media":0,"parent":0,"menu_order":0,"comment_status":"closed","ping_status":"closed","template":"","meta":{"footnotes":""},"class_list":["post-517","page","type-page","status-publish","hentry"],"yoast_head":"<!-- This site is optimized with the Yoast SEO plugin v24.7 - https:\/\/yoast.com\/wordpress\/plugins\/seo\/ -->\n<title>Warunki gwarancji - CoiloversPL<\/title>\n<meta name=\"robots\" content=\"index, follow, max-snippet:-1, max-image-preview:large, max-video-preview:-1\" \/>\n<link rel=\"canonical\" href=\"https:\/\/coilovers.pl\/index.php\/warunki-gwarancji\/\" \/>\n<meta property=\"og:locale\" content=\"pl_PL\" \/>\n<meta property=\"og:type\" content=\"article\" \/>\n<meta property=\"og:title\" content=\"Warunki gwarancji - CoiloversPL\" \/>\n<meta property=\"og:description\" content=\"Gwarancja rozruchowa (zawieszenia u\u017cywane) Za uszkodzenia powsta\u0142e przy transporcie nie odpowiadamy. Prosimy wi\u0119c o sprawdzanie zawarto\u015bci paczki w obecno\u015bci kuriera. W razie uszkodzenia przesy\u0142ki w momencie odbioru nale\u017cy spisa\u0107 protok\u00f3\u0142 szkody. Cz\u0119\u015bci obj\u0119te s\u0105 14-dniow\u0105 gwarancj\u0105 rozruchow\u0105 liczon\u0105 od momentu odebrania paczki. Koszty transportu zwrotnego reklamowanego towaru ponosi kupuj\u0105cy. Nie odbieramy zwrot\u00f3w za pobraniem. W &hellip; Warunki gwarancji Read More &raquo;\" \/>\n<meta property=\"og:url\" content=\"https:\/\/coilovers.pl\/index.php\/warunki-gwarancji\/\" \/>\n<meta property=\"og:site_name\" content=\"CoiloversPL\" \/>\n<meta property=\"article:publisher\" content=\"https:\/\/www.facebook.com\/coiloverspl\" \/>\n<meta property=\"article:modified_time\" content=\"2021-02-18T12:49:03+00:00\" \/>\n<meta name=\"twitter:card\" content=\"summary_large_image\" \/>\n<meta name=\"twitter:label1\" content=\"Szacowany czas czytania\" \/>\n\t<meta name=\"twitter:data1\" content=\"1 minuta\" \/>\n<script type=\"application\/ld+json\" class=\"yoast-schema-graph\">{\"@context\":\"https:\/\/schema.org\",\"@graph\":[{\"@type\":\"WebPage\",\"@id\":\"https:\/\/coilovers.pl\/index.php\/warunki-gwarancji\/\",\"url\":\"https:\/\/coilovers.pl\/index.php\/warunki-gwarancji\/\",\"name\":\"Warunki gwarancji - CoiloversPL\",\"isPartOf\":{\"@id\":\"https:\/\/coilovers.pl\/#website\"},\"datePublished\":\"2021-02-15T12:52:45+00:00\",\"dateModified\":\"2021-02-18T12:49:03+00:00\",\"breadcrumb\":{\"@id\":\"https:\/\/coilovers.pl\/index.php\/warunki-gwarancji\/#breadcrumb\"},\"inLanguage\":\"pl-PL\",\"potentialAction\":[{\"@type\":\"ReadAction\",\"target\":[\"https:\/\/coilovers.pl\/index.php\/warunki-gwarancji\/\"]}]},{\"@type\":\"BreadcrumbList\",\"@id\":\"https:\/\/coilovers.pl\/index.php\/warunki-gwarancji\/#breadcrumb\",\"itemListElement\":[{\"@type\":\"ListItem\",\"position\":1,\"name\":\"Strona g\u0142\u00f3wna\",\"item\":\"https:\/\/coilovers.pl\/\"},{\"@type\":\"ListItem\",\"position\":2,\"name\":\"Warunki gwarancji\"}]},{\"@type\":\"WebSite\",\"@id\":\"https:\/\/coilovers.pl\/#website\",\"url\":\"https:\/\/coilovers.pl\/\",\"name\":\"CoiloversPL\",\"description\":\"Zawieszenia Felgi Samochody\",\"publisher\":{\"@id\":\"https:\/\/coilovers.pl\/#organization\"},\"potentialAction\":[{\"@type\":\"SearchAction\",\"target\":{\"@type\":\"EntryPoint\",\"urlTemplate\":\"https:\/\/coilovers.pl\/?s={search_term_string}\"},\"query-input\":{\"@type\":\"PropertyValueSpecification\",\"valueRequired\":true,\"valueName\":\"search_term_string\"}}],\"inLanguage\":\"pl-PL\"},{\"@type\":\"Organization\",\"@id\":\"https:\/\/coilovers.pl\/#organization\",\"name\":\"CoiloversPL\",\"url\":\"https:\/\/coilovers.pl\/\",\"logo\":{\"@type\":\"ImageObject\",\"inLanguage\":\"pl-PL\",\"@id\":\"https:\/\/coilovers.pl\/#\/schema\/logo\/image\/\",\"url\":\"https:\/\/coilovers.pl\/wp-content\/uploads\/2021\/02\/cropped-logo.png\",\"contentUrl\":\"https:\/\/coilovers.pl\/wp-content\/uploads\/2021\/02\/cropped-logo.png\",\"width\":3039,\"height\":864,\"caption\":\"CoiloversPL\"},\"image\":{\"@id\":\"https:\/\/coilovers.pl\/#\/schema\/logo\/image\/\"},\"sameAs\":[\"https:\/\/www.facebook.com\/coiloverspl\",\"https:\/\/www.instagram.com\/coilovers_pl\/\"]}]}<\/script>\n<!-- \/ Yoast SEO plugin. -->","yoast_head_json":{"title":"Warunki gwarancji - CoiloversPL","robots":{"index":"index","follow":"follow","max-snippet":"max-snippet:-1","max-image-preview":"max-image-preview:large","max-video-preview":"max-video-preview:-1"},"canonical":"https:\/\/coilovers.pl\/index.php\/warunki-gwarancji\/","og_locale":"pl_PL","og_type":"article","og_title":"Warunki gwarancji - CoiloversPL","og_description":"Gwarancja rozruchowa (zawieszenia u\u017cywane) Za uszkodzenia powsta\u0142e przy transporcie nie odpowiadamy. Prosimy wi\u0119c o sprawdzanie zawarto\u015bci paczki w obecno\u015bci kuriera. W razie uszkodzenia przesy\u0142ki w momencie odbioru nale\u017cy spisa\u0107 protok\u00f3\u0142 szkody. Cz\u0119\u015bci obj\u0119te s\u0105 14-dniow\u0105 gwarancj\u0105 rozruchow\u0105 liczon\u0105 od momentu odebrania paczki. Koszty transportu zwrotnego reklamowanego towaru ponosi kupuj\u0105cy. Nie odbieramy zwrot\u00f3w za pobraniem. W &hellip; Warunki gwarancji Read More &raquo;","og_url":"https:\/\/coilovers.pl\/index.php\/warunki-gwarancji\/","og_site_name":"CoiloversPL","article_publisher":"https:\/\/www.facebook.com\/coiloverspl","article_modified_time":"2021-02-18T12:49:03+00:00","twitter_card":"summary_large_image","twitter_misc":{"Szacowany czas czytania":"1 minuta"},"schema":{"@context":"https:\/\/schema.org","@graph":[{"@type":"WebPage","@id":"https:\/\/coilovers.pl\/index.php\/warunki-gwarancji\/","url":"https:\/\/coilovers.pl\/index.php\/warunki-gwarancji\/","name":"Warunki gwarancji - CoiloversPL","isPartOf":{"@id":"https:\/\/coilovers.pl\/#website"},"datePublished":"2021-02-15T12:52:45+00:00","dateModified":"2021-02-18T12:49:03+00:00","breadcrumb":{"@id":"https:\/\/coilovers.pl\/index.php\/warunki-gwarancji\/#breadcrumb"},"inLanguage":"pl-PL","potentialAction":[{"@type":"ReadAction","target":["https:\/\/coilovers.pl\/index.php\/warunki-gwarancji\/"]}]},{"@type":"BreadcrumbList","@id":"https:\/\/coilovers.pl\/index.php\/warunki-gwarancji\/#breadcrumb","itemListElement":[{"@type":"ListItem","position":1,"name":"Strona g\u0142\u00f3wna","item":"https:\/\/coilovers.pl\/"},{"@type":"ListItem","position":2,"name":"Warunki gwarancji"}]},{"@type":"WebSite","@id":"https:\/\/coilovers.pl\/#website","url":"https:\/\/coilovers.pl\/","name":"CoiloversPL","description":"Zawieszenia Felgi Samochody","publisher":{"@id":"https:\/\/coilovers.pl\/#organization"},"potentialAction":[{"@type":"SearchAction","target":{"@type":"EntryPoint","urlTemplate":"https:\/\/coilovers.pl\/?s={search_term_string}"},"query-input":{"@type":"PropertyValueSpecification","valueRequired":true,"valueName":"search_term_string"}}],"inLanguage":"pl-PL"},{"@type":"Organization","@id":"https:\/\/coilovers.pl\/#organization","name":"CoiloversPL","url":"https:\/\/coilovers.pl\/","logo":{"@type":"ImageObject","inLanguage":"pl-PL","@id":"https:\/\/coilovers.pl\/#\/schema\/logo\/image\/","url":"https:\/\/coilovers.pl\/wp-content\/uploads\/2021\/02\/cropped-logo.png","contentUrl":"https:\/\/coilovers.pl\/wp-content\/uploads\/2021\/02\/cropped-logo.png","width":3039,"height":864,"caption":"CoiloversPL"},"image":{"@id":"https:\/\/coilovers.pl\/#\/schema\/logo\/image\/"},"sameAs":["https:\/\/www.facebook.com\/coiloverspl","https:\/\/www.instagram.com\/coilovers_pl\/"]}]}},"_links":{"self":[{"href":"https:\/\/coilovers.pl\/index.php\/wp-json\/wp\/v2\/pages\/517","targetHints":{"allow":["GET"]}}],"collection":[{"href":"https:\/\/coilovers.pl\/index.php\/wp-json\/wp\/v2\/pages"}],"about":[{"href":"https:\/\/coilovers.pl\/index.php\/wp-json\/wp\/v2\/types\/page"}],"author":[{"embeddable":true,"href":"https:\/\/coilovers.pl\/index.php\/wp-json\/wp\/v2\/users\/2"}],"replies":[{"embeddable":true,"href":"https:\/\/coilovers.pl\/index.php\/wp-json\/wp\/v2\/comments?post=517"}],"version-history":[{"count":4,"href":"https:\/\/coilovers.pl\/index.php\/wp-json\/wp\/v2\/pages\/517\/revisions"}],"predecessor-version":[{"id":799,"href":"https:\/\/coilovers.pl\/index.php\/wp-json\/wp\/v2\/pages\/517\/revisions\/799"}],"wp:attachment":[{"href":"https:\/\/coilovers.pl\/index.php\/wp-json\/wp\/v2\/media?parent=517"}],"curies":[{"name":"wp","href":"https:\/\/api.w.org\/{rel}","templated":true}]}}